{"id":279789,"date":"2024-04-18T05:51:53","date_gmt":"2024-04-18T05:51:53","guid":{"rendered":"https:\/\/www.sanier.pl\/produkt\/hertalan-epdm-easy-cover-14m-szer\/"},"modified":"2025-03-27T09:48:06","modified_gmt":"2025-03-27T09:48:06","slug":"hertalan-epdm-easy-cover-14m-szer","status":"publish","type":"product","link":"https:\/\/www.sanier.pl\/sk\/produkt\/hertalan-epdm-easy-cover-14m-szer\/","title":{"rendered":"HERTALAN EPDM Easy Cover (1,4\/2,1\/2,8\/3,5\/4,2m)"},"content":{"rendered":"<p>[vc_row][vc_column][vc_single_image image=\"262522\" img_size=\"medium\" alignment=\"center\"][\/vc_column][\/vc_row][vc_row][vc_column][vc_column_text]<\/p>\n<h2 style=\"text-align: center;\">HERTALAN EPDM<\/h2>\n<p>[\/vc_column_text][\/vc_column][\/vc_row][vc_row][vc_column][vc_separator style=\"dashed\"][vc_empty_space height=\"64px\"][\/vc_column][\/vc_row][vc_row][vc_column width=\"1\/4\"][vc_single_image image=\"262523\" img_size=\"medium\" style=\"vc_box_rounded\"][\/vc_column][vc_column width=\"3\/4\"][vc_column_text]<\/p>\n<div class=\"flex max-w-full flex-col flex-grow\">\n<div class=\"min-h-8 text-message relative flex w-full flex-col items-end gap-2 whitespace-normal break-words text-start [.text-message+&amp;]:mt-5\" dir=\"auto\" data-message-author-role=\"assistant\" data-message-id=\"7aa1647b-49aa-4cdc-8066-d266b80a29c4\" data-message-model-slug=\"gpt-4o-mini\">\n<div class=\"flex w-full flex-col gap-1 empty:hidden first:pt-[3px]\">\n<h3 data-start=\"36\" data-end=\"53\"><strong data-start=\"36\" data-end=\"53\">HERTALAN EPDM<\/strong><\/h3>\n<p class=\"\" data-start=\"55\" data-end=\"290\"><strong>Zak\u00fapen\u00edm tohto produktu z\u00edskate 1 meter be\u017enej membr\u00e1ny HERTALAN EPDM pod\u013ea vybranej \u0161\u00edrky. Produkt je rezan\u00fd z role na po\u017eadovan\u00fa d\u013a\u017eku, preto v\u00e1s \u017eiadame, aby ste starostlivo zv\u00e1\u017eili n\u00e1kup \u2013 pri tomto produkte nie je mo\u017en\u00e9 vr\u00e1tenie.<\/strong><\/p>\n<p class=\"\" data-start=\"292\" data-end=\"716\">Membr\u00e1na HERTALAN EPDM Easy Cover je inovat\u00edvny produkt, ktor\u00fd v\u010faka svojej kon\u0161trukcii z \u010distej EPDM zais\u0165uje vynikaj\u00facu izol\u00e1ciu na dlh\u00e9 roky. Je to materi\u00e1l s n\u00edzkym environment\u00e1lnym dopadom, ktor\u00fd nielen\u017ee vykazuje vynikaj\u00facu odolnos\u0165 vo\u010di kore\u0148om a UV\/oz\u00f3nov\u00e9mu \u017eiareniu, ale je tie\u017e prisp\u00f4soben\u00fd pre syst\u00e9my zelen\u00fdch striech. Jeho pou\u017eitie nevy\u017eaduje otvoren\u00fd ohe\u0148, \u010do rob\u00ed proces in\u0161tal\u00e1cie bezpe\u010dnej\u0161\u00edm a r\u00fdchlej\u0161\u00edm.<\/p>\n<p class=\"\" data-start=\"718\" data-end=\"1096\">T\u00e1to membr\u00e1na, vyroben\u00e1 pomocou pokro\u010dil\u00fdch vulkaniza\u010dn\u00fdch techn\u00edk, poskytuje mimoriadne trval\u00fa ochranu a je vhodn\u00e1 pre ka\u017ed\u00fd typ ploch\u00e9ho strechy. Navy\u0161e jej vlastnosti umo\u017e\u0148uj\u00fa \u013eahk\u00fa opravu pr\u00edpadn\u00fdch po\u0161koden\u00ed, \u010do je obzvl\u00e1\u0161\u0165 d\u00f4le\u017eit\u00e9 pre produkty pou\u017e\u00edvan\u00e9 na vonkaj\u0161iu izol\u00e1ciu. HERTALAN EPDM Easy Cover je certifikovan\u00fd SKZ, \u010do potvrdzuje jeho trv\u00e1cnos\u0165 viac ako 50 rokov.<\/p>\n<\/div>\n<\/div>\n<\/div>\n<div class=\"flex justify-start\"><\/div>\n<p>[\/vc_column_text][\/vc_column][\/vc_row][vc_row][vc_column][vc_empty_space][\/vc_column][vc_column][vc_separator style=\"dashed\"][\/vc_column][\/vc_row][vc_row][vc_column width=\"2\/3\"][vc_column_text]<\/p>\n<div class=\"flex max-w-full flex-col flex-grow\">\n<div class=\"min-h-8 text-message relative flex w-full flex-col items-end gap-2 whitespace-normal break-words text-start [.text-message+&amp;]:mt-5\" dir=\"auto\" data-message-author-role=\"assistant\" data-message-id=\"13aa1056-fd9f-44d8-a3d2-806fe6b31cb5\" data-message-model-slug=\"gpt-4o-mini\">\n<div class=\"flex w-full flex-col gap-1 empty:hidden first:pt-[3px]\">\n<h3 data-start=\"36\" data-end=\"48\"><strong>Pou\u017eitie<\/strong><\/h3>\n<p class=\"\" data-start=\"50\" data-end=\"355\">Membr\u00e1na HERTALAN EPDM je ide\u00e1lnym rie\u0161en\u00edm na hydroizol\u00e1ciu ter\u00e1s a balk\u00f3nov, najm\u00e4 ak je pl\u00e1novan\u00e1 vetran\u00e1 alebo zdvihnut\u00e1 podlaha. V\u010faka jednoduchej in\u0161tal\u00e1cii je tento produkt vynikaj\u00facou vo\u013ebou pre jednotlivcov, ktor\u00ed si sami renovuj\u00fa svoje vonkaj\u0161ie priestory bez potreby \u0161pecializovan\u00fdch n\u00e1strojov.<\/p>\n<h3 data-start=\"357\" data-end=\"386\"><strong data-start=\"357\" data-end=\"386\">Vlastnosti a \u0160pecifik\u00e1cie<\/strong><\/h3>\n<ul data-start=\"387\" data-end=\"983\">\n<li class=\"\" data-start=\"387\" data-end=\"452\">\n<p class=\"\" data-start=\"389\" data-end=\"452\"><strong data-start=\"389\" data-end=\"404\">Roz\u0165a\u017enos\u0165:<\/strong> V\u00fdnimo\u010dn\u00e1 flexibilita, roz\u0165ahovanie a\u017e do 400%.<\/p>\n<\/li>\n<li class=\"\" data-start=\"453\" data-end=\"547\">\n<p class=\"\" data-start=\"455\" data-end=\"547\"><strong data-start=\"455\" data-end=\"499\">Odolnos\u0165 vo\u010di poveternostn\u00fdm podmienkam:<\/strong> Nezni\u010dite\u013en\u00e1 odolnos\u0165 vo\u010di UV \u017eiareniu a oz\u00f3nu.<\/p>\n<\/li>\n<li class=\"\" data-start=\"548\" data-end=\"659\">\n<p class=\"\" data-start=\"550\" data-end=\"659\"><strong data-start=\"550\" data-end=\"579\">Odolnos\u0165 vo\u010di po\u0161kodeniu:<\/strong> Vysok\u00e1 odolnos\u0165 vo\u010di mechanick\u00e9mu po\u0161kodeniu v\u010faka zabudovanej sklenej mrie\u017eke.<\/p>\n<\/li>\n<li class=\"\" data-start=\"660\" data-end=\"731\">\n<p class=\"\" data-start=\"662\" data-end=\"731\"><strong data-start=\"662\" data-end=\"679\">Ekologickos\u0165:<\/strong> Bez plastifik\u00e1torov, \u0161etrn\u00e9 k \u017eivotn\u00e9mu prostrediu.<\/p>\n<\/li>\n<li class=\"\" data-start=\"732\" data-end=\"880\">\n<p class=\"\" data-start=\"734\" data-end=\"880\"><strong data-start=\"734\" data-end=\"760\">Jednoduch\u00e1 in\u0161tal\u00e1cia:<\/strong> R\u00fdchla a jednoduch\u00e1 in\u0161tal\u00e1cia bez profesion\u00e1lnych n\u00e1strojov. Mo\u017enos\u0165 vlastn\u00fdch opr\u00e1v v pr\u00edpade po\u0161koden\u00ed alebo trhl\u00edn.<\/p>\n<\/li>\n<li class=\"\" data-start=\"881\" data-end=\"983\">\n<p class=\"\" data-start=\"883\" data-end=\"983\"><strong data-start=\"883\" data-end=\"912\">Univerz\u00e1lnos\u0165 in\u0161tal\u00e1cie:<\/strong> Mo\u017enos\u0165 upevnenia na r\u00f4zne povrchy ako bet\u00f3n, plast, oce\u013e alebo drevo.<\/p>\n<\/li>\n<\/ul>\n<h3 data-start=\"985\" data-end=\"1004\"><strong data-start=\"985\" data-end=\"1004\">Technick\u00e9 \u00fadaje<\/strong><\/h3>\n<ul data-start=\"1005\" data-end=\"1109\" data-is-last-node=\"\" data-is-only-node=\"\">\n<li class=\"\" data-start=\"1005\" data-end=\"1025\">\n<p class=\"\" data-start=\"1007\" data-end=\"1025\"><strong data-start=\"1007\" data-end=\"1020\">Materi\u00e1l:<\/strong> EPDM<\/p>\n<\/li>\n<li class=\"\" data-start=\"1026\" data-end=\"1045\">\n<p class=\"\" data-start=\"1028\" data-end=\"1045\"><strong data-start=\"1028\" data-end=\"1038\">Farba:<\/strong> \u010cierna<\/p>\n<\/li>\n<li class=\"\" data-start=\"1046\" data-end=\"1088\">\n<p class=\"\" data-start=\"1048\" data-end=\"1088\"><strong data-start=\"1048\" data-end=\"1058\">\u0160\u00edrka:<\/strong> 1,4 \/ 2,1 \/ 2,8 \/ 3,5 \/ 4,2 m<\/p>\n<\/li>\n<li class=\"\" data-start=\"1089\" data-end=\"1109\">\n<p class=\"\" data-start=\"1091\" data-end=\"1109\"><strong data-start=\"1091\" data-end=\"1102\">Hr\u00fabka:<\/strong> 1,2 mm<\/p>\n<\/li>\n<\/ul>\n<\/div>\n<\/div>\n<\/div>\n<div class=\"flex justify-start\"><\/div>\n<p>[\/vc_column_text][\/vc_column][vc_column width=\"1\/3\"][vc_single_image image=\"262524\" img_size=\"large\"][\/vc_column][\/vc_row][vc_row][vc_column][vc_separator style=\"dashed\"][vc_empty_space][\/vc_column][\/vc_row][vc_row][vc_column][vc_column_text]<\/p>\n<div class=\"flex max-w-full flex-col flex-grow\">\n<div class=\"min-h-8 text-message relative flex w-full flex-col items-end gap-2 whitespace-normal break-words text-start [.text-message+&amp;]:mt-5\" dir=\"auto\" data-message-author-role=\"assistant\" data-message-id=\"b9c5afd8-4ee8-4ac3-b376-71d9ea8e650f\" data-message-model-slug=\"gpt-4o-mini\">\n<div class=\"flex w-full flex-col gap-1 empty:hidden first:pt-[3px]\">\n<h3 data-start=\"36\" data-end=\"52\"><strong data-start=\"36\" data-end=\"52\">UPOZORNENIE!<\/strong><\/h3>\n<p class=\"\" data-start=\"54\" data-end=\"274\"><strong>Odpor\u00fa\u010dame starostliv\u00e9 n\u00e1kupy, preto\u017ee produkt je rezan\u00fd na individu\u00e1lnu objedn\u00e1vku a je vyl\u00fa\u010den\u00fd z mo\u017enosti vr\u00e1tenia. Membr\u00e1na EPDM HERTALAN je z\u00e1rukou kvality a trvanlivosti, poskytuj\u00facou \u00fa\u010dinn\u00fa ochranu na mnoho rokov.<\/strong><\/p>\n<p class=\"\" data-start=\"276\" data-end=\"483\"><strong>Pros\u00edme v\u00e1s, aby ste si pred n\u00e1kupom presne zmerali potrebn\u00e9 mno\u017estvo materi\u00e1lu. Membr\u00e1na pred\u00e1van\u00e1 na be\u017en\u00e9 metre umo\u017e\u0148uje prisp\u00f4sobi\u0165 mno\u017estvo individu\u00e1lnym potreb\u00e1m, \u010do je ekonomick\u00e9 a praktick\u00e9 rie\u0161enie.<\/strong><\/p>\n<\/div>\n<\/div>\n<\/div>\n<div class=\"flex justify-start\"><\/div>\n<p>[\/vc_column_text][\/vc_column][\/vc_row][vc_row][vc_column][vc_separator style=\"dashed\"][vc_empty_space][\/vc_column][\/vc_row][vc_row][vc_column][vc_raw_html]JTNDc3R5bGUlM0UlMEElMjAlMjAlMjAlMjAuY2FsY3VsYXRvci1jb250YWluZXIlMjAlN0IlMEElMjAlMjAlMjAlMjAlMjAlMjAlMjAlMjB0ZXh0LWFsaWduJTNBJTIwY2VudGVyJTNCJTBBJTIwJTIwJTIwJTIwJTIwJTIwJTIwJTIwYmFja2dyb3VuZCUzQSUyMHdoaXRlJTNCJTBBJTIwJTIwJTIwJTIwJTIwJTIwJTIwJTIwcGFkZGluZyUzQSUyMDIwcHglM0IlMEElMjAlMjAlMjAlMjAlMjAlMjAlMjAlMjBib3JkZXItcmFkaXVzJTNBJTIwOHB4JTNCJTBBJTIwJTIwJTIwJTIwJTIwJTIwJTIwJTIwYm94LXNoYWRvdyUzQSUyMDAlMjA0cHglMjA4cHglMjByZ2JhJTI4MCUyQzAlMkMwJTJDMC4xJTI5JTNCJTBBJTIwJTIwJTIwJTIwJTIwJTIwJTIwJTIwbWFyZ2luLXRvcCUzQSUyMDIwcHglM0IlMEElMjAlMjAlMjAlMjAlN0QlMEElMEElMjAlMjAlMjAlMjAuY2FsY3VsYXRvci1jb250YWluZXIlMjBpbnB1dCUyQyUyMC5jYWxjdWxhdG9yLWNvbnRhaW5lciUyMHNlbGVjdCUyQyUyMC5jYWxjdWxhdG9yLWNvbnRhaW5lciUyMGJ1dHRvbiUyMCU3QiUwQSUyMCUyMCUyMCUyMCUyMCUyMCUyMCUyMG1hcmdpbi10b3AlM0ElMjAxMHB4JTNCJTBBJTIwJTIwJTIwJTIwJTIwJTIwJTIwJTIwcGFkZGluZyUzQSUyMDEwcHglM0IlMEElMjAlMjAlMjAlMjAlMjAlMjAlMjAlMjBib3JkZXIlM0ElMjAycHglMjBzb2xpZCUyMCUyM2RkZCUzQiUwQSUyMCUyMCUyMCUyMCUyMCUyMCUyMCUyMGJvcmRlci1yYWRpdXMlM0ElMjA0cHglM0IlMEElMjAlMjAlMjAlMjAlMjAlMjAlMjAlMjBkaXNwbGF5JTNBJTIwYmxvY2slM0IlMEElMjAlMjAlMjAlMjAlMjAlMjAlMjAlMjB3aWR0aCUzQSUyMDkwJTI1JTNCJTBBJTIwJTIwJTIwJTIwJTIwJTIwJTIwJTIwbWFyZ2luLWxlZnQlM0ElMjBhdXRvJTNCJTBBJTIwJTIwJTIwJTIwJTIwJTIwJTIwJTIwbWFyZ2luLXJpZ2h0JTNBJTIwYXV0byUzQiUwQSUyMCUyMCUyMCUyMCU3RCUwQSUwQSUyMCUyMCUyMCUyMC5jYWxjdWxhdG9yLWNvbnRhaW5lciUyMGJ1dHRvbiUyMCU3QiUwQSUyMCUyMCUyMCUyMCUyMCUyMCUyMCUyMGJhY2tncm91bmQtY29sb3IlM0ElMjAlMjM1Y2I4NWMlM0IlMEElMjAlMjAlMjAlMjAlMjAlMjAlMjAlMjBjb2xvciUzQSUyMHdoaXRlJTNCJTBBJTIwJTIwJTIwJTIwJTIwJTIwJTIwJTIwYm9yZGVyJTNBJTIwbm9uZSUzQiUwQSUyMCUyMCUyMCUyMCUyMCUyMCUyMCUyMGN1cnNvciUzQSUyMHBvaW50ZXIlM0IlMEElMjAlMjAlMjAlMjAlN0QlMEElMEElMjAlMjAlMjAlMjAuY2FsY3VsYXRvci1jb250YWluZXIlMjBidXR0b24lM0Fob3ZlciUyMCU3QiUwQSUyMCUyMCUyMCUyMCUyMCUyMCUyMCUyMGJhY2tncm91bmQtY29sb3IlM0ElMjAlMjM0Y2FlNGMlM0IlMEElMjAlMjAlMjAlMjAlN0QlMEElM0MlMkZzdHlsZSUzRSUwQSUwQSUzQ2RpdiUyMGNsYXNzJTNEJTIyY2FsY3VsYXRvci1jb250YWluZXIlMjIlM0UlMEElMjAlMjAlMjAlMjAlM0NoMSUzRUthbGt1bGF0b3IlMjBtYXRlcmlhJUM1JTgyJUMzJUIzdyUyMGl6b2xhY3lqbnljaCUzQyUyRmgxJTNFJTBBJTIwJTIwJTIwJTIwJTNDaW5wdXQlMjB0eXBlJTNEJTIybnVtYmVyJTIyJTIwaWQlM0QlMjJ3aWR0aCUyMiUyMHBsYWNlaG9sZGVyJTNEJTIyV3Byb3dhZCVDNSVCQSUyMHN6ZXJva28lQzUlOUIlQzQlODclMjAlMjhtJTI5JTIyJTIwbWluJTNEJTIyMCUyMiUyMHN0ZXAlM0QlMjIwLjAxJTIyJTNFJTBBJTIwJTIwJTIwJTIwJTNDaW5wdXQlMjB0eXBlJTNEJTIybnVtYmVyJTIyJTIwaWQlM0QlMjJsZW5ndGglMjIlMjBwbGFjZWhvbGRlciUzRCUyMldwcm93YWQlQzUlQkElMjBkJUM1JTgydWdvJUM1JTlCJUM0JTg3JTIwJTI4bSUyOSUyMiUyMG1pbiUzRCUyMjAlMjIlMjBzdGVwJTNEJTIyMC4wMSUyMiUzRSUwQSUyMCUyMCUyMCUyMCUzQ3NlbGVjdCUyMGlkJTNEJTIycm9sbFdpZHRoJTIyJTNFJTBBJTIwJTIwJTIwJTIwJTIwJTIwJTIwJTIwJTNDb3B0aW9uJTIwdmFsdWUlM0QlMjIxLjQlMjIlM0UxJTJDNG0lM0MlMkZvcHRpb24lM0UlMEElMjAlMjAlMjAlMjAlMjAlMjAlMjAlMjAlM0NvcHRpb24lMjB2YWx1ZSUzRCUyMjIuMSUyMiUzRTIlMkMxbSUzQyUyRm9wdGlvbiUzRSUwQSUyMCUyMCUyMCUyMCUyMCUyMCUyMCUyMCUzQ29wdGlvbiUyMHZhbHVlJTNEJTIyMi44JTIyJTNFMiUyQzhtJTNDJTJGb3B0aW9uJTNFJTBBJTIwJTIwJTIwJTIwJTIwJTIwJTIwJTIwJTNDb3B0aW9uJTIwdmFsdWUlM0QlMjIzLjUlMjIlM0UzJTJDNW0lM0MlMkZvcHRpb24lM0UlMEElMjAlMjAlMjAlMjAlMjAlMjAlMjAlMjAlM0NvcHRpb24lMjB2YWx1ZSUzRCUyMjQuMiUyMiUzRTQlMkMybSUzQyUyRm9wdGlvbiUzRSUwQSUyMCUyMCUyMCUyMCUzQyUyRnNlbGVjdCUzRSUwQSUyMCUyMCUyMCUyMCUzQ2J1dHRvbiUyMG9uY2xpY2slM0QlMjJjYWxjdWxhdGVNYXRlcmlhbHMlMjglMjklMjIlM0VPYmxpY3olM0MlMkZidXR0b24lM0UlMEElMjAlMjAlMjAlMjAlM0NoMiUzRVd5bmlraSUzQSUzQyUyRmgyJTNFJTBBJTIwJTIwJTIwJTIwJTNDZGl2JTNFUG93aWVyemNobmlhJTNBJTIwJTNDc3BhbiUyMGlkJTNEJTIyYXJlYSUyMiUzRTAlM0MlMkZzcGFuJTNFJTIwbSVDMiVCMiUzQyUyRmRpdiUzRSUwQSUyMCUyMCUyMCUyMCUzQ2RpdiUzRU9idyVDMyVCM2QlM0ElMjAlM0NzcGFuJTIwaWQlM0QlMjJwZXJpbWV0ZXIlMjIlM0UwJTNDJTJGc3BhbiUzRSUyMG0lM0MlMkZkaXYlM0UlMEElMjAlMjAlMjAlMjAlM0NkaXYlM0VXYWdhJTIwbWVtYnJhbnklM0ElMjAlM0NzcGFuJTIwaWQlM0QlMjJtZW1icmFuZVdlaWdodCUyMiUzRTAlM0MlMkZzcGFuJTNFJTIwa2clM0MlMkZkaXYlM0UlMEElMjAlMjAlMjAlMjAlM0NkaXYlM0VadSVDNSVCQ3ljaWUlMjBrbGVqdSUyMG5hJTIwcG93aWVyemNobmklQzQlOTklM0ElMjAlM0NzcGFuJTIwaWQlM0QlMjJzdXJmYWNlQWRoZXNpdmUlMjIlM0UwJTNDJTJGc3BhbiUzRSUyMGtnJTNDJTJGZGl2JTNFJTBBJTIwJTIwJTIwJTIwJTNDZGl2JTNFWnUlQzUlQkN5Y2llJTIwa2xlanUlMjBuYSUyMG9idyVDMyVCM2QlM0ElMjAlM0NzcGFuJTIwaWQlM0QlMjJwZXJpbWV0ZXJBZGhlc2l2ZSUyMiUzRTAlM0MlMkZzcGFuJTNFJTIwa2clM0MlMkZkaXYlM0UlMEElMjAlMjAlMjAlMjAlM0NkaXYlM0VadSVDNSVCQ3ljaWUlMjB1c3pjemVsbmlhY3phJTNBJTIwJTNDc3BhbiUyMGlkJTNEJTIyc2VhbGFudFJlcXVpcmVkJTIyJTNFMCUzQyUyRnNwYW4lM0UlMjBtbCUzQyUyRmRpdiUzRSUwQSUyMCUyMCUyMCUyMCUzQ2RpdiUzRVdhZ2ElMjBjYSVDNSU4MmVnbyUyMHplc3Rhd3UlM0ElMjAlM0NzcGFuJTIwaWQlM0QlMjJ0b3RhbFdlaWdodCUyMiUzRTAlM0MlMkZzcGFuJTNFJTIwa2clM0MlMkZkaXYlM0UlMEElM0MlMkZkaXYlM0UlMEElMEElM0NzY3JpcHQlM0UlMEElMjAlMjAlMjAlMjBmdW5jdGlvbiUyMGNhbGN1bGF0ZU1hdGVyaWFscyUyOCUyOSUyMCU3QiUwQSUyMCUyMCUyMCUyMCUyMCUyMCUyMCUyMHZhciUyMHdpZHRoJTIwJTNEJTIwcGFyc2VGbG9hdCUyOGRvY3VtZW50LmdldEVsZW1lbnRCeUlkJTI4JTI3d2lkdGglMjclMjkudmFsdWUlMjklM0IlMEElMjAlMjAlMjAlMjAlMjAlMjAlMjAlMjB2YXIlMjBsZW5ndGglMjAlM0QlMjBwYXJzZUZsb2F0JTI4ZG9jdW1lbnQuZ2V0RWxlbWVudEJ5SWQlMjglMjdsZW5ndGglMjclMjkudmFsdWUlMjklM0IlMEElMjAlMjAlMjAlMjAlMjAlMjAlMjAlMjB2YXIlMjBhcmVhJTIwJTNEJTIwd2lkdGglMjAlMkElMjBsZW5ndGglM0IlMEElMjAlMjAlMjAlMjAlMjAlMjAlMjAlMjB2YXIlMjBwZXJpbWV0ZXIlMjAlM0QlMjAyJTIwJTJBJTIwJTI4d2lkdGglMjAlMkIlMjBsZW5ndGglMjklM0IlMEElMEElMjAlMjAlMjAlMjAlMjAlMjAlMjAlMjB2YXIlMjBtZW1icmFuZVdlaWdodCUyMCUzRCUyMGFyZWElMjAlMkElMjAxLjI1JTNCJTIwJTJGJTJGJTIwV2FnYSUyMG1lbWJyYW55JTBBJTIwJTIwJTIwJTIwJTIwJTIwJTIwJTIwdmFyJTIwc3VyZmFjZUFkaGVzaXZlJTIwJTNEJTIwYXJlYSUyMCUyQSUyMDAuNSUzQiUyMCUyRiUyRiUyMFp1JUM1JUJDeWNpZSUyMGtsZWp1JTIwbmElMjBwb3dpZXJ6Y2huaSVDNCU5OSUwQSUyMCUyMCUyMCUyMCUyMCUyMCUyMCUyMHZhciUyMHBlcmltZXRlckFkaGVzaXZlJTIwJTNEJTIwJTI4cGVyaW1ldGVyJTIwJTJGJTIwNSUyOSUyMCUyQSUyMDAuNSUzQiUyMCUyRiUyRiUyMFp1JUM1JUJDeWNpZSUyMGtsZWp1JTIwbmElMjBvYnclQzMlQjNkJTBBJTIwJTIwJTIwJTIwJTIwJTIwJTIwJTIwdmFyJTIwc2VhbGFudFJlcXVpcmVkJTIwJTNEJTIwcGVyaW1ldGVyJTIwJTJBJTIwNDAlM0IlMjAlMkYlMkYlMjBadSVDNSVCQ3ljaWUlMjB1c3pjemVsbmlhY3phJTBBJTBBJTIwJTIwJTIwJTIwJTIwJTIwJTIwJTIwdmFyJTIwYWRoZXNpdmVMYXJnZVBhY2tzJTIwJTNEJTIwTWF0aC5jZWlsJTI4c3VyZmFjZUFkaGVzaXZlJTIwJTJGJTIwNS4zJTI5JTNCJTBBJTIwJTIwJTIwJTIwJTIwJTIwJTIwJTIwdmFyJTIwYWRoZXNpdmVTbWFsbFBhY2tzJTIwJTNEJTIwTWF0aC5jZWlsJTI4cGVyaW1ldGVyQWRoZXNpdmUlMjAlMkYlMjAwLjklMjklM0IlMEElMjAlMjAlMjAlMjAlMjAlMjAlMjAlMjB2YXIlMjBzZWFsYW50TGFyZ2VQYWNrcyUyMCUzRCUyME1hdGguY2VpbCUyOHNlYWxhbnRSZXF1aXJlZCUyMCUyRiUyMDYwMCUyOSUzQiUwQSUyMCUyMCUyMCUyMCUyMCUyMCUyMCUyMHZhciUyMHNlYWxhbnRTbWFsbFBhY2tzJTIwJTNEJTIwTWF0aC5jZWlsJTI4c2VhbGFudFJlcXVpcmVkJTIwJTJGJTIwMjkwJTI5JTNCJTBBJTBBJTIwJTIwJTIwJTIwJTIwJTIwJTIwJTIwdmFyJTIwdG90YWxBZGhlc2l2ZVdlaWdodCUyMCUzRCUyMCUyOGFkaGVzaXZlTGFyZ2VQYWNrcyUyMCUyQSUyMDUuMyUyOSUyMCUyQiUyMCUyOGFkaGVzaXZlU21hbGxQYWNrcyUyMCUyQSUyMDAuOSUyOSUzQiUwQSUyMCUyMCUyMCUyMCUyMCUyMCUyMCUyMHZhciUyMHRvdGFsU2VhbGFudFdlaWdodCUyMCUzRCUyMCUyOHNlYWxhbnRMYXJnZVBhY2tzJTIwJTJBJTIwMC45JTI5JTIwJTJCJTIwJTI4c2VhbGFudFNtYWxsUGFja3MlMjAlMkElMjAwLjM1JTI5JTNCJTBBJTIwJTIwJTIwJTIwJTIwJTIwJTIwJTIwdmFyJTIwdG90YWxXZWlnaHQlMjAlM0QlMjBtZW1icmFuZVdlaWdodCUyMCUyQiUyMHRvdGFsQWRoZXNpdmVXZWlnaHQlMjAlMkIlMjB0b3RhbFNlYWxhbnRXZWlnaHQlM0IlMEElMEElMjAlMjAlMjAlMjAlMjAlMjAlMjAlMjBkb2N1bWVudC5nZXRFbGVtZW50QnlJZCUyOCUyN2FyZWElMjclMjkuaW5uZXJUZXh0JTIwJTNEJTIwYXJlYS50b0ZpeGVkJTI4MiUyOSUzQiUwQSUyMCUyMCUyMCUyMCUyMCUyMCUyMCUyMGRvY3VtZW50LmdldEVsZW1lbnRCeUlkJTI4JTI3cGVyaW1ldGVyJTI3JTI5LmlubmVyVGV4dCUyMCUzRCUyMHBlcmltZXRlci50b0ZpeGVkJTI4MiUyOSUzQiUwQSUyMCUyMCUyMCUyMCUyMCUyMCUyMCUyMGRvY3VtZW50LmdldEVsZW1lbnRCeUlkJTI4JTI3bWVtYnJhbmVXZWlnaHQlMjclMjkuaW5uZXJUZXh0JTIwJTNEJTIwbWVtYnJhbmVXZWlnaHQudG9GaXhlZCUyODIlMjklM0IlMEElMjAlMjAlMjAlMjAlMjAlMjAlMjAlMjBkb2N1bWVudC5nZXRFbGVtZW50QnlJZCUyOCUyN3N1cmZhY2VBZGhlc2l2ZSUyNyUyOS5pbm5lclRleHQlMjAlM0QlMjBzdXJmYWNlQWRoZXNpdmUudG9GaXhlZCUyODIlMjklM0IlMEElMjAlMjAlMjAlMjAlMjAlMjAlMjAlMjBkb2N1bWVudC5nZXRFbGVtZW50QnlJZCUyOCUyN3BlcmltZXRlckFkaGVzaXZlJTI3JTI5LmlubmVyVGV4dCUyMCUzRCUyMHBlcmltZXRlckFkaGVzaXZlLnRvRml4ZWQlMjgyJTI5JTNCJTBBJTIwJTIwJTIwJTIwJTIwJTIwJTIwJTIwZG9jdW1lbnQuZ2V0RWxlbWVudEJ5SWQlMjglMjdzZWFsYW50UmVxdWlyZWQlMjclMjkuaW5uZXJUZXh0JTIwJTNEJTIwc2VhbGFudFJlcXVpcmVkLnRvRml4ZWQlMjgwJTI5JTNCJTBBJTIwJTIwJTIwJTIwJTIwJTIwJTIwJTIwZG9jdW1lbnQuZ2V0RWxlbWVudEJ5SWQlMjglMjd0b3RhbFdlaWdodCUyNyUyOS5pbm5lclRleHQlMjAlM0QlMjB0b3RhbFdlaWdodC50b0ZpeGVkJTI4MiUyOSUzQiUwQSUyMCUyMCUyMCUyMCU3RCUwQSUzQyUyRnNjcmlwdCUzRQ==[\/vc_raw_html][vc_separator style=\"dashed\"][vc_empty_space height=\"64px\"][\/vc_column][\/vc_row][vc_row][vc_column][vc_empty_space height=\"64px\"][\/vc_column][\/vc_row]<\/p>\n","protected":false},"excerpt":{"rendered":"<p>[vc_row][vc_column][vc_single_image image=\"262522\" img_size=\"medium\" alignment=\"center\"][\/vc_column][\/vc_row][vc_row][vc_column][vc_column_text] HERTALAN EPDM [\/vc_column_text][\/vc_column][\/vc_row][vc_row][vc_column][vc_separator style=\"dashed\"][vc_empty_space height=\"64px\"][\/vc_column][\/vc_row][vc_row][vc_column width=\"1\/4\"][vc_single_image image=\"262523\" img_size=\"medium\" style=\"vc_box_rounded\"][\/vc_column][vc_column width=\"3\/4\"][vc_column_text] HERTALAN EPDM Zak\u00fapen\u00edm tohto produktu z\u00edskate 1 meter be\u017enej membr\u00e1ny HERTALAN EPDM<span class=\"excerpt-hellip\"> [\u2026]<\/span><\/p>\n","protected":false},"featured_media":282741,"comment_status":"open","ping_status":"closed","template":"","meta":[],"product_brand":[],"product_cat":[923,1108,881,882,913,935,933],"product_tag":[1110],"class_list":{"0":"post-279789","1":"product","2":"type-product","3":"status-publish","4":"has-post-thumbnail","6":"product_cat-bestseller-sk","7":"product_cat-hertalan-sk","8":"product_cat-hydroizolacja-balkonu-i-tarasu-sk","9":"product_cat-hydroizolacje-rolowe-sk","10":"product_cat-z-tworzyw-sztucznych-sk","11":"product_cat-membrany-epdm-sk","12":"product_cat-prace-zewnetrzne-dachy-i-elewacje-sk","13":"product_tag-hertalan-sk","14":"product_shipping_class-trudna-wysylka","16":"first","17":"instock","18":"taxable","19":"shipping-taxable","20":"purchasable","21":"product-type-variable"},"_links":{"self":[{"href":"https:\/\/www.sanier.pl\/sk\/wp-json\/wp\/v2\/product\/279789","targetHints":{"allow":["GET"]}}],"collection":[{"href":"https:\/\/www.sanier.pl\/sk\/wp-json\/wp\/v2\/product"}],"about":[{"href":"https:\/\/www.sanier.pl\/sk\/wp-json\/wp\/v2\/types\/product"}],"replies":[{"embeddable":true,"href":"https:\/\/www.sanier.pl\/sk\/wp-json\/wp\/v2\/comments?post=279789"}],"wp:featuredmedia":[{"embeddable":true,"href":"https:\/\/www.sanier.pl\/sk\/wp-json\/wp\/v2\/media\/282741"}],"wp:attachment":[{"href":"https:\/\/www.sanier.pl\/sk\/wp-json\/wp\/v2\/media?parent=279789"}],"wp:term":[{"taxonomy":"product_brand","embeddable":true,"href":"https:\/\/www.sanier.pl\/sk\/wp-json\/wp\/v2\/product_brand?post=279789"},{"taxonomy":"product_cat","embeddable":true,"href":"https:\/\/www.sanier.pl\/sk\/wp-json\/wp\/v2\/product_cat?post=279789"},{"taxonomy":"product_tag","embeddable":true,"href":"https:\/\/www.sanier.pl\/sk\/wp-json\/wp\/v2\/product_tag?post=279789"}],"curies":[{"name":"wp","href":"https:\/\/api.w.org\/{rel}","templated":true}]}}