{"id":279785,"date":"2024-04-18T09:06:24","date_gmt":"2024-04-18T09:06:24","guid":{"rendered":"https:\/\/www.sanier.pl\/produkt\/hertalan-ks137-klej-do-membrany-epdm\/"},"modified":"2025-03-27T09:28:58","modified_gmt":"2025-03-27T09:28:58","slug":"hertalan-ks137-klej-do-membrany-epdm","status":"publish","type":"product","link":"https:\/\/www.sanier.pl\/sk\/produkt\/hertalan-ks137-klej-do-membrany-epdm\/","title":{"rendered":"HERTALAN ks137 lepidlo na membr\u00e1nu EPDM"},"content":{"rendered":"<p>[vc_row][vc_column][vc_column_text css_animation=\"none\"]<img loading=\"lazy\" decoding=\"async\" class=\"size-medium wp-image-262522 aligncenter\" src=\"https:\/\/www.sanier.pl\/wp-content\/uploads\/2024\/04\/hertalan-vector-logo-300x167.png\" alt=\"HERTALAN EPDM membrana dachowa\" width=\"300\" height=\"167\" srcset=\"https:\/\/www.sanier.pl\/wp-content\/uploads\/2024\/04\/hertalan-vector-logo-300x167.png 300w, https:\/\/www.sanier.pl\/wp-content\/uploads\/2024\/04\/hertalan-vector-logo-800x444.png 800w, https:\/\/www.sanier.pl\/wp-content\/uploads\/2024\/04\/hertalan-vector-logo-768x427.png 768w, https:\/\/www.sanier.pl\/wp-content\/uploads\/2024\/04\/hertalan-vector-logo-848x471.png 848w, https:\/\/www.sanier.pl\/wp-content\/uploads\/2024\/04\/hertalan-vector-logo.png 900w\" sizes=\"auto, (max-width:767px) 300px, 300px\" \/>[\/vc_column_text][\/vc_column][\/vc_row][vc_row][vc_column][vc_column_text]<\/p>\n<h1 style=\"text-align: center;\"><span class=\"HwtZe\" lang=\"sk\"><span class=\"jCAhz ChMk0b\"><span class=\"ryNqvb\">HERTALAN KS137 <\/span><\/span><\/span><\/h1>\n<h5 style=\"text-align: center;\"><span class=\"HwtZe\" lang=\"sk\"><span class=\"jCAhz ChMk0b\"><span class=\"ryNqvb\">EPDM membr\u00e1nov\u00e9 lepidlo<\/span><\/span><\/span><\/h5>\n<p>[\/vc_column_text][\/vc_column][\/vc_row][vc_row][vc_column][vc_separator style=\"dashed\"][vc_empty_space height=\"64px\"][\/vc_column][\/vc_row][vc_row][vc_column width=\"1\/4\"][vc_single_image image=\"262566\" img_size=\"medium\" style=\"vc_box_rounded\"][\/vc_column][vc_column width=\"3\/4\"][vc_column_text]<\/p>\n<h3 data-start=\"36\" data-end=\"79\"><strong data-start=\"36\" data-end=\"79\">HERTALAN ks137<\/strong><\/h3>\n<p class=\"\" data-start=\"81\" data-end=\"372\"><strong data-start=\"36\" data-end=\"79\">HERTALAN ks137 lepidlo na membr\u00e1nu EPDM<\/strong> je pripraven\u00e9 na pou\u017eitie kontaktn\u00e9 lepidlo ur\u010den\u00e9 na lepenie prekryt\u00fdch spojov membr\u00e1n a pl\u00e1tov EPDM zna\u010dky HERTALAN\u00ae, ako aj na povrchov\u00e9 lepenie na such\u00fdch, hladk\u00fdch a \u010dist\u00fdch podkladoch, ako s\u00fa drevo, bet\u00f3n a kovy (hlin\u00edk, oce\u013e, pozinkovan\u00fd plech), najm\u00e4 v oblastiach spojov a prepojen\u00ed.<\/p>\n<p class=\"\" data-start=\"374\" data-end=\"389\"><strong data-start=\"374\" data-end=\"389\">Vlastnosti:<\/strong><\/p>\n<p class=\"\" data-start=\"391\" data-end=\"682\">Lepidlo HERTALAN\u00ae KS 137 sa vyzna\u010duje ve\u013emi siln\u00fdmi adh\u00e9znymi vlastnos\u0165ami, ako medzi vrstvami EPDM zna\u010dky HERTALAN\u00ae, tak aj pri lepen\u00ed r\u00f4znych podkladov. Lepidlov\u00e9 spojenie je elastick\u00e9 a vodotesn\u00e9. Po \u00faplnom vytvrdnut\u00ed lepidlo vykazuje odolnos\u0165 vo\u010di teplot\u00e1m od pribli\u017ene -40 \u00b0C do +80 \u00b0C.<\/p>\n<p class=\"\" data-start=\"684\" data-end=\"920\">HERTALAN\u00ae KS 137 je pripraven\u00e9 na pou\u017eitie a nem\u00f4\u017ee by\u0165 rieden\u00e9 ani mie\u0161an\u00e9 s vonkaj\u0161\u00edmi materi\u00e1lmi. Mus\u00ed by\u0165 aplikovan\u00e9 v such\u00fdch podmienkach po\u010dasia a pri teplote okolia najmenej +5 \u00b0C. Materi\u00e1l EPDM a podklad musia by\u0165 such\u00e9 a \u010dist\u00e9.<\/p>\n<p>[\/vc_column_text][\/vc_column][\/vc_row][vc_row][vc_column][vc_empty_space][\/vc_column][vc_column][vc_separator style=\"dashed\"][\/vc_column][\/vc_row][vc_row][vc_column width=\"1\/4\"][vc_column_text]<\/p>\n<div class=\"flex max-w-full flex-col flex-grow\">\n<div class=\"min-h-8 text-message relative flex w-full flex-col items-end gap-2 whitespace-normal break-words text-start [.text-message+&amp;]:mt-5\" dir=\"auto\" data-message-author-role=\"assistant\" data-message-id=\"6852b896-1913-480e-99af-49dcbc4645d7\" data-message-model-slug=\"gpt-4o-mini\">\n<div class=\"flex w-full flex-col gap-1 empty:hidden first:pt-[3px]\">\n<div class=\"markdown prose w-full break-words dark:prose-invert dark\">\n<h3 data-start=\"36\" data-end=\"733\"><strong data-start=\"36\" data-end=\"49\">APLIK\u00c1CIA<\/strong><\/h3>\n<p class=\"\" data-start=\"36\" data-end=\"733\">Lepidlo sa nan\u00e1\u0161a na obe strany podkladu pomocou \u0161irok\u00e9ho \u0161tetca alebo val\u010deka, aby sa zabezpe\u010dilo dobr\u00e9 pokrytie. Po otvorenom \u010dase (5 \u2013 15 min\u00fat) sa hydroizola\u010dn\u00e1 membr\u00e1na pevne pritla\u010d\u00ed na podklad, aby sa zabr\u00e1nilo vzniku vzduchov\u00fdch bubl\u00edn. Prekrytie spoja by malo by\u0165 minim\u00e1lne 100 mm (80 mm pre HERTALAN\u00ae KS 137 a 20 mm pre HERTALAN\u00ae KS 96). Po uplynut\u00ed otvoren\u00e9ho \u010dasu sa spoje opatrne uzavr\u00fa, aby sa nevytvorili vzduchov\u00e9 bubliny, a pevne sa pritla\u010dia pomocou silik\u00f3nov\u00e9ho val\u010deka. Lepidlo sa spotrebuje v mno\u017estve pribli\u017ene 50 g\/m. Pln\u00e1 nosnos\u0165 lepidlov\u00e9ho spoja je mo\u017en\u00e1 po pribli\u017ene 12 hodin\u00e1ch, a maxim\u00e1lna adh\u00e9zna sila a tepeln\u00e1 odolnos\u0165 sa dosahuj\u00fa po pribli\u017ene t\u00fd\u017edni.<\/p>\n<\/div>\n<\/div>\n<\/div>\n<\/div>\n<div class=\"flex justify-start\"><\/div>\n<p>[\/vc_column_text][\/vc_column][vc_column width=\"3\/4\"][vc_single_image image=\"262565\" img_size=\"large\"][\/vc_column][\/vc_row][vc_row][vc_column][vc_separator style=\"dashed\"][vc_empty_space][\/vc_column][\/vc_row][vc_row][vc_column][vc_column_text]<\/p>\n<div class=\"flex max-w-full flex-col flex-grow\">\n<div class=\"min-h-8 text-message relative flex w-full flex-col items-end gap-2 whitespace-normal break-words text-start [.text-message+&amp;]:mt-5\" dir=\"auto\" data-message-author-role=\"assistant\" data-message-id=\"c8099f70-d003-42b1-82ac-2c78fd2342ee\" data-message-model-slug=\"gpt-4o-mini\">\n<div class=\"flex w-full flex-col gap-1 empty:hidden first:pt-[3px]\">\n<h3 data-start=\"36\" data-end=\"49\"><strong data-start=\"36\" data-end=\"49\">Podklady:<\/strong><\/h3>\n<p class=\"\" data-start=\"51\" data-end=\"385\">Podklady zah\u0155\u0148aj\u00fa \u0165a\u017ek\u00fd a \u013eahk\u00fd bet\u00f3n, stre\u0161n\u00e9 membr\u00e1ny z nepiaskovan\u00e9ho bit\u00famu, izola\u010dn\u00e9 bit\u00famenov\u00e9 materi\u00e1ly, drevo at\u010f. Podklady musia by\u0165 hladk\u00e9, \u010dist\u00e9, such\u00e9 a bez oleja\/tuku. Je potrebn\u00e9 odstr\u00e1ni\u0165 v\u0161etky ostr\u00e9 predmety, ako s\u00fa ostr\u00e9 kamene alebo sklo. Lepidlo by sa nemalo aplikova\u0165 priamo na polystyr\u00e9nov\u00fa penu alebo m\u00e4kk\u00fd PVC.<\/p>\n<h4 data-start=\"387\" data-end=\"400\"><strong data-start=\"387\" data-end=\"400\">\u010cistenie:<\/strong><\/h4>\n<p class=\"\" data-start=\"402\" data-end=\"441\">N\u00e1stroje je mo\u017en\u00e9 \u010disti\u0165 bielym liehom.<\/p>\n<h4 data-start=\"443\" data-end=\"465\"><strong data-start=\"443\" data-end=\"465\">\u010cas pou\u017eite\u013enosti:<\/strong><\/h4>\n<p class=\"\" data-start=\"467\" data-end=\"601\">Spoj mo\u017eno za\u0165a\u017ei\u0165 pribli\u017ene 12 hod\u00edn po nanesen\u00ed lepidla. Maxim\u00e1lna pevnos\u0165 spoja a tepeln\u00e1 odolnos\u0165 sa dosahuj\u00fa po pribli\u017ene t\u00fd\u017edni.<\/p>\n<p class=\"\" data-start=\"603\" data-end=\"786\">V z\u00e1vislosti od podkladu je spotreba lepidla pribli\u017ene 500-600 g\/m\u00b2 pri aplik\u00e1cii na oboch stran\u00e1ch. Otvoren\u00fd \u010das z\u00e1vis\u00ed od aktu\u00e1lnej vonkaj\u0161ej teploty a zvy\u010dajne je od 5 do 15 min\u00fat.<\/p>\n<\/div>\n<\/div>\n<\/div>\n<div class=\"flex justify-start\"><\/div>\n<p>[\/vc_column_text][\/vc_column][\/vc_row][vc_row][vc_column][vc_separator style=\"dashed\"][vc_empty_space][\/vc_column][\/vc_row][vc_row][vc_column width=\"1\/3\"][vc_column_text]<\/p>\n<h4><span class=\"HwtZe\" lang=\"sk\"><span class=\"jCAhz ChMk0b\"><span class=\"ryNqvb\">N\u00c1RADIE <\/span><\/span><\/span><\/h4>\n<ul>\n<li><span class=\"HwtZe\" lang=\"sk\"><span class=\"jCAhz ChMk0b\"><span class=\"ryNqvb\">Val\u010dek, kefa.<\/span><\/span><\/span><\/li>\n<\/ul>\n<p>[\/vc_column_text][\/vc_column][vc_column width=\"1\/3\"][vc_column_text]<\/p>\n<h4><span class=\"HwtZe\" lang=\"sk\"><span class=\"jCAhz ChMk0b\"><span class=\"ryNqvb\">NOSI\u0164<\/span><\/span><\/span><\/h4>\n<p>[\/vc_column_text][vc_raw_html]JTNDdGFibGUlM0UlMEElM0N0Ym9keSUzRSUwQSUzQ3RyJTNFJTNDdGQlM0UlM0MlMkZ0ZCUzRSUzQ3RkJTNFWnUlQzUlQkN5Y2llJTIwa2clMkZtMiUzQyUyRnRkJTNFJTNDJTJGdHIlM0UlMEElM0N0ciUzRSUzQ3RkJTNFS2xlamVuaWUlMjBtZW1icmFueSUzQyUyRnRkJTNFJTNDdGQlM0UwJTJDNSUyMC0wJTJDNiUzQyUyRnRkJTNFJTNDJTJGdHIlM0UlMEElM0MlMkZ0Ym9keSUzRSUzQyUyRnRhYmxlJTNFJTBB[\/vc_raw_html][\/vc_column][vc_column width=\"1\/3\"][\/vc_column][\/vc_row][vc_row][vc_column][vc_raw_html]JTNDJTIxRE9DVFlQRSUyMGh0bWwlM0UlMEElM0NodG1sJTIwbGFuZyUzRCUyMnBsJTIyJTNFJTBBJTNDaGVhZCUzRSUwQSUyMCUyMCUyMCUyMCUzQ21ldGElMjBjaGFyc2V0JTNEJTIyVVRGLTglMjIlM0UlMEElMjAlMjAlMjAlMjAlM0N0aXRsZSUzRUthbGt1bGF0b3IlMjB6dSVDNSVCQ3ljaWElMjBtYXRlcmlhJUM1JTgydSUzQyUyRnRpdGxlJTNFJTBBJTIwJTIwJTIwJTIwJTNDc3R5bGUlM0UlMEElMjAlMjAlMjAlMjAlMjAlMjAlMjAlMjBib2R5JTIwJTdCJTBBJTIwJTIwJTIwJTIwJTIwJTIwJTIwJTIwJTIwJTIwJTIwJTIwZm9udC1mYW1pbHklM0ElMjBBcmlhbCUyQyUyMHNhbnMtc2VyaWYlM0IlMEElMjAlMjAlMjAlMjAlMjAlMjAlMjAlMjAlMjAlMjAlMjAlMjBtYXJnaW4lM0ElMjAyMHB4JTNCJTBBJTIwJTIwJTIwJTIwJTIwJTIwJTIwJTIwJTdEJTBBJTIwJTIwJTIwJTIwJTIwJTIwJTIwJTIwbGFiZWwlMjAlN0IlMEElMjAlMjAlMjAlMjAlMjAlMjAlMjAlMjAlMjAlMjAlMjAlMjBkaXNwbGF5JTNBJTIwYmxvY2slM0IlMEElMjAlMjAlMjAlMjAlMjAlMjAlMjAlMjAlMjAlMjAlMjAlMjBtYXJnaW4tYm90dG9tJTNBJTIwNXB4JTNCJTBBJTIwJTIwJTIwJTIwJTIwJTIwJTIwJTIwJTdEJTBBJTIwJTIwJTIwJTIwJTIwJTIwJTIwJTIwaW5wdXQlMkMlMjBzZWxlY3QlMjAlN0IlMEElMjAlMjAlMjAlMjAlMjAlMjAlMjAlMjAlMjAlMjAlMjAlMjB3aWR0aCUzQSUyMDEwMCUyNSUzQiUwQSUyMCUyMCUyMCUyMCUyMCUyMCUyMCUyMCUyMCUyMCUyMCUyMHBhZGRpbmclM0ElMjA1cHglM0IlMEElMjAlMjAlMjAlMjAlMjAlMjAlMjAlMjAlMjAlMjAlMjAlMjBtYXJnaW4tYm90dG9tJTNBJTIwMTBweCUzQiUwQSUyMCUyMCUyMCUyMCUyMCUyMCUyMCUyMCU3RCUwQSUyMCUyMCUyMCUyMCUyMCUyMCUyMCUyMGJ1dHRvbiUyMCU3QiUwQSUyMCUyMCUyMCUyMCUyMCUyMCUyMCUyMCUyMCUyMCUyMCUyMHBhZGRpbmclM0ElMjAxMHB4JTIwMjBweCUzQiUwQSUyMCUyMCUyMCUyMCUyMCUyMCUyMCUyMCUyMCUyMCUyMCUyMGJhY2tncm91bmQtY29sb3IlM0ElMjAlMjM0Q0FGNTAlM0IlMEElMjAlMjAlMjAlMjAlMjAlMjAlMjAlMjAlMjAlMjAlMjAlMjBjb2xvciUzQSUyMHdoaXRlJTNCJTBBJTIwJTIwJTIwJTIwJTIwJTIwJTIwJTIwJTIwJTIwJTIwJTIwYm9yZGVyJTNBJTIwbm9uZSUzQiUwQSUyMCUyMCUyMCUyMCUyMCUyMCUyMCUyMCUyMCUyMCUyMCUyMGN1cnNvciUzQSUyMHBvaW50ZXIlM0IlMEElMjAlMjAlMjAlMjAlMjAlMjAlMjAlMjAlN0QlMEElMjAlMjAlMjAlMjAlMjAlMjAlMjAlMjAlMjN3eW5payUyMCU3QiUwQSUyMCUyMCUyMCUyMCUyMCUyMCUyMCUyMCUyMCUyMCUyMCUyMG1hcmdpbi10b3AlM0ElMjAyMHB4JTNCJTBBJTIwJTIwJTIwJTIwJTIwJTIwJTIwJTIwJTIwJTIwJTIwJTIwZm9udC13ZWlnaHQlM0ElMjBib2xkJTNCJTBBJTIwJTIwJTIwJTIwJTIwJTIwJTIwJTIwJTdEJTBBJTIwJTIwJTIwJTIwJTNDJTJGc3R5bGUlM0UlMEElM0MlMkZoZWFkJTNFJTBBJTNDYm9keSUzRSUwQSUyMCUyMCUyMCUyMCUzQ2gyJTNFS2Fsa3VsYXRvciUyMHp1JUM1JUJDeWNpYSUyMG1hdGVyaWElQzUlODJ1JTNDJTJGaDIlM0UlMEElMjAlMjAlMjAlMjAlM0NsYWJlbCUyMGZvciUzRCUyMnRyeWIlMjIlM0VXeWJpZXJ6JTIwdHJ5YiUyMG9ibGljemUlQzUlODQlM0ElM0MlMkZsYWJlbCUzRSUwQSUyMCUyMCUyMCUyMCUzQ3NlbGVjdCUyMGlkJTNEJTIydHJ5YiUyMiUzRSUwQSUyMCUyMCUyMCUyMCUyMCUyMCUyMCUyMCUzQ29wdGlvbiUyMHZhbHVlJTNEJTIycG93aWVyemNobmlhJTIyJTNFUG93aWVyemNobmlhJTIwdyUyMG1ldHJhY2glMjBrd2FkcmF0b3d5Y2glM0MlMkZvcHRpb24lM0UlMEElMjAlMjAlMjAlMjAlMjAlMjAlMjAlMjAlM0NvcHRpb24lMjB2YWx1ZSUzRCUyMm9id29kJTIyJTNFT2J3JUMzJUIzZCUyMHclMjBtZXRyYWNoJTIwYmllJUM1JUJDJUM0JTg1Y3ljaCUzQyUyRm9wdGlvbiUzRSUwQSUyMCUyMCUyMCUyMCUzQyUyRnNlbGVjdCUzRSUwQSUwQSUyMCUyMCUyMCUyMCUzQ2RpdiUyMGlkJTNEJTIycG93aWVyemNobmlhRGl2JTIyJTNFJTBBJTIwJTIwJTIwJTIwJTIwJTIwJTIwJTIwJTNDbGFiZWwlMjBmb3IlM0QlMjJwb3dpZXJ6Y2huaWElMjIlM0VQb3dpZXJ6Y2huaWElMjAlMjh3JTIwbWV0cmFjaCUyMGt3YWRyYXRvd3ljaCUyOSUzQSUzQyUyRmxhYmVsJTNFJTBBJTIwJTIwJTIwJTIwJTIwJTIwJTIwJTIwJTNDaW5wdXQlMjB0eXBlJTNEJTIybnVtYmVyJTIyJTIwaWQlM0QlMjJwb3dpZXJ6Y2huaWElMjIlMjBzdGVwJTNEJTIyMC4wMSUyMiUzRSUwQSUyMCUyMCUyMCUyMCUzQyUyRmRpdiUzRSUwQSUwQSUyMCUyMCUyMCUyMCUzQ2RpdiUyMGlkJTNEJTIyb2J3b2REaXYlMjIlMjBzdHlsZSUzRCUyMmRpc3BsYXklM0Fub25lJTNCJTIyJTNFJTBBJTIwJTIwJTIwJTIwJTIwJTIwJTIwJTIwJTNDbGFiZWwlMjBmb3IlM0QlMjJvYndvZCUyMiUzRU9idyVDMyVCM2QlMjAlMjh3JTIwbWV0cmFjaCUyMGJpZSVDNSVCQyVDNCU4NWN5Y2glMjklM0ElM0MlMkZsYWJlbCUzRSUwQSUyMCUyMCUyMCUyMCUyMCUyMCUyMCUyMCUzQ2lucHV0JTIwdHlwZSUzRCUyMm51bWJlciUyMiUyMGlkJTNEJTIyb2J3b2QlMjIlMjBzdGVwJTNEJTIyMC4wMSUyMiUzRSUwQSUyMCUyMCUyMCUyMCUzQyUyRmRpdiUzRSUwQSUwQSUyMCUyMCUyMCUyMCUzQ2xhYmVsJTIwZm9yJTNEJTIycG9qZW1ub3NjJTIyJTNFUG9qZW1ubyVDNSU5QiVDNCU4NyUyMHdpYWRlcmthJTIwJTI4dyUyMGtpbG9ncmFtYWNoJTI5JTNBJTNDJTJGbGFiZWwlM0UlMEElMjAlMjAlMjAlMjAlM0NzZWxlY3QlMjBuYW1lJTNEJTIycG9qZW1ub3NjJTIyJTIwaWQlM0QlMjJwb2plbW5vc2MlMjIlM0UlMEElMjAlMjAlMjAlMjAlMjAlMjAlMjAlMjAlM0NvcHRpb24lMjB2YWx1ZSUzRCUyMjAuOSUyMiUzRTAlMkM5JTIwa2clM0MlMkZvcHRpb24lM0UlMEElMjAlMjAlMjAlMjAlMjAlMjAlMjAlMjAlM0NvcHRpb24lMjB2YWx1ZSUzRCUyMjUuMyUyMiUyMHNlbGVjdGVkJTNFNSUyQzMlMjBrZyUzQyUyRm9wdGlvbiUzRSUwQSUyMCUyMCUyMCUyMCUzQyUyRnNlbGVjdCUzRSUwQSUyMCUyMCUyMCUyMCUwQSUyMCUyMCUyMCUyMCUzQ2J1dHRvbiUyMGlkJTNEJTIyb2JsaWN6QnRuJTIyJTNFT2JsaWN6JTNDJTJGYnV0dG9uJTNFJTBBJTIwJTIwJTIwJTIwJTNDZGl2JTIwaWQlM0QlMjJ3eW5payUyMiUzRSUzQyUyRmRpdiUzRSUwQSUyMCUyMCUyMCUyMCUwQSUyMCUyMCUyMCUyMCUzQ3NjcmlwdCUzRSUwQSUyMCUyMCUyMCUyMCUyMCUyMCUyMCUyMGRvY3VtZW50LmdldEVsZW1lbnRCeUlkJTI4JTI3dHJ5YiUyNyUyOS5hZGRFdmVudExpc3RlbmVyJTI4JTI3Y2hhbmdlJTI3JTJDJTIwZnVuY3Rpb24lMjglMjklMjAlN0IlMEElMjAlMjAlMjAlMjAlMjAlMjAlMjAlMjAlMjAlMjAlMjAlMjBjb25zdCUyMHRyeWIlMjAlM0QlMjBkb2N1bWVudC5nZXRFbGVtZW50QnlJZCUyOCUyN3RyeWIlMjclMjkudmFsdWUlM0IlMEElMjAlMjAlMjAlMjAlMjAlMjAlMjAlMjAlMjAlMjAlMjAlMjBpZiUyMCUyOHRyeWIlMjAlM0QlM0QlM0QlMjAlMjdwb3dpZXJ6Y2huaWElMjclMjklMjAlN0IlMEElMjAlMjAlMjAlMjAlMjAlMjAlMjAlMjAlMjAlMjAlMjAlMjAlMjAlMjAlMjAlMjBkb2N1bWVudC5nZXRFbGVtZW50QnlJZCUyOCUyN3Bvd2llcnpjaG5pYURpdiUyNyUyOS5zdHlsZS5kaXNwbGF5JTIwJTNEJTIwJTI3YmxvY2slMjclM0IlMEElMjAlMjAlMjAlMjAlMjAlMjAlMjAlMjAlMjAlMjAlMjAlMjAlMjAlMjAlMjAlMjBkb2N1bWVudC5nZXRFbGVtZW50QnlJZCUyOCUyN29id29kRGl2JTI3JTI5LnN0eWxlLmRpc3BsYXklMjAlM0QlMjAlMjdub25lJTI3JTNCJTBBJTIwJTIwJTIwJTIwJTIwJTIwJTIwJTIwJTIwJTIwJTIwJTIwJTdEJTIwZWxzZSUyMCU3QiUwQSUyMCUyMCUyMCUyMCUyMCUyMCUyMCUyMCUyMCUyMCUyMCUyMCUyMCUyMCUyMCUyMGRvY3VtZW50LmdldEVsZW1lbnRCeUlkJTI4JTI3cG93aWVyemNobmlhRGl2JTI3JTI5LnN0eWxlLmRpc3BsYXklMjAlM0QlMjAlMjdub25lJTI3JTNCJTBBJTIwJTIwJTIwJTIwJTIwJTIwJTIwJTIwJTIwJTIwJTIwJTIwJTIwJTIwJTIwJTIwZG9jdW1lbnQuZ2V0RWxlbWVudEJ5SWQlMjglMjdvYndvZERpdiUyNyUyOS5zdHlsZS5kaXNwbGF5JTIwJTNEJTIwJTI3YmxvY2slMjclM0IlMEElMjAlMjAlMjAlMjAlMjAlMjAlMjAlMjAlMjAlMjAlMjAlMjAlN0QlMEElMjAlMjAlMjAlMjAlMjAlMjAlMjAlMjAlN0QlMjklM0IlMEElMEElMjAlMjAlMjAlMjAlMjAlMjAlMjAlMjBkb2N1bWVudC5nZXRFbGVtZW50QnlJZCUyOCUyN29ibGljekJ0biUyNyUyOS5hZGRFdmVudExpc3RlbmVyJTI4JTI3Y2xpY2slMjclMkMlMjBmdW5jdGlvbiUyMCUyOCUyOSUyMCU3QiUwQSUyMCUyMCUyMCUyMCUyMCUyMCUyMCUyMCUyMCUyMCUyMCUyMGNvbnN0JTIwdHJ5YiUyMCUzRCUyMGRvY3VtZW50LmdldEVsZW1lbnRCeUlkJTI4JTI3dHJ5YiUyNyUyOS52YWx1ZSUzQiUwQSUyMCUyMCUyMCUyMCUyMCUyMCUyMCUyMCUyMCUyMCUyMCUyMGNvbnN0JTIwcG9qZW1ub3NjV2lhZGVya2ElMjAlM0QlMjBwYXJzZUZsb2F0JTI4ZG9jdW1lbnQuZ2V0RWxlbWVudEJ5SWQlMjglMjdwb2plbW5vc2MlMjclMjkudmFsdWUlMjklM0IlMEElMjAlMjAlMjAlMjAlMjAlMjAlMjAlMjAlMjAlMjAlMjAlMjBsZXQlMjBtaW5pbWFsbmVadXp5Y2llJTJDJTIwbWFrc3ltYWxuZVp1enljaWUlM0IlMEElMEElMjAlMjAlMjAlMjAlMjAlMjAlMjAlMjAlMjAlMjAlMjAlMjBpZiUyMCUyOHRyeWIlMjAlM0QlM0QlM0QlMjAlMjdwb3dpZXJ6Y2huaWElMjclMjklMjAlN0IlMEElMjAlMjAlMjAlMjAlMjAlMjAlMjAlMjAlMjAlMjAlMjAlMjAlMjAlMjAlMjAlMjBjb25zdCUyMHBvd2llcnpjaG5pYSUyMCUzRCUyMHBhcnNlRmxvYXQlMjhkb2N1bWVudC5nZXRFbGVtZW50QnlJZCUyOCUyN3Bvd2llcnpjaG5pYSUyNyUyOS52YWx1ZSUyOSUzQiUwQSUyMCUyMCUyMCUyMCUyMCUyMCUyMCUyMCUyMCUyMCUyMCUyMCUyMCUyMCUyMCUyMG1pbmltYWxuZVp1enljaWUlMjAlM0QlMjAwLjUlMjAlMkElMjBwb3dpZXJ6Y2huaWElM0IlMEElMjAlMjAlMjAlMjAlMjAlMjAlMjAlMjAlMjAlMjAlMjAlMjAlMjAlMjAlMjAlMjBtYWtzeW1hbG5lWnV6eWNpZSUyMCUzRCUyMDAuNiUyMCUyQSUyMHBvd2llcnpjaG5pYSUzQiUwQSUyMCUyMCUyMCUyMCUyMCUyMCUyMCUyMCUyMCUyMCUyMCUyMCU3RCUyMGVsc2UlMjAlN0IlMEElMjAlMjAlMjAlMjAlMjAlMjAlMjAlMjAlMjAlMjAlMjAlMjAlMjAlMjAlMjAlMjBjb25zdCUyMG9id29kJTIwJTNEJTIwcGFyc2VGbG9hdCUyOGRvY3VtZW50LmdldEVsZW1lbnRCeUlkJTI4JTI3b2J3b2QlMjclMjkudmFsdWUlMjklM0IlMEElMjAlMjAlMjAlMjAlMjAlMjAlMjAlMjAlMjAlMjAlMjAlMjAlMjAlMjAlMjAlMjBtaW5pbWFsbmVadXp5Y2llJTIwJTNEJTIwb2J3b2QlMjAlMkElMjAwLjElM0IlMEElMjAlMjAlMjAlMjAlMjAlMjAlMjAlMjAlMjAlMjAlMjAlMjAlMjAlMjAlMjAlMjBtYWtzeW1hbG5lWnV6eWNpZSUyMCUzRCUyMG9id29kJTIwJTJBJTIwMC4xMSUzQiUwQSUyMCUyMCUyMCUyMCUyMCUyMCUyMCUyMCUyMCUyMCUyMCUyMCU3RCUwQSUwQSUyMCUyMCUyMCUyMCUyMCUyMCUyMCUyMCUyMCUyMCUyMCUyMGNvbnN0JTIwbWluaW1hbG5lSWxvc2NXaWFkZXIlMjAlM0QlMjBNYXRoLmNlaWwlMjhtaW5pbWFsbmVadXp5Y2llJTIwJTJGJTIwcG9qZW1ub3NjV2lhZGVya2ElMjklM0IlMEElMjAlMjAlMjAlMjAlMjAlMjAlMjAlMjAlMjAlMjAlMjAlMjBjb25zdCUyMG1ha3N5bWFsbmVJbG9zY1dpYWRlciUyMCUzRCUyME1hdGguY2VpbCUyOG1ha3N5bWFsbmVadXp5Y2llJTIwJTJGJTIwcG9qZW1ub3NjV2lhZGVya2ElMjklM0IlMEElMEElMjAlMjAlMjAlMjAlMjAlMjAlMjAlMjAlMjAlMjAlMjAlMjBkb2N1bWVudC5nZXRFbGVtZW50QnlJZCUyOCUyN3d5bmlrJTI3JTI5LmlubmVySFRNTCUyMCUzRCUyMCUwQSUyMCUyMCUyMCUyMCUyMCUyMCUyMCUyMCUyMCUyMCUyMCUyMCUyMCUyMCUyMCUyMCUyMk1pbmltYWxuZSUyMHp1JUM1JUJDeWNpZSUyMG1hdGVyaWElQzUlODJ1JTNBJTIwJTIyJTIwJTJCJTIwbWluaW1hbG5lWnV6eWNpZS50b0ZpeGVkJTI4MiUyOSUyMCUyQiUyMCUyMiUyMGtnJTIyJTIwJTJCJTIwJTIyJTNDYnIlM0UlMjIlMjAlMkIlMEElMjAlMjAlMjAlMjAlMjAlMjAlMjAlMjAlMjAlMjAlMjAlMjAlMjAlMjAlMjAlMjAlMjJNYWtzeW1hbG5lJTIwenUlQzUlQkN5Y2llJTIwbWF0ZXJpYSVDNSU4MnUlM0ElMjAlMjIlMjAlMkIlMjBtYWtzeW1hbG5lWnV6eWNpZS50b0ZpeGVkJTI4MiUyOSUyMCUyQiUyMCUyMiUyMGtnJTIyJTIwJTJCJTIwJTIyJTNDYnIlM0UlMjIlMjAlMkIlMEElMjAlMjAlMjAlMjAlMjAlMjAlMjAlMjAlMjAlMjAlMjAlMjAlMjAlMjAlMjAlMjAlMjJNaW5pbWFsbmElMjBpbG8lQzUlOUIlQzQlODclMjBvcGFrb3dhJUM1JTg0JTIwcG90cnplYm55Y2glMjBkbyUyMGtsZWplbmlhJTNBJTIwJTIyJTIwJTJCJTIwbWluaW1hbG5lSWxvc2NXaWFkZXIlMjAlMkIlMjAlMjIlM0NiciUzRSUyMiUyMCUyQiUwQSUyMCUyMCUyMCUyMCUyMCUyMCUyMCUyMCUyMCUyMCUyMCUyMCUyMCUyMCUyMCUyMCUyMk1ha3N5bWFsbmElMjBpbG8lQzUlOUIlQzQlODclMjBvcGFrb3dhJUM1JTg0JTIwcG90cnplYm55Y2glMjBkbyUyMGtsZWplbmlhJTNBJTIwJTIyJTIwJTJCJTIwbWFrc3ltYWxuZUlsb3NjV2lhZGVyJTIwJTJCJTIwJTIyJTNDYnIlM0UlMjIlM0IlMEElMjAlMjAlMjAlMjAlMjAlMjAlMjAlMjAlN0QlMjklM0IlMEElMjAlMjAlMjAlMjAlM0MlMkZzY3JpcHQlM0UlMEElM0MlMkZib2R5JTNFJTBBJTNDJTJGaHRtbCUzRSUwQQ==[\/vc_raw_html][vc_separator style=\"dashed\"][vc_empty_space height=\"64px\"][\/vc_column][\/vc_row][vc_row][vc_column][vc_empty_space height=\"64px\"][\/vc_column][\/vc_row]<\/p>\n","protected":false},"excerpt":{"rendered":"<p>[vc_row][vc_column][vc_column_text css_animation=\"none\"][\/vc_column_text][\/vc_column][\/vc_row][vc_row][vc_column][vc_column_text] HERTALAN KS137 EPDM membr\u00e1nov\u00e9 lepidlo [\/vc_column_text][\/vc_column][\/vc_row][vc_row][vc_column][vc_separator style=\"dashed\"][vc_empty_space height=\"64px\"][\/vc_column][\/vc_row][vc_row][vc_column width=\"1\/4\"][vc_single_image image=\"262566\" img_size=\"medium\" style=\"vc_box_rounded\"][\/vc_column][vc_column width=\"3\/4\"][vc_column_text] HERTALAN ks137 HERTALAN ks137 lepidlo na membr\u00e1nu EPDM je pripraven\u00e9 na<span class=\"excerpt-hellip\"> [\u2026]<\/span><\/p>\n","protected":false},"featured_media":282769,"comment_status":"open","ping_status":"closed","template":"","meta":{"_acf_changed":false},"product_brand":[],"product_cat":[923,883,1108,881,882,1058,1033,935,933],"product_tag":[1110],"class_list":{"0":"post-279785","1":"product","2":"type-product","3":"status-publish","4":"has-post-thumbnail","6":"product_cat-bestseller-sk","7":"product_cat-dachy-plaskie-i-zielone-sk","8":"product_cat-hertalan-sk","9":"product_cat-hydroizolacja-balkonu-i-tarasu-sk","10":"product_cat-hydroizolacje-rolowe-sk","11":"product_cat-materialy-uzupelniajace-akcesoria-dachy-plaskie-i-zielone-sk","12":"product_cat-materialy-uzupelniajace-akcesoria-hydroizolacja-balkonu-i-tarasu-sk","13":"product_cat-membrany-epdm-sk","14":"product_cat-prace-zewnetrzne-dachy-i-elewacje-sk","15":"product_tag-hertalan-sk","16":"product_shipping_class-latwa-wysylka-sk","18":"first","19":"instock","20":"sale","21":"taxable","22":"shipping-taxable","23":"purchasable","24":"product-type-variable"},"acf":[],"_links":{"self":[{"href":"https:\/\/www.sanier.pl\/sk\/wp-json\/wp\/v2\/product\/279785","targetHints":{"allow":["GET"]}}],"collection":[{"href":"https:\/\/www.sanier.pl\/sk\/wp-json\/wp\/v2\/product"}],"about":[{"href":"https:\/\/www.sanier.pl\/sk\/wp-json\/wp\/v2\/types\/product"}],"replies":[{"embeddable":true,"href":"https:\/\/www.sanier.pl\/sk\/wp-json\/wp\/v2\/comments?post=279785"}],"wp:featuredmedia":[{"embeddable":true,"href":"https:\/\/www.sanier.pl\/sk\/wp-json\/wp\/v2\/media\/282769"}],"wp:attachment":[{"href":"https:\/\/www.sanier.pl\/sk\/wp-json\/wp\/v2\/media?parent=279785"}],"wp:term":[{"taxonomy":"product_brand","embeddable":true,"href":"https:\/\/www.sanier.pl\/sk\/wp-json\/wp\/v2\/product_brand?post=279785"},{"taxonomy":"product_cat","embeddable":true,"href":"https:\/\/www.sanier.pl\/sk\/wp-json\/wp\/v2\/product_cat?post=279785"},{"taxonomy":"product_tag","embeddable":true,"href":"https:\/\/www.sanier.pl\/sk\/wp-json\/wp\/v2\/product_tag?post=279785"}],"curies":[{"name":"wp","href":"https:\/\/api.w.org\/{rel}","templated":true}]}}