{"id":279781,"date":"2024-04-18T11:33:39","date_gmt":"2024-04-18T11:33:39","guid":{"rendered":"https:\/\/www.sanier.pl\/produkt\/hertalan-ks96-klej-uszczelniacz-do-epdm\/"},"modified":"2025-03-27T09:11:46","modified_gmt":"2025-03-27T09:11:46","slug":"hertalan-ks96-klej-uszczelniacz-do-epdm","status":"publish","type":"product","link":"https:\/\/www.sanier.pl\/sk\/produkt\/hertalan-ks96-klej-uszczelniacz-do-epdm\/","title":{"rendered":"HERTALAN Ks96 EPDM lepiaci tmel"},"content":{"rendered":"<p>[vc_row][vc_column][vc_column_text css_animation=\"none\"]<img loading=\"lazy\" decoding=\"async\" class=\"wp-image-262522 size-medium aligncenter\" src=\"https:\/\/www.sanier.pl\/wp-content\/uploads\/2024\/04\/hertalan-vector-logo-300x167.png\" alt=\"HERTALAN EPDM membrana dachowa\" width=\"300\" height=\"167\" srcset=\"https:\/\/www.sanier.pl\/wp-content\/uploads\/2024\/04\/hertalan-vector-logo-300x167.png 300w, https:\/\/www.sanier.pl\/wp-content\/uploads\/2024\/04\/hertalan-vector-logo-800x444.png 800w, https:\/\/www.sanier.pl\/wp-content\/uploads\/2024\/04\/hertalan-vector-logo-768x427.png 768w, https:\/\/www.sanier.pl\/wp-content\/uploads\/2024\/04\/hertalan-vector-logo-848x471.png 848w, https:\/\/www.sanier.pl\/wp-content\/uploads\/2024\/04\/hertalan-vector-logo.png 900w\" sizes=\"auto, (max-width:767px) 300px, 300px\" \/>[\/vc_column_text][\/vc_column][\/vc_row][vc_row][vc_column][vc_column_text]<\/p>\n<div class=\"flex max-w-full flex-col flex-grow\">\n<div class=\"min-h-8 text-message relative flex w-full flex-col items-end gap-2 whitespace-normal break-words text-start [.text-message+&amp;]:mt-5\" dir=\"auto\" data-message-author-role=\"assistant\" data-message-id=\"569c8e26-b2a7-4f86-88c0-023026408536\" data-message-model-slug=\"gpt-4o-mini\">\n<div class=\"flex w-full flex-col gap-1 empty:hidden first:pt-[3px]\">\n<h1 style=\"text-align: center;\" data-start=\"36\" data-end=\"80\"><strong data-start=\"36\" data-end=\"53\">HERTALAN Ks96<\/strong><\/h1>\n<h5 style=\"text-align: center;\" data-start=\"36\" data-end=\"80\">Lepidlo tesniace na EPDM<\/h5>\n<\/div>\n<\/div>\n<\/div>\n<div class=\"flex justify-start\"><\/div>\n<p>[\/vc_column_text][\/vc_column][\/vc_row][vc_row][vc_column][vc_separator style=\"dashed\"][vc_empty_space height=\"64px\"][\/vc_column][\/vc_row][vc_row][vc_column width=\"1\/4\"][vc_single_image image=\"262571\" img_size=\"medium\" style=\"vc_box_rounded\"][\/vc_column][vc_column width=\"3\/4\"][vc_column_text]<\/p>\n<div class=\"flex max-w-full flex-col flex-grow\">\n<div class=\"min-h-8 text-message relative flex w-full flex-col items-end gap-2 whitespace-normal break-words text-start [.text-message+&amp;]:mt-5\" dir=\"auto\" data-message-author-role=\"assistant\" data-message-id=\"efb9367e-7987-4023-b7d2-9e6644ed1fa2\" data-message-model-slug=\"gpt-4o-mini\">\n<div class=\"flex w-full flex-col gap-1 empty:hidden first:pt-[3px]\">\n<h2 data-start=\"52\" data-end=\"69\"><strong data-start=\"52\" data-end=\"69\">HERTALAN Ks96<\/strong><\/h2>\n<p class=\"\" data-start=\"71\" data-end=\"330\">je vysokokvalitn\u00e9, jednoslo\u017ekov\u00e9 lepidlo a tesniaca hmota na b\u00e1ze MS polym\u00e9rov, \u0161peci\u00e1lne vyvinut\u00e1 na lepenie vodotesn\u00fdch rie\u0161en\u00ed z gumy EPDM Hertalan na vertik\u00e1lnych a horizont\u00e1lnych povrchoch, ako aj na dodato\u010dn\u00e9 tesnenie lepen\u00fdch \u0161vov v oblastiach okrajov.<\/p>\n<h4 data-start=\"332\" data-end=\"347\"><strong data-start=\"332\" data-end=\"347\">Vlastnosti:<\/strong><\/h4>\n<ul data-start=\"348\" data-end=\"661\" data-is-last-node=\"\" data-is-only-node=\"\">\n<li class=\"\" data-start=\"348\" data-end=\"490\">\n<p class=\"\" data-start=\"350\" data-end=\"490\"><strong data-start=\"350\" data-end=\"364\">Adh\u00e9znos\u0165:<\/strong> HERTALAN Ks96 vykazuje ve\u013emi siln\u00e9 adh\u00e9zne vlastnosti medzi r\u00f4znymi povlakmi EPDM, ako aj pri lepen\u00ed na uveden\u00fdch podkladoch.<\/p>\n<\/li>\n<li class=\"\" data-start=\"491\" data-end=\"557\">\n<p class=\"\" data-start=\"493\" data-end=\"557\"><strong data-start=\"493\" data-end=\"522\">Elasticita a vodotesnos\u0165:<\/strong> Spojenie je elastick\u00e9 a vodotesn\u00e9.<\/p>\n<\/li>\n<li class=\"\" data-start=\"558\" data-end=\"661\">\n<p class=\"\" data-start=\"560\" data-end=\"661\"><strong data-start=\"560\" data-end=\"586\">Odolnos\u0165 vo\u010di teplote:<\/strong> Po \u00faplnom vytvrdnut\u00ed dosiahne lepidlo tepeln\u00fa odolnos\u0165 od -40\u00b0C do +100\u00b0C.<\/p>\n<\/li>\n<\/ul>\n<\/div>\n<\/div>\n<\/div>\n<div class=\"flex justify-start\"><\/div>\n<p>[\/vc_column_text][\/vc_column][\/vc_row][vc_row][vc_column][vc_empty_space][\/vc_column][vc_column][vc_separator style=\"dashed\"][\/vc_column][\/vc_row][vc_row][vc_column width=\"2\/3\"][vc_column_text]<\/p>\n<h4 data-start=\"52\" data-end=\"283\"><strong data-start=\"52\" data-end=\"65\">Podklady:<\/strong><\/h4>\n<p class=\"\" data-start=\"52\" data-end=\"283\"><strong data-start=\"66\" data-end=\"84\">Univerz\u00e1lnos\u0165:<\/strong> HERTALAN Ks96 je \u0161peci\u00e1lne vyvinut\u00fd na lepenie na vertik\u00e1lnych a horizont\u00e1lnych podkladoch, ako s\u00fa drevo, bet\u00f3n, kovy, murivo, EPDM at\u010f. Podklady musia by\u0165 rovn\u00e9, such\u00e9, bez mrazu, \u010dist\u00e9 a bez tuku.<\/p>\n<p class=\"\" data-start=\"285\" data-end=\"373\"><strong data-start=\"285\" data-end=\"298\">\u010cistenie:<\/strong> N\u00e1stroje treba \u010disti\u0165 bielym liehom okam\u017eite po pou\u017eit\u00ed, ak s\u00fa zne\u010disten\u00e9.<\/p>\n<h4 data-start=\"375\" data-end=\"413\"><strong data-start=\"375\" data-end=\"413\">\u010cas pou\u017eite\u013enosti a vytvrdzovanie:<\/strong><\/h4>\n<ul data-start=\"414\" data-end=\"915\">\n<li class=\"\" data-start=\"414\" data-end=\"643\">\n<p class=\"\" data-start=\"416\" data-end=\"643\"><strong data-start=\"416\" data-end=\"455\">Otv\u00e1rac\u00ed \u010das (\u017eivostnos\u0165 v n\u00e1dobe):<\/strong> Z\u00e1vis\u00ed od vonkaj\u0161\u00edch tepl\u00f4t. Vo v\u0161eobecnosti by sa nemalo nan\u00e1\u0161a\u0165 viac lepidla, ne\u017e je mo\u017en\u00e9 spracova\u0165 za p\u00e4\u0165 min\u00fat. To znamen\u00e1, \u017ee otvoren\u00fd \u010das sa pri vy\u0161\u0161\u00edch teplot\u00e1ch v\u00fdrazne skracuje.<\/p>\n<\/li>\n<li class=\"\" data-start=\"644\" data-end=\"915\">\n<p class=\"\" data-start=\"646\" data-end=\"915\"><strong data-start=\"646\" data-end=\"664\">Vytvrdzovanie:<\/strong> Pribli\u017ene 2 mm za 24 hod\u00edn. Po nieko\u013ek\u00fdch d\u0148och (viac ako 20 dn\u00ed), v z\u00e1vislosti od vonkaj\u0161\u00edch tepl\u00f4t, sa dosahuj\u00fa optim\u00e1lne adh\u00e9zne vlastnosti a tepeln\u00e1 odolnos\u0165 vzh\u013eadom na o\u010dak\u00e1van\u00e9 mechanick\u00e9 za\u0165a\u017eenie. Tesnos\u0165 je v\u0161ak zaru\u010den\u00e1 ihne\u010f po aplik\u00e1cii.<\/p>\n<\/li>\n<\/ul>\n<h4 data-start=\"917\" data-end=\"937\"><strong data-start=\"917\" data-end=\"937\">Technick\u00e9 \u00fadaje:<\/strong><\/h4>\n<ul data-start=\"938\" data-end=\"1143\" data-is-last-node=\"\" data-is-only-node=\"\">\n<li class=\"\" data-start=\"938\" data-end=\"957\">\n<p class=\"\" data-start=\"940\" data-end=\"957\"><strong data-start=\"940\" data-end=\"950\">Farba:<\/strong> \u010cierna<\/p>\n<\/li>\n<li class=\"\" data-start=\"958\" data-end=\"983\">\n<p class=\"\" data-start=\"960\" data-end=\"983\"><strong data-start=\"960\" data-end=\"971\">Z\u00e1pach:<\/strong> Bez z\u00e1pachu<\/p>\n<\/li>\n<li class=\"\" data-start=\"984\" data-end=\"1017\">\n<p class=\"\" data-start=\"986\" data-end=\"1017\"><strong data-start=\"986\" data-end=\"1005\">Hustota (20\u00b0C):<\/strong> 1,415 kg\/m\u00b3<\/p>\n<\/li>\n<li class=\"\" data-start=\"1018\" data-end=\"1043\">\n<p class=\"\" data-start=\"1020\" data-end=\"1043\"><strong data-start=\"1020\" data-end=\"1036\">Zmr\u0161\u0165ovanie:<\/strong> \u017diadne<\/p>\n<\/li>\n<li class=\"\" data-start=\"1044\" data-end=\"1143\">\n<p class=\"\" data-start=\"1046\" data-end=\"1143\"><strong data-start=\"1046\" data-end=\"1071\">\u017divotnos\u0165 na poli\u010dke:<\/strong> 12 mesiacov, skladovan\u00e9 v origin\u00e1lnom obale na chladnom a suchom mieste<\/p>\n<\/li>\n<\/ul>\n<p>[\/vc_column_text][\/vc_column][vc_column width=\"1\/3\"][vc_single_image image=\"262570\" img_size=\"large\"][\/vc_column][\/vc_row][vc_row][vc_column][vc_separator style=\"dashed\"][vc_empty_space][\/vc_column][\/vc_row][vc_row][vc_column width=\"1\/3\"][vc_column_text]<\/p>\n<div class=\"flex max-w-full flex-col flex-grow\">\n<div class=\"min-h-8 text-message relative flex w-full flex-col items-end gap-2 whitespace-normal break-words text-start [.text-message+&amp;]:mt-5\" dir=\"auto\" data-message-author-role=\"assistant\" data-message-id=\"b4102a89-29e9-423c-ac1d-077032054418\" data-message-model-slug=\"gpt-4o-mini\">\n<div class=\"flex w-full flex-col gap-1 empty:hidden first:pt-[3px]\">\n<h4 data-start=\"52\" data-end=\"80\"><strong data-start=\"52\" data-end=\"80\">Aplik\u00e1cia HERTALAN Ks96:<\/strong><\/h4>\n<p class=\"\" data-start=\"82\" data-end=\"201\"><strong data-start=\"82\" data-end=\"109\">Pripraven\u00fd na pou\u017eitie:<\/strong> Produkt je pripraven\u00fd na pou\u017eitie a nem\u00f4\u017ee by\u0165 rieden\u00fd ani mie\u0161an\u00fd s vonkaj\u0161\u00edmi materi\u00e1lmi.<\/p>\n<p class=\"\" data-start=\"203\" data-end=\"318\"><strong data-start=\"203\" data-end=\"227\">Podmienky aplik\u00e1cie:<\/strong> Lepidlo by malo by\u0165 aplikovan\u00e9 v such\u00fdch podmienkach po\u010dasia a pri teplote minim\u00e1lne +5\u00b0C.<\/p>\n<p class=\"\" data-start=\"320\" data-end=\"398\"><strong data-start=\"320\" data-end=\"342\">Pr\u00edprava podkladu:<\/strong> Materi\u00e1l aj podklad musia by\u0165 such\u00e9, bez mrazu a \u010dist\u00e9.<\/p>\n<p class=\"\" data-start=\"400\" data-end=\"530\"><strong data-start=\"400\" data-end=\"421\">Sp\u00f4sob aplik\u00e1cie:<\/strong> Lepidlo by malo by\u0165 nan\u00e1\u0161an\u00e9 jednostranne, v dvoch l\u00edni\u00e1ch s priemerom minim\u00e1lne 7 mm \u2013 nesm\u00ed sa rozotiera\u0165.<\/p>\n<\/div>\n<\/div>\n<\/div>\n<div class=\"flex justify-start\"><\/div>\n<p>[\/vc_column_text][\/vc_column][vc_column width=\"1\/3\"][vc_column_text]<\/p>\n<h4><span class=\"HwtZe\" lang=\"sk\"><span class=\"jCAhz ChMk0b\"><span class=\"ryNqvb\">NOSI\u0164<\/span><\/span><\/span><\/h4>\n<p>[\/vc_column_text][vc_raw_html]JTNDdGFibGUlM0UlMEElM0N0Ym9keSUzRSUwQSUzQ3RyJTNFJTNDdGQlM0UlM0MlMkZ0ZCUzRSUzQ3RkJTNFTWIlMjB6JTIwb3Bha293YW5pYSUyMCUyOHByenklMjBva3IlQzQlODVnJUM1JTgyZWolMjAlQzUlOUJyZWRuaWN5JTIwbWluLiUyMDclMjBtbSUyOSUzQyUyRnRkJTNFJTNDJTJGdHIlM0UlMEElM0N0ciUzRSUzQ3RkJTNFWiUyMHR1YmtpJTIwMjkwbWwlM0MlMkZ0ZCUzRSUzQ3RkJTNFb2slMjA2JTNDJTJGdGQlM0UlM0MlMkZ0ciUzRSUwQSUzQ3RyJTNFJTNDdGQlM0VaJTIwb3Bha293YW5pYSUyMDYwMG1sJTNDJTJGdGQlM0UlM0N0ZCUzRW9rJTIwMTUlM0MlMkZ0ZCUzRSUzQyUyRnRyJTNFJTBBJTNDJTJGdGJvZHklM0UlM0MlMkZ0YWJsZSUzRSUwQQ==[\/vc_raw_html][\/vc_column][vc_column width=\"1\/3\"][\/vc_column][\/vc_row][vc_row][vc_column][vc_raw_html]JTIwJTIwJTIwJTIwJTNDdGl0bGUlM0VLYWxrdWxhdG9yJTIwenUlQzUlQkN5Y2lhJTIwbWF0ZXJpYSVDNSU4MnUlM0MlMkZ0aXRsZSUzRSUwQSUyMCUyMCUyMCUyMCUzQ3N0eWxlJTNFJTBBJTIwJTIwJTIwJTIwJTIwJTIwJTIwJTIwYm9keSUyMCU3QiUwQSUyMCUyMCUyMCUyMCUyMCUyMCUyMCUyMCUyMCUyMCUyMCUyMGZvbnQtZmFtaWx5JTNBJTIwQXJpYWwlMkMlMjBzYW5zLXNlcmlmJTNCJTBBJTIwJTIwJTIwJTIwJTIwJTIwJTIwJTIwJTIwJTIwJTIwJTIwbWFyZ2luJTNBJTIwMjBweCUzQiUwQSUyMCUyMCUyMCUyMCUyMCUyMCUyMCUyMCU3RCUwQSUyMCUyMCUyMCUyMCUyMCUyMCUyMCUyMGxhYmVsJTIwJTdCJTBBJTIwJTIwJTIwJTIwJTIwJTIwJTIwJTIwJTIwJTIwJTIwJTIwZGlzcGxheSUzQSUyMGJsb2NrJTNCJTBBJTIwJTIwJTIwJTIwJTIwJTIwJTIwJTIwJTIwJTIwJTIwJTIwbWFyZ2luLWJvdHRvbSUzQSUyMDVweCUzQiUwQSUyMCUyMCUyMCUyMCUyMCUyMCUyMCUyMCU3RCUwQSUyMCUyMCUyMCUyMCUyMCUyMCUyMCUyMGlucHV0JTIwJTdCJTBBJTIwJTIwJTIwJTIwJTIwJTIwJTIwJTIwJTIwJTIwJTIwJTIwd2lkdGglM0ElMjAxMDAlMjUlM0IlMEElMjAlMjAlMjAlMjAlMjAlMjAlMjAlMjAlMjAlMjAlMjAlMjBwYWRkaW5nJTNBJTIwNXB4JTNCJTBBJTIwJTIwJTIwJTIwJTIwJTIwJTIwJTIwJTIwJTIwJTIwJTIwbWFyZ2luLWJvdHRvbSUzQSUyMDEwcHglM0IlMEElMjAlMjAlMjAlMjAlMjAlMjAlMjAlMjAlN0QlMEElMjAlMjAlMjAlMjAlMjAlMjAlMjAlMjBidXR0b24lMjAlN0IlMEElMjAlMjAlMjAlMjAlMjAlMjAlMjAlMjAlMjAlMjAlMjAlMjBwYWRkaW5nJTNBJTIwMTBweCUyMDIwcHglM0IlMEElMjAlMjAlMjAlMjAlMjAlMjAlMjAlMjAlMjAlMjAlMjAlMjBiYWNrZ3JvdW5kLWNvbG9yJTNBJTIwJTIzNENBRjUwJTNCJTBBJTIwJTIwJTIwJTIwJTIwJTIwJTIwJTIwJTIwJTIwJTIwJTIwY29sb3IlM0ElMjB3aGl0ZSUzQiUwQSUyMCUyMCUyMCUyMCUyMCUyMCUyMCUyMCUyMCUyMCUyMCUyMGJvcmRlciUzQSUyMG5vbmUlM0IlMEElMjAlMjAlMjAlMjAlMjAlMjAlMjAlMjAlMjAlMjAlMjAlMjBjdXJzb3IlM0ElMjBwb2ludGVyJTNCJTBBJTIwJTIwJTIwJTIwJTIwJTIwJTIwJTIwJTdEJTBBJTIwJTIwJTIwJTIwJTIwJTIwJTIwJTIwJTIzd3luaWslMjAlN0IlMEElMjAlMjAlMjAlMjAlMjAlMjAlMjAlMjAlMjAlMjAlMjAlMjBtYXJnaW4tdG9wJTNBJTIwMjBweCUzQiUwQSUyMCUyMCUyMCUyMCUyMCUyMCUyMCUyMCUyMCUyMCUyMCUyMGZvbnQtd2VpZ2h0JTNBJTIwYm9sZCUzQiUwQSUyMCUyMCUyMCUyMCUyMCUyMCUyMCUyMCU3RCUwQSUyMCUyMCUyMCUyMCUzQyUyRnN0eWxlJTNFJTBBJTBBJTIwJTIwJTIwJTIwJTNDaDIlM0VLYWxrdWxhdG9yJTIwenUlQzUlQkN5Y2lhJTIwbWF0ZXJpYSVDNSU4MnUlM0MlMkZoMiUzRSUwQSUyMCUyMCUyMCUyMCUzQ2xhYmVsJTIwZm9yJTNEJTIycG93aWVyemNobmlhJTIyJTNFUG93aWVyemNobmlhJTIwJTI4dyUyMG1ldHJhY2glMjBrd2FkcmF0b3d5Y2glMjklM0ElM0MlMkZsYWJlbCUzRSUwQSUyMCUyMCUyMCUyMCUzQ2lucHV0JTIwdHlwZSUzRCUyMm51bWJlciUyMiUyMGlkJTNEJTIycG93aWVyemNobmlhJTIyJTIwc3RlcCUzRCUyMjElMjIlM0UlMEElM0NsYWJlbCUyMGZvciUzRCUyMnBvamVtbm9zYyUyMiUzRVBvamVtbm8lQzUlOUIlQzQlODclMjB3aWFkZXJrYSUyMCUyOHclMjBraWxvZ3JhbWFjaCUyOSUzQSUzQyUyRmxhYmVsJTNFJTBBJTNDc2VsZWN0JTIwbmFtZSUzRCUyMnBvamVtbm9zYyUyMiUyMGlkJTNEJTIycG9qZW1ub3NjJTIyJTNFJTBBJTIwJTIwJTNDb3B0aW9uJTIwdmFsdWUlM0QlMjIwLjI5JTIyJTNFMjkwJTIwbWwlM0MlMkZvcHRpb24lM0UlMEElMjAlMjAlM0NvcHRpb24lMjB2YWx1ZSUzRCUyMjAuNiUyMiUyMHNlbGVjdGVkJTNFNjAwJTIwbWwlM0MlMkZvcHRpb24lM0UlMEElM0MlMkZzZWxlY3QlM0UlMEElMEElMjAlMjAlMjAlMjAlM0NidXR0b24lMjBpZCUzRCUyMm9ibGljekJ0biUyMiUzRU9ibGljeiUzQyUyRmJ1dHRvbiUzRSUwQSUyMCUyMCUyMCUyMCUzQ2RpdiUyMGlkJTNEJTIyd3luaWslMjIlM0UlM0MlMkZkaXYlM0UlMEElMEElMjAlMjAlMjAlMjAlM0NzY3JpcHQlM0UlMEElMjAlMjAlMjAlMjAlMjAlMjAlMjAlMjBkb2N1bWVudC5nZXRFbGVtZW50QnlJZCUyOCUyN29ibGljekJ0biUyNyUyOS5hZGRFdmVudExpc3RlbmVyJTI4JTI3Y2xpY2slMjclMkMlMjBmdW5jdGlvbiUyMCUyOCUyOSUyMCU3QiUwQSUyMCUyMCUyMCUyMCUyMCUyMCUyMCUyMCUyMCUyMCUyMCUyMGNvbnN0JTIwcG93aWVyemNobmlhJTIwJTNEJTIwcGFyc2VGbG9hdCUyOGRvY3VtZW50LmdldEVsZW1lbnRCeUlkJTI4JTI3cG93aWVyemNobmlhJTI3JTI5LnZhbHVlJTI5JTNCJTBBJTIwJTIwJTIwJTIwJTIwJTIwJTIwJTIwJTIwJTIwJTIwJTIwY29uc3QlMjBtaW5pbWFsbmVadXp5Y2llJTIwJTNEJTIwMC4wMyUyMCUyQSUyMHBvd2llcnpjaG5pYSUzQiUwQSUyMCUyMCUyMCUyMCUyMCUyMCUyMCUyMCUyMCUyMCUyMCUyMGNvbnN0JTIwbWFrc3ltYWxuZVp1enljaWUlMjAlM0QlMjAwLjA0JTIwJTJBJTIwcG93aWVyemNobmlhJTNCJTBBJTIwJTIwJTIwJTIwJTIwJTIwJTIwJTIwJTIwJTIwJTIwJTIwY29uc3QlMjBwb2plbW5vc2NXaWFkZXJrYSUyMCUzRCUyMHBhcnNlRmxvYXQlMjhkb2N1bWVudC5nZXRFbGVtZW50QnlJZCUyOCUyN3BvamVtbm9zYyUyNyUyOS52YWx1ZSUyOSUzQiUwQSUyMCUyMCUyMCUyMCUyMCUyMCUyMCUyMCUyMCUyMCUyMCUyMGNvbnN0JTIwbWluaW1hbG5lSWxvc2NXaWFkZXIlMjAlM0QlMjBNYXRoLmNlaWwlMjhtaW5pbWFsbmVadXp5Y2llJTIwJTJGJTIwcG9qZW1ub3NjV2lhZGVya2ElMjklM0IlMEElMjAlMjAlMjAlMjAlMjAlMjAlMjAlMjAlMjAlMjAlMjAlMjBjb25zdCUyMG1ha3N5bWFsbmVJbG9zY1dpYWRlciUyMCUzRCUyME1hdGguY2VpbCUyOG1ha3N5bWFsbmVadXp5Y2llJTIwJTJGJTIwcG9qZW1ub3NjV2lhZGVya2ElMjklM0IlMEElMEElMjAlMjAlMjAlMjAlMjAlMjAlMjAlMjAlMjAlMjAlMjAlMjBkb2N1bWVudC5nZXRFbGVtZW50QnlJZCUyOCUyN3d5bmlrJTI3JTI5LmlubmVySFRNTCUyMCUzRCUyMCUyMk1pbmltYWxuZSUyMHp1JUM1JUJDeWNpZSUyMG1hdGVyaWElQzUlODJ1JTNBJTIwJTIyJTIwJTJCJTIwbWluaW1hbG5lWnV6eWNpZS50b0ZpeGVkJTI4MiUyOSUyMCUyQiUyMCUyMiUyMGtnJTIyJTIwJTJCJTIwJTIyJTNDYnIlM0UlMjIlM0IlMEElMjAlMjAlMjAlMjAlMjAlMjAlMjAlMjAlMjAlMjAlMjAlMjBkb2N1bWVudC5nZXRFbGVtZW50QnlJZCUyOCUyN3d5bmlrJTI3JTI5LmlubmVySFRNTCUyMCUyQiUzRCUyMCUyMk1ha3N5bWFsbmUlMjB6dSVDNSVCQ3ljaWUlMjBtYXRlcmlhJUM1JTgydSUzQSUyMCUyMiUyMCUyQiUyMG1ha3N5bWFsbmVadXp5Y2llLnRvRml4ZWQlMjgyJTI5JTIwJTJCJTIwJTIyJTIwa2clMjIlMjAlMkIlMjAlMjIlM0NiciUzRSUyMiUzQiUwQSUyMCUyMCUyMCUyMCUyMCUyMCUyMCUyMCUyMCUyMCUyMCUyMGRvY3VtZW50LmdldEVsZW1lbnRCeUlkJTI4JTI3d3luaWslMjclMjkuaW5uZXJIVE1MJTIwJTJCJTNEJTIwJTIySWxvJUM1JTlCJUM0JTg3JTIwc3p0dWslMjBwb3RyemVibnljaCUyMGRvJTIwZnVnb3dhbmlhJTI4N21tJTI5JTIwJTIyJTIwJTJCJTIwbWluaW1hbG5lSWxvc2NXaWFkZXIlMjAlMkIlMjAlMjIlM0NiciUzRSUyMiUzQiUwQSUyMCUyMCUyMCUyMCUyMCUyMCUyMCUyMCUyMCUyMCUyMCUyMGRvY3VtZW50LmdldEVsZW1lbnRCeUlkJTI4JTI3d3luaWslMjclMjkuaW5uZXJIVE1MJTIwJTJCJTNEJTIwJTIySWxvJUM1JTlCJUM0JTg3JTIwc3p0dWslMjBwb3RyemVibmElMjBkbyUyMGtsZWplbmlhJTIwaSUyMHVzemN6ZWxuaWFuaWElMjAlMjh3JTIwZHclQzMlQjNjaCUyMGxpbmlhY2glMjBvJTIwJUM1JTlCcmVkbmljeSUyMGNvJTIwbmFqbW5pZWolMjA3JTIwbW0lMjklMjAlMjIlMjAlMkIlMjBtYWtzeW1hbG5lSWxvc2NXaWFkZXIlM0IlMEElMjAlMjAlMjAlMjAlMjAlMjAlMjAlMjAlN0QlMjklM0IlMEElMjAlMjAlMjAlMjAlM0MlMkZzY3JpcHQlM0U=[\/vc_raw_html][vc_separator style=\"dashed\"][vc_empty_space height=\"64px\"][vc_column_text]<\/p>\n<div class=\"flex max-w-full flex-col flex-grow\">\n<div class=\"min-h-8 text-message relative flex w-full flex-col items-end gap-2 whitespace-normal break-words text-start [.text-message+&amp;]:mt-5\" dir=\"auto\" data-message-author-role=\"assistant\" data-message-id=\"58d77b6b-1ef5-45fe-a65d-8b34417119d4\" data-message-model-slug=\"gpt-4o-mini\">\n<div class=\"flex w-full flex-col gap-1 empty:hidden first:pt-[3px]\">\n<h4 data-start=\"36\" data-end=\"101\"><strong data-start=\"36\" data-end=\"74\">Chce\u0161 vedie\u0165 viac o hydroizol\u00e1cii?<\/strong><\/h4>\n<p class=\"\" data-start=\"36\" data-end=\"101\">Pre\u010d\u00edtaj si n\u00e1\u0161 <a href=\"https:\/\/www.sanier.pl\/poradniki\/\"><strong data-start=\"91\" data-end=\"100\">N\u00c1VOD<\/strong>.<\/a><\/p>\n<ul data-start=\"103\" data-end=\"358\" data-is-last-node=\"\" data-is-only-node=\"\">\n<li class=\"\" data-start=\"103\" data-end=\"358\">\n<p class=\"\" data-start=\"105\" data-end=\"358\"><strong data-start=\"105\" data-end=\"182\">Viaczlo\u017ekov\u00e9 pr\u00edpravky na b\u00e1ze reakt\u00edvnych \u017eiv\u00edc (najmodernej\u0161ie spojiv\u00e1)<\/strong> \u2013 M\u00f4\u017eu to by\u0165 produkty na b\u00e1ze polyuret\u00e1nov\u00fdch a epoxidov\u00fdch \u017eiv\u00edc. Vyzna\u010duj\u00fa sa dobrou penetra\u010dnou schopnos\u0165ou do podkladu, \u010do zaru\u010duje vysok\u00fa pri\u013enavos\u0165 a \u00fapln\u00fa vodotesnos\u0165.<\/p>\n<\/li>\n<\/ul>\n<\/div>\n<\/div>\n<\/div>\n<div class=\"flex justify-start\"><\/div>\n<p>[\/vc_column_text][\/vc_column][\/vc_row][vc_row][vc_column][vc_empty_space height=\"64px\"][\/vc_column][\/vc_row]<\/p>\n","protected":false},"excerpt":{"rendered":"<div class=\"flex max-w-full flex-col flex-grow\">\n<div class=\"min-h-8 text-message relative flex w-full flex-col items-end gap-2 whitespace-normal break-words text-start [.text-message+&amp;]:mt-5\" dir=\"auto\" data-message-author-role=\"assistant\" data-message-id=\"e6d43148-3498-40f4-b2f8-1fa6df584d3a\" data-message-model-slug=\"gpt-4o-mini\">\n<div class=\"flex w-full flex-col gap-1 empty:hidden first:pt-[3px]\">\n<p class=\"\" data-start=\"36\" data-end=\"344\"><strong data-start=\"36\" data-end=\"53\">HERTALAN Ks96<\/strong> je jednoslo\u017ekov\u00e9 lepidlo a tesniaca hmota na b\u00e1ze MS polym\u00e9rov, ur\u010den\u00e1 na lepenie EPDM membr\u00e1n na vertik\u00e1lnych a horizont\u00e1lnych povrchoch a tesnenie lepen\u00fdch \u0161vov. Zabezpe\u010duje elastick\u00e9, vodotesn\u00e9 spojenie s v\u00fdnimo\u010dnou pri\u013enavos\u0165ou k r\u00f4znym podkladom, ako s\u00fa drevo, bet\u00f3n, kov alebo murivo.<\/p>\n<p class=\"\" data-start=\"346\" data-end=\"573\">Produkt je odoln\u00fd vo\u010di teplot\u00e1m od -40\u00b0C do +100\u00b0C po vytvrdnut\u00ed, pripraven\u00fd na okam\u017eit\u00e9 pou\u017eitie a \u013eahko aplikovate\u013en\u00fd. Ide\u00e1lny na profesion\u00e1lne rie\u0161enia hydroizol\u00e1cie, ktor\u00e9 zaru\u010duj\u00fa trv\u00e1cnos\u0165 a tesnos\u0165 okam\u017eite po aplik\u00e1cii.<\/p>\n<\/div>\n<\/div>\n<\/div>\n<div class=\"flex justify-start\"><\/div>\n","protected":false},"featured_media":282753,"comment_status":"open","ping_status":"closed","template":"","meta":[],"product_brand":[],"product_cat":[923,1108,881,882,1033,1058,913,935,933],"product_tag":[1110],"class_list":{"0":"post-279781","1":"product","2":"type-product","3":"status-publish","4":"has-post-thumbnail","6":"product_cat-bestseller-sk","7":"product_cat-hertalan-sk","8":"product_cat-hydroizolacja-balkonu-i-tarasu-sk","9":"product_cat-hydroizolacje-rolowe-sk","10":"product_cat-materialy-uzupelniajace-akcesoria-hydroizolacja-balkonu-i-tarasu-sk","11":"product_cat-materialy-uzupelniajace-akcesoria-dachy-plaskie-i-zielone-sk","12":"product_cat-z-tworzyw-sztucznych-sk","13":"product_cat-membrany-epdm-sk","14":"product_cat-prace-zewnetrzne-dachy-i-elewacje-sk","15":"product_tag-hertalan-sk","16":"product_shipping_class-latwa-wysylka-sk","18":"first","19":"instock","20":"sale","21":"taxable","22":"shipping-taxable","23":"purchasable","24":"product-type-variable"},"_links":{"self":[{"href":"https:\/\/www.sanier.pl\/sk\/wp-json\/wp\/v2\/product\/279781","targetHints":{"allow":["GET"]}}],"collection":[{"href":"https:\/\/www.sanier.pl\/sk\/wp-json\/wp\/v2\/product"}],"about":[{"href":"https:\/\/www.sanier.pl\/sk\/wp-json\/wp\/v2\/types\/product"}],"replies":[{"embeddable":true,"href":"https:\/\/www.sanier.pl\/sk\/wp-json\/wp\/v2\/comments?post=279781"}],"wp:featuredmedia":[{"embeddable":true,"href":"https:\/\/www.sanier.pl\/sk\/wp-json\/wp\/v2\/media\/282753"}],"wp:attachment":[{"href":"https:\/\/www.sanier.pl\/sk\/wp-json\/wp\/v2\/media?parent=279781"}],"wp:term":[{"taxonomy":"product_brand","embeddable":true,"href":"https:\/\/www.sanier.pl\/sk\/wp-json\/wp\/v2\/product_brand?post=279781"},{"taxonomy":"product_cat","embeddable":true,"href":"https:\/\/www.sanier.pl\/sk\/wp-json\/wp\/v2\/product_cat?post=279781"},{"taxonomy":"product_tag","embeddable":true,"href":"https:\/\/www.sanier.pl\/sk\/wp-json\/wp\/v2\/product_tag?post=279781"}],"curies":[{"name":"wp","href":"https:\/\/api.w.org\/{rel}","templated":true}]}}