{"id":279779,"date":"2024-05-10T13:14:09","date_gmt":"2024-05-10T13:14:09","guid":{"rendered":"https:\/\/www.sanier.pl\/produkt\/anticor-seal-511\/"},"modified":"2026-02-24T11:47:11","modified_gmt":"2026-02-24T11:47:11","slug":"anticor-seal-511","status":"publish","type":"product","link":"https:\/\/www.sanier.pl\/sk\/produkt\/anticor-seal-511\/","title":{"rendered":"ANTICOR Seal 511 \u2013 Tesniaca hmota na k\u00e1blov\u00e9 a potrubn\u00e9 prechody"},"content":{"rendered":"<p>[vc_row][vc_column][vc_column_text]<\/p>\n<h1 style=\"text-align: center;\"><span class=\"HwtZe\" lang=\"sk\"><span class=\"jCAhz ChMk0b\"><span class=\"ryNqvb\">ANTICOR Seal 511<\/span><\/span><\/span><\/h1>\n<h5 style=\"text-align: center;\"><span class=\"HwtZe\" lang=\"sk\"><span class=\"jCAhz ChMk0b\"><span class=\"ryNqvb\">Pokro\u010dil\u00e1 tesniaca hmota <\/span><\/span><\/span><\/h5>\n<p>[\/vc_column_text][\/vc_column][\/vc_row][vc_row][vc_column][vc_separator style=\"dashed\"][vc_empty_space height=\"64px\"][\/vc_column][\/vc_row][vc_row][vc_column width=\"1\/4\"][vc_single_image image=\"262707\" img_size=\"medium\" style=\"vc_box_rounded\"][\/vc_column][vc_column width=\"3\/4\"][vc_column_text]<\/p>\n<h3 data-start=\"52\" data-end=\"72\"><strong data-start=\"52\" data-end=\"72\">ANTICOR Seal 511<\/strong><\/h3>\n<p class=\"\" data-start=\"74\" data-end=\"269\">je pokro\u010dil\u00e1 syntetick\u00e1 a viskoelastick\u00e1 tesniaca hmota navrhnut\u00e1 na ochranu in\u0161tal\u00e1ci\u00ed pred vlhkos\u0165ou a vodou pod tlakom. Je bezpe\u010dn\u00e1 pre zdravie a \u017eivotn\u00e9 prostredie, neobsahuje \u0161kodliv\u00e9 l\u00e1tky.<\/p>\n<p class=\"\" data-start=\"271\" data-end=\"469\"><strong data-start=\"271\" data-end=\"286\">Vlastnosti:<\/strong> Produkt je trvalo plastick\u00fd, charakterizuje sa vysokou pri\u013enavos\u0165ou k povrchom ako bet\u00f3n, keramika, plasty a kovy. Netrvrdne a zachov\u00e1va svoje vlastnosti po\u010das celej doby pou\u017e\u00edvania.<\/p>\n<p>[\/vc_column_text][\/vc_column][\/vc_row][vc_row][vc_column][vc_empty_space][\/vc_column][vc_column][vc_separator style=\"dashed\"][\/vc_column][\/vc_row][vc_row][vc_column width=\"1\/4\"][vc_column_text]<\/p>\n<h3 data-start=\"52\" data-end=\"62\"><strong data-start=\"52\" data-end=\"62\">V\u00ddHODY<\/strong><\/h3>\n<ul data-start=\"63\" data-end=\"256\" data-is-last-node=\"\" data-is-only-node=\"\">\n<li class=\"\" data-start=\"63\" data-end=\"123\">\n<p class=\"\" data-start=\"65\" data-end=\"123\">Vysok\u00e1 odolnos\u0165 proti poveternostn\u00fdm podmienkam a kor\u00f3zii.<\/p>\n<\/li>\n<li class=\"\" data-start=\"124\" data-end=\"161\">\n<p class=\"\" data-start=\"126\" data-end=\"161\">Vynikaj\u00face dielektrick\u00e9 vlastnosti.<\/p>\n<\/li>\n<li class=\"\" data-start=\"162\" data-end=\"207\">\n<p class=\"\" data-start=\"164\" data-end=\"207\">Minim\u00e1lna pr\u00edprava povrchu pred aplik\u00e1ciou.<\/p>\n<\/li>\n<li class=\"\" data-start=\"208\" data-end=\"256\">\n<p class=\"\" data-start=\"210\" data-end=\"256\">R\u00fdchla a jednoduch\u00e1 aplik\u00e1cia pomocou pi\u0161tole.<\/p>\n<\/li>\n<\/ul>\n<p>[\/vc_column_text][\/vc_column][vc_column width=\"3\/4\"][vc_single_image image=\"262706\" img_size=\"large\"][\/vc_column][\/vc_row][vc_row][vc_column][vc_separator style=\"dashed\"][vc_empty_space][\/vc_column][\/vc_row][vc_row][vc_column][vc_column_text]<\/p>\n<h3 data-start=\"52\" data-end=\"65\"><strong data-start=\"52\" data-end=\"65\">Pou\u017eitie:<\/strong><\/h3>\n<p class=\"\" data-start=\"67\" data-end=\"255\">Ide\u00e1lne na tesnenie a vypl\u0148ovanie elektrick\u00fdch in\u0161tal\u00e1ci\u00ed, telekomunika\u010dn\u00fdch syst\u00e9mov a k\u00e1blov\u00fdch potrub\u00ed, najm\u00e4 na miestach vystaven\u00fdch vode a vlhkosti, ako vonkaj\u0161\u00edch, tak aj podzemn\u00fdch.<\/p>\n<p>[\/vc_column_text][\/vc_column][\/vc_row][vc_row][vc_column][vc_separator style=\"dashed\"][vc_empty_space][\/vc_column][\/vc_row][vc_row][vc_column width=\"1\/3\"][vc_column_text]<\/p>\n<p class=\"\" data-start=\"52\" data-end=\"65\"><strong data-start=\"52\" data-end=\"65\">DOKUMENTY<\/strong><\/p>\n<p class=\"\" data-start=\"67\" data-end=\"81\"><a href=\"https:\/\/www.anticorseal.pl\/wp-content\/uploads\/2022\/05\/Karta-techniczna.pdf\" target=\"_blank\" rel=\"noopener\">Technick\u00fd list<\/a><\/p>\n<p class=\"\" data-start=\"83\" data-end=\"100\"><a href=\"https:\/\/www.anticorseal.pl\/wp-content\/uploads\/2023\/05\/ANTICOR-SEAL-511_atest-higieniczny_BK_B_60111_0156_2023_wazny-do-07-04-2028.pdf\" target=\"_blank\" rel=\"noopener\">Bezpe\u010dnostn\u00fd list<\/a><\/p>\n<p>\u00a0[\/vc_column_text][\/vc_column][\/vc_row]<\/p>\n","protected":false},"excerpt":{"rendered":"<p>[vc_row][vc_column][vc_column_text] ANTICOR Seal 511 Pokro\u010dil\u00e1 tesniaca hmota [\/vc_column_text][\/vc_column][\/vc_row][vc_row][vc_column][vc_separator style=\"dashed\"][vc_empty_space height=\"64px\"][\/vc_column][\/vc_row][vc_row][vc_column width=\"1\/4\"][vc_single_image image=\"262707\" img_size=\"medium\" style=\"vc_box_rounded\"][\/vc_column][vc_column width=\"3\/4\"][vc_column_text] ANTICOR Seal 511 je pokro\u010dil\u00e1 syntetick\u00e1 a viskoelastick\u00e1 tesniaca hmota navrhnut\u00e1<span class=\"excerpt-hellip\"> [\u2026]<\/span><\/p>\n","protected":false},"featured_media":274382,"comment_status":"open","ping_status":"closed","template":"","meta":{"_acf_changed":false},"product_brand":[],"product_cat":[1054,917,1058,1055,943,1057],"product_tag":[],"class_list":{"0":"post-279779","1":"product","2":"type-product","3":"status-publish","4":"has-post-thumbnail","6":"product_cat-materialy-uzupelniajace-akcesoria-hydroizolacje-zbiornikow-i-kanalizacji-sk","7":"product_cat-materialy-uzupelniajace-akcesoria-uszczelnienie-budynku-od-wewnatrz-sk","8":"product_cat-materialy-uzupelniajace-akcesoria-dachy-plaskie-i-zielone-sk","9":"product_cat-materialy-uzupelniajace-akcesoria-renowacja-elewacji-sk","10":"product_cat-materialy-uzupelniajace-akcesoria-sk","11":"product_cat-materialy-uzupelniajace-akcesoria-ochrona-i-naprawa-betonu-sk","12":"product_shipping_class-latwa-wysylka-sk","14":"first","15":"instock","16":"sale","17":"taxable","18":"shipping-taxable","19":"purchasable","20":"product-type-simple"},"acf":[],"_links":{"self":[{"href":"https:\/\/www.sanier.pl\/sk\/wp-json\/wp\/v2\/product\/279779","targetHints":{"allow":["GET"]}}],"collection":[{"href":"https:\/\/www.sanier.pl\/sk\/wp-json\/wp\/v2\/product"}],"about":[{"href":"https:\/\/www.sanier.pl\/sk\/wp-json\/wp\/v2\/types\/product"}],"replies":[{"embeddable":true,"href":"https:\/\/www.sanier.pl\/sk\/wp-json\/wp\/v2\/comments?post=279779"}],"wp:featuredmedia":[{"embeddable":true,"href":"https:\/\/www.sanier.pl\/sk\/wp-json\/wp\/v2\/media\/274382"}],"wp:attachment":[{"href":"https:\/\/www.sanier.pl\/sk\/wp-json\/wp\/v2\/media?parent=279779"}],"wp:term":[{"taxonomy":"product_brand","embeddable":true,"href":"https:\/\/www.sanier.pl\/sk\/wp-json\/wp\/v2\/product_brand?post=279779"},{"taxonomy":"product_cat","embeddable":true,"href":"https:\/\/www.sanier.pl\/sk\/wp-json\/wp\/v2\/product_cat?post=279779"},{"taxonomy":"product_tag","embeddable":true,"href":"https:\/\/www.sanier.pl\/sk\/wp-json\/wp\/v2\/product_tag?post=279779"}],"curies":[{"name":"wp","href":"https:\/\/api.w.org\/{rel}","templated":true}]}}