{"id":279771,"date":"2024-07-22T08:54:18","date_gmt":"2024-07-22T08:54:18","guid":{"rendered":"https:\/\/www.sanier.pl\/produkt\/optolith-optosan-stuckogrob-20kg-zaprawa-sztukatorska-podkladowa\/"},"modified":"2025-03-26T13:35:14","modified_gmt":"2025-03-26T13:35:14","slug":"optolith-optosan-stuckogrob-20kg-zaprawa-sztukatorska-podkladowa","status":"publish","type":"product","link":"https:\/\/www.sanier.pl\/sk\/produkt\/optolith-optosan-stuckogrob-20kg-zaprawa-sztukatorska-podkladowa\/","title":{"rendered":"OPTOLITH Optosan StuckoGrob 20 kg \u2013 Z\u00e1kladn\u00e1 omietkov\u00e1 malta"},"content":{"rendered":"<p>[vc_row][vc_column][vc_column_text]<\/p>\n<h1 data-start=\"52\" data-end=\"116\"><strong data-start=\"52\" data-end=\"89\">OPTOLITH Optosan StuckoGrob 20 kg<\/strong><\/h1>\n<h5 data-start=\"52\" data-end=\"116\">Z\u00e1kladn\u00e1 omietkov\u00e1 malta<\/h5>\n<h4 data-start=\"118\" data-end=\"135\"><strong data-start=\"118\" data-end=\"135\">Opis produktu<\/strong><\/h4>\n<p class=\"\" data-start=\"137\" data-end=\"511\"><strong data-start=\"137\" data-end=\"168\">OPTOLITH Optosan StuckoGrob<\/strong> je such\u00e1 predpripraven\u00e1 omietkov\u00e1 malta ur\u010den\u00e1 na renov\u00e1ciu a rekon\u0161trukciu historick\u00fdch fas\u00e1d a interi\u00e9rov. Produkt StuckoGrob je vyroben\u00fd pou\u017eit\u00edm viazac\u00edmi spojivami pod\u013ea noriem PN-EN-459-1 a PN-EN-197-1, stredne zrnit\u00fdmi frakcionovan\u00fdmi kamenivami 0-2 mm, mikrovl\u00e1knami na vystu\u017eenie a \u0161peci\u00e1lnymi pr\u00edsadami na zlep\u0161enie jeho vlastnost\u00ed.<\/p>\n<h4 data-start=\"513\" data-end=\"528\"><strong data-start=\"513\" data-end=\"528\">Vlastnosti:<\/strong><\/h4>\n<ul data-start=\"529\" data-end=\"883\">\n<li class=\"\" data-start=\"529\" data-end=\"601\">\n<p class=\"\" data-start=\"531\" data-end=\"601\"><strong data-start=\"531\" data-end=\"556\">Kr\u00e1tky \u010das tvrdnutia:<\/strong> Umo\u017e\u0148uje r\u00fdchlu realiz\u00e1ciu renova\u010dn\u00fdch pr\u00e1c.<\/p>\n<\/li>\n<li class=\"\" data-start=\"602\" data-end=\"655\">\n<p class=\"\" data-start=\"604\" data-end=\"655\"><strong data-start=\"604\" data-end=\"623\">N\u00edzka hmotnos\u0165:<\/strong> U\u013eah\u010duje transport a aplik\u00e1ciu.<\/p>\n<\/li>\n<li class=\"\" data-start=\"656\" data-end=\"709\">\n<p class=\"\" data-start=\"658\" data-end=\"709\"><strong data-start=\"658\" data-end=\"679\">Vysok\u00e1 v\u00fdkonnos\u0165:<\/strong> Optim\u00e1lne vyu\u017eitie materi\u00e1lu.<\/p>\n<\/li>\n<li class=\"\" data-start=\"710\" data-end=\"793\">\n<p class=\"\" data-start=\"712\" data-end=\"793\"><strong data-start=\"712\" data-end=\"747\">Vysok\u00e1 plasticita a pri\u013enavos\u0165:<\/strong> Vynikaj\u00faca pri\u013enavos\u0165 k miner\u00e1lnym podkladom.<\/p>\n<\/li>\n<li class=\"\" data-start=\"794\" data-end=\"883\">\n<p class=\"\" data-start=\"796\" data-end=\"883\"><strong data-start=\"796\" data-end=\"835\">Odolnos\u0165 vo\u010di vonkaj\u0161\u00edm podmienkam:<\/strong> Zachov\u00e1va pln\u00fa priepustnos\u0165 pary po vytvrdnut\u00ed.<\/p>\n<\/li>\n<\/ul>\n<h4 data-start=\"885\" data-end=\"896\"><strong data-start=\"885\" data-end=\"896\">V\u00fdhody:<\/strong><\/h4>\n<ul data-start=\"897\" data-end=\"1171\">\n<li class=\"\" data-start=\"897\" data-end=\"969\">\n<p class=\"\" data-start=\"899\" data-end=\"969\"><strong data-start=\"899\" data-end=\"919\">\u013dahk\u00e1 aplik\u00e1cia:<\/strong> Mo\u017enos\u0165 nan\u00e1\u0161a\u0165 v jednom cykle v hr\u00fabke 10-50 mm.<\/p>\n<\/li>\n<li class=\"\" data-start=\"970\" data-end=\"1085\">\n<p class=\"\" data-start=\"972\" data-end=\"1085\"><strong data-start=\"972\" data-end=\"990\">Univerz\u00e1lnos\u0165:<\/strong> Ide\u00e1lne na renov\u00e1ciu a rekon\u0161trukciu architektonick\u00fdch profilov a mal\u00fdch dekorat\u00edvnych prvkov.<\/p>\n<\/li>\n<li class=\"\" data-start=\"1086\" data-end=\"1171\">\n<p class=\"\" data-start=\"1088\" data-end=\"1171\"><strong data-start=\"1088\" data-end=\"1103\">Ekologick\u00e9:<\/strong> Produkt \u0161etrn\u00fd k \u017eivotn\u00e9mu prostrediu, vhodn\u00fd na historick\u00e9 budovy.<\/p>\n<\/li>\n<\/ul>\n<h4 data-start=\"1173\" data-end=\"1186\"><strong data-start=\"1173\" data-end=\"1186\">Pou\u017eitie:<\/strong><\/h4>\n<ul data-start=\"1187\" data-end=\"1302\">\n<li class=\"\" data-start=\"1187\" data-end=\"1218\">\n<p class=\"\" data-start=\"1189\" data-end=\"1218\">Historick\u00e9 fas\u00e1dy a interi\u00e9ry<\/p>\n<\/li>\n<li class=\"\" data-start=\"1219\" data-end=\"1244\">\n<p class=\"\" data-start=\"1221\" data-end=\"1244\">Tehlov\u00e9 a kamenn\u00e9 steny<\/p>\n<\/li>\n<li class=\"\" data-start=\"1245\" data-end=\"1264\">\n<p class=\"\" data-start=\"1247\" data-end=\"1264\">Miner\u00e1lne omietky<\/p>\n<\/li>\n<li class=\"\" data-start=\"1265\" data-end=\"1302\">\n<p class=\"\" data-start=\"1267\" data-end=\"1302\">Dekor\u00e1cie a architektonick\u00e9 profily<\/p>\n<\/li>\n<\/ul>\n<h4 data-start=\"1304\" data-end=\"1324\"><strong data-start=\"1304\" data-end=\"1324\">Technick\u00e9 \u00fadaje:<\/strong><\/h4>\n<ul data-start=\"1325\" data-end=\"1668\">\n<li class=\"\" data-start=\"1325\" data-end=\"1353\">\n<p class=\"\" data-start=\"1327\" data-end=\"1353\"><strong data-start=\"1327\" data-end=\"1336\">Zrno:<\/strong> Menej ako 2,0 mm<\/p>\n<\/li>\n<li class=\"\" data-start=\"1354\" data-end=\"1383\">\n<p class=\"\" data-start=\"1356\" data-end=\"1383\"><strong data-start=\"1356\" data-end=\"1374\">Hr\u00fabka vrstvy:<\/strong> 10-50 mm<\/p>\n<\/li>\n<li class=\"\" data-start=\"1384\" data-end=\"1418\">\n<p class=\"\" data-start=\"1386\" data-end=\"1418\"><strong data-start=\"1386\" data-end=\"1406\">Pevnos\u0165 v tlaku:<\/strong> \u2265 3,5 N\/mm\u00b2<\/p>\n<\/li>\n<li class=\"\" data-start=\"1419\" data-end=\"1448\">\n<p class=\"\" data-start=\"1421\" data-end=\"1448\"><strong data-start=\"1421\" data-end=\"1436\">Pri\u013enavos\u0165:<\/strong> \u2265 0,2 N\/mm\u00b2<\/p>\n<\/li>\n<li class=\"\" data-start=\"1449\" data-end=\"1493\">\n<p class=\"\" data-start=\"1451\" data-end=\"1493\"><strong data-start=\"1451\" data-end=\"1488\">Koeficient dif\u00fazie vodnej pary \u00b5:<\/strong> &lt; 15<\/p>\n<\/li>\n<li class=\"\" data-start=\"1494\" data-end=\"1550\">\n<p class=\"\" data-start=\"1496\" data-end=\"1550\"><strong data-start=\"1496\" data-end=\"1520\">Kapil\u00e1rne nas\u00e1vanie:<\/strong> WC 1 [\u2264 0,4 kg\/(m\u00b2 \u2022 min0,5)]<\/p>\n<\/li>\n<li class=\"\" data-start=\"1551\" data-end=\"1640\">\n<p class=\"\" data-start=\"1553\" data-end=\"1640\"><strong data-start=\"1553\" data-end=\"1572\">Spotreba\/V\u00fdkon:<\/strong> Pribli\u017ene 16 litrov hotovej malty z vrecka, cca 9 kg\/m\u00b2\/1 cm hr\u00fabky<\/p>\n<\/li>\n<li class=\"\" data-start=\"1641\" data-end=\"1668\">\n<p class=\"\" data-start=\"1643\" data-end=\"1668\"><strong data-start=\"1643\" data-end=\"1655\">Balenie:<\/strong> Vrecko 20 kg<\/p>\n<\/li>\n<\/ul>\n<h4 data-start=\"1670\" data-end=\"1686\"><strong data-start=\"1670\" data-end=\"1686\">Skladovanie:<\/strong><\/h4>\n<ul data-start=\"1687\" data-end=\"2080\">\n<li class=\"\" data-start=\"1687\" data-end=\"1836\">\n<p class=\"\" data-start=\"1689\" data-end=\"1836\"><strong data-start=\"1689\" data-end=\"1715\">Podmienky skladovania:<\/strong> Chr\u00e1ni\u0165 pred vlhkos\u0165ou, skladova\u0165 na suchom mieste na palet\u00e1ch v origin\u00e1lnych obaloch. Otvoren\u00e9 obaly d\u00f4kladne uzavrie\u0165.<\/p>\n<\/li>\n<li class=\"\" data-start=\"1837\" data-end=\"1940\">\n<p class=\"\" data-start=\"1839\" data-end=\"1940\"><strong data-start=\"1839\" data-end=\"1861\">Doba trvanlivosti:<\/strong> Minim\u00e1lne 12 mesiacov od d\u00e1tumu v\u00fdroby pri spr\u00e1vnych skladovac\u00edch podmienkach.<\/p>\n<\/li>\n<li class=\"\" data-start=\"1941\" data-end=\"2080\">\n<p class=\"\" data-start=\"1943\" data-end=\"2080\"><strong data-start=\"1943\" data-end=\"1967\">Teplota skladovania:<\/strong> Pri skladovan\u00ed pod 5\u00b0C, produkt je potrebn\u00e9 umiestni\u0165 do tepl\u00e9ho a such\u00e9ho prostredia na 12 hod\u00edn pred pou\u017eit\u00edm.<\/p>\n<\/li>\n<\/ul>\n<p class=\"\" data-start=\"2082\" data-end=\"2272\"><strong data-start=\"2082\" data-end=\"2104\">Pr\u00edprava podkladu:<\/strong> Podklad mus\u00ed by\u0165 pevn\u00fd, nosn\u00fd, nezamrznut\u00fd, bez tuku, oleja, prachu a vo\u013en\u00fdch \u010dast\u00ed malty. M\u00f4\u017eu sa pou\u017ei\u0165 v\u0161etky druhy muriva, pr\u00edrodn\u00e9ho kame\u0148a a miner\u00e1lnych omietok.<\/p>\n<p class=\"\" data-start=\"2274\" data-end=\"2544\"><strong data-start=\"2274\" data-end=\"2290\">Spracovanie:<\/strong> Obsah 20 kg vrecka d\u00f4kladne premie\u0161ajte s 6,4-7,0 litrami \u010distej vody do plastickej konzistencie. Pripraven\u00fa maltu treba spotrebova\u0165 do 20-30 min\u00fat. Predbe\u017en\u00e9 tvrdnutie nastane po 2-3 hodin\u00e1ch. \u010eal\u0161ie vrstvy m\u00f4\u017eu by\u0165 nan\u00e1\u0161an\u00e9 po \u00faplnom vytvrdnut\u00ed malty.<\/p>\n<h4 data-start=\"2546\" data-end=\"2555\"><strong data-start=\"2546\" data-end=\"2555\">Tipy:<\/strong><\/h4>\n<ul data-start=\"2556\" data-end=\"2931\" data-is-last-node=\"\" data-is-only-node=\"\">\n<li class=\"\" data-start=\"2556\" data-end=\"2739\">\n<p class=\"\" data-start=\"2558\" data-end=\"2739\"><strong data-start=\"2558\" data-end=\"2598\">Optim\u00e1lne podmienky pre spracovanie:<\/strong> Teplota vzduchu, podkladu a produktu by mala by\u0165 od +5\u00b0C do +25\u00b0C. Ni\u017e\u0161ie alebo vy\u0161\u0161ie teploty m\u00f4\u017eu negat\u00edvne ovplyvni\u0165 vlastnosti produktu.<\/p>\n<\/li>\n<li class=\"\" data-start=\"2740\" data-end=\"2858\">\n<p class=\"\" data-start=\"2742\" data-end=\"2858\"><strong data-start=\"2742\" data-end=\"2770\">Ochrana po\u010das tvrdnutia:<\/strong> Nanesen\u00fa maltu treba chr\u00e1ni\u0165 pred pr\u00edli\u0161 r\u00fdchlym vysychan\u00edm, mrazom a siln\u00fdm namo\u010den\u00edm.<\/p>\n<\/li>\n<li class=\"\" data-start=\"2859\" data-end=\"2931\">\n<p class=\"\" data-start=\"2861\" data-end=\"2931\"><strong data-start=\"2861\" data-end=\"2884\">\u010cistenie n\u00e1strojov:<\/strong> N\u00e1stroje treba okam\u017eite umy\u0165 vodou po pou\u017eit\u00ed.<\/p>\n<\/li>\n<\/ul>\n<p>[\/vc_column_text][\/vc_column][\/vc_row]<\/p>\n","protected":false},"excerpt":{"rendered":"<p><strong data-start=\"52\" data-end=\"74\">Optosan StuckoGrob<\/strong> je z\u00e1kladn\u00e1 omietkov\u00e1 malta ur\u010den\u00e1 na renov\u00e1ciu historick\u00fdch fas\u00e1d a interi\u00e9rov. V\u010faka stredne zrnit\u00fdm kameniv\u00e1m (do 2 mm) a mikrovl\u00e1knam na vystu\u017eenie poskytuje vysok\u00fa plasticitu, vynikaj\u00facu pri\u013enavos\u0165 a trvanlivos\u0165. Mo\u017enos\u0165 nan\u00e1\u0161ania vrstiev v hr\u00fabke 10-50 mm ju rob\u00ed ide\u00e1lnou vo\u013ebou na rekon\u0161trukciu architektonick\u00fdch profilov a dekorat\u00edvnych prvkov. Produkt je odoln\u00fd vo\u010di poveternostn\u00fdm podmienkam a zachov\u00e1va pln\u00fa priepustnos\u0165 pary.<\/p>\n","protected":false},"featured_media":274845,"comment_status":"open","ping_status":"closed","template":"","meta":[],"product_brand":[],"product_cat":[1082,1048,1107,1102,914,900],"product_tag":[],"class_list":{"0":"post-279771","1":"product","2":"type-product","3":"status-publish","4":"has-post-thumbnail","6":"product_cat-hydroizolacje-i-renowacje-sk","7":"product_cat-materialy-sztukatorskie-sk","8":"product_cat-optolith-sk","9":"product_cat-renowacja-sk","10":"product_cat-renowacja-elewacji-sk","11":"product_cat-tynki-renowacyjne-sk","12":"product_shipping_class-latwa-wysylka-sk","14":"first","15":"instock","16":"taxable","17":"shipping-taxable","18":"purchasable","19":"product-type-simple"},"_links":{"self":[{"href":"https:\/\/www.sanier.pl\/sk\/wp-json\/wp\/v2\/product\/279771","targetHints":{"allow":["GET"]}}],"collection":[{"href":"https:\/\/www.sanier.pl\/sk\/wp-json\/wp\/v2\/product"}],"about":[{"href":"https:\/\/www.sanier.pl\/sk\/wp-json\/wp\/v2\/types\/product"}],"replies":[{"embeddable":true,"href":"https:\/\/www.sanier.pl\/sk\/wp-json\/wp\/v2\/comments?post=279771"}],"wp:featuredmedia":[{"embeddable":true,"href":"https:\/\/www.sanier.pl\/sk\/wp-json\/wp\/v2\/media\/274845"}],"wp:attachment":[{"href":"https:\/\/www.sanier.pl\/sk\/wp-json\/wp\/v2\/media?parent=279771"}],"wp:term":[{"taxonomy":"product_brand","embeddable":true,"href":"https:\/\/www.sanier.pl\/sk\/wp-json\/wp\/v2\/product_brand?post=279771"},{"taxonomy":"product_cat","embeddable":true,"href":"https:\/\/www.sanier.pl\/sk\/wp-json\/wp\/v2\/product_cat?post=279771"},{"taxonomy":"product_tag","embeddable":true,"href":"https:\/\/www.sanier.pl\/sk\/wp-json\/wp\/v2\/product_tag?post=279771"}],"curies":[{"name":"wp","href":"https:\/\/api.w.org\/{rel}","templated":true}]}}