{"id":279767,"date":"2024-07-22T09:16:24","date_gmt":"2024-07-22T09:16:24","guid":{"rendered":"https:\/\/www.sanier.pl\/produkt\/optolith-optosan-trassfeinputz-0-5mm-cienkowarstwowy-tynk-z-trassem-na-zabytkowe-podloze\/"},"modified":"2025-03-26T12:13:07","modified_gmt":"2025-03-26T12:13:07","slug":"optolith-optosan-trassfeinputz-0-5mm-cienkowarstwowy-tynk-z-trassem-na-zabytkowe-podloze","status":"publish","type":"product","link":"https:\/\/www.sanier.pl\/sk\/produkt\/optolith-optosan-trassfeinputz-0-5mm-cienkowarstwowy-tynk-z-trassem-na-zabytkowe-podloze\/","title":{"rendered":"OPTOLITH Optosan TrassFeinPutz 0,5 mm \u2013 Tenkovrstvov\u00e1 trassov\u00e1 omietka na historick\u00e9 podklady"},"content":{"rendered":"<p>[vc_row][vc_column][vc_column_text]<\/p>\n<div class=\"flex max-w-full flex-col flex-grow\">\n<div class=\"min-h-8 text-message relative flex w-full flex-col items-end gap-2 whitespace-normal break-words text-start [.text-message+&amp;]:mt-5\" dir=\"auto\" data-message-author-role=\"assistant\" data-message-id=\"649f7bde-663f-47c1-b3e5-015ba99bd319\" data-message-model-slug=\"gpt-4o-mini\">\n<div class=\"flex w-full flex-col gap-1 empty:hidden first:pt-[3px]\">\n<h1 data-start=\"52\" data-end=\"149\"><strong data-start=\"52\" data-end=\"93\">OPTOLITH Optosan TrassFeinPutz 0,5 mm<\/strong><\/h1>\n<h5 data-start=\"52\" data-end=\"149\">Tenkovrstvov\u00e1 trassov\u00e1 omietka na historick\u00e9 podklady<\/h5>\n<h4 data-start=\"151\" data-end=\"168\"><strong data-start=\"151\" data-end=\"168\">Opis produktu<\/strong><\/h4>\n<p class=\"\" data-start=\"170\" data-end=\"503\"><strong>Optosan TrassFeinPutz<\/strong> je such\u00e1 predpripraven\u00e1 omietkov\u00e1 malta, vytvoren\u00e1 pou\u017eit\u00edm hydraulick\u00e9ho v\u00e1pna, r\u00fdnskeho trassu, mal\u00e9ho mno\u017estva bieleho cementu a frakcionovan\u00fdch kamen\u00edv 0-0,5 mm alebo 0-0,6 mm, mikrovl\u00e1kien na vystu\u017eenie a \u0161peci\u00e1lnych pr\u00edsad. Produkt je dostupn\u00fd v farbe starej bielej alebo m\u00f4\u017ee by\u0165 zafarben\u00fd na objedn\u00e1vku.<\/p>\n<h4 data-start=\"505\" data-end=\"520\"><strong data-start=\"505\" data-end=\"520\">Vlastnosti:<\/strong><\/h4>\n<ul data-start=\"521\" data-end=\"790\">\n<li class=\"\" data-start=\"521\" data-end=\"601\">\n<p class=\"\" data-start=\"523\" data-end=\"601\"><strong data-start=\"523\" data-end=\"559\">Vysok\u00e1 flexibilita a pri\u013enavos\u0165:<\/strong> Vynikaj\u00faca pri\u013enavos\u0165 k r\u00f4znym podkladom.<\/p>\n<\/li>\n<li class=\"\" data-start=\"602\" data-end=\"664\">\n<p class=\"\" data-start=\"604\" data-end=\"664\"><strong data-start=\"604\" data-end=\"639\">Ve\u013emi vysok\u00e1 priepustnos\u0165 pary:<\/strong> Umo\u017e\u0148uje d\u00fdchanie stien.<\/p>\n<\/li>\n<li class=\"\" data-start=\"665\" data-end=\"728\">\n<p class=\"\" data-start=\"667\" data-end=\"728\"><strong data-start=\"667\" data-end=\"698\">Dostupn\u00e9 v r\u00f4znych farb\u00e1ch:<\/strong> Mo\u017enos\u0165 predpr\u00edpravy v masle.<\/p>\n<\/li>\n<li class=\"\" data-start=\"729\" data-end=\"790\">\n<p class=\"\" data-start=\"731\" data-end=\"790\"><strong data-start=\"731\" data-end=\"762\">Mo\u017enos\u0165 zapustenia v\u00fdstu\u017ee:<\/strong> Zais\u0165uje \u010fal\u0161ie posilnenie.<\/p>\n<\/li>\n<\/ul>\n<h4 data-start=\"792\" data-end=\"803\"><strong data-start=\"792\" data-end=\"803\">V\u00fdhody:<\/strong><\/h4>\n<ul data-start=\"804\" data-end=\"1129\">\n<li class=\"\" data-start=\"804\" data-end=\"885\">\n<p class=\"\" data-start=\"806\" data-end=\"885\"><strong data-start=\"806\" data-end=\"826\">\u013dahk\u00e1 aplik\u00e1cia:<\/strong> Vysok\u00e1 plastickos\u0165 umo\u017e\u0148uje \u013eahk\u00e9 nan\u00e1\u0161anie a spracovanie.<\/p>\n<\/li>\n<li class=\"\" data-start=\"886\" data-end=\"960\">\n<p class=\"\" data-start=\"888\" data-end=\"960\"><strong data-start=\"888\" data-end=\"906\">Univerz\u00e1lnos\u0165:<\/strong> Ide\u00e1lne na renov\u00e1ciu historick\u00fdch fas\u00e1d a interi\u00e9rov.<\/p>\n<\/li>\n<li class=\"\" data-start=\"961\" data-end=\"1044\">\n<p class=\"\" data-start=\"963\" data-end=\"1044\"><strong data-start=\"963\" data-end=\"979\">Trvanlivos\u0165:<\/strong> Odoln\u00e9 vo\u010di poveternostn\u00fdm podmienkam a mechanick\u00fdm po\u0161kodeniam.<\/p>\n<\/li>\n<li class=\"\" data-start=\"1045\" data-end=\"1129\">\n<p class=\"\" data-start=\"1047\" data-end=\"1129\"><strong data-start=\"1047\" data-end=\"1060\">Estetika:<\/strong> Predpr\u00edprava farby poskytuje rovnomern\u00fa farbu bez potreby ma\u013eovania.<\/p>\n<\/li>\n<\/ul>\n<h4 data-start=\"1131\" data-end=\"1144\"><strong data-start=\"1131\" data-end=\"1144\">Pou\u017eitie:<\/strong><\/h4>\n<ul data-start=\"1145\" data-end=\"1236\">\n<li class=\"\" data-start=\"1145\" data-end=\"1177\">\n<p class=\"\" data-start=\"1147\" data-end=\"1177\">Historick\u00e9 fas\u00e1dy a interi\u00e9ry.<\/p>\n<\/li>\n<li class=\"\" data-start=\"1178\" data-end=\"1199\">\n<p class=\"\" data-start=\"1180\" data-end=\"1199\">Miner\u00e1lne podklady.<\/p>\n<\/li>\n<li class=\"\" data-start=\"1200\" data-end=\"1236\">\n<p class=\"\" data-start=\"1202\" data-end=\"1236\">Omietky so smr\u0161tovac\u00edmi trhlinami.<\/p>\n<\/li>\n<\/ul>\n<h4 data-start=\"1238\" data-end=\"1258\"><strong data-start=\"1238\" data-end=\"1258\">Technick\u00e9 \u00fadaje:<\/strong><\/h4>\n<ul data-start=\"1259\" data-end=\"1668\">\n<li class=\"\" data-start=\"1259\" data-end=\"1290\">\n<p class=\"\" data-start=\"1261\" data-end=\"1290\"><strong data-start=\"1261\" data-end=\"1270\">Zrno:<\/strong> 0,5 mm alebo 0,6 mm<\/p>\n<\/li>\n<li class=\"\" data-start=\"1291\" data-end=\"1353\">\n<p class=\"\" data-start=\"1293\" data-end=\"1353\"><strong data-start=\"1293\" data-end=\"1311\">Hr\u00fabka vrstvy:<\/strong> Zrno 0,5 mm: 2-8 mm, zrno 0,6 mm: 3-10 mm<\/p>\n<\/li>\n<li class=\"\" data-start=\"1354\" data-end=\"1396\">\n<p class=\"\" data-start=\"1356\" data-end=\"1396\"><strong data-start=\"1356\" data-end=\"1376\">Pevnos\u0165 v tlaku:<\/strong> Pribli\u017ene 3,5 N\/mm\u00b2<\/p>\n<\/li>\n<li class=\"\" data-start=\"1397\" data-end=\"1440\">\n<p class=\"\" data-start=\"1399\" data-end=\"1440\"><strong data-start=\"1399\" data-end=\"1435\">Koeficient priepustnosti pary \u00b5:<\/strong> \u2264 15<\/p>\n<\/li>\n<li class=\"\" data-start=\"1441\" data-end=\"1492\">\n<p class=\"\" data-start=\"1443\" data-end=\"1492\"><strong data-start=\"1443\" data-end=\"1471\">Relat\u00edvny odpor dif\u00fazie:<\/strong> Sd = 0,04 m pri 3 mm<\/p>\n<\/li>\n<li class=\"\" data-start=\"1493\" data-end=\"1547\">\n<p class=\"\" data-start=\"1495\" data-end=\"1547\"><strong data-start=\"1495\" data-end=\"1519\">Kapil\u00e1rne nas\u00e1vanie:<\/strong> Wc1, \u2264 0,4 kg\/(m\u00b2 \u2022 min0,5)<\/p>\n<\/li>\n<li class=\"\" data-start=\"1548\" data-end=\"1640\">\n<p class=\"\" data-start=\"1550\" data-end=\"1640\"><strong data-start=\"1550\" data-end=\"1569\">Spotreba\/V\u00fdkon:<\/strong> Pribli\u017ene 20 litrov hotovej malty z vrecka, cca 1,25 kg\/m\u00b2\/1 mm hr\u00fabky<\/p>\n<\/li>\n<li class=\"\" data-start=\"1641\" data-end=\"1668\">\n<p class=\"\" data-start=\"1643\" data-end=\"1668\"><strong data-start=\"1643\" data-end=\"1655\">Balenie:<\/strong> Vrecko 25 kg<\/p>\n<\/li>\n<\/ul>\n<h4 data-start=\"1670\" data-end=\"1686\"><strong data-start=\"1670\" data-end=\"1686\">Skladovanie:<\/strong><\/h4>\n<ul data-start=\"1687\" data-end=\"2099\">\n<li class=\"\" data-start=\"1687\" data-end=\"1856\">\n<p class=\"\" data-start=\"1689\" data-end=\"1856\"><strong data-start=\"1689\" data-end=\"1715\">Podmienky skladovania:<\/strong> Produkt treba chr\u00e1ni\u0165 pred vlhkos\u0165ou, skladova\u0165 na suchom mieste na palet\u00e1ch v origin\u00e1lnych obaloch. Otvoren\u00e9 obaly treba d\u00f4kladne uzavrie\u0165.<\/p>\n<\/li>\n<li class=\"\" data-start=\"1857\" data-end=\"1960\">\n<p class=\"\" data-start=\"1859\" data-end=\"1960\"><strong data-start=\"1859\" data-end=\"1881\">Doba trvanlivosti:<\/strong> Minim\u00e1lne 12 mesiacov od d\u00e1tumu v\u00fdroby pri spr\u00e1vnych skladovac\u00edch podmienkach.<\/p>\n<\/li>\n<li class=\"\" data-start=\"1961\" data-end=\"2099\">\n<p class=\"\" data-start=\"1963\" data-end=\"2099\"><strong data-start=\"1963\" data-end=\"1987\">Teplota skladovania:<\/strong> Pri skladovan\u00ed pod 5\u00b0C je produkt potrebn\u00e9 umiestni\u0165 do tepl\u00e9ho a such\u00e9ho prostredia na 12 hod\u00edn pred pou\u017eit\u00edm.<\/p>\n<\/li>\n<\/ul>\n<p class=\"\" data-start=\"2101\" data-end=\"2503\"><strong data-start=\"2101\" data-end=\"2123\">Pr\u00edprava podkladu:<\/strong> Podklad mus\u00ed by\u0165 tvrd\u00fd, stabiln\u00fd, \u010dist\u00fd, such\u00fd a nezamrznut\u00fd. V pr\u00edpade potreby pred nanesen\u00edm produktu je potrebn\u00e9 podklad d\u00f4kladne vy\u010disti\u0165 a zagruntova\u0165. Slab\u00e9 podklady je potrebn\u00e9 zagruntova\u0165 z\u00e1kladn\u00fdm n\u00e1terom Optogrunt AquaForte. Pri podkladoch s nerovnomernou nasiakavos\u0165ou sa odpor\u00fa\u010da nan\u00e1\u0161a\u0165 v dvoch vrstv\u00e1ch \"mokr\u00e9 na mokr\u00e9\" alebo vytvori\u0165 spoje napr. Optosan RissGrund.<\/p>\n<p class=\"\" data-start=\"2505\" data-end=\"2939\"><strong data-start=\"2505\" data-end=\"2521\">Spracovanie:<\/strong> Obsah 25 kg vrecka Optosan TrassFeinPutz d\u00f4kladne premie\u0161ajte s 6-6,5 litrami \u010distej vody a\u017e k\u00fdm nez\u00edskate plastick\u00fa konzistenciu. Rozrieden\u00fa maltu je mo\u017en\u00e9 nan\u00e1\u0161a\u0165 ru\u010dne alebo strojovo na hr\u00fabku 2-10 mm v jednom cykle, a po predbe\u017enom vytvrdnut\u00ed je mo\u017en\u00e9 vyhladi\u0165 alebo filcova\u0165 pod\u013ea po\u017eadovanej kone\u010dnej \u0161trukt\u00fary. Pracovn\u00fd \u010das je pribli\u017ene 2 hodiny v z\u00e1vislosti od podmienok vlhkosti a teploty vzduchu a podkladu.<\/p>\n<h4 data-start=\"2941\" data-end=\"2950\"><strong data-start=\"2941\" data-end=\"2950\">Tipy:<\/strong><\/h4>\n<ul data-start=\"2951\" data-end=\"3324\" data-is-last-node=\"\" data-is-only-node=\"\">\n<li class=\"\" data-start=\"2951\" data-end=\"3132\">\n<p class=\"\" data-start=\"2953\" data-end=\"3132\"><strong data-start=\"2953\" data-end=\"2991\">Optim\u00e1lne podmienky pre aplik\u00e1ciu:<\/strong> Teplota vzduchu, podkladu a produktu by mala by\u0165 od +5\u00b0C do +25\u00b0C. Ni\u017e\u0161ie alebo vy\u0161\u0161ie teploty m\u00f4\u017eu negat\u00edvne ovplyvni\u0165 vlastnosti produktu.<\/p>\n<\/li>\n<li class=\"\" data-start=\"3133\" data-end=\"3251\">\n<p class=\"\" data-start=\"3135\" data-end=\"3251\"><strong data-start=\"3135\" data-end=\"3163\">Ochrana po\u010das tvrdnutia:<\/strong> Nanesen\u00fa maltu treba chr\u00e1ni\u0165 pred pr\u00edli\u0161 r\u00fdchlym vysychan\u00edm, mrazom a siln\u00fdm namo\u010den\u00edm.<\/p>\n<\/li>\n<li class=\"\" data-start=\"3252\" data-end=\"3324\">\n<p class=\"\" data-start=\"3254\" data-end=\"3324\"><strong data-start=\"3254\" data-end=\"3277\">\u010cistenie n\u00e1strojov:<\/strong> N\u00e1stroje treba okam\u017eite umy\u0165 vodou po pou\u017eit\u00ed.<\/p>\n<\/li>\n<\/ul>\n<\/div>\n<\/div>\n<\/div>\n<div class=\"flex justify-start\"><\/div>\n<p>[\/vc_column_text][\/vc_column][\/vc_row]<\/p>\n","protected":false},"excerpt":{"rendered":"<p><strong data-start=\"52\" data-end=\"77\">Optosan TrassFeinPutz<\/strong> je miner\u00e1lna renova\u010dn\u00e1 omietka na b\u00e1ze hydraulick\u00e9ho v\u00e1pna a trassu, vytvoren\u00e1 na renov\u00e1ciu historick\u00fdch fas\u00e1d a interi\u00e9rov. Vyzna\u010duje sa vysokou priepustnos\u0165ou pary, flexibilitou a trvanlivos\u0165ou. Dostupn\u00e1 v farbe starej bielej alebo na objedn\u00e1vku zafarben\u00e1, poskytuje estetiku a \u013eahk\u00fa aplik\u00e1ciu, ide\u00e1lna pre n\u00e1ro\u010dn\u00e9 podklady.<\/p>\n","protected":false},"featured_media":274856,"comment_status":"open","ping_status":"closed","template":"","meta":{"_acf_changed":false},"product_brand":[],"product_cat":[1107,914,1037,900,1049],"product_tag":[],"class_list":{"0":"post-279767","1":"product","2":"type-product","3":"status-publish","4":"has-post-thumbnail","6":"product_cat-optolith-sk","7":"product_cat-renowacja-elewacji-sk","8":"product_cat-tynki-i-szpachle-sk","9":"product_cat-tynki-renowacyjne-sk","10":"product_cat-tynki-wapienne-wapienno-cementowe-sk","11":"product_shipping_class-latwa-wysylka-sk","13":"first","14":"instock","15":"taxable","16":"shipping-taxable","17":"purchasable","18":"product-type-simple"},"acf":[],"_links":{"self":[{"href":"https:\/\/www.sanier.pl\/sk\/wp-json\/wp\/v2\/product\/279767","targetHints":{"allow":["GET"]}}],"collection":[{"href":"https:\/\/www.sanier.pl\/sk\/wp-json\/wp\/v2\/product"}],"about":[{"href":"https:\/\/www.sanier.pl\/sk\/wp-json\/wp\/v2\/types\/product"}],"replies":[{"embeddable":true,"href":"https:\/\/www.sanier.pl\/sk\/wp-json\/wp\/v2\/comments?post=279767"}],"wp:featuredmedia":[{"embeddable":true,"href":"https:\/\/www.sanier.pl\/sk\/wp-json\/wp\/v2\/media\/274856"}],"wp:attachment":[{"href":"https:\/\/www.sanier.pl\/sk\/wp-json\/wp\/v2\/media?parent=279767"}],"wp:term":[{"taxonomy":"product_brand","embeddable":true,"href":"https:\/\/www.sanier.pl\/sk\/wp-json\/wp\/v2\/product_brand?post=279767"},{"taxonomy":"product_cat","embeddable":true,"href":"https:\/\/www.sanier.pl\/sk\/wp-json\/wp\/v2\/product_cat?post=279767"},{"taxonomy":"product_tag","embeddable":true,"href":"https:\/\/www.sanier.pl\/sk\/wp-json\/wp\/v2\/product_tag?post=279767"}],"curies":[{"name":"wp","href":"https:\/\/api.w.org\/{rel}","templated":true}]}}