{"id":279765,"date":"2024-07-22T09:45:54","date_gmt":"2024-07-22T09:45:54","guid":{"rendered":"https:\/\/www.sanier.pl\/produkt\/optolith-optosan-trassputz-lekki-tynk-wapienno-trassowy-na-zabytkowe-podloza\/"},"modified":"2025-03-26T12:00:36","modified_gmt":"2025-03-26T12:00:36","slug":"optolith-optosan-trassputz-lekki-tynk-wapienno-trassowy-na-zabytkowe-podloza","status":"publish","type":"product","link":"https:\/\/www.sanier.pl\/sk\/produkt\/optolith-optosan-trassputz-lekki-tynk-wapienno-trassowy-na-zabytkowe-podloza\/","title":{"rendered":"OPTOLITH Optosan TrassPutz \u2013 \u013dahk\u00e1 v\u00e1penn\u00e1 trassov\u00e1 omietka na historick\u00e9 podklady."},"content":{"rendered":"<p>[vc_row][vc_column][vc_column_text]<\/p>\n<div class=\"flex max-w-full flex-col flex-grow\">\n<div class=\"min-h-8 text-message relative flex w-full flex-col items-end gap-2 whitespace-normal break-words text-start [.text-message+&amp;]:mt-5\" dir=\"auto\" data-message-author-role=\"assistant\" data-message-id=\"a4114a9d-8f5c-4ec2-a6df-396647af7309\" data-message-model-slug=\"gpt-4o-mini\">\n<div class=\"flex w-full flex-col gap-1 empty:hidden first:pt-[3px]\">\n<h2 data-start=\"52\" data-end=\"158\"><strong data-start=\"52\" data-end=\"82\">OPTOLITH Optosan TrassPutz<\/strong><\/h2>\n<h5 data-start=\"52\" data-end=\"158\">\u013dahk\u00e1 v\u00e1penn\u00e1 trassov\u00e1 omietka na historick\u00e9 podklady<\/h5>\n<h4 data-start=\"52\" data-end=\"158\"><strong data-start=\"141\" data-end=\"158\">Opis produktu<\/strong><\/h4>\n<p class=\"\" data-start=\"160\" data-end=\"592\">OPTOLITH Optosan TrassPutz je \u013eahk\u00e1 v\u00e1penn\u00e1 trassov\u00e1 omietka ur\u010den\u00e1 na renov\u00e1ciu historick\u00fdch fas\u00e1d a interi\u00e9rov. Produkt obsahuje hydraulick\u00e9 v\u00e1pno, r\u00fdnsky trass, mal\u00e9 mno\u017estvo bieleho cementu, frakcionovan\u00fd kremi\u010dit\u00fd piesok 0-1 mm a \u013eahk\u00e9 kamenivo, ako je perlit. T\u00e1to malta bola \u0161peci\u00e1lne vyvinut\u00e1 pre pou\u017eitie na historick\u00fdch podkladoch, zaru\u010duje vynikaj\u00facu pri\u013enavos\u0165 a n\u00edzku pevnos\u0165 v tlaku prisp\u00f4soben\u00fa star\u0161\u00edm, krehkej\u0161\u00edm \u0161trukt\u00faram.<\/p>\n<h4 data-start=\"594\" data-end=\"609\"><strong data-start=\"594\" data-end=\"609\">Vlastnosti:<\/strong><\/h4>\n<ul data-start=\"610\" data-end=\"994\">\n<li class=\"\" data-start=\"610\" data-end=\"707\">\n<p class=\"\" data-start=\"612\" data-end=\"707\"><strong data-start=\"612\" data-end=\"633\">Vysok\u00e1 por\u00e9znos\u0165:<\/strong> Umo\u017e\u0148uje d\u00fdchanie stien, \u010do je k\u013e\u00fa\u010dov\u00e9 pre zachovanie historick\u00fdch budov.<\/p>\n<\/li>\n<li class=\"\" data-start=\"708\" data-end=\"778\">\n<p class=\"\" data-start=\"710\" data-end=\"778\"><strong data-start=\"710\" data-end=\"736\">N\u00edzka pevnos\u0165 v tlaku:<\/strong> Ide\u00e1lna pre slab\u0161ie, historick\u00e9 podklady.<\/p>\n<\/li>\n<li class=\"\" data-start=\"779\" data-end=\"851\">\n<p class=\"\" data-start=\"781\" data-end=\"851\"><strong data-start=\"781\" data-end=\"812\">Ve\u013emi n\u00edzky smr\u0161tiv\u00fd efekt:<\/strong> Zabr\u00e1ni praskaniu omietky po nanesen\u00ed.<\/p>\n<\/li>\n<li class=\"\" data-start=\"852\" data-end=\"931\">\n<p class=\"\" data-start=\"854\" data-end=\"931\"><strong data-start=\"854\" data-end=\"876\">Vysok\u00e1 pri\u013enavos\u0165:<\/strong> Vynikaj\u00faca pri\u013enavos\u0165 k por\u00e9znym miner\u00e1lnym podkladom.<\/p>\n<\/li>\n<li class=\"\" data-start=\"932\" data-end=\"994\">\n<p class=\"\" data-start=\"934\" data-end=\"994\"><strong data-start=\"934\" data-end=\"946\">\u013dahkos\u0165:<\/strong> V\u010faka pou\u017eitiu \u013eahk\u00e9ho kameniva, ako je perlit.<\/p>\n<\/li>\n<\/ul>\n<h4 data-start=\"996\" data-end=\"1007\"><strong data-start=\"996\" data-end=\"1007\">V\u00fdhody:<\/strong><\/h4>\n<ul data-start=\"1008\" data-end=\"1273\">\n<li class=\"\" data-start=\"1008\" data-end=\"1069\">\n<p class=\"\" data-start=\"1010\" data-end=\"1069\"><strong data-start=\"1010\" data-end=\"1030\">\u013dahk\u00e1 aplik\u00e1cia:<\/strong> Vhodn\u00e1 na aplik\u00e1ciu strojovo aj ru\u010dne.<\/p>\n<\/li>\n<li class=\"\" data-start=\"1070\" data-end=\"1182\">\n<p class=\"\" data-start=\"1072\" data-end=\"1182\"><strong data-start=\"1072\" data-end=\"1088\">Trvanlivos\u0165:<\/strong> Odoln\u00e1 vo\u010di poveternostn\u00fdm podmienkam, ide\u00e1lna na renov\u00e1ciu vonkaj\u0161\u00edch a vn\u00fatorn\u00fdch povrchov.<\/p>\n<\/li>\n<li class=\"\" data-start=\"1183\" data-end=\"1273\">\n<p class=\"\" data-start=\"1185\" data-end=\"1273\"><strong data-start=\"1185\" data-end=\"1200\">Ekologick\u00e1:<\/strong> \u0160etrn\u00e1 k \u017eivotn\u00e9mu prostrediu, v s\u00falade s tradi\u010dn\u00fdmi met\u00f3dami renov\u00e1cie.<\/p>\n<\/li>\n<\/ul>\n<h4 data-start=\"1275\" data-end=\"1288\"><strong data-start=\"1275\" data-end=\"1288\">Pou\u017eitie:<\/strong><\/h4>\n<ul data-start=\"1289\" data-end=\"1396\">\n<li class=\"\" data-start=\"1289\" data-end=\"1321\">\n<p class=\"\" data-start=\"1291\" data-end=\"1321\">Historick\u00e9 fas\u00e1dy a interi\u00e9ry.<\/p>\n<\/li>\n<li class=\"\" data-start=\"1322\" data-end=\"1351\">\n<p class=\"\" data-start=\"1324\" data-end=\"1351\">Miner\u00e1lne por\u00e9zne podklady.<\/p>\n<\/li>\n<li class=\"\" data-start=\"1352\" data-end=\"1396\">\n<p class=\"\" data-start=\"1354\" data-end=\"1396\">Renov\u00e1cie a rekon\u0161trukcie vrstiev omietok.<\/p>\n<\/li>\n<\/ul>\n<h4 data-start=\"1398\" data-end=\"1418\"><strong data-start=\"1398\" data-end=\"1418\">Technick\u00e9 \u00fadaje:<\/strong><\/h4>\n<ul data-start=\"1419\" data-end=\"1744\">\n<li class=\"\" data-start=\"1419\" data-end=\"1437\">\n<p class=\"\" data-start=\"1421\" data-end=\"1437\"><strong data-start=\"1421\" data-end=\"1430\">Zrno:<\/strong> 0-1 mm<\/p>\n<\/li>\n<li class=\"\" data-start=\"1438\" data-end=\"1480\">\n<p class=\"\" data-start=\"1440\" data-end=\"1480\"><strong data-start=\"1440\" data-end=\"1460\">Pevnos\u0165 v tlaku:<\/strong> Pribli\u017ene 3,5 N\/mm\u00b2<\/p>\n<\/li>\n<li class=\"\" data-start=\"1481\" data-end=\"1524\">\n<p class=\"\" data-start=\"1483\" data-end=\"1524\"><strong data-start=\"1483\" data-end=\"1519\">Koeficient priepustnosti pary \u00b5:<\/strong> \u2264 15<\/p>\n<\/li>\n<li class=\"\" data-start=\"1525\" data-end=\"1579\">\n<p class=\"\" data-start=\"1527\" data-end=\"1579\"><strong data-start=\"1527\" data-end=\"1551\">Kapil\u00e1rne nas\u00e1vanie:<\/strong> Wc1, \u2264 0,4 kg\/(m\u00b2 \u2022 min0,5)<\/p>\n<\/li>\n<li class=\"\" data-start=\"1580\" data-end=\"1624\">\n<p class=\"\" data-start=\"1582\" data-end=\"1624\"><strong data-start=\"1582\" data-end=\"1600\">Hr\u00fabka vrstvy:<\/strong> 10-50 mm v jednom cykle<\/p>\n<\/li>\n<li class=\"\" data-start=\"1625\" data-end=\"1716\">\n<p class=\"\" data-start=\"1627\" data-end=\"1716\"><strong data-start=\"1627\" data-end=\"1646\">Spotreba\/V\u00fdkon:<\/strong> Pribli\u017ene 20 litrov hotovej malty z vrecka, cca 1,2 kg\/m\u00b2\/1 mm hr\u00fabky<\/p>\n<\/li>\n<li class=\"\" data-start=\"1717\" data-end=\"1744\">\n<p class=\"\" data-start=\"1719\" data-end=\"1744\"><strong data-start=\"1719\" data-end=\"1731\">Balenie:<\/strong> Vrecko 25 kg<\/p>\n<\/li>\n<\/ul>\n<h4 data-start=\"1746\" data-end=\"1762\"><strong data-start=\"1746\" data-end=\"1762\">Skladovanie OPTOLITH Optosan TrassPutz:<\/strong><\/h4>\n<ul data-start=\"1763\" data-end=\"2181\">\n<li class=\"\" data-start=\"1763\" data-end=\"1938\">\n<p class=\"\" data-start=\"1765\" data-end=\"1938\"><strong data-start=\"1765\" data-end=\"1791\">Podmienky skladovania:<\/strong> Produkt treba chr\u00e1ni\u0165 pred vlhkos\u0165ou, skladova\u0165 na suchom mieste na palet\u00e1ch v origin\u00e1lnych obaloch. Otvoren\u00e9 obaly je potrebn\u00e9 d\u00f4kladne uzavrie\u0165.<\/p>\n<\/li>\n<li class=\"\" data-start=\"1939\" data-end=\"2042\">\n<p class=\"\" data-start=\"1941\" data-end=\"2042\"><strong data-start=\"1941\" data-end=\"1963\">Doba trvanlivosti:<\/strong> Minim\u00e1lne 12 mesiacov od d\u00e1tumu v\u00fdroby pri spr\u00e1vnych skladovac\u00edch podmienkach.<\/p>\n<\/li>\n<li class=\"\" data-start=\"2043\" data-end=\"2181\">\n<p class=\"\" data-start=\"2045\" data-end=\"2181\"><strong data-start=\"2045\" data-end=\"2069\">Teplota skladovania:<\/strong> Pri skladovan\u00ed pod 5\u00b0C je produkt potrebn\u00e9 umiestni\u0165 do tepl\u00e9ho a such\u00e9ho prostredia na 12 hod\u00edn pred pou\u017eit\u00edm.<\/p>\n<\/li>\n<\/ul>\n<p class=\"\" data-start=\"2183\" data-end=\"2380\"><strong data-start=\"2183\" data-end=\"2205\">Pr\u00edprava podkladu:<\/strong> Podklad mus\u00ed by\u0165 tvrd\u00fd, stabiln\u00fd, \u010dist\u00fd, such\u00fd a nezamrznut\u00fd. Pred nanesen\u00edm produktu je potrebn\u00e9 podklad d\u00f4kladne vy\u010disti\u0165 a zagruntova\u0165, najm\u00e4 v pr\u00edpade slab\u0161\u00edch podkladov.<\/p>\n<h4 data-start=\"2382\" data-end=\"2398\"><strong data-start=\"2382\" data-end=\"2398\">Spracovanie:<\/strong><\/h4>\n<ul data-start=\"2399\" data-end=\"2723\">\n<li class=\"\" data-start=\"2399\" data-end=\"2723\">\n<p class=\"\" data-start=\"2401\" data-end=\"2723\"><strong data-start=\"2401\" data-end=\"2414\">Mie\u0161anie:<\/strong> Obsah 25 kg vrecka Optosan TrassPutz d\u00f4kladne premie\u0161ajte s primeran\u00fdm mno\u017estvom vody, a\u017e k\u00fdm nez\u00edskate plastick\u00fa konzistenciu. Maltu je mo\u017en\u00e9 nan\u00e1\u0161a\u0165 ru\u010dne alebo strojovo na hr\u00fabku 10-50 mm v jednom cykle. Po predbe\u017enom vytvrdnut\u00ed omietku m\u00f4\u017eete vyhladi\u0165 alebo filcova\u0165 pod\u013ea po\u017eadovanej fin\u00e1lnej \u0161trukt\u00fary.<\/p>\n<\/li>\n<\/ul>\n<h4 data-start=\"2725\" data-end=\"2734\"><strong data-start=\"2725\" data-end=\"2734\">Tipy:<\/strong><\/h4>\n<ul data-start=\"2735\" data-end=\"3124\" data-is-last-node=\"\" data-is-only-node=\"\">\n<li class=\"\" data-start=\"2735\" data-end=\"2916\">\n<p class=\"\" data-start=\"2737\" data-end=\"2916\"><strong data-start=\"2737\" data-end=\"2775\">Optim\u00e1lne podmienky pre aplik\u00e1ciu:<\/strong> Teplota vzduchu, podkladu a produktu by mala by\u0165 od +5\u00b0C do +25\u00b0C. Ni\u017e\u0161ie alebo vy\u0161\u0161ie teploty m\u00f4\u017eu negat\u00edvne ovplyvni\u0165 vlastnosti produktu.<\/p>\n<\/li>\n<li class=\"\" data-start=\"2917\" data-end=\"3045\">\n<p class=\"\" data-start=\"2919\" data-end=\"3045\"><strong data-start=\"2919\" data-end=\"2951\">Ochrana po\u010das vytvrdzovania:<\/strong> Nanesen\u00fa maltu je potrebn\u00e9 chr\u00e1ni\u0165 pred pr\u00edli\u0161 r\u00fdchlym vysychan\u00edm, mrazom a siln\u00fdm namo\u010den\u00edm.<\/p>\n<\/li>\n<li class=\"\" data-start=\"3046\" data-end=\"3124\">\n<p class=\"\" data-start=\"3048\" data-end=\"3124\"><strong data-start=\"3048\" data-end=\"3071\">\u010cistenie n\u00e1strojov:<\/strong> N\u00e1stroje je potrebn\u00e9 okam\u017eite umy\u0165 vodou po pou\u017eit\u00ed.<\/p>\n<\/li>\n<\/ul>\n<\/div>\n<\/div>\n<\/div>\n<div class=\"flex justify-start\"><\/div>\n<p>[\/vc_column_text][\/vc_column][\/vc_row]<\/p>\n","protected":false},"excerpt":{"rendered":"<p>OPTOLITH Optosan TrassPutz<\/p>\n","protected":false},"featured_media":274861,"comment_status":"open","ping_status":"closed","template":"","meta":{"_acf_changed":false},"product_brand":[],"product_cat":[1107,1102,914,1037,900,1049],"product_tag":[],"class_list":{"0":"post-279765","1":"product","2":"type-product","3":"status-publish","4":"has-post-thumbnail","6":"product_cat-optolith-sk","7":"product_cat-renowacja-sk","8":"product_cat-renowacja-elewacji-sk","9":"product_cat-tynki-i-szpachle-sk","10":"product_cat-tynki-renowacyjne-sk","11":"product_cat-tynki-wapienne-wapienno-cementowe-sk","12":"product_shipping_class-latwa-wysylka-sk","14":"first","15":"instock","16":"taxable","17":"shipping-taxable","18":"purchasable","19":"product-type-simple"},"acf":[],"_links":{"self":[{"href":"https:\/\/www.sanier.pl\/sk\/wp-json\/wp\/v2\/product\/279765","targetHints":{"allow":["GET"]}}],"collection":[{"href":"https:\/\/www.sanier.pl\/sk\/wp-json\/wp\/v2\/product"}],"about":[{"href":"https:\/\/www.sanier.pl\/sk\/wp-json\/wp\/v2\/types\/product"}],"replies":[{"embeddable":true,"href":"https:\/\/www.sanier.pl\/sk\/wp-json\/wp\/v2\/comments?post=279765"}],"wp:featuredmedia":[{"embeddable":true,"href":"https:\/\/www.sanier.pl\/sk\/wp-json\/wp\/v2\/media\/274861"}],"wp:attachment":[{"href":"https:\/\/www.sanier.pl\/sk\/wp-json\/wp\/v2\/media?parent=279765"}],"wp:term":[{"taxonomy":"product_brand","embeddable":true,"href":"https:\/\/www.sanier.pl\/sk\/wp-json\/wp\/v2\/product_brand?post=279765"},{"taxonomy":"product_cat","embeddable":true,"href":"https:\/\/www.sanier.pl\/sk\/wp-json\/wp\/v2\/product_cat?post=279765"},{"taxonomy":"product_tag","embeddable":true,"href":"https:\/\/www.sanier.pl\/sk\/wp-json\/wp\/v2\/product_tag?post=279765"}],"curies":[{"name":"wp","href":"https:\/\/api.w.org\/{rel}","templated":true}]}}