{"id":279762,"date":"2024-07-23T06:52:29","date_gmt":"2024-07-23T06:52:29","guid":{"rendered":"https:\/\/www.sanier.pl\/produkt\/mc-bauchemie-ombran-w-peczniejaca-zaprawa-szybkowiazaca\/"},"modified":"2025-03-26T11:49:04","modified_gmt":"2025-03-26T11:49:04","slug":"mc-bauchemie-ombran-w-peczniejaca-zaprawa-szybkowiazaca","status":"publish","type":"product","link":"https:\/\/www.sanier.pl\/sk\/produkt\/mc-bauchemie-ombran-w-peczniejaca-zaprawa-szybkowiazaca\/","title":{"rendered":"MC-Bauchemie Ombran W r\u00fdchlotuhn\u00faca napu\u010diavacia malta."},"content":{"rendered":"<h1 data-start=\"52\" data-end=\"69\">MC-Bauchemie Ombran W<\/h1>\n<h5 data-start=\"52\" data-end=\"69\">r\u00fdchlotuhn\u00faca napu\u010diavacia malta.<\/h5>\n<h4 data-start=\"52\" data-end=\"69\"><strong data-start=\"52\" data-end=\"69\">Opis produktu<\/strong><\/h4>\n<p class=\"\" data-start=\"71\" data-end=\"373\">Ombran W je r\u00fdchloschn\u00faca, p\u00fa\u010div\u00e1 malta ur\u010den\u00e1 na utesnenie bodov\u00fdch \u00fanikov vody. Produkt sa vyzna\u010duje schopnos\u0165ou p\u00fa\u010dania po\u010das procesu tvrdnutia, \u010do zabezpe\u010duje \u00fa\u010dinn\u00e9 utesnenie. T\u00e1to malta neobsahuje zlo\u017eky, ktor\u00e9 by mohli ur\u00fdch\u013eova\u0165 kor\u00f3ziu, a jej objem zost\u00e1va stabiln\u00fd v s\u00falade s normou DIN 1164.<\/p>\n<h4 data-start=\"375\" data-end=\"390\"><strong data-start=\"375\" data-end=\"390\">Vlastnosti:<\/strong><\/h4>\n<ul data-start=\"391\" data-end=\"694\">\n<li class=\"\" data-start=\"391\" data-end=\"451\">\n<p class=\"\" data-start=\"393\" data-end=\"451\"><strong data-start=\"393\" data-end=\"425\">R\u00fdchle utesnenie \u00faniku vody:<\/strong> Ide\u00e1lne na r\u00fdchle opravy.<\/p>\n<\/li>\n<li class=\"\" data-start=\"452\" data-end=\"503\">\n<p class=\"\" data-start=\"454\" data-end=\"503\"><strong data-start=\"454\" data-end=\"482\">P\u00fa\u010danie po\u010das tvrdnutia:<\/strong> Efekt\u00edvne utesnenie.<\/p>\n<\/li>\n<li class=\"\" data-start=\"504\" data-end=\"574\">\n<p class=\"\" data-start=\"506\" data-end=\"574\"><strong data-start=\"506\" data-end=\"544\">Bez zlo\u017eiek ur\u00fdch\u013euj\u00facich kor\u00f3ziu:<\/strong> Bezpe\u010dn\u00e9 pre r\u00f4zne materi\u00e1ly.<\/p>\n<\/li>\n<li class=\"\" data-start=\"575\" data-end=\"647\">\n<p class=\"\" data-start=\"577\" data-end=\"647\"><strong data-start=\"577\" data-end=\"609\">Certifikovan\u00e1 opravn\u00e1 malta:<\/strong> V s\u00falade s normou DIN 19573: 2016-03.<\/p>\n<\/li>\n<li class=\"\" data-start=\"648\" data-end=\"694\">\n<p class=\"\" data-start=\"650\" data-end=\"694\"><strong data-start=\"650\" data-end=\"666\">St\u00e1ly objem:<\/strong> V s\u00falade s normou DIN 1164.<\/p>\n<\/li>\n<\/ul>\n<h4 data-start=\"696\" data-end=\"707\"><strong data-start=\"696\" data-end=\"707\">V\u00fdhody:<\/strong><\/h4>\n<ul data-start=\"708\" data-end=\"908\">\n<li class=\"\" data-start=\"708\" data-end=\"772\">\n<p class=\"\" data-start=\"710\" data-end=\"772\"><strong data-start=\"710\" data-end=\"731\">R\u00fdchle p\u00f4sobenie:<\/strong> Poskytuje okam\u017eit\u00e9 utesnenie netesnost\u00ed.<\/p>\n<\/li>\n<li class=\"\" data-start=\"773\" data-end=\"821\">\n<p class=\"\" data-start=\"775\" data-end=\"821\"><strong data-start=\"775\" data-end=\"794\">Vysok\u00e1 pevnos\u0165:<\/strong> Zais\u0165uje trval\u00e9 utesnenie.<\/p>\n<\/li>\n<li class=\"\" data-start=\"822\" data-end=\"908\">\n<p class=\"\" data-start=\"824\" data-end=\"908\"><strong data-start=\"824\" data-end=\"844\">\u013dahk\u00e1 aplik\u00e1cia:<\/strong> M\u00f4\u017ee sa aplikova\u0165 ru\u010dne, \u010do umo\u017e\u0148uje r\u00fdchle a efekt\u00edvne opravy.<\/p>\n<\/li>\n<\/ul>\n<h4 data-start=\"910\" data-end=\"923\"><strong data-start=\"910\" data-end=\"923\">Pou\u017eitie:<\/strong><\/h4>\n<ul data-start=\"924\" data-end=\"1173\">\n<li class=\"\" data-start=\"924\" data-end=\"1009\">\n<p class=\"\" data-start=\"926\" data-end=\"1009\">Utesnenie \u00fanikov vody na bet\u00f3nov\u00fdch, mur\u00e1rskych a pr\u00edrodn\u00fdch kame\u0148ov\u00fdch podkladoch.<\/p>\n<\/li>\n<li class=\"\" data-start=\"1010\" data-end=\"1054\">\n<p class=\"\" data-start=\"1012\" data-end=\"1054\">Utesnenie potrubn\u00fdch priese\u010dn\u00edkov a r\u00farok.<\/p>\n<\/li>\n<li class=\"\" data-start=\"1055\" data-end=\"1136\">\n<p class=\"\" data-start=\"1057\" data-end=\"1136\">Dodato\u010dn\u00e9 utesnenie man\u017eiet a spojov kanaliza\u010dn\u00fdch r\u00farok s kon\u0161trukciou studn\u00ed.<\/p>\n<\/li>\n<li class=\"\" data-start=\"1137\" data-end=\"1173\">\n<p class=\"\" data-start=\"1139\" data-end=\"1173\">Utesnenie kom\u00ednov studn\u00ed (kr\u00fahov).<\/p>\n<\/li>\n<\/ul>\n<h4 data-start=\"1175\" data-end=\"1195\"><strong data-start=\"1175\" data-end=\"1195\">Technick\u00e9 \u00fadaje:<\/strong><\/h4>\n<ul data-start=\"1196\" data-end=\"1902\">\n<li class=\"\" data-start=\"1196\" data-end=\"1263\">\n<p class=\"\" data-start=\"1198\" data-end=\"1263\"><strong data-start=\"1198\" data-end=\"1225\">Pomern\u00fd pomer mie\u0161ania:<\/strong> 1 kg malty Ombran W na 0,2 litra vody<\/p>\n<\/li>\n<li class=\"\" data-start=\"1264\" data-end=\"1295\">\n<p class=\"\" data-start=\"1266\" data-end=\"1295\"><strong data-start=\"1266\" data-end=\"1286\">\u010cas spracovania:<\/strong> 1 min\u00fata<\/p>\n<\/li>\n<li class=\"\" data-start=\"1296\" data-end=\"1370\">\n<p class=\"\" data-start=\"1298\" data-end=\"1370\"><strong data-start=\"1298\" data-end=\"1324\">Podmienky spracovania:<\/strong> Teplota vzduchu, podkladu a materi\u00e1lu: 5-30\u00b0C<\/p>\n<\/li>\n<li class=\"\" data-start=\"1371\" data-end=\"1419\">\n<p class=\"\" data-start=\"1373\" data-end=\"1419\"><strong data-start=\"1373\" data-end=\"1400\">Hustota \u010derstvej malty:<\/strong> Pribli\u017ene 2 kg\/dm\u00b3<\/p>\n<\/li>\n<li class=\"\" data-start=\"1420\" data-end=\"1561\">\n<p class=\"\" data-start=\"1422\" data-end=\"1442\"><strong data-start=\"1422\" data-end=\"1442\">Pevnos\u0165 v tlaku:<\/strong><\/p>\n<ul data-start=\"1445\" data-end=\"1561\">\n<li class=\"\" data-start=\"1445\" data-end=\"1462\">\n<p class=\"\" data-start=\"1447\" data-end=\"1462\">1 hodina: 8 MPa<\/p>\n<\/li>\n<li class=\"\" data-start=\"1465\" data-end=\"1483\">\n<p class=\"\" data-start=\"1467\" data-end=\"1483\">3 hodiny: 10 MPa<\/p>\n<\/li>\n<li class=\"\" data-start=\"1486\" data-end=\"1503\">\n<p class=\"\" data-start=\"1488\" data-end=\"1503\">6 hod\u00edn: 13 MPa<\/p>\n<\/li>\n<li class=\"\" data-start=\"1506\" data-end=\"1524\">\n<p class=\"\" data-start=\"1508\" data-end=\"1524\">24 hod\u00edn: 23 MPa<\/p>\n<\/li>\n<li class=\"\" data-start=\"1527\" data-end=\"1542\">\n<p class=\"\" data-start=\"1529\" data-end=\"1542\">7 dn\u00ed: 35 MPa<\/p>\n<\/li>\n<li class=\"\" data-start=\"1545\" data-end=\"1561\">\n<p class=\"\" data-start=\"1547\" data-end=\"1561\">28 dn\u00ed: 35 MPa<\/p>\n<\/li>\n<\/ul>\n<\/li>\n<li class=\"\" data-start=\"1562\" data-end=\"1715\">\n<p class=\"\" data-start=\"1564\" data-end=\"1593\"><strong data-start=\"1564\" data-end=\"1593\">Pevnos\u0165 v \u0165ahu pri ohybe:<\/strong><\/p>\n<ul data-start=\"1596\" data-end=\"1715\">\n<li class=\"\" data-start=\"1596\" data-end=\"1615\">\n<p class=\"\" data-start=\"1598\" data-end=\"1615\">1 hodina: 2,5 MPa<\/p>\n<\/li>\n<li class=\"\" data-start=\"1618\" data-end=\"1637\">\n<p class=\"\" data-start=\"1620\" data-end=\"1637\">3 hodiny: 3,5 MPa<\/p>\n<\/li>\n<li class=\"\" data-start=\"1640\" data-end=\"1656\">\n<p class=\"\" data-start=\"1642\" data-end=\"1656\">6 hod\u00edn: 4 MPa<\/p>\n<\/li>\n<li class=\"\" data-start=\"1659\" data-end=\"1676\">\n<p class=\"\" data-start=\"1661\" data-end=\"1676\">24 hod\u00edn: 4 MPa<\/p>\n<\/li>\n<li class=\"\" data-start=\"1679\" data-end=\"1695\">\n<p class=\"\" data-start=\"1681\" data-end=\"1695\">7 dn\u00ed: 5,5 MPa<\/p>\n<\/li>\n<li class=\"\" data-start=\"1698\" data-end=\"1715\">\n<p class=\"\" data-start=\"1700\" data-end=\"1715\">28 dn\u00ed: 5,5 MPa<\/p>\n<\/li>\n<\/ul>\n<\/li>\n<li class=\"\" data-start=\"1716\" data-end=\"1733\">\n<p class=\"\" data-start=\"1718\" data-end=\"1733\"><strong data-start=\"1718\" data-end=\"1728\">Farba:<\/strong> \u0160ed\u00e1<\/p>\n<\/li>\n<li class=\"\" data-start=\"1734\" data-end=\"1855\">\n<p class=\"\" data-start=\"1736\" data-end=\"1855\"><strong data-start=\"1736\" data-end=\"1752\">Skladovanie:<\/strong> Skladova\u0165 v origin\u00e1lne uzavretom obale pri teplote od 5\u00b0C do 25\u00b0C na suchom mieste po dobu 6 mesiacov.<\/p>\n<\/li>\n<li class=\"\" data-start=\"1856\" data-end=\"1883\">\n<p class=\"\" data-start=\"1858\" data-end=\"1883\"><strong data-start=\"1858\" data-end=\"1870\">Balenie:<\/strong> N\u00e1doba 15 kg<\/p>\n<\/li>\n<li class=\"\" data-start=\"1884\" data-end=\"1902\">\n<p class=\"\" data-start=\"1886\" data-end=\"1902\"><strong data-start=\"1886\" data-end=\"1898\">GISCODE:<\/strong> ZP1<\/p>\n<\/li>\n<\/ul>\n<h4 data-start=\"1904\" data-end=\"1920\"><strong data-start=\"1904\" data-end=\"1920\">Skladovanie:<\/strong><\/h4>\n<ul data-start=\"1921\" data-end=\"2176\">\n<li class=\"\" data-start=\"1921\" data-end=\"2103\">\n<p class=\"\" data-start=\"1923\" data-end=\"2103\"><strong data-start=\"1923\" data-end=\"1949\">Podmienky skladovania:<\/strong> Produkt by mal by\u0165 skladovan\u00fd na suchom mieste v origin\u00e1lne uzavretom obale pri teplote od 5\u00b0C do 25\u00b0C. Doba trvanlivosti je 6 mesiacov od d\u00e1tumu v\u00fdroby.<\/p>\n<\/li>\n<li class=\"\" data-start=\"2104\" data-end=\"2176\">\n<p class=\"\" data-start=\"2106\" data-end=\"2176\"><strong data-start=\"2106\" data-end=\"2129\">\u010cistenie n\u00e1strojov:<\/strong> N\u00e1stroje treba okam\u017eite umy\u0165 vodou po pou\u017eit\u00ed.<\/p>\n<\/li>\n<\/ul>\n<p class=\"\" data-start=\"2178\" data-end=\"2433\"><strong data-start=\"2178\" data-end=\"2200\">Pr\u00edprava podkladu:<\/strong> Podklad by mal by\u0165 pripraven\u00fd v s\u00falade s technick\u00fdm listom \u201eV\u0161eobecn\u00e9 pokyny na spracovanie malty na renov\u00e1ciu kan\u00e1lov a studn\u00ed\u201c. Opraven\u00e9 prvky by mali by\u0165 zbaven\u00e9 prachu a pripraven\u00e9 pod uhlom pribli\u017ene 45\u00b0 do h\u013abky najmenej 3 cm.<\/p>\n<h4 data-start=\"2435\" data-end=\"2451\"><strong data-start=\"2435\" data-end=\"2451\">Spracovanie:<\/strong><\/h4>\n<ul data-start=\"2452\" data-end=\"2832\" data-is-last-node=\"\" data-is-only-node=\"\">\n<li class=\"\" data-start=\"2452\" data-end=\"2620\">\n<p class=\"\" data-start=\"2454\" data-end=\"2620\"><strong data-start=\"2454\" data-end=\"2467\">Mie\u0161anie:<\/strong> Do vody treba ru\u010dne prid\u00e1va\u0165 mal\u00e9 mno\u017estv\u00e1 malty ka\u017ed\u00fdch 15-20 sek\u00fand a neust\u00e1le mie\u0161a\u0165, a\u017e k\u00fdm sa nez\u00edska hust\u00e1 plastick\u00e1 hmota s jednotnou \u0161trukt\u00farou.<\/p>\n<\/li>\n<li class=\"\" data-start=\"2621\" data-end=\"2741\">\n<p class=\"\" data-start=\"2623\" data-end=\"2741\"><strong data-start=\"2623\" data-end=\"2637\">Aplik\u00e1cia:<\/strong> Miesta \u00faniku vody treba ru\u010dne zalepi\u0165 pomocou pripraven\u00e9 malty, d\u00f4kladne pritl\u00e1\u010daj\u00fac po dobu 1-2 min\u00fat.<\/p>\n<\/li>\n<li class=\"\" data-start=\"2742\" data-end=\"2832\">\n<p class=\"\" data-start=\"2744\" data-end=\"2832\"><strong data-start=\"2744\" data-end=\"2759\">Bezpe\u010dnos\u0165:<\/strong> Dodr\u017eiavajte pokyny uveden\u00e9 na etiket\u00e1ch obalov a v technick\u00fdch listoch.<\/p>\n<\/li>\n<\/ul>\n","protected":false},"excerpt":{"rendered":"<p><strong data-start=\"52\" data-end=\"115\">Zozn\u00e1mte sa s revolu\u010dnou technol\u00f3giou MC-Bauchemie Ombran W<\/strong> \u2013 ide\u00e1lnou r\u00fdchloschn\u00facou maltou pre r\u00f4zne stavebn\u00e9 aplik\u00e1cie.<\/p>\n","protected":false},"featured_media":274867,"comment_status":"open","ping_status":"closed","template":"","meta":{"_acf_changed":false},"product_brand":[],"product_cat":[876,1099,916,946],"product_tag":[],"class_list":{"0":"post-279762","1":"product","2":"type-product","3":"status-publish","4":"has-post-thumbnail","6":"product_cat-hydroizolacja-sk","7":"product_cat-mc-bauchemie-sk","8":"product_cat-uszczelnienie-budynku-od-wewnatrz-sk","9":"product_cat-zaprawy-szybkowiazace-i-wodoszczelne-sk","10":"product_shipping_class-latwa-wysylka-sk","12":"first","13":"instock","14":"taxable","15":"shipping-taxable","16":"purchasable","17":"product-type-simple"},"acf":[],"_links":{"self":[{"href":"https:\/\/www.sanier.pl\/sk\/wp-json\/wp\/v2\/product\/279762","targetHints":{"allow":["GET"]}}],"collection":[{"href":"https:\/\/www.sanier.pl\/sk\/wp-json\/wp\/v2\/product"}],"about":[{"href":"https:\/\/www.sanier.pl\/sk\/wp-json\/wp\/v2\/types\/product"}],"replies":[{"embeddable":true,"href":"https:\/\/www.sanier.pl\/sk\/wp-json\/wp\/v2\/comments?post=279762"}],"wp:featuredmedia":[{"embeddable":true,"href":"https:\/\/www.sanier.pl\/sk\/wp-json\/wp\/v2\/media\/274867"}],"wp:attachment":[{"href":"https:\/\/www.sanier.pl\/sk\/wp-json\/wp\/v2\/media?parent=279762"}],"wp:term":[{"taxonomy":"product_brand","embeddable":true,"href":"https:\/\/www.sanier.pl\/sk\/wp-json\/wp\/v2\/product_brand?post=279762"},{"taxonomy":"product_cat","embeddable":true,"href":"https:\/\/www.sanier.pl\/sk\/wp-json\/wp\/v2\/product_cat?post=279762"},{"taxonomy":"product_tag","embeddable":true,"href":"https:\/\/www.sanier.pl\/sk\/wp-json\/wp\/v2\/product_tag?post=279762"}],"curies":[{"name":"wp","href":"https:\/\/api.w.org\/{rel}","templated":true}]}}