{"id":279757,"date":"2024-08-02T07:18:38","date_gmt":"2024-08-02T07:18:38","guid":{"rendered":"https:\/\/www.sanier.pl\/produkt\/mc-dur-topspeed-sc-szybkoschnaca-zywica-poliuretanowa-do-gruntowania-i-szpachlowania\/"},"modified":"2025-03-26T11:33:56","modified_gmt":"2025-03-26T11:33:56","slug":"mc-dur-topspeed-sc-szybkoschnaca-zywica-poliuretanowa-do-gruntowania-i-szpachlowania","status":"publish","type":"product","link":"https:\/\/www.sanier.pl\/sk\/produkt\/mc-dur-topspeed-sc-szybkoschnaca-zywica-poliuretanowa-do-gruntowania-i-szpachlowania\/","title":{"rendered":"MC-Bauchemie MC-DUR TopSpeed SC r\u00fdchloschn\u00faca polyuret\u00e1nov\u00e1 \u017eivica na z\u00e1kladovanie a \u0161pacht\u013eovanie."},"content":{"rendered":"<p>[vc_row][vc_column][vc_single_image image=\"262031\" img_size=\"medium\" alignment=\"center\"][vc_column_text]<\/p>\n<h2 data-start=\"52\" data-end=\"408\"><strong data-start=\"52\" data-end=\"87\">MC-Bauchemie MC-DUR TopSpeed SC<\/strong><\/h2>\n<p class=\"\" data-start=\"52\" data-end=\"408\"><strong data-start=\"52\" data-end=\"87\">MC-Bauchemie MC-DUR TopSpeed SC<\/strong> je pokro\u010dil\u00e1, dvojzlo\u017ekov\u00e1, r\u00fdchloschn\u00faca polyuret\u00e1nov\u00e1 \u017eivica, ktor\u00e1 kombinuje funkcie z\u00e1kladn\u00e9ho n\u00e1teru, \u0161pacht\u013eovania a vypl\u0148ovania trhl\u00edn. V\u010faka technol\u00f3gii KineticBoost\u00ae umo\u017e\u0148uje vytvrdzovanie nez\u00e1visl\u00e9 od teploty a vlhkosti vzduchu, \u010do z nej rob\u00ed ide\u00e1lne rie\u0161enie na pou\u017eitie v r\u00f4znych poveternostn\u00fdch podmienkach.<\/p>\n<h4 data-start=\"410\" data-end=\"425\"><strong data-start=\"410\" data-end=\"425\">Vlastnosti:<\/strong><\/h4>\n<ul data-start=\"426\" data-end=\"873\">\n<li class=\"\" data-start=\"426\" data-end=\"506\">\n<p class=\"\" data-start=\"428\" data-end=\"506\"><strong data-start=\"428\" data-end=\"453\">R\u00fdchle vytvrdzovanie:<\/strong> Kr\u00e1tke \u010dasov\u00e9 intervaly medzi jednotliv\u00fdmi vrstvami.<\/p>\n<\/li>\n<li class=\"\" data-start=\"507\" data-end=\"547\">\n<p class=\"\" data-start=\"509\" data-end=\"547\"><strong data-start=\"509\" data-end=\"527\">N\u00edzkolepivos\u0165:<\/strong> U\u013eah\u010duje aplik\u00e1ciu.<\/p>\n<\/li>\n<li class=\"\" data-start=\"548\" data-end=\"620\">\n<p class=\"\" data-start=\"550\" data-end=\"620\"><strong data-start=\"550\" data-end=\"580\">Odolnos\u0165 vo\u010di UV \u017eiareniu:<\/strong> Ne\u017eltne pod vplyvom slne\u010dn\u00e9ho \u017eiarenia.<\/p>\n<\/li>\n<li class=\"\" data-start=\"621\" data-end=\"691\">\n<p class=\"\" data-start=\"623\" data-end=\"691\"><strong data-start=\"623\" data-end=\"654\">Vysok\u00e1 mechanick\u00e1 odolnos\u0165:<\/strong> Odolnos\u0165 proti oderu a po\u0161kriabaniu.<\/p>\n<\/li>\n<li class=\"\" data-start=\"692\" data-end=\"794\">\n<p class=\"\" data-start=\"694\" data-end=\"794\"><strong data-start=\"694\" data-end=\"712\">Kompatibilita:<\/strong> Mo\u017enos\u0165 pou\u017eitia s r\u00f4znymi podkladmi, vr\u00e1tane miner\u00e1lnych a epoxidov\u00fdch povrchov.<\/p>\n<\/li>\n<li class=\"\" data-start=\"795\" data-end=\"873\">\n<p class=\"\" data-start=\"797\" data-end=\"873\"><strong data-start=\"797\" data-end=\"812\">Bezfarebn\u00e1:<\/strong> Flexibilita pri pou\u017eit\u00ed s r\u00f4znymi farbami povrchov\u00fdch \u00faprav.<\/p>\n<\/li>\n<\/ul>\n<h4 data-start=\"875\" data-end=\"895\"><strong data-start=\"875\" data-end=\"895\">Technick\u00e9 \u00fadaje:<\/strong><\/h4>\n<ul data-start=\"896\" data-end=\"1553\">\n<li class=\"\" data-start=\"896\" data-end=\"941\">\n<p class=\"\" data-start=\"898\" data-end=\"941\"><strong data-start=\"898\" data-end=\"925\">Pomern\u00fd pomer mie\u0161ania:<\/strong> 100:60 (z\u00e1klad)<\/p>\n<\/li>\n<li class=\"\" data-start=\"942\" data-end=\"985\">\n<p class=\"\" data-start=\"944\" data-end=\"985\"><strong data-start=\"944\" data-end=\"956\">Hustota:<\/strong> Pribli\u017ene 1,1 g\/cm\u00b3 pri 20\u00b0C<\/p>\n<\/li>\n<li class=\"\" data-start=\"986\" data-end=\"1031\">\n<p class=\"\" data-start=\"988\" data-end=\"1031\"><strong data-start=\"988\" data-end=\"1002\">Viskozita:<\/strong> Pribli\u017ene 1100 mPas pri 20\u00b0C<\/p>\n<\/li>\n<li class=\"\" data-start=\"1032\" data-end=\"1082\">\n<p class=\"\" data-start=\"1034\" data-end=\"1082\"><strong data-start=\"1034\" data-end=\"1054\">\u010cas spracovania:<\/strong> Pribli\u017ene 20 min\u00fat pri 20\u00b0C<\/p>\n<\/li>\n<li class=\"\" data-start=\"1083\" data-end=\"1141\">\n<p class=\"\" data-start=\"1085\" data-end=\"1141\"><strong data-start=\"1085\" data-end=\"1107\">\u010cas vytvrdzovania:<\/strong> 2 hodiny (20\u00b0C), 2,5 hodiny (2\u00b0C)<\/p>\n<\/li>\n<li class=\"\" data-start=\"1142\" data-end=\"1196\">\n<p class=\"\" data-start=\"1144\" data-end=\"1196\"><strong data-start=\"1144\" data-end=\"1163\">Pln\u00e9 za\u0165a\u017eenie:<\/strong> Po 2 d\u0148och (20\u00b0C), 3 d\u0148och (2\u00b0C)<\/p>\n<\/li>\n<li class=\"\" data-start=\"1197\" data-end=\"1307\">\n<p class=\"\" data-start=\"1199\" data-end=\"1307\"><strong data-start=\"1199\" data-end=\"1212\">Spotreba:<\/strong> Ako z\u00e1kladn\u00fd n\u00e1ter: 150-300 g\/m\u00b2, ako \u0161pacht\u013eovanie: 600 g\/m\u00b2, ako \u017eivicov\u00e1 malta: 250 g\/m\u00b2\/mm<\/p>\n<\/li>\n<li class=\"\" data-start=\"1308\" data-end=\"1331\">\n<p class=\"\" data-start=\"1310\" data-end=\"1331\"><strong data-start=\"1310\" data-end=\"1320\">Farba:<\/strong> Bezfarebn\u00e1<\/p>\n<\/li>\n<li class=\"\" data-start=\"1332\" data-end=\"1391\">\n<p class=\"\" data-start=\"1334\" data-end=\"1391\"><strong data-start=\"1334\" data-end=\"1352\">Forma dod\u00e1vky:<\/strong> Dvojica plechoviek po 5 kg alebo 10 kg<\/p>\n<\/li>\n<li class=\"\" data-start=\"1392\" data-end=\"1491\">\n<p class=\"\" data-start=\"1394\" data-end=\"1491\"><strong data-start=\"1394\" data-end=\"1410\">Skladovanie:<\/strong> Do 12 mesiacov v chladn\u00fdch, such\u00fdch podmienkach (pod 20\u00b0C). Chr\u00e1ni\u0165 pred mrazom.<\/p>\n<\/li>\n<li class=\"\" data-start=\"1492\" data-end=\"1553\">\n<p class=\"\" data-start=\"1494\" data-end=\"1553\"><strong data-start=\"1494\" data-end=\"1510\">EU smernice:<\/strong> RL2004\/42\/EG AII\/j (500 g\/l) &lt; 500 g\/l VOC<\/p>\n<\/li>\n<\/ul>\n<p class=\"\" data-start=\"1555\" data-end=\"1880\"><strong data-start=\"1555\" data-end=\"1577\">Pr\u00edprava podkladu:<\/strong> Podklad mus\u00ed by\u0165 such\u00fd, \u010dist\u00fd a bez vo\u013en\u00fdch \u010dast\u00ed, tukov a in\u00fdch ne\u010dist\u00f4t. Pri bet\u00f3nov\u00fdch povrchoch sa odpor\u00fa\u010da pou\u017ei\u0165 mechanick\u00e9 met\u00f3dy \u010distenia, ako je pieskovanie, aby sa dosiahla po\u017eadovan\u00e1 pri\u013enavos\u0165. Pri ve\u013emi hladk\u00fdch bet\u00f3nov\u00fdch povrchoch sa odpor\u00fa\u010da mierne zmatni\u0165 povrch pred nanesen\u00edm \u017eivice.<\/p>\n<h4 data-start=\"1882\" data-end=\"1902\"><strong data-start=\"1882\" data-end=\"1902\">Rozsah pou\u017eitia:<\/strong><\/h4>\n<ul data-start=\"1903\" data-end=\"2359\">\n<li class=\"\" data-start=\"1903\" data-end=\"2044\">\n<p class=\"\" data-start=\"1905\" data-end=\"2044\"><strong data-start=\"1905\" data-end=\"1924\">Z\u00e1kladn\u00fd n\u00e1ter:<\/strong> MC-DUR TopSpeed SC ako z\u00e1kladn\u00fd n\u00e1ter na miner\u00e1lnych povrchoch pre povlaky na b\u00e1ze polyuret\u00e1nov\u00fdch a epoxidov\u00fdch \u017eiv\u00edc.<\/p>\n<\/li>\n<li class=\"\" data-start=\"2045\" data-end=\"2124\">\n<p class=\"\" data-start=\"2047\" data-end=\"2124\"><strong data-start=\"2047\" data-end=\"2065\">\u0160pacht\u013eovanie:<\/strong> Vypl\u0148ovanie trhl\u00edn a jamiek, uzatv\u00e1ranie otvoren\u00fdch p\u00f3rov.<\/p>\n<\/li>\n<li class=\"\" data-start=\"2125\" data-end=\"2181\">\n<p class=\"\" data-start=\"2127\" data-end=\"2181\"><strong data-start=\"2127\" data-end=\"2146\">\u017divicov\u00e1 malta:<\/strong> Pr\u00edprava malty na opravu podkladu.<\/p>\n<\/li>\n<li class=\"\" data-start=\"2182\" data-end=\"2278\">\n<p class=\"\" data-start=\"2184\" data-end=\"2278\"><strong data-start=\"2184\" data-end=\"2216\">Syst\u00e9m ochrany povrchov OS8:<\/strong> Zhodnos\u0165 s DAfStb Rili SIB 2001, DIN EN 1504-2 a DIN V 18026.<\/p>\n<\/li>\n<li class=\"\" data-start=\"2279\" data-end=\"2359\">\n<p class=\"\" data-start=\"2281\" data-end=\"2359\"><strong data-start=\"2281\" data-end=\"2293\">Po\u010dasie:<\/strong> Aplik\u00e1cia je mo\u017en\u00e1 aj za nepriazniv\u00fdch poveternostn\u00fdch podmienok.<\/p>\n<\/li>\n<\/ul>\n<h4 data-start=\"2361\" data-end=\"2375\"><strong data-start=\"2361\" data-end=\"2375\">Aplik\u00e1cia:<\/strong><\/h4>\n<ul data-start=\"2376\" data-end=\"2996\" data-is-last-node=\"\" data-is-only-node=\"\">\n<li class=\"\" data-start=\"2376\" data-end=\"2605\">\n<p class=\"\" data-start=\"2378\" data-end=\"2605\"><strong data-start=\"2378\" data-end=\"2395\">Z\u00e1kladovanie:<\/strong> Nan\u00e1\u0161ajte MC-DUR TopSpeed SC pomocou gumovej stierky alebo val\u010deka. \u010cas vytvrdzovania je od 2 do 12 hod\u00edn. Pri technologickej prest\u00e1vke nad 12 hod\u00edn je potrebn\u00e9 povrch jemne posypa\u0165 su\u0161en\u00fdm kremi\u010dit\u00fdm pieskom.<\/p>\n<\/li>\n<li class=\"\" data-start=\"2606\" data-end=\"2826\">\n<p class=\"\" data-start=\"2608\" data-end=\"2826\"><strong data-start=\"2608\" data-end=\"2626\">\u0160pacht\u013eovanie:<\/strong> Naneste zmes MC-DUR TopSpeed SC s kremi\u010dit\u00fdm pieskom pomocou oce\u013eovej stierky, hlad\u00edtka alebo gumovej stierky. V pr\u00edpade potreby posypte \u010derstv\u00fa vrstvu \u0161pacht\u013eovacej hmoty su\u0161en\u00fdm kremi\u010dit\u00fdm pieskom.<\/p>\n<\/li>\n<li class=\"\" data-start=\"2827\" data-end=\"2996\">\n<p class=\"\" data-start=\"2829\" data-end=\"2996\"><strong data-start=\"2829\" data-end=\"2848\">\u017divicov\u00e1 malta:<\/strong> \u017divicov\u00e1 malta MC-DUR TopSpeed SC by sa mala nan\u00e1\u0161a\u0165 na \u010derstv\u00fa vrstvu spojovacej \u017eivice MC-DUR TopSpeed SC. Malta sa mie\u0161a s pieskom v pomere 1:8.<\/p>\n<\/li>\n<\/ul>\n<p>[\/vc_column_text][\/vc_column][\/vc_row]<\/p>\n","protected":false},"excerpt":{"rendered":"<p><strong data-start=\"52\" data-end=\"87\">MC-Bauchemie MC-DUR TopSpeed SC<\/strong> je pokro\u010dil\u00e1, dvojzlo\u017ekov\u00e1 polyuret\u00e1nov\u00e1 \u017eivica, ide\u00e1lna na z\u00e1kladovanie a \u0161pacht\u013eovanie.<\/p>\n","protected":false},"featured_media":275027,"comment_status":"open","ping_status":"closed","template":"","meta":{"_acf_changed":false},"product_brand":[],"product_cat":[923,881,1099,1104],"product_tag":[],"class_list":{"0":"post-279757","1":"product","2":"type-product","3":"status-publish","4":"has-post-thumbnail","6":"product_cat-bestseller-sk","7":"product_cat-hydroizolacja-balkonu-i-tarasu-sk","8":"product_cat-mc-bauchemie-sk","9":"product_cat-zywice-sk","10":"product_shipping_class-trudna-wysylka-sk","12":"first","13":"onbackorder","14":"taxable","15":"shipping-taxable","16":"purchasable","17":"product-type-variable"},"acf":[],"_links":{"self":[{"href":"https:\/\/www.sanier.pl\/sk\/wp-json\/wp\/v2\/product\/279757","targetHints":{"allow":["GET"]}}],"collection":[{"href":"https:\/\/www.sanier.pl\/sk\/wp-json\/wp\/v2\/product"}],"about":[{"href":"https:\/\/www.sanier.pl\/sk\/wp-json\/wp\/v2\/types\/product"}],"replies":[{"embeddable":true,"href":"https:\/\/www.sanier.pl\/sk\/wp-json\/wp\/v2\/comments?post=279757"}],"wp:featuredmedia":[{"embeddable":true,"href":"https:\/\/www.sanier.pl\/sk\/wp-json\/wp\/v2\/media\/275027"}],"wp:attachment":[{"href":"https:\/\/www.sanier.pl\/sk\/wp-json\/wp\/v2\/media?parent=279757"}],"wp:term":[{"taxonomy":"product_brand","embeddable":true,"href":"https:\/\/www.sanier.pl\/sk\/wp-json\/wp\/v2\/product_brand?post=279757"},{"taxonomy":"product_cat","embeddable":true,"href":"https:\/\/www.sanier.pl\/sk\/wp-json\/wp\/v2\/product_cat?post=279757"},{"taxonomy":"product_tag","embeddable":true,"href":"https:\/\/www.sanier.pl\/sk\/wp-json\/wp\/v2\/product_tag?post=279757"}],"curies":[{"name":"wp","href":"https:\/\/api.w.org\/{rel}","templated":true}]}}