{"id":279750,"date":"2024-08-02T08:26:07","date_gmt":"2024-08-02T08:26:07","guid":{"rendered":"https:\/\/www.sanier.pl\/produkt\/mc-dur-topspeed-m-dwuskladnikowa-zywica-reakcyjna-na-bazie-kinetic-boost-technology-kopia\/"},"modified":"2025-03-26T10:35:42","modified_gmt":"2025-03-26T10:35:42","slug":"mc-dur-topspeed-m-dwuskladnikowa-zywica-reakcyjna-na-bazie-kinetic-boost-technology-kopia","status":"publish","type":"product","link":"https:\/\/www.sanier.pl\/sk\/produkt\/mc-dur-topspeed-m-dwuskladnikowa-zywica-reakcyjna-na-bazie-kinetic-boost-technology-kopia\/","title":{"rendered":"MC-Bauchemie MC-DUR TopSpeed M - bezfarebn\u00fd polyuret\u00e1nov\u00fd prostriedok ur\u010den\u00fd na vytvorenie matnej uzatv\u00e1racej vrstvy."},"content":{"rendered":"<p>[vc_row][vc_column][vc_single_image image=\"262031\" img_size=\"medium\" alignment=\"center\"][vc_column_text]<\/p>\n<div class=\"flex max-w-full flex-col flex-grow\">\n<div class=\"min-h-8 text-message relative flex w-full flex-col items-end gap-2 whitespace-normal break-words text-start [.text-message+&amp;]:mt-5\" dir=\"auto\" data-message-author-role=\"assistant\" data-message-id=\"64a8d1fd-5532-46e0-8736-c7d6e90e5a17\" data-message-model-slug=\"gpt-4o-mini\">\n<div class=\"flex w-full flex-col gap-1 empty:hidden first:pt-[3px]\">\n<h2 data-start=\"52\" data-end=\"329\"><strong data-start=\"52\" data-end=\"86\">MC-Bauchemie MC-DUR TopSpeed M<\/strong><\/h2>\n<h5 data-start=\"52\" data-end=\"329\">bezfarebn\u00fd polyuret\u00e1nov\u00fd prostriedok ur\u010den\u00fd na vytvorenie matnej uzatv\u00e1racej vrstvy.<\/h5>\n<p class=\"\" data-start=\"52\" data-end=\"329\"><strong data-start=\"52\" data-end=\"86\">MC-Bauchemie MC-DUR TopSpeed M<\/strong> je \u0161peci\u00e1lny, dvojzlo\u017ekov\u00fd, bezfarebn\u00fd polyuret\u00e1nov\u00fd prostriedok ur\u010den\u00fd na vytvorenie matnej uzatv\u00e1racej vrstvy. V\u010faka r\u00fdchlemu \u010dasu vytvrdzovania a odolnosti vo\u010di UV \u017eiareniu, MC-DUR TopSpeed M poskytuje trval\u00e9 a estetick\u00e9 dokon\u010denie podl\u00e1h.<\/p>\n<h4 data-start=\"331\" data-end=\"346\"><strong data-start=\"331\" data-end=\"346\">Vlastnosti:<\/strong><\/h4>\n<ul data-start=\"347\" data-end=\"707\">\n<li class=\"\" data-start=\"347\" data-end=\"404\">\n<p class=\"\" data-start=\"349\" data-end=\"404\"><strong data-start=\"349\" data-end=\"366\">Dvojzlo\u017ekov\u00fd:<\/strong> Bezfarebn\u00fd polyuret\u00e1nov\u00fd prostriedok.<\/p>\n<\/li>\n<li class=\"\" data-start=\"405\" data-end=\"463\">\n<p class=\"\" data-start=\"407\" data-end=\"463\"><strong data-start=\"407\" data-end=\"423\">Matn\u00fd fini\u0161:<\/strong> Dod\u00e1va povrchu elegantn\u00fd, matn\u00fd vzh\u013ead.<\/p>\n<\/li>\n<li class=\"\" data-start=\"464\" data-end=\"536\">\n<p class=\"\" data-start=\"466\" data-end=\"536\"><strong data-start=\"466\" data-end=\"496\">Odolnos\u0165 vo\u010di UV \u017eiareniu:<\/strong> Ne\u017eltne pod vplyvom slne\u010dn\u00e9ho \u017eiarenia.<\/p>\n<\/li>\n<li class=\"\" data-start=\"537\" data-end=\"612\">\n<p class=\"\" data-start=\"539\" data-end=\"612\"><strong data-start=\"539\" data-end=\"564\">R\u00fdchle vytvrdzovanie:<\/strong> Kr\u00e1tky \u010das vytvrdzovania nez\u00e1visl\u00fd od vlhkosti.<\/p>\n<\/li>\n<li class=\"\" data-start=\"613\" data-end=\"707\">\n<p class=\"\" data-start=\"615\" data-end=\"707\"><strong data-start=\"615\" data-end=\"657\">Vysok\u00e1 mechanick\u00e1 a chemick\u00e1 odolnos\u0165:<\/strong> Odolnos\u0165 proti oderu, po\u0161kriabaniu a chemik\u00e1li\u00e1m.<\/p>\n<\/li>\n<\/ul>\n<h4 data-start=\"709\" data-end=\"729\"><strong data-start=\"709\" data-end=\"729\">Technick\u00e9 \u00fadaje:<\/strong><\/h4>\n<ul data-start=\"730\" data-end=\"1041\">\n<li class=\"\" data-start=\"730\" data-end=\"754\">\n<p class=\"\" data-start=\"732\" data-end=\"754\"><strong data-start=\"732\" data-end=\"742\">Farba:<\/strong> Bezfarebn\u00fd.<\/p>\n<\/li>\n<li class=\"\" data-start=\"755\" data-end=\"815\">\n<p class=\"\" data-start=\"757\" data-end=\"815\"><strong data-start=\"757\" data-end=\"775\">Forma dod\u00e1vky:<\/strong> Dvojica plechoviek po 5 kg alebo 10 kg.<\/p>\n<\/li>\n<li class=\"\" data-start=\"816\" data-end=\"916\">\n<p class=\"\" data-start=\"818\" data-end=\"916\"><strong data-start=\"818\" data-end=\"834\">Skladovanie:<\/strong> Do 12 mesiacov v chladn\u00fdch (pod 20\u00b0C) a such\u00fdch podmienkach. Chr\u00e1ni\u0165 pred mrazom.<\/p>\n<\/li>\n<li class=\"\" data-start=\"917\" data-end=\"970\">\n<p class=\"\" data-start=\"919\" data-end=\"970\"><strong data-start=\"919\" data-end=\"947\">Prostriedok na \u010distenie:<\/strong> MC-Reinigungsmittel U.<\/p>\n<\/li>\n<li class=\"\" data-start=\"971\" data-end=\"1041\">\n<p class=\"\" data-start=\"973\" data-end=\"1041\"><strong data-start=\"973\" data-end=\"989\">EU smernice:<\/strong> 2004\/42 RL2004\/42\/EG AII\/j (500 g\/l) &lt; 500 g\/l VOC.<\/p>\n<\/li>\n<\/ul>\n<p class=\"\" data-start=\"1043\" data-end=\"1309\"><strong data-start=\"1043\" data-end=\"1065\">Pr\u00edprava podkladu:<\/strong> Podklad mus\u00ed by\u0165 such\u00fd, \u010dist\u00fd a nosn\u00fd. Mal by by\u0165 bez ak\u00fdchko\u013evek ne\u010dist\u00f4t, ako s\u00fa oleje, tuky, prach alebo vo\u013en\u00e9 \u010dasti. Pri bet\u00f3nov\u00fdch povrchoch sa odpor\u00fa\u010da pou\u017ei\u0165 mechanick\u00e9 met\u00f3dy, ako je pieskovanie, na dosiahnutie po\u017eadovanej pri\u013enavosti.<\/p>\n<h4 data-start=\"1311\" data-end=\"1331\"><strong data-start=\"1311\" data-end=\"1331\">Rozsah pou\u017eitia:<\/strong><\/h4>\n<ul data-start=\"1332\" data-end=\"1701\">\n<li class=\"\" data-start=\"1332\" data-end=\"1432\">\n<p class=\"\" data-start=\"1334\" data-end=\"1432\"><strong data-start=\"1334\" data-end=\"1354\">Uzavret\u00e1 vrstva:<\/strong> V syst\u00e9moch podlahov\u00fdch povlakov na b\u00e1ze epoxidov\u00fdch a polyuret\u00e1nov\u00fdch \u017eiv\u00edc.<\/p>\n<\/li>\n<li class=\"\" data-start=\"1433\" data-end=\"1525\">\n<p class=\"\" data-start=\"1435\" data-end=\"1525\"><strong data-start=\"1435\" data-end=\"1468\">Dekorat\u00edvne povrchov\u00e9 \u00fapravy:<\/strong> Na povrchoch posypan\u00fdch farebn\u00fdm pieskom alebo vlo\u010dkami.<\/p>\n<\/li>\n<li class=\"\" data-start=\"1526\" data-end=\"1604\">\n<p class=\"\" data-start=\"1528\" data-end=\"1604\"><strong data-start=\"1528\" data-end=\"1550\">N\u00e1ro\u010dn\u00e9 podmienky:<\/strong> Nan\u00e1\u0161anie aj v n\u00e1ro\u010dn\u00fdch poveternostn\u00fdch podmienkach.<\/p>\n<\/li>\n<li class=\"\" data-start=\"1605\" data-end=\"1701\">\n<p class=\"\" data-start=\"1607\" data-end=\"1701\"><strong data-start=\"1607\" data-end=\"1632\">Priemyseln\u00e9 pou\u017eitie:<\/strong> Proti\u0161mykov\u00e9 povlaky v v\u00fdrobn\u00fdch hal\u00e1ch, skladoch, parkovisk\u00e1ch at\u010f.<\/p>\n<\/li>\n<\/ul>\n<h4 data-start=\"1703\" data-end=\"1717\"><strong data-start=\"1703\" data-end=\"1717\">Aplik\u00e1cia:<\/strong><\/h4>\n<p class=\"\" data-start=\"1719\" data-end=\"1995\"><strong data-start=\"1719\" data-end=\"1755\">Vykon\u00e1vanie dekorat\u00edvnej vrstvy:<\/strong> Nan\u00e1\u0161ajte pomocou gumovej stierky alebo tvrdej gumovej \u0161pachtle na povrch \u017eivice reakcie posypan\u00fd farebn\u00fdm pieskom alebo vlo\u010dkami. Rozva\u013ekova\u0165 materi\u00e1l kr\u00ed\u017eovo pomocou val\u010deka s kr\u00e1tkym vlasom, aby sa dosiahol rovnomern\u00fd stupe\u0148 zmatovenia.<\/p>\n<p class=\"\" data-start=\"1997\" data-end=\"2154\"><strong data-start=\"1997\" data-end=\"2030\">Vykon\u00e1vanie hladk\u00e9ho povlaku:<\/strong> Na hladk\u00fdch povrchoch alebo jemne posypan\u00fdch farebn\u00fdmi vlo\u010dkami, nan\u00e1\u0161ajte povlak pomocou val\u010deka s jemne p\u00f3rovitou hubkou.<\/p>\n<p class=\"\" data-start=\"2156\" data-end=\"2250\">Dodr\u017eiavajte uveden\u00fa spotrebu materi\u00e1lu. Kone\u010dn\u00fd stupe\u0148 zmatovenia sa dosiahne po 12 hodin\u00e1ch.<\/p>\n<p class=\"\" data-start=\"2252\" data-end=\"2405\"><strong data-start=\"2252\" data-end=\"2273\">MC-DUR TopSpeed M<\/strong> je ide\u00e1lne rie\u0161enie na vytv\u00e1ranie trval\u00fdch, matn\u00fdch povlakov na priemyseln\u00fdch podlah\u00e1ch, poskytuj\u00fac estetick\u00e9 a funk\u010dn\u00e9 dokon\u010denie.<\/p>\n<\/div>\n<\/div>\n<\/div>\n<div class=\"flex justify-start\"><\/div>\n<p>[\/vc_column_text][\/vc_column][\/vc_row]<\/p>\n","protected":false},"excerpt":{"rendered":"<div class=\"flex max-w-full flex-col flex-grow\">\n<div class=\"min-h-8 text-message relative flex w-full flex-col items-end gap-2 whitespace-normal break-words text-start [.text-message+&amp;]:mt-5\" dir=\"auto\" data-message-author-role=\"assistant\" data-message-id=\"04960f16-f295-4feb-b1b6-7abce1cac69c\" data-message-model-slug=\"gpt-4o-mini\">\n<div class=\"flex w-full flex-col gap-1 empty:hidden first:pt-[3px]\">\n<p class=\"\" data-start=\"52\" data-end=\"184\"><strong data-start=\"52\" data-end=\"101\">Zistite viac o MC-Bauchemie MC-DUR TopSpeed M<\/strong> - bezfarebnom polyuret\u00e1novom prostriedku, ktor\u00fd zais\u0165uje matn\u00fa uzatv\u00e1raciu vrstvu.<\/p>\n<\/div>\n<\/div>\n<\/div>\n<div class=\"flex justify-start\"><\/div>\n","protected":false},"featured_media":275039,"comment_status":"open","ping_status":"closed","template":"","meta":{"_acf_changed":false},"product_brand":[],"product_cat":[881,1099,1104],"product_tag":[],"class_list":{"0":"post-279750","1":"product","2":"type-product","3":"status-publish","4":"has-post-thumbnail","6":"product_cat-hydroizolacja-balkonu-i-tarasu-sk","7":"product_cat-mc-bauchemie-sk","8":"product_cat-zywice-sk","9":"product_shipping_class-trudna-wysylka-sk","11":"first","12":"onbackorder","13":"taxable","14":"shipping-taxable","15":"purchasable","16":"product-type-variable"},"acf":[],"_links":{"self":[{"href":"https:\/\/www.sanier.pl\/sk\/wp-json\/wp\/v2\/product\/279750","targetHints":{"allow":["GET"]}}],"collection":[{"href":"https:\/\/www.sanier.pl\/sk\/wp-json\/wp\/v2\/product"}],"about":[{"href":"https:\/\/www.sanier.pl\/sk\/wp-json\/wp\/v2\/types\/product"}],"replies":[{"embeddable":true,"href":"https:\/\/www.sanier.pl\/sk\/wp-json\/wp\/v2\/comments?post=279750"}],"wp:featuredmedia":[{"embeddable":true,"href":"https:\/\/www.sanier.pl\/sk\/wp-json\/wp\/v2\/media\/275039"}],"wp:attachment":[{"href":"https:\/\/www.sanier.pl\/sk\/wp-json\/wp\/v2\/media?parent=279750"}],"wp:term":[{"taxonomy":"product_brand","embeddable":true,"href":"https:\/\/www.sanier.pl\/sk\/wp-json\/wp\/v2\/product_brand?post=279750"},{"taxonomy":"product_cat","embeddable":true,"href":"https:\/\/www.sanier.pl\/sk\/wp-json\/wp\/v2\/product_cat?post=279750"},{"taxonomy":"product_tag","embeddable":true,"href":"https:\/\/www.sanier.pl\/sk\/wp-json\/wp\/v2\/product_tag?post=279750"}],"curies":[{"name":"wp","href":"https:\/\/api.w.org\/{rel}","templated":true}]}}