{"id":279745,"date":"2024-08-02T08:51:36","date_gmt":"2024-08-02T08:51:36","guid":{"rendered":"https:\/\/www.sanier.pl\/produkt\/mc-dur-topspeed-t-bezbarwny-srodek-poliuretanowy-przeznaczony-do-wykonania-blyszczacej-warstwy-zamykajacej-kopia\/"},"modified":"2025-03-26T08:29:32","modified_gmt":"2025-03-26T08:29:32","slug":"mc-dur-topspeed-t-bezbarwny-srodek-poliuretanowy-przeznaczony-do-wykonania-blyszczacej-warstwy-zamykajacej-kopia","status":"publish","type":"product","link":"https:\/\/www.sanier.pl\/sk\/produkt\/mc-dur-topspeed-t-bezbarwny-srodek-poliuretanowy-przeznaczony-do-wykonania-blyszczacej-warstwy-zamykajacej-kopia\/","title":{"rendered":"MC-Bauchemie MC-DUR TopSpeed T - bezfarebn\u00fd polyuret\u00e1nov\u00fd prostriedok ur\u010den\u00fd na vytvorenie lesklej uzatv\u00e1racej vrstvy."},"content":{"rendered":"<p>[vc_row][vc_column][vc_single_image image=\"262031\" img_size=\"medium\" alignment=\"center\"][vc_column_text]<\/p>\n<div class=\"flex max-w-full flex-col flex-grow\">\n<div class=\"min-h-8 text-message relative flex w-full flex-col items-end gap-2 whitespace-normal break-words text-start [.text-message+&amp;]:mt-5\" dir=\"auto\" data-message-author-role=\"assistant\" data-message-id=\"27b31454-9174-4d96-b969-97bc3b3de85a\" data-message-model-slug=\"gpt-4o-mini\">\n<div class=\"flex w-full flex-col gap-1 empty:hidden first:pt-[3px]\">\n<h1 data-start=\"52\" data-end=\"360\"><strong data-start=\"52\" data-end=\"86\">MC-Bauchemie MC-DUR TopSpeed T<\/strong><\/h1>\n<p class=\"\" data-start=\"52\" data-end=\"360\"><strong data-start=\"52\" data-end=\"86\">MC-Bauchemie MC-DUR TopSpeed T<\/strong> je \u0161peci\u00e1lny, dvojzlo\u017ekov\u00fd polyuret\u00e1nov\u00fd prostriedok na vytv\u00e1ranie leskl\u00fdch uzatv\u00e1rac\u00edch vrstiev. Je ide\u00e1lny na zabezpe\u010denie podl\u00e1h v n\u00e1ro\u010dn\u00fdch poveternostn\u00fdch podmienkach v\u010faka technol\u00f3gii KineticBoost\u00ae, ktor\u00e1 umo\u017e\u0148uje r\u00fdchle vytvrdzovanie nez\u00e1visle od teploty a vlhkosti.<\/p>\n<h4 data-start=\"362\" data-end=\"377\"><strong data-start=\"362\" data-end=\"377\">Vlastnosti:<\/strong><\/h4>\n<ul data-start=\"378\" data-end=\"768\">\n<li class=\"\" data-start=\"378\" data-end=\"445\">\n<p class=\"\" data-start=\"380\" data-end=\"445\"><strong data-start=\"380\" data-end=\"397\">Dvojzlo\u017ekov\u00fd:<\/strong> Polyuret\u00e1nov\u00fd, bezfarebn\u00fd prostriedok s leskom.<\/p>\n<\/li>\n<li class=\"\" data-start=\"446\" data-end=\"519\">\n<p class=\"\" data-start=\"448\" data-end=\"519\"><strong data-start=\"448\" data-end=\"479\">Odolnos\u0165 proti UV \u017eiareniu:<\/strong> Ne\u017eltne pod vplyvom slne\u010dn\u00e9ho \u017eiarenia.<\/p>\n<\/li>\n<li class=\"\" data-start=\"520\" data-end=\"606\">\n<p class=\"\" data-start=\"522\" data-end=\"606\"><strong data-start=\"522\" data-end=\"547\">R\u00fdchle vytvrdzovanie:<\/strong> Kr\u00e1tke \u010dasov\u00e9 intervaly medzi jednotliv\u00fdmi krokmi procesu.<\/p>\n<\/li>\n<li class=\"\" data-start=\"607\" data-end=\"710\">\n<p class=\"\" data-start=\"609\" data-end=\"710\"><strong data-start=\"609\" data-end=\"644\">Chemick\u00e1 a mechanick\u00e1 odolnos\u0165:<\/strong> Vysok\u00e1 odolnos\u0165 proti oderu, po\u0161kriabaniu a p\u00f4sobeniu chemik\u00e1li\u00ed.<\/p>\n<\/li>\n<li class=\"\" data-start=\"711\" data-end=\"768\">\n<p class=\"\" data-start=\"713\" data-end=\"768\"><strong data-start=\"713\" data-end=\"733\">\u013dahk\u00e1 aplik\u00e1cia:<\/strong> Mo\u017enos\u0165 nan\u00e1\u0161ania pomocou val\u010deka.<\/p>\n<\/li>\n<\/ul>\n<h4 data-start=\"770\" data-end=\"790\"><strong data-start=\"770\" data-end=\"790\">Technick\u00e9 \u00fadaje:<\/strong><\/h4>\n<ul data-start=\"791\" data-end=\"1258\">\n<li class=\"\" data-start=\"791\" data-end=\"836\">\n<p class=\"\" data-start=\"793\" data-end=\"836\"><strong data-start=\"793\" data-end=\"820\">Pomern\u00fd pomer mie\u0161ania:<\/strong> 100:88 (z\u00e1klad)<\/p>\n<\/li>\n<li class=\"\" data-start=\"837\" data-end=\"880\">\n<p class=\"\" data-start=\"839\" data-end=\"880\"><strong data-start=\"839\" data-end=\"851\">Hustota:<\/strong> Pribli\u017ene 1,1 g\/cm\u00b3 pri 20\u00b0C<\/p>\n<\/li>\n<li class=\"\" data-start=\"881\" data-end=\"926\">\n<p class=\"\" data-start=\"883\" data-end=\"926\"><strong data-start=\"883\" data-end=\"897\">Viskozita:<\/strong> Pribli\u017ene 650 mPa\u00b7s pri 20\u00b0C<\/p>\n<\/li>\n<li class=\"\" data-start=\"927\" data-end=\"977\">\n<p class=\"\" data-start=\"929\" data-end=\"977\"><strong data-start=\"929\" data-end=\"949\">\u010cas spracovania:<\/strong> Pribli\u017ene 30 min\u00fat pri 20\u00b0C<\/p>\n<\/li>\n<li class=\"\" data-start=\"978\" data-end=\"1022\">\n<p class=\"\" data-start=\"980\" data-end=\"1022\"><strong data-start=\"980\" data-end=\"1002\">\u010cas vytvrdzovania:<\/strong> 2-12 hod\u00edn pri 20\u00b0C<\/p>\n<\/li>\n<li class=\"\" data-start=\"1023\" data-end=\"1046\">\n<p class=\"\" data-start=\"1025\" data-end=\"1046\"><strong data-start=\"1025\" data-end=\"1035\">Farba:<\/strong> Bezfarebn\u00fd<\/p>\n<\/li>\n<li class=\"\" data-start=\"1047\" data-end=\"1095\">\n<p class=\"\" data-start=\"1049\" data-end=\"1095\"><strong data-start=\"1049\" data-end=\"1067\">Forma dod\u00e1vky:<\/strong> Dvojica plechoviek po 10 kg<\/p>\n<\/li>\n<li class=\"\" data-start=\"1096\" data-end=\"1196\">\n<p class=\"\" data-start=\"1098\" data-end=\"1196\"><strong data-start=\"1098\" data-end=\"1114\">Skladovanie:<\/strong> Do 12 mesiacov v chladn\u00fdch (pod 20\u00b0C) a such\u00fdch podmienkach. Chr\u00e1ni\u0165 pred mrazom.<\/p>\n<\/li>\n<li class=\"\" data-start=\"1197\" data-end=\"1258\">\n<p class=\"\" data-start=\"1199\" data-end=\"1258\"><strong data-start=\"1199\" data-end=\"1215\">EU smernice:<\/strong> RL2004\/42\/EG AII\/j (500 g\/l) &lt; 500 g\/l VOC<\/p>\n<\/li>\n<\/ul>\n<h4 data-start=\"1260\" data-end=\"1282\"><strong data-start=\"1260\" data-end=\"1282\">Pr\u00edprava podkladu:<\/strong><\/h4>\n<p class=\"\" data-start=\"1284\" data-end=\"1507\">Podklad by mal by\u0165 such\u00fd, \u010dist\u00fd a nosn\u00fd. Je potrebn\u00e9 odstr\u00e1ni\u0165 vo\u013en\u00e9 \u010dasti, prach, tuky a in\u00e9 ne\u010distoty. Pri bet\u00f3nov\u00fdch povrchoch sa odpor\u00fa\u010da pou\u017ei\u0165 mechanick\u00e9 met\u00f3dy, ako je pieskovanie, aby sa dosiahla spr\u00e1vna pri\u013enavos\u0165.<\/p>\n<h4 data-start=\"1509\" data-end=\"1529\"><strong data-start=\"1509\" data-end=\"1529\">Rozsah pou\u017eitia:<\/strong><\/h4>\n<ul data-start=\"1530\" data-end=\"1824\">\n<li class=\"\" data-start=\"1530\" data-end=\"1617\">\n<p class=\"\" data-start=\"1532\" data-end=\"1617\"><strong data-start=\"1532\" data-end=\"1552\">Uzavret\u00e1 vrstva:<\/strong> Na \u017eivicov\u00e9 povlaky MC pokryt\u00e9 MC-Dekorchips alebo MC-Dekorsand.<\/p>\n<\/li>\n<li class=\"\" data-start=\"1618\" data-end=\"1742\">\n<p class=\"\" data-start=\"1620\" data-end=\"1742\"><strong data-start=\"1620\" data-end=\"1644\">Dekorat\u00edvne povlaky:<\/strong> Mo\u017enos\u0165 dosiahnu\u0165 leskl\u00fd povrch na povrchoch pokryt\u00fdch jemn\u00fdm pieskom alebo dekora\u010dn\u00fdmi vlo\u010dkami.<\/p>\n<\/li>\n<li class=\"\" data-start=\"1743\" data-end=\"1824\">\n<p class=\"\" data-start=\"1745\" data-end=\"1824\"><strong data-start=\"1745\" data-end=\"1767\">N\u00e1ro\u010dn\u00e9 podmienky:<\/strong> Nan\u00e1\u0161anie aj za nepriazniv\u00fdch poveternostn\u00fdch podmienok.<\/p>\n<\/li>\n<\/ul>\n<h4 data-start=\"1826\" data-end=\"1840\"><strong data-start=\"1826\" data-end=\"1840\">Aplik\u00e1cia:<\/strong><\/h4>\n<p class=\"\" data-start=\"1842\" data-end=\"2231\"><strong data-start=\"1842\" data-end=\"1879\">Nan\u00e1\u0161anie ako uzatv\u00e1racia vrstva:<\/strong> Nan\u00e1\u0161ajte kr\u00ed\u017eov\u00fdm sp\u00f4sobom pomocou val\u010deka s kr\u00e1tkym vlasom, rovnomerne a bez pruhov, na \u017eivicov\u00fd povlak s reakciou, ktor\u00fd je pokryt\u00fd posypom z MC-Dekorchips alebo MC-Dekorsand. Dodr\u017eiavajte uveden\u00fa spotrebu materi\u00e1lu. Odpor\u00fa\u010da sa vykona\u0165 sk\u00fa\u0161obn\u00fa plochu. Produkt <strong data-start=\"2145\" data-end=\"2166\">MC-DUR TopSpeed T<\/strong> sa nesmie pou\u017e\u00edva\u0165 ako uzatv\u00e1racia vrstva na hladk\u00fdch podlah\u00e1ch.<\/p>\n<p class=\"\" data-start=\"2233\" data-end=\"2373\"><strong data-start=\"2233\" data-end=\"2255\">Technologick\u00fd \u010das:<\/strong> Prest\u00e1vka medzi vrstvami je od 2 do 12 hod\u00edn. Po \u00faplnom vytvrdnut\u00ed (48 hod\u00edn) je povlak pripraven\u00fd na pln\u00e9 za\u0165a\u017eenie.<\/p>\n<p class=\"\" data-start=\"2375\" data-end=\"2550\"><strong data-start=\"2375\" data-end=\"2409\">MC-Bauchemie MC-DUR TopSpeed T<\/strong> je ide\u00e1lne rie\u0161enie na vytv\u00e1ranie trvanliv\u00fdch, leskl\u00fdch povlakov na priemyseln\u00fdch podlah\u00e1ch, ktor\u00e9 poskytuj\u00fa estetick\u00e9 a funk\u010dn\u00e9 dokon\u010denie.<\/p>\n<\/div>\n<\/div>\n<\/div>\n<div class=\"flex justify-start\"><\/div>\n<p>[\/vc_column_text][\/vc_column][\/vc_row]<\/p>\n","protected":false},"excerpt":{"rendered":"<div class=\"flex max-w-full flex-col flex-grow\">\n<div class=\"min-h-8 text-message relative flex w-full flex-col items-end gap-2 whitespace-normal break-words text-start [.text-message+&amp;]:mt-5\" dir=\"auto\" data-message-author-role=\"assistant\" data-message-id=\"2ea473e5-ab78-4ed9-ac50-7197fee954b7\" data-message-model-slug=\"gpt-4o-mini\">\n<div class=\"flex w-full flex-col gap-1 empty:hidden first:pt-[3px]\">\n<p class=\"\" data-start=\"52\" data-end=\"185\"><strong data-start=\"52\" data-end=\"101\">Zistite viac o MC-Bauchemie MC-DUR TopSpeed T<\/strong> - bezfarebnom polyuret\u00e1novom prostriedku, ktor\u00fd zais\u0165uje leskl\u00fa uzatv\u00e1raciu vrstvu.<\/p>\n<\/div>\n<\/div>\n<\/div>\n<div class=\"flex justify-start\"><\/div>\n","protected":false},"featured_media":275058,"comment_status":"open","ping_status":"closed","template":"","meta":{"_acf_changed":false},"product_brand":[],"product_cat":[881,1099,1104],"product_tag":[],"class_list":{"0":"post-279745","1":"product","2":"type-product","3":"status-publish","4":"has-post-thumbnail","6":"product_cat-hydroizolacja-balkonu-i-tarasu-sk","7":"product_cat-mc-bauchemie-sk","8":"product_cat-zywice-sk","9":"product_shipping_class-trudna-wysylka-sk","11":"first","12":"onbackorder","13":"taxable","14":"shipping-taxable","15":"purchasable","16":"product-type-variable"},"acf":[],"_links":{"self":[{"href":"https:\/\/www.sanier.pl\/sk\/wp-json\/wp\/v2\/product\/279745","targetHints":{"allow":["GET"]}}],"collection":[{"href":"https:\/\/www.sanier.pl\/sk\/wp-json\/wp\/v2\/product"}],"about":[{"href":"https:\/\/www.sanier.pl\/sk\/wp-json\/wp\/v2\/types\/product"}],"replies":[{"embeddable":true,"href":"https:\/\/www.sanier.pl\/sk\/wp-json\/wp\/v2\/comments?post=279745"}],"wp:featuredmedia":[{"embeddable":true,"href":"https:\/\/www.sanier.pl\/sk\/wp-json\/wp\/v2\/media\/275058"}],"wp:attachment":[{"href":"https:\/\/www.sanier.pl\/sk\/wp-json\/wp\/v2\/media?parent=279745"}],"wp:term":[{"taxonomy":"product_brand","embeddable":true,"href":"https:\/\/www.sanier.pl\/sk\/wp-json\/wp\/v2\/product_brand?post=279745"},{"taxonomy":"product_cat","embeddable":true,"href":"https:\/\/www.sanier.pl\/sk\/wp-json\/wp\/v2\/product_cat?post=279745"},{"taxonomy":"product_tag","embeddable":true,"href":"https:\/\/www.sanier.pl\/sk\/wp-json\/wp\/v2\/product_tag?post=279745"}],"curies":[{"name":"wp","href":"https:\/\/api.w.org\/{rel}","templated":true}]}}