{"id":279742,"date":"2024-09-30T11:23:01","date_gmt":"2024-09-30T11:23:01","guid":{"rendered":"https:\/\/www.sanier.pl\/produkt\/hertalan-ks143-klej-powierzchniowy-do-membrany-epdm\/"},"modified":"2025-03-26T08:25:21","modified_gmt":"2025-03-26T08:25:21","slug":"hertalan-ks143-klej-powierzchniowy-do-membrany-epdm","status":"publish","type":"product","link":"https:\/\/www.sanier.pl\/sk\/produkt\/hertalan-ks143-klej-powierzchniowy-do-membrany-epdm\/","title":{"rendered":"HERTALAN KS143 EPDM membr\u00e1nov\u00e9 povrchov\u00e9 lepidlo"},"content":{"rendered":"<p>[vc_row][vc_column][vc_column_text css_animation=\"none\"]<\/p>\n<p><img loading=\"lazy\" decoding=\"async\" class=\"size-medium wp-image-262522\" src=\"https:\/\/www.sanier.pl\/wp-content\/uploads\/2024\/04\/hertalan-vector-logo-300x167.png\" alt=\"HERTALAN EPDM membrana dachowa\" width=\"300\" height=\"167\" srcset=\"https:\/\/www.sanier.pl\/wp-content\/uploads\/2024\/04\/hertalan-vector-logo-300x167.png 300w, https:\/\/www.sanier.pl\/wp-content\/uploads\/2024\/04\/hertalan-vector-logo-800x444.png 800w, https:\/\/www.sanier.pl\/wp-content\/uploads\/2024\/04\/hertalan-vector-logo-768x427.png 768w, https:\/\/www.sanier.pl\/wp-content\/uploads\/2024\/04\/hertalan-vector-logo-848x471.png 848w, https:\/\/www.sanier.pl\/wp-content\/uploads\/2024\/04\/hertalan-vector-logo.png 900w\" sizes=\"auto, (max-width:767px) 300px, 300px\" \/>[\/vc_column_text][\/vc_column][\/vc_row][vc_row][vc_column][vc_column_text]<\/p>\n<h1><span class=\"HwtZe\" lang=\"sk\"><span class=\"jCAhz ChMk0b\"><span class=\"ryNqvb\">HERTALAN KS143 <\/span><\/span><\/span><\/h1>\n<h5><span class=\"HwtZe\" lang=\"sk\"><span class=\"jCAhz ChMk0b\"><span class=\"ryNqvb\">EPDM membr\u00e1nov\u00e9 povrchov\u00e9 lepidlo<\/span><\/span><\/span><\/h5>\n<p>[\/vc_column_text][\/vc_column][\/vc_row][vc_row][vc_column][vc_separator style=\"dashed\"][vc_empty_space height=\"64px\"][\/vc_column][\/vc_row][vc_row][vc_column width=\"1\/4\"][vc_single_image image=\"275212\" img_size=\"medium\" style=\"vc_box_rounded\"][\/vc_column][vc_column width=\"3\/4\"][vc_column_text]<\/p>\n<div class=\"flex max-w-full flex-col flex-grow\">\n<div class=\"min-h-8 text-message relative flex w-full flex-col items-end gap-2 whitespace-normal break-words text-start [.text-message+&amp;]:mt-5\" dir=\"auto\" data-message-author-role=\"assistant\" data-message-id=\"4ffd3da0-24db-4761-8bce-44b32d6b46a5\" data-message-model-slug=\"gpt-4o-mini\">\n<div class=\"flex w-full flex-col gap-1 empty:hidden first:pt-[3px]\">\n<h3 data-start=\"52\" data-end=\"95\"><strong data-start=\"52\" data-end=\"95\">HERTALAN ks143 lepidlo na membr\u00e1ny EPDM<\/strong><\/h3>\n<p class=\"\" data-start=\"97\" data-end=\"498\">HERTALAN ks143 je jednokomponentn\u00e9, pripraven\u00e9 na pou\u017eitie polyuret\u00e1nov\u00e9 lepidlo s organick\u00fdm rozp\u00fa\u0161\u0165adlom, \u0161peci\u00e1lne vyvinut\u00e9 na lepenie EPDM membr\u00e1n Hertalan na r\u00f4znych podkladoch na rovinn\u00fdch povrchoch. Produkt je ide\u00e1lny na lepenie stredu EPDM plachty, zabezpe\u010duj\u00fac trval\u00e9 a \u00fa\u010dinn\u00e9 spojenie. V\u010faka \u013eahkej aplik\u00e1cii a vysokej v\u00fdkonnosti, HERTALAN KS 143 poskytuje spo\u013eahliv\u00fa ochranu proti vlhkosti.<\/p>\n<h4 data-start=\"500\" data-end=\"529\"><strong data-start=\"500\" data-end=\"529\">Vlastnosti lepidla ks143:<\/strong><\/h4>\n<ul data-start=\"530\" data-end=\"1268\">\n<li class=\"\" data-start=\"530\" data-end=\"595\">\n<p class=\"\" data-start=\"532\" data-end=\"595\">Jednokomponentn\u00e9, pripraven\u00e9 na pou\u017eitie polyuret\u00e1nov\u00e9 lepidlo.<\/p>\n<\/li>\n<li class=\"\" data-start=\"596\" data-end=\"703\">\n<p class=\"\" data-start=\"598\" data-end=\"703\">Formula obsahuj\u00faca organick\u00e9 rozp\u00fa\u0161\u0165adlo, ur\u010den\u00e9 na lepenie p\u00e1sov a plachiet EPDM na rovinn\u00fdch povrchoch.<\/p>\n<\/li>\n<li class=\"\" data-start=\"704\" data-end=\"838\">\n<p class=\"\" data-start=\"706\" data-end=\"838\">Vhodn\u00e9 na podklady ako: \u0165a\u017ek\u00fd a \u013eahk\u00fd bet\u00f3n, nepieskovan\u00e9 bitumenov\u00e9 stre\u0161n\u00e9 izol\u00e1cie, bitumenom pokryt\u00e9 izola\u010dn\u00e9 materi\u00e1ly a drevo.<\/p>\n<\/li>\n<li class=\"\" data-start=\"839\" data-end=\"907\">\n<p class=\"\" data-start=\"841\" data-end=\"907\">Nie je vhodn\u00e9 na priame lepenie na polystyr\u00e9nov\u00e9 peny a m\u00e4kk\u00e9 PVC.<\/p>\n<\/li>\n<li class=\"\" data-start=\"908\" data-end=\"986\">\n<p class=\"\" data-start=\"910\" data-end=\"986\">Aplik\u00e1cia mo\u017en\u00e1 pri teplot\u00e1ch od +5\u00b0C v such\u00fdch poveternostn\u00fdch podmienkach.<\/p>\n<\/li>\n<li class=\"\" data-start=\"987\" data-end=\"1046\">\n<p class=\"\" data-start=\"989\" data-end=\"1046\">Tepeln\u00e1 odolnos\u0165: od -40\u00b0C do +80\u00b0C po \u00faplnom vytvrdnut\u00ed.<\/p>\n<\/li>\n<li class=\"\" data-start=\"1047\" data-end=\"1067\">\n<p class=\"\" data-start=\"1049\" data-end=\"1067\">Farba: zlatohned\u00e1.<\/p>\n<\/li>\n<li class=\"\" data-start=\"1068\" data-end=\"1114\">\n<p class=\"\" data-start=\"1070\" data-end=\"1114\">\u010cas \u00fapln\u00e9ho vytvrdnutia: pribli\u017ene 48 hod\u00edn.<\/p>\n<\/li>\n<li class=\"\" data-start=\"1115\" data-end=\"1173\">\n<p class=\"\" data-start=\"1117\" data-end=\"1173\">Spotreba: pribli\u017ene 225 g\/m\u00b2 pri jednostrannom nan\u00e1\u0161an\u00ed.<\/p>\n<\/li>\n<li class=\"\" data-start=\"1174\" data-end=\"1268\">\n<p class=\"\" data-start=\"1176\" data-end=\"1268\">Trvanlivos\u0165: 12 mesiacov v neotvorenom obale, skladovanom v such\u00fdch a chladn\u00fdch podmienkach.<\/p>\n<\/li>\n<\/ul>\n<h4 data-start=\"1270\" data-end=\"1284\"><strong data-start=\"1270\" data-end=\"1284\">Aplik\u00e1cia:<\/strong><\/h4>\n<p class=\"\" data-start=\"1286\" data-end=\"1682\">Hertalan KS 143 je pripraven\u00fd na pou\u017eitie bez potreby mie\u0161ania s in\u00fdmi materi\u00e1lmi. Lepidlo sa nan\u00e1\u0161a v p\u00e1sikoch minim\u00e1lne 8 mm v priemere v pozd\u013a\u017enom smere, pri\u010dom pokrytie povrchu by malo by\u0165 minim\u00e1lne 50%. Povrch podkladu mus\u00ed by\u0165 rovn\u00fd, such\u00fd, \u010dist\u00fd a bez olejov, mastnoty a ostr\u00fdch predmetov (kamene, sklo a pod.). Lepidlo sa aplikuje v such\u00fdch podmienkach pri minim\u00e1lnej teplote okolia +5\u00b0C.<\/p>\n<p class=\"\" data-start=\"1684\" data-end=\"2037\">Pred polo\u017een\u00edm EPDM membr\u00e1ny na povrch pokryt\u00fd lepidlom, je potrebn\u00e9 necha\u0165 lepidlo odpari\u0165 po\u010das 5 a\u017e 20 min\u00fat, aby sa predi\u0161lo tvorbe vzduchov\u00fdch bubl\u00edn. V z\u00e1vislosti od vonkaj\u0161ej teploty m\u00f4\u017ee \u010das plastickosti variova\u0165. Po\u010das da\u017e\u010fa sa treba vyhn\u00fa\u0165 nan\u00e1\u0161aniu v\u00e4\u010d\u0161\u00edch mno\u017estiev lepidla, preto\u017ee by to mohlo s\u0165a\u017ei\u0165 jeho spracovanie v priebehu 5-20 min\u00fat.<\/p>\n<h4 data-start=\"2039\" data-end=\"2057\"><strong data-start=\"2039\" data-end=\"2057\">Vytvrdzovanie:<\/strong><\/h4>\n<p class=\"\" data-start=\"2059\" data-end=\"2276\">\u010cas \u00fapln\u00e9ho vytvrdnutia z\u00e1vis\u00ed od vonkaj\u0161ej teploty a vlhkosti vzduchu. Maxim\u00e1lna mechanick\u00e1 pevnos\u0165 sa dosiahne pribli\u017ene 48 hod\u00edn po aplik\u00e1cii, po \u010dom lepidlo vykazuje \u00fapln\u00fa odolnos\u0165 vo\u010di teplot\u00e1m od -40\u00b0C do +80\u00b0C.<\/p>\n<h4 data-start=\"2278\" data-end=\"2291\"><strong data-start=\"2278\" data-end=\"2291\">Spotreba:<\/strong><\/h4>\n<p class=\"\" data-start=\"2293\" data-end=\"2555\">Priemern\u00e1 spotreba je pribli\u017ene 225 g\/m\u00b2 pri jednostrannom nan\u00e1\u0161an\u00ed, pri\u010dom pokrytie povrchu je pribli\u017ene 50%. Na nasiakav\u00fdch podkladoch treba venova\u0165 pozornos\u0165 dostato\u010dnej aplikovanej vrstve lepidla, aby sa zabezpe\u010dila dostato\u010dn\u00e1 pri\u013enavos\u0165 a trvanlivos\u0165 spoja.<\/p>\n<\/div>\n<\/div>\n<\/div>\n<div class=\"flex justify-start\"><\/div>\n<p>[\/vc_column_text][\/vc_column][\/vc_row][vc_row][vc_column][vc_empty_space][\/vc_column][vc_column][vc_separator style=\"dashed\"][\/vc_column][\/vc_row][vc_row][\/vc_row][vc_column width=\"1\/4\"][\/vc_column]<\/p>\n","protected":false},"excerpt":{"rendered":"<div class=\"flex max-w-full flex-col flex-grow\">\n<div class=\"min-h-8 text-message relative flex w-full flex-col items-end gap-2 whitespace-normal break-words text-start [.text-message+&amp;]:mt-5\" dir=\"auto\" data-message-author-role=\"assistant\" data-message-id=\"916e7aa6-9824-408a-aad1-92660e581a5a\" data-message-model-slug=\"gpt-4o-mini\">\n<div class=\"flex w-full flex-col gap-1 empty:hidden first:pt-[3px]\">\n<p class=\"\" data-start=\"52\" data-end=\"582\"><strong data-start=\"52\" data-end=\"70\">HERTALAN ks143<\/strong> je jednokomponentn\u00e9, pripraven\u00e9 na pou\u017eitie polyuret\u00e1nov\u00e9 lepidlo, ide\u00e1lne na trval\u00e9 upevnenie EPDM membr\u00e1n na rovinn\u00fdch povrchoch, ako s\u00fa bet\u00f3n, bitumenov\u00e9 stre\u0161n\u00e9 izol\u00e1cie alebo drevo. V\u010faka \u013eahkej aplik\u00e1cii a formule s organick\u00fdm rozp\u00fa\u0161\u0165adlom poskytuje spo\u013eahliv\u00fa ochranu proti vlhkosti a odolnos\u0165 vo\u010di extr\u00e9mnym teplot\u00e1m (-40\u00b0C a\u017e +80\u00b0C). Produkt sa vyzna\u010duje vysokou v\u00fdkonnos\u0165ou (pribli\u017ene 225 g\/m\u00b2) a jednoduchos\u0165ou pou\u017eitia, \u010do z neho rob\u00ed neocenite\u013en\u00e9 rie\u0161enie pre profesion\u00e1lov v oblasti hydroizol\u00e1cie.<\/p>\n<\/div>\n<\/div>\n<\/div>\n<div class=\"flex justify-start\"><\/div>\n","protected":false},"featured_media":282736,"comment_status":"open","ping_status":"closed","template":"","meta":{"_acf_changed":false},"product_brand":[],"product_cat":[923,1108,881,882,1033,1058,935],"product_tag":[],"class_list":{"0":"post-279742","1":"product","2":"type-product","3":"status-publish","4":"has-post-thumbnail","6":"product_cat-bestseller-sk","7":"product_cat-hertalan-sk","8":"product_cat-hydroizolacja-balkonu-i-tarasu-sk","9":"product_cat-hydroizolacje-rolowe-sk","10":"product_cat-materialy-uzupelniajace-akcesoria-hydroizolacja-balkonu-i-tarasu-sk","11":"product_cat-materialy-uzupelniajace-akcesoria-dachy-plaskie-i-zielone-sk","12":"product_cat-membrany-epdm-sk","13":"product_shipping_class-latwa-wysylka-sk","15":"first","16":"instock","17":"sale","18":"taxable","19":"shipping-taxable","20":"purchasable","21":"product-type-simple"},"acf":[],"_links":{"self":[{"href":"https:\/\/www.sanier.pl\/sk\/wp-json\/wp\/v2\/product\/279742","targetHints":{"allow":["GET"]}}],"collection":[{"href":"https:\/\/www.sanier.pl\/sk\/wp-json\/wp\/v2\/product"}],"about":[{"href":"https:\/\/www.sanier.pl\/sk\/wp-json\/wp\/v2\/types\/product"}],"replies":[{"embeddable":true,"href":"https:\/\/www.sanier.pl\/sk\/wp-json\/wp\/v2\/comments?post=279742"}],"wp:featuredmedia":[{"embeddable":true,"href":"https:\/\/www.sanier.pl\/sk\/wp-json\/wp\/v2\/media\/282736"}],"wp:attachment":[{"href":"https:\/\/www.sanier.pl\/sk\/wp-json\/wp\/v2\/media?parent=279742"}],"wp:term":[{"taxonomy":"product_brand","embeddable":true,"href":"https:\/\/www.sanier.pl\/sk\/wp-json\/wp\/v2\/product_brand?post=279742"},{"taxonomy":"product_cat","embeddable":true,"href":"https:\/\/www.sanier.pl\/sk\/wp-json\/wp\/v2\/product_cat?post=279742"},{"taxonomy":"product_tag","embeddable":true,"href":"https:\/\/www.sanier.pl\/sk\/wp-json\/wp\/v2\/product_tag?post=279742"}],"curies":[{"name":"wp","href":"https:\/\/api.w.org\/{rel}","templated":true}]}}