{"id":279737,"date":"2024-10-16T13:15:14","date_gmt":"2024-10-16T13:15:14","guid":{"rendered":"https:\/\/www.sanier.pl\/produkt\/optolith-hydrogum-easy\/"},"modified":"2025-03-25T12:38:43","modified_gmt":"2025-03-25T12:38:43","slug":"optolith-hydrogum-easy","status":"publish","type":"product","link":"https:\/\/www.sanier.pl\/sk\/produkt\/optolith-hydrogum-easy\/","title":{"rendered":"Optolith Hydrogum Easy"},"content":{"rendered":"<h1>Optolith HydroGum Easy<\/h1>\n<h2 data-start=\"52\" data-end=\"127\"><strong data-start=\"52\" data-end=\"127\"><br data-start=\"76\" data-end=\"79\" \/>Jednokomponentn\u00e1 tekut\u00e1 f\u00f3lia na hydroizol\u00e1ciu<\/strong><\/h2>\n<p class=\"\" data-start=\"129\" data-end=\"870\"><strong>HydroGum Easy<\/strong> je pripraven\u00e1 na pou\u017eitie, \u013eahko aplikovate\u013en\u00e1 hmota\/membr\u00e1na, ktor\u00fa je mo\u017en\u00e9 nan\u00e1\u0161a\u0165 ma\u013eovan\u00edm alebo \u0161pacht\u013eovan\u00edm. Produkt sa vyzna\u010duje r\u00fdchlym \u010dasom schnutia a je dostupn\u00fd v dvoch farb\u00e1ch, ktor\u00e9 u\u013eah\u010duj\u00fa aplik\u00e1ciu. HydroGum Easy sl\u00fa\u017ei ako ochrana proti vlhkosti a vode, nach\u00e1dza uplatnenie na r\u00f4znych povrchoch, ako s\u00fa cementovo-v\u00e1penn\u00e9 omietky, sadrov\u00e9 omietky, v\u00e1penn\u00e9 omietky, bet\u00f3nov\u00e9 podklady, keramick\u00e9 tehly, G-K dosky, OSB a in\u00e9. Po vyschnut\u00ed vytv\u00e1ra pevn\u00fd podklad na dokon\u010dovanie r\u00f4znymi materi\u00e1lmi, ako s\u00fa obklady, terakota, pr\u00edrodn\u00fd kame\u0148, drevo, drevotrieskov\u00e9 materi\u00e1ly a syntetick\u00e9 podlahy. M\u00f4\u017ee sa pou\u017e\u00edva\u0165 na podkladoch v syst\u00e9moch podlahov\u00e9ho a stenov\u00e9ho vykurovania a na povrchoch n\u00e1chyln\u00fdch na deform\u00e1cie.<\/p>\n<h4 data-start=\"872\" data-end=\"910\"><strong data-start=\"872\" data-end=\"910\">Vlastnosti Optolith HydroGum Easy:<\/strong><\/h4>\n<ul data-start=\"911\" data-end=\"1801\">\n<li class=\"\" data-start=\"911\" data-end=\"1008\">\n<p class=\"\" data-start=\"913\" data-end=\"1008\"><strong data-start=\"913\" data-end=\"940\">Pripraven\u00fd na pou\u017eitie:<\/strong> Produkt je plne pripraven\u00fd na okam\u017eit\u00e9 pou\u017eitie, \u010do u\u013eah\u010duje pr\u00e1cu.<\/p>\n<\/li>\n<li class=\"\" data-start=\"1009\" data-end=\"1178\">\n<p class=\"\" data-start=\"1011\" data-end=\"1178\"><strong data-start=\"1011\" data-end=\"1031\">\u013dahk\u00e1 aplik\u00e1cia:<\/strong> Nan\u00e1\u0161anie je mo\u017en\u00e9 ma\u013eovan\u00edm alebo \u0161pacht\u013eovan\u00edm, dostupn\u00e9 v dvoch farb\u00e1ch \u2013 \u0161edej (G) a bielej (W), \u010do u\u013eah\u010duje kontrolu hr\u00fabky nan\u00e1\u0161anej vrstvy.<\/p>\n<\/li>\n<li class=\"\" data-start=\"1179\" data-end=\"1271\">\n<p class=\"\" data-start=\"1181\" data-end=\"1271\"><strong data-start=\"1181\" data-end=\"1199\">R\u00fdchloschn\u00faci:<\/strong> Kr\u00e1tky \u010das schnutia umo\u017e\u0148uje r\u00fdchlo pokra\u010dova\u0165 v dokon\u010dovac\u00edch pr\u00e1cach.<\/p>\n<\/li>\n<li class=\"\" data-start=\"1272\" data-end=\"1390\">\n<p class=\"\" data-start=\"1274\" data-end=\"1390\"><strong data-start=\"1274\" data-end=\"1304\">Vodotesnos\u0165 a flexibilita:<\/strong> Vytv\u00e1ra bez\u0161vov\u00fa, vodotesn\u00fa vrstvu, ktor\u00e1 efekt\u00edvne premost\u00ed praskliny a\u017e do 1,45 mm.<\/p>\n<\/li>\n<li class=\"\" data-start=\"1391\" data-end=\"1572\">\n<p class=\"\" data-start=\"1393\" data-end=\"1572\"><strong data-start=\"1393\" data-end=\"1411\">Univerz\u00e1lnos\u0165:<\/strong> Ve\u013emi dobre sa pri\u013ene k r\u00f4znym stavebn\u00fdm podkladom, ako s\u00fa cementovo-v\u00e1penn\u00e9 omietky, sadrov\u00e9 omietky, bet\u00f3nov\u00e9 podklady, keramick\u00e9 tehly, G-K dosky, OSB a in\u00e9.<\/p>\n<\/li>\n<li class=\"\" data-start=\"1573\" data-end=\"1648\">\n<p class=\"\" data-start=\"1575\" data-end=\"1648\"><strong data-start=\"1575\" data-end=\"1596\">Bezpe\u010dn\u00e1 formula:<\/strong> Neobsahuje rozp\u00fa\u0161\u0165adl\u00e1, odoln\u00e1 vo\u010di v\u00e1penn\u00fdm vod\u00e1m.<\/p>\n<\/li>\n<li class=\"\" data-start=\"1649\" data-end=\"1801\">\n<p class=\"\" data-start=\"1651\" data-end=\"1801\"><strong data-start=\"1651\" data-end=\"1675\">Normy a certifik\u00e1ty:<\/strong> Sp\u013a\u0148a po\u017eiadavky normy DIN 18534 pre triedy W0-I, W1-I a W2-I pre steny, \u010do potvrdzuje jej \u00fa\u010dinnos\u0165 v ochrane proti vlhkosti.<\/p>\n<\/li>\n<\/ul>\n<h4 data-start=\"1803\" data-end=\"1839\"><strong data-start=\"1803\" data-end=\"1839\">Pou\u017eitie Optolith HydroGum Easy:<\/strong><\/h4>\n<ul data-start=\"1840\" data-end=\"2640\">\n<li class=\"\" data-start=\"1840\" data-end=\"2019\">\n<p class=\"\" data-start=\"1842\" data-end=\"2019\"><strong data-start=\"1842\" data-end=\"1876\">Ochrana proti vlhkosti a vode:<\/strong> Pou\u017e\u00edva sa na cementovo-v\u00e1penn\u00e9 omietky, sadrov\u00e9 omietky, v\u00e1penn\u00e9 omietky, bet\u00f3nov\u00e9 podklady, keramick\u00e9 tehly, G-K dosky, OSB a in\u00e9 materi\u00e1ly.<\/p>\n<\/li>\n<li class=\"\" data-start=\"2020\" data-end=\"2234\">\n<p class=\"\" data-start=\"2022\" data-end=\"2234\"><strong data-start=\"2022\" data-end=\"2061\">Podklad pod dokon\u010dovacie materi\u00e1ly:<\/strong> Po vyschnut\u00ed vytv\u00e1ra hotov\u00fd povrch na \u010fal\u0161ie dokon\u010denie, napr\u00edklad obklada\u010dkami, terakotou, pr\u00edrodn\u00fdm kame\u0148om, drevom, drevotrieskov\u00fdmi materi\u00e1lmi a syntetick\u00fdmi podlahami.<\/p>\n<\/li>\n<li class=\"\" data-start=\"2235\" data-end=\"2322\">\n<p class=\"\" data-start=\"2237\" data-end=\"2322\"><strong data-start=\"2237\" data-end=\"2258\">Vlhk\u00e9 miestnosti:<\/strong> Ide\u00e1lna na k\u00fape\u013ene, sauny, kuchyne, pr\u00e1\u010dovne, sprchovacie k\u00faty.<\/p>\n<\/li>\n<li class=\"\" data-start=\"2323\" data-end=\"2538\">\n<p class=\"\" data-start=\"2325\" data-end=\"2538\"><strong data-start=\"2325\" data-end=\"2374\">Podklady n\u00e1chyln\u00e9 na deform\u00e1cie a vykurovan\u00e9:<\/strong> Mo\u017enos\u0165 pou\u017eitia na podkladoch n\u00e1chyln\u00fdch na deform\u00e1cie, ako s\u00fa syst\u00e9my podlahov\u00e9ho alebo stenov\u00e9ho vykurovania, ako aj na bet\u00f3nov\u00fdch podlah\u00e1ch v f\u00e1ze smr\u0161\u0165ovania.<\/p>\n<\/li>\n<li class=\"\" data-start=\"2539\" data-end=\"2640\">\n<p class=\"\" data-start=\"2541\" data-end=\"2640\"><strong data-start=\"2541\" data-end=\"2556\">Obmedzenia:<\/strong> Nie je vhodn\u00e9 pre objekty, kde voda p\u00f4sob\u00ed pod tlakom, pozit\u00edvnym alebo negat\u00edvnym.<\/p>\n<\/li>\n<\/ul>\n<p class=\"\" data-start=\"2642\" data-end=\"2681\"><a href=\"https:\/\/optolith.pl\/wp-content\/uploads\/2021\/11\/KCH-Optostop-HydroGum-Easy-2022.pdf\" target=\"_blank\" rel=\"noopener\"><strong data-start=\"2642\" data-end=\"2681\">Hydrogum Easy karta charakteristiky<\/strong><\/a><\/p>\n<p class=\"\" data-start=\"2683\" data-end=\"2716\"><a href=\"https:\/\/optolith.pl\/wp-content\/uploads\/2021\/11\/KT-Optostop-HydroGum-Easy-2020-05.pdf\" target=\"_blank\" rel=\"noopener\"><strong data-start=\"2683\" data-end=\"2716\" data-is-last-node=\"\">Hydrogum Easy karta technick\u00e1<\/strong><\/a><\/p>\n<p>&nbsp;<\/p>\n","protected":false},"excerpt":{"rendered":"<p><strong data-start=\"52\" data-end=\"69\">HydroGum Easy<\/strong> je pripraven\u00e1 na pou\u017eitie, r\u00fdchloschn\u00faca izola\u010dn\u00e1 membr\u00e1na v tekutej forme, dostupn\u00e1 v \u0161ed\u00fdch a bielych farb\u00e1ch, ktor\u00e9 u\u013eah\u010duj\u00fa kontrolu aplik\u00e1cie. Vytv\u00e1ra elastick\u00fa, bez\u0161vov\u00fa vodotesn\u00fa vrstvu, ktor\u00e1 efekt\u00edvne premost\u00ed trhliny a\u017e do 1,45 mm. V\u00fdborne sa pri\u013ene k r\u00f4znym stavebn\u00fdm podkladom, ako s\u00fa omietky, bet\u00f3n, G-K dosky a OSB, a poskytuje \u00fa\u010dinn\u00fa ochranu proti vlhkosti. Ide\u00e1lna na vlhk\u00e9 miestnosti, ako s\u00fa k\u00fape\u013ene, kuchyne alebo pr\u00e1\u010dovne. Sp\u013a\u0148a normy DIN 18534, ale nie je vhodn\u00e1 na pou\u017eitie v miestach, kde voda p\u00f4sob\u00ed pod tlakom.<\/p>\n","protected":false},"featured_media":275414,"comment_status":"open","ping_status":"closed","template":"","meta":[],"product_brand":[],"product_cat":[885,1107,911],"product_tag":[],"class_list":{"0":"post-279737","1":"product","2":"type-product","3":"status-publish","4":"has-post-thumbnail","6":"product_cat-hydroizolacje-lazienek-i-pomieszczen-mokrych-sk","7":"product_cat-optolith-sk","8":"product_cat-promowane-sk","9":"product_shipping_class-trudna-wysylka-sk","11":"first","12":"onbackorder","13":"taxable","14":"shipping-taxable","15":"purchasable","16":"product-type-variable"},"_links":{"self":[{"href":"https:\/\/www.sanier.pl\/sk\/wp-json\/wp\/v2\/product\/279737","targetHints":{"allow":["GET"]}}],"collection":[{"href":"https:\/\/www.sanier.pl\/sk\/wp-json\/wp\/v2\/product"}],"about":[{"href":"https:\/\/www.sanier.pl\/sk\/wp-json\/wp\/v2\/types\/product"}],"replies":[{"embeddable":true,"href":"https:\/\/www.sanier.pl\/sk\/wp-json\/wp\/v2\/comments?post=279737"}],"wp:featuredmedia":[{"embeddable":true,"href":"https:\/\/www.sanier.pl\/sk\/wp-json\/wp\/v2\/media\/275414"}],"wp:attachment":[{"href":"https:\/\/www.sanier.pl\/sk\/wp-json\/wp\/v2\/media?parent=279737"}],"wp:term":[{"taxonomy":"product_brand","embeddable":true,"href":"https:\/\/www.sanier.pl\/sk\/wp-json\/wp\/v2\/product_brand?post=279737"},{"taxonomy":"product_cat","embeddable":true,"href":"https:\/\/www.sanier.pl\/sk\/wp-json\/wp\/v2\/product_cat?post=279737"},{"taxonomy":"product_tag","embeddable":true,"href":"https:\/\/www.sanier.pl\/sk\/wp-json\/wp\/v2\/product_tag?post=279737"}],"curies":[{"name":"wp","href":"https:\/\/api.w.org\/{rel}","templated":true}]}}