{"id":279735,"date":"2023-01-27T14:26:23","date_gmt":"2023-01-27T14:26:23","guid":{"rendered":"https:\/\/www.sanier.pl\/produkt\/kabe-kombi-finisz-g5\/"},"modified":"2025-03-25T12:19:51","modified_gmt":"2025-03-25T12:19:51","slug":"kabe-kombi-finisz-g5","status":"publish","type":"product","link":"https:\/\/www.sanier.pl\/sk\/produkt\/kabe-kombi-finisz-g5\/","title":{"rendered":"KABE KOMBI FINISZ G5"},"content":{"rendered":"<h1><a href=\"https:\/\/www.sanier.pl\/sklep\/?s=kabe&amp;post_type=product\">KABE KOMBI FINISZ G5<\/a><\/h1>\n<h4 data-start=\"52\" data-end=\"105\"><strong data-start=\"52\" data-end=\"105\"><br data-start=\"74\" data-end=\"77\" \/>Miner\u00e1lna \u0161pacht\u013eov\u00e1 malta<\/strong><\/h4>\n<p class=\"\" data-start=\"107\" data-end=\"935\">Kombi Finisz G5 je miner\u00e1lna \u0161pacht\u013eov\u00e1 malta. Vyzna\u010duje sa estetickou, bielou a jemnozrnnou \u0161trukt\u00farou. Pou\u017e\u00edva sa na tenkovrstvov\u00e9 vyrovn\u00e1vanie povrchov stropov a stien. Produkt je ur\u010den\u00fd na vn\u00fatorn\u00e9 aj vonkaj\u0161ie pou\u017eitie, vr\u00e1tane syst\u00e9mov zatep\u013eovania. Materi\u00e1l m\u00f4\u017ee by\u0165 pou\u017eit\u00fd ako vrchn\u00e1 vrstva alebo podkladov\u00e1 vrstva pod fini\u0161ov\u00e9 omietky a maliarske povlaky. Biela farba malty umo\u017e\u0148uje obmedzi\u0165 po\u010det n\u00e1terov na dosiahnutie \u00fapln\u00e9ho dekorat\u00edvneho efektu. \u013dahk\u00e1 aplik\u00e1cia po zmie\u0161an\u00ed produktu s vodou, malta m\u00e1 plastick\u00fa konzistenciu. Po vytvrdnut\u00ed vytv\u00e1ra elastick\u00fa vrstvu fin\u00e1lnej \u00fapravy, ktor\u00e1 po spr\u00e1vnom opracovan\u00ed umo\u017e\u0148uje dosiahnu\u0165 \u0161trukt\u00faru filcu. Produkt je ur\u010den\u00fd na pou\u017eitie na sez\u00f3novan\u00e9 miner\u00e1lne podklady, ako je v\u00e1penn\u00e1 omietka, v\u00e1pennocementov\u00e1, cementov\u00e1 omietka, ako aj tehlov\u00e9 murivo a bet\u00f3nov\u00e9 podklady.<\/p>\n<p class=\"\" data-start=\"937\" data-end=\"1085\">Vyzna\u010duje sa vysokou odolnos\u0165ou proti tvorbe trhl\u00edn sp\u00f4soben\u00fdch zmr\u0161\u0165ovan\u00edm. Materi\u00e1l je vystu\u017een\u00fd mikrovl\u00e1knami. Produkt m\u00e1 \u0161irok\u00fa oblas\u0165 pou\u017eitia.<\/p>\n<h4 data-start=\"1087\" data-end=\"1117\"><strong data-start=\"1087\" data-end=\"1117\">Vlastnosti KOMBI FINISZ G5<\/strong><\/h4>\n<ul data-start=\"1119\" data-end=\"1369\">\n<li class=\"\" data-start=\"1119\" data-end=\"1160\">\n<p class=\"\" data-start=\"1121\" data-end=\"1160\">Elastick\u00e1, biela a jemnozrnn\u00e1 \u0161trukt\u00fara<\/p>\n<\/li>\n<li class=\"\" data-start=\"1161\" data-end=\"1185\">\n<p class=\"\" data-start=\"1163\" data-end=\"1185\">Plastick\u00e1 konzistencia<\/p>\n<\/li>\n<li class=\"\" data-start=\"1186\" data-end=\"1247\">\n<p class=\"\" data-start=\"1188\" data-end=\"1247\">Vysok\u00e1 odolnos\u0165 proti tvorbe trhl\u00edn sp\u00f4soben\u00fdch zmr\u0161\u0165ovan\u00edm<\/p>\n<\/li>\n<li class=\"\" data-start=\"1248\" data-end=\"1279\">\n<p class=\"\" data-start=\"1250\" data-end=\"1279\">\u013dahk\u00e1 aplik\u00e1cia a opracovanie<\/p>\n<\/li>\n<li class=\"\" data-start=\"1280\" data-end=\"1304\">\n<p class=\"\" data-start=\"1282\" data-end=\"1304\">\u0160irok\u00e1 oblas\u0165 pou\u017eitia<\/p>\n<\/li>\n<li class=\"\" data-start=\"1305\" data-end=\"1343\">\n<p class=\"\" data-start=\"1307\" data-end=\"1343\">Umo\u017e\u0148uje dosiahnu\u0165 \u0161trukt\u00faru \"filcu\"<\/p>\n<\/li>\n<li class=\"\" data-start=\"1344\" data-end=\"1369\">\n<p class=\"\" data-start=\"1346\" data-end=\"1369\">Vystu\u017een\u00e1 mikrovl\u00e1knami<\/p>\n<\/li>\n<\/ul>\n<h4 data-start=\"1371\" data-end=\"1383\"><strong data-start=\"1371\" data-end=\"1383\">Pou\u017eitie<\/strong><\/h4>\n<ul data-start=\"1385\" data-end=\"1617\">\n<li class=\"\" data-start=\"1385\" data-end=\"1420\">\n<p class=\"\" data-start=\"1387\" data-end=\"1420\">Na vn\u00fatorn\u00e9 aj vonkaj\u0161ie pou\u017eitie<\/p>\n<\/li>\n<li class=\"\" data-start=\"1421\" data-end=\"1488\">\n<p class=\"\" data-start=\"1423\" data-end=\"1488\">Pou\u017e\u00edva sa na tenkovrstvov\u00e9 vyrovn\u00e1vanie povrchov stropov a stien<\/p>\n<\/li>\n<li class=\"\" data-start=\"1489\" data-end=\"1532\">\n<p class=\"\" data-start=\"1491\" data-end=\"1532\">M\u00f4\u017ee by\u0165 pou\u017eit\u00fd v syst\u00e9moch zatep\u013eovania<\/p>\n<\/li>\n<li class=\"\" data-start=\"1533\" data-end=\"1617\">\n<p class=\"\" data-start=\"1535\" data-end=\"1617\">Ako vrchn\u00e1 vrstva alebo podkladov\u00e1 vrstva pod fini\u0161ov\u00e9 omietky a maliarske povlaky<\/p>\n<\/li>\n<\/ul>\n<p class=\"\" data-start=\"1619\" data-end=\"1638\"><a href=\"https:\/\/farbykabe.pl\/wp-content\/uploads\/2019\/05\/kombi-finisz-g5.pdf\" target=\"_blank\" rel=\"noopener\"><strong data-start=\"1619\" data-end=\"1638\" data-is-last-node=\"\">Technick\u00e1 karta<\/strong><\/a><\/p>\n","protected":false},"excerpt":{"rendered":"<p>KABE KOMBI FINISZ G5 Miner\u00e1lna \u0161pacht\u013eov\u00e1 malta Kombi Finisz G5 je miner\u00e1lna \u0161pacht\u013eov\u00e1 malta. Vyzna\u010duje sa estetickou, bielou a jemnozrnnou \u0161trukt\u00farou. Pou\u017e\u00edva sa na tenkovrstvov\u00e9 vyrovn\u00e1vanie<span class=\"excerpt-hellip\"> [\u2026]<\/span><\/p>\n","protected":false},"featured_media":272027,"comment_status":"open","ping_status":"closed","template":"","meta":{"_acf_changed":false},"product_brand":[],"product_cat":[1027,1088,933,1102,914,1037],"product_tag":[],"class_list":{"0":"post-279735","1":"product","2":"type-product","3":"status-publish","4":"has-post-thumbnail","6":"product_cat-kabe-sk","7":"product_cat-materialy-sk","8":"product_cat-prace-zewnetrzne-dachy-i-elewacje-sk","9":"product_cat-renowacja-sk","10":"product_cat-renowacja-elewacji-sk","11":"product_cat-tynki-i-szpachle-sk","12":"product_shipping_class-latwa-wysylka-sk","14":"first","15":"instock","16":"taxable","17":"shipping-taxable","18":"purchasable","19":"product-type-simple"},"acf":[],"_links":{"self":[{"href":"https:\/\/www.sanier.pl\/sk\/wp-json\/wp\/v2\/product\/279735","targetHints":{"allow":["GET"]}}],"collection":[{"href":"https:\/\/www.sanier.pl\/sk\/wp-json\/wp\/v2\/product"}],"about":[{"href":"https:\/\/www.sanier.pl\/sk\/wp-json\/wp\/v2\/types\/product"}],"replies":[{"embeddable":true,"href":"https:\/\/www.sanier.pl\/sk\/wp-json\/wp\/v2\/comments?post=279735"}],"wp:featuredmedia":[{"embeddable":true,"href":"https:\/\/www.sanier.pl\/sk\/wp-json\/wp\/v2\/media\/272027"}],"wp:attachment":[{"href":"https:\/\/www.sanier.pl\/sk\/wp-json\/wp\/v2\/media?parent=279735"}],"wp:term":[{"taxonomy":"product_brand","embeddable":true,"href":"https:\/\/www.sanier.pl\/sk\/wp-json\/wp\/v2\/product_brand?post=279735"},{"taxonomy":"product_cat","embeddable":true,"href":"https:\/\/www.sanier.pl\/sk\/wp-json\/wp\/v2\/product_cat?post=279735"},{"taxonomy":"product_tag","embeddable":true,"href":"https:\/\/www.sanier.pl\/sk\/wp-json\/wp\/v2\/product_tag?post=279735"}],"curies":[{"name":"wp","href":"https:\/\/api.w.org\/{rel}","templated":true}]}}