{"id":279728,"date":"2023-02-15T11:44:28","date_gmt":"2023-02-15T11:44:28","guid":{"rendered":"https:\/\/www.sanier.pl\/produkt\/kabe-grunt-novalit-gt\/"},"modified":"2025-03-25T10:54:19","modified_gmt":"2025-03-25T10:54:19","slug":"kabe-grunt-novalit-gt","status":"publish","type":"product","link":"https:\/\/www.sanier.pl\/sk\/produkt\/kabe-grunt-novalit-gt\/","title":{"rendered":"KABE Grunt Novalit GT"},"content":{"rendered":"<h1><a href=\"https:\/\/www.sanier.pl\/sklep\/?s=KABE&amp;post_type=product\">KABE Grunt Novalit GT <\/a><\/h1>\n<h4 data-start=\"52\" data-end=\"134\"><strong data-start=\"52\" data-end=\"134\">Pr\u00edpravok na z\u00e1kladn\u00fd n\u00e1ter pod polik\u0159emianov\u00e9 omietky<\/strong><\/h4>\n<p class=\"\" data-start=\"136\" data-end=\"780\"><strong>Novalit GT<\/strong> je farben\u00fd pr\u00edpravok na b\u00e1ze n\u00edzkoalkalick\u00fdch polik\u0159emianov a kopolym\u00e9rov\u00e9ho spojiva. Produkt je ur\u010den\u00fd na spr\u00e1vnu pr\u00edpravu podkladu pre polik\u0159emianov\u00e9 omietky <a href=\"https:\/\/farbykabe.pl\/produkty\/elewacje\/tynki-cienkowarstwowe\/polikrzemianowe-niskoalkaliczne\/novalit-t-polikrzemianowa-masa-tynkarska\/\" target=\"_blank\" rel=\"noopener\">NOVALIT T<\/a> a <a href=\"https:\/\/farbykabe.pl\/produkty\/elewacje\/tynki-cienkowarstwowe\/polikrzemianowe-niskoalkaliczne\/novalit-t-akord-polikrzemianowa-masa-tynkarska-do-natrysku-maszynowego\/\" target=\"_blank\" rel=\"noopener\">NOVALIT T AKORD<\/a>. Sl\u00fa\u017ei na z\u00e1kladovanie v\u0161etk\u00fdch typick\u00fdch stavebn\u00fdch podkladov na vonkaj\u0161\u00edch ploch\u00e1ch budov a vystu\u017een\u00fdch vrstiev v syst\u00e9moch zatep\u013eovania <a href=\"https:\/\/farbykabe.pl\/produkty\/elewacje\/systemy-ocieplenia-budynkow\/systemy-ocieplania-budynkow-oparte-na-styropianie\/kabe-therm-reno\/\" target=\"_blank\" rel=\"noopener\">KABE THERM RENO<\/a>, <a href=\"https:\/\/farbykabe.pl\/produkty\/elewacje\/systemy-ocieplenia-budynkow\/systemy-ocieplania-budynkow-oparte-na-styropianie\/kabe-therm-avant\/\" target=\"_blank\" rel=\"noopener\">KABE THERM AVANT<\/a> a <a href=\"https:\/\/farbykabe.pl\/produkty\/elewacje\/systemy-ocieplenia-budynkow\/systemy-ocieplania-budynkow-oparte-na-welnie-mineralnej\/kabe-therm-mw\/\" target=\"_blank\" rel=\"noopener\">KABE THERM<\/a> MW* a v renova\u010dnom syst\u00e9me proti prasklin\u00e1m NOVALIT RSA. Pou\u017e\u00edva sa na miner\u00e1lnych podkladoch (ako bet\u00f3n, v\u00e1penn\u00e9 omietky, v\u00e1pennocementov\u00e9 a cementov\u00e9 omietky), ako aj na podkladoch pokryt\u00fdch dobre spojenou maliarskou vrstvou na b\u00e1ze syntetick\u00fdch materi\u00e1lov.<\/p>\n<p class=\"\" data-start=\"782\" data-end=\"807\"><strong data-start=\"782\" data-end=\"807\">Vlastnosti Novalit GT<\/strong><\/p>\n<ul data-start=\"809\" data-end=\"1193\">\n<li class=\"\" data-start=\"809\" data-end=\"838\">\n<p class=\"\" data-start=\"811\" data-end=\"838\">Zlep\u0161uje pri\u013enavos\u0165 omietky<\/p>\n<\/li>\n<li class=\"\" data-start=\"839\" data-end=\"882\">\n<p class=\"\" data-start=\"841\" data-end=\"882\">Zni\u017euje a vyrovn\u00e1va nasiakavnos\u0165 podkladu<\/p>\n<\/li>\n<li class=\"\" data-start=\"883\" data-end=\"920\">\n<p class=\"\" data-start=\"885\" data-end=\"920\">Zabezpe\u010duje vysok\u00fa paropriepustnos\u0165<\/p>\n<\/li>\n<li class=\"\" data-start=\"921\" data-end=\"977\">\n<p class=\"\" data-start=\"923\" data-end=\"977\">Farbu pod omietku zni\u017euje efekt prepichovania podkladu<\/p>\n<\/li>\n<li class=\"\" data-start=\"978\" data-end=\"1026\">\n<p class=\"\" data-start=\"980\" data-end=\"1026\">U\u013eah\u010duje nan\u00e1\u0161anie omietky a vyvedenie text\u00fary<\/p>\n<\/li>\n<li class=\"\" data-start=\"1027\" data-end=\"1156\">\n<p class=\"\" data-start=\"1029\" data-end=\"1156\">M\u00e1 ve\u013emi dobr\u00fa pri\u013enavos\u0165 k miner\u00e1lnym podkladom ako aj k podkladom pokryt\u00fdm maliarskou vrstvou na b\u00e1ze syntetick\u00fdch materi\u00e1lov<\/p>\n<\/li>\n<li class=\"\" data-start=\"1157\" data-end=\"1193\">\n<p class=\"\" data-start=\"1159\" data-end=\"1193\">Obmedzuje mo\u017enos\u0165 rastu h\u00fab a rias<\/p>\n<\/li>\n<\/ul>\n<p class=\"\" data-start=\"1195\" data-end=\"1218\"><strong data-start=\"1195\" data-end=\"1218\">Pou\u017eitie Novalit GT<\/strong><\/p>\n<ul data-start=\"1220\" data-end=\"1536\">\n<li class=\"\" data-start=\"1220\" data-end=\"1355\">\n<p class=\"\" data-start=\"1222\" data-end=\"1355\">Na z\u00e1kladovanie v\u0161etk\u00fdch typov stavebn\u00fdch podkladov na vonkaj\u0161\u00edch ploch\u00e1ch budov, ako aj na vystu\u017een\u00e9 vrstvy v syst\u00e9moch zatep\u013eovania<\/p>\n<\/li>\n<li class=\"\" data-start=\"1356\" data-end=\"1377\">\n<p class=\"\" data-start=\"1358\" data-end=\"1377\">Pod fas\u00e1dne omietky<\/p>\n<\/li>\n<li class=\"\" data-start=\"1378\" data-end=\"1536\">\n<p class=\"\" data-start=\"1380\" data-end=\"1536\">Na miner\u00e1lnych podkladoch ako bet\u00f3n, v\u00e1penn\u00e9 omietky, v\u00e1pennocementov\u00e9 a cementov\u00e9 omietky, ako aj na podkladoch pokryt\u00fdch dobre spojenou maliarskou vrstvou<\/p>\n<\/li>\n<\/ul>\n<p class=\"\" data-start=\"1538\" data-end=\"1557\"><a href=\"https:\/\/farbykabe.pl\/wp-content\/uploads\/2019\/05\/novalit-gt-3.pdf\" target=\"_blank\" rel=\"noopener\"><strong data-start=\"1538\" data-end=\"1557\" data-is-last-node=\"\">Technick\u00e1 karta<\/strong><\/a><\/p>\n","protected":false},"excerpt":{"rendered":"<p>KABE Grunt Novalit GT Pr\u00edpravok na z\u00e1kladn\u00fd n\u00e1ter pod polik\u0159emianov\u00e9 omietky Novalit GT je farben\u00fd pr\u00edpravok na b\u00e1ze n\u00edzkoalkalick\u00fdch polik\u0159emianov a kopolym\u00e9rov\u00e9ho spojiva. Produkt je ur\u010den\u00fd<span class=\"excerpt-hellip\"> [\u2026]<\/span><\/p>\n","protected":false},"featured_media":272046,"comment_status":"open","ping_status":"closed","template":"","meta":[],"product_brand":[],"product_cat":[1082,1027,915,1102,914],"product_tag":[],"class_list":{"0":"post-279728","1":"product","2":"type-product","3":"status-publish","4":"has-post-thumbnail","6":"product_cat-hydroizolacje-i-renowacje-sk","7":"product_cat-kabe-sk","8":"product_cat-przygotowanie-podloza-renowacja-elewacji-sk","9":"product_cat-renowacja-sk","10":"product_cat-renowacja-elewacji-sk","11":"product_shipping_class-trudna-wysylka-sk","13":"first","14":"instock","15":"taxable","16":"shipping-taxable","17":"purchasable","18":"product-type-variable"},"_links":{"self":[{"href":"https:\/\/www.sanier.pl\/sk\/wp-json\/wp\/v2\/product\/279728","targetHints":{"allow":["GET"]}}],"collection":[{"href":"https:\/\/www.sanier.pl\/sk\/wp-json\/wp\/v2\/product"}],"about":[{"href":"https:\/\/www.sanier.pl\/sk\/wp-json\/wp\/v2\/types\/product"}],"replies":[{"embeddable":true,"href":"https:\/\/www.sanier.pl\/sk\/wp-json\/wp\/v2\/comments?post=279728"}],"wp:featuredmedia":[{"embeddable":true,"href":"https:\/\/www.sanier.pl\/sk\/wp-json\/wp\/v2\/media\/272046"}],"wp:attachment":[{"href":"https:\/\/www.sanier.pl\/sk\/wp-json\/wp\/v2\/media?parent=279728"}],"wp:term":[{"taxonomy":"product_brand","embeddable":true,"href":"https:\/\/www.sanier.pl\/sk\/wp-json\/wp\/v2\/product_brand?post=279728"},{"taxonomy":"product_cat","embeddable":true,"href":"https:\/\/www.sanier.pl\/sk\/wp-json\/wp\/v2\/product_cat?post=279728"},{"taxonomy":"product_tag","embeddable":true,"href":"https:\/\/www.sanier.pl\/sk\/wp-json\/wp\/v2\/product_tag?post=279728"}],"curies":[{"name":"wp","href":"https:\/\/api.w.org\/{rel}","templated":true}]}}