{"id":279725,"date":"2023-02-15T12:26:22","date_gmt":"2023-02-15T12:26:22","guid":{"rendered":"https:\/\/www.sanier.pl\/produkt\/kabe-novalit-t-sp-15mm-baza-a\/"},"modified":"2025-03-25T10:34:48","modified_gmt":"2025-03-25T10:34:48","slug":"kabe-novalit-t-sp-15mm-baza-a","status":"publish","type":"product","link":"https:\/\/www.sanier.pl\/sk\/produkt\/kabe-novalit-t-sp-15mm-baza-a\/","title":{"rendered":"KABE Novalit T SP. 1,5mm (Z\u00e1klad A)"},"content":{"rendered":"<h1><a href=\"https:\/\/www.sanier.pl\/sklep\/?s=kabe&amp;post_type=product\">KABE Novalit T SP<\/a><\/h1>\n<div class=\"flex max-w-full flex-col flex-grow\">\n<div class=\"min-h-8 text-message relative flex w-full flex-col items-end gap-2 whitespace-normal break-words text-start [.text-message+&amp;]:mt-5\" dir=\"auto\" data-message-author-role=\"assistant\" data-message-id=\"68ae5d2f-d903-4be0-bfc1-f6690b9fd2eb\" data-message-model-slug=\"gpt-4o-mini\">\n<div class=\"flex w-full flex-col gap-1 empty:hidden first:pt-[3px]\">\n<h4 data-start=\"52\" data-end=\"98\"><strong data-start=\"52\" data-end=\"98\">Polik\u0159emianov\u00e1 omietka<\/strong><\/h4>\n<p class=\"\" data-start=\"100\" data-end=\"860\">Sl\u00fa\u017ei na ru\u010dn\u00e9 vykon\u00e1vanie tenkovrstvov\u00fdch omietok na vonkaj\u0161\u00edch ploch\u00e1ch budov a na fin\u00e1lne vrstvy v syst\u00e9moch zatep\u013eovania na b\u00e1ze polystyr\u00e9nu: <a href=\"https:\/\/farbykabe.pl\/produkty\/elewacje\/systemy-ocieplenia-budynkow\/systemy-ocieplania-budynkow-oparte-na-styropianie\/kabe-therm-reno\/\" target=\"_blank\" rel=\"noopener\">KABE THERM RENO,<\/a> <a href=\"https:\/\/farbykabe.pl\/produkty\/elewacje\/systemy-ocieplenia-budynkow\/systemy-ocieplania-budynkow-oparte-na-welnie-mineralnej\/kabe-therm-mw\/\" target=\"_blank\" rel=\"noopener\">KABE THERM<\/a> AVANT* a na b\u00e1ze miner\u00e1lnej vlny KABE THERM MW* ako aj v renova\u010dnom syst\u00e9me proti prasklin\u00e1m NOVALIT RSA. Je ur\u010den\u00fd na miner\u00e1lne podklady (ako bet\u00f3n, cementov\u00e1 omietka, cementovo-v\u00e1penn\u00e1 omietka), ako aj na podklady pokryt\u00e9 dobre spojenou maliarskou vrstvou na b\u00e1ze syntetick\u00fdch materi\u00e1lov. Obzvl\u00e1\u0161\u0165 odpor\u00fa\u010dan\u00fd je v syst\u00e9moch na \u00fapravu vonkaj\u0161\u00edch stien vyroben\u00fdch z materi\u00e1lov s p\u00f3rovitou \u0161trukt\u00farou (ako je p\u00f3robet\u00f3n, pop\u00edlen\u00fd bet\u00f3n, p\u00f3rov\u00e1 tehla) a na sten\u00e1ch nov\u00fdch budov, ktor\u00e9 e\u0161te nie s\u00fa \u00faplne vyzret\u00e9. Pred nanesen\u00edm omietky je potrebn\u00e9 podklad zagruntova\u0165 pr\u00edpravkom <a href=\"https:\/\/farbykabe.pl\/produkty\/elewacje\/preparaty-gruntujace\/grunty-pod-produkty-polikrzemianowe-niskoalkaliczne\/novalit-gt-preparat-gruntujacy-pod-polikrzemianowe-masy-tynkarskie\/\" target=\"_blank\" rel=\"noopener\">NOVALIT GT<\/a>.<\/p>\n<h4 data-start=\"862\" data-end=\"886\"><strong data-start=\"862\" data-end=\"886\">Vlastnosti Novalit T<\/strong><\/h4>\n<ul data-start=\"888\" data-end=\"1242\">\n<li class=\"\" data-start=\"888\" data-end=\"909\">\n<p class=\"\" data-start=\"890\" data-end=\"909\">Miner\u00e1lny charakter<\/p>\n<\/li>\n<li class=\"\" data-start=\"910\" data-end=\"940\">\n<p class=\"\" data-start=\"912\" data-end=\"940\">N\u00edzkoalkalick\u00e9 pH (pH 8\u00f79,5)<\/p>\n<\/li>\n<li class=\"\" data-start=\"941\" data-end=\"1001\">\n<p class=\"\" data-start=\"943\" data-end=\"1001\">Odoln\u00fd vo\u010di nepriazniv\u00fdm vplyvom poveternostn\u00fdch podmienok<\/p>\n<\/li>\n<li class=\"\" data-start=\"1002\" data-end=\"1037\">\n<p class=\"\" data-start=\"1004\" data-end=\"1037\">Zv\u00fd\u0161en\u00e1 odolnos\u0165 vo\u010di zne\u010disteniu<\/p>\n<\/li>\n<li class=\"\" data-start=\"1038\" data-end=\"1068\">\n<p class=\"\" data-start=\"1040\" data-end=\"1068\">Ve\u013emi dobr\u00e1 paropriepustnos\u0165<\/p>\n<\/li>\n<li class=\"\" data-start=\"1069\" data-end=\"1099\">\n<p class=\"\" data-start=\"1071\" data-end=\"1099\">N\u00edzka povrchov\u00e1 nasiakavnos\u0165<\/p>\n<\/li>\n<li class=\"\" data-start=\"1100\" data-end=\"1143\">\n<p class=\"\" data-start=\"1102\" data-end=\"1143\">Dodato\u010dne chr\u00e1nen\u00fd proti rastu rias a h\u00fab<\/p>\n<\/li>\n<li class=\"\" data-start=\"1144\" data-end=\"1242\">\n<p class=\"\" data-start=\"1146\" data-end=\"1242\">Pou\u017eite\u013en\u00fd na miner\u00e1lne podklady aj na podklady pokryt\u00e9 povlakom na b\u00e1ze syntetick\u00fdch materi\u00e1lov<\/p>\n<\/li>\n<\/ul>\n<h4 data-start=\"1244\" data-end=\"1266\"><strong data-start=\"1244\" data-end=\"1266\">Pou\u017eitie Novalit T<\/strong><\/h4>\n<ul data-start=\"1268\" data-end=\"1567\">\n<li class=\"\" data-start=\"1268\" data-end=\"1408\">\n<p class=\"\" data-start=\"1270\" data-end=\"1408\">Na ru\u010dn\u00e9 vykon\u00e1vanie tenkovrstvov\u00fdch omietok na vonkaj\u0161\u00edch ploch\u00e1ch budov a na fin\u00e1lne vrstvy v syst\u00e9moch zatep\u013eovania na b\u00e1ze polystyr\u00e9nu<\/p>\n<\/li>\n<li class=\"\" data-start=\"1409\" data-end=\"1567\">\n<p class=\"\" data-start=\"1411\" data-end=\"1567\">Na miner\u00e1lnych podkladoch ako bet\u00f3n, v\u00e1penn\u00e9 omietky, v\u00e1pennocementov\u00e9 a cementov\u00e9 omietky, ako aj na podkladoch pokryt\u00fdch dobre spojenou maliarskou vrstvou<\/p>\n<\/li>\n<\/ul>\n<p class=\"\" data-start=\"1569\" data-end=\"1588\"><a href=\"https:\/\/farbykabe.pl\/wp-content\/uploads\/2019\/05\/novalit-t-1.pdf\" target=\"_blank\" rel=\"noopener\"><strong data-start=\"1569\" data-end=\"1588\" data-is-last-node=\"\">Technick\u00e1 karta<\/strong><\/a><\/p>\n<\/div>\n<\/div>\n<\/div>\n<p>&nbsp;<\/p>\n<p>&nbsp;<\/p>\n","protected":false},"excerpt":{"rendered":"<p>KABE Novalit T SP Polik\u0159emianov\u00e1 omietka Sl\u00fa\u017ei na ru\u010dn\u00e9 vykon\u00e1vanie tenkovrstvov\u00fdch omietok na vonkaj\u0161\u00edch ploch\u00e1ch budov a na fin\u00e1lne vrstvy v syst\u00e9moch zatep\u013eovania na b\u00e1ze polystyr\u00e9nu:<span class=\"excerpt-hellip\"> [\u2026]<\/span><\/p>\n","protected":false},"featured_media":272052,"comment_status":"open","ping_status":"closed","template":"","meta":[],"product_brand":[],"product_cat":[1082,1027,1102,914,1037],"product_tag":[],"class_list":{"0":"post-279725","1":"product","2":"type-product","3":"status-publish","4":"has-post-thumbnail","6":"product_cat-hydroizolacje-i-renowacje-sk","7":"product_cat-kabe-sk","8":"product_cat-renowacja-sk","9":"product_cat-renowacja-elewacji-sk","10":"product_cat-tynki-i-szpachle-sk","11":"product_shipping_class-trudna-wysylka-sk","13":"first","14":"instock","15":"taxable","16":"shipping-taxable","17":"purchasable","18":"product-type-simple"},"_links":{"self":[{"href":"https:\/\/www.sanier.pl\/sk\/wp-json\/wp\/v2\/product\/279725","targetHints":{"allow":["GET"]}}],"collection":[{"href":"https:\/\/www.sanier.pl\/sk\/wp-json\/wp\/v2\/product"}],"about":[{"href":"https:\/\/www.sanier.pl\/sk\/wp-json\/wp\/v2\/types\/product"}],"replies":[{"embeddable":true,"href":"https:\/\/www.sanier.pl\/sk\/wp-json\/wp\/v2\/comments?post=279725"}],"wp:featuredmedia":[{"embeddable":true,"href":"https:\/\/www.sanier.pl\/sk\/wp-json\/wp\/v2\/media\/272052"}],"wp:attachment":[{"href":"https:\/\/www.sanier.pl\/sk\/wp-json\/wp\/v2\/media?parent=279725"}],"wp:term":[{"taxonomy":"product_brand","embeddable":true,"href":"https:\/\/www.sanier.pl\/sk\/wp-json\/wp\/v2\/product_brand?post=279725"},{"taxonomy":"product_cat","embeddable":true,"href":"https:\/\/www.sanier.pl\/sk\/wp-json\/wp\/v2\/product_cat?post=279725"},{"taxonomy":"product_tag","embeddable":true,"href":"https:\/\/www.sanier.pl\/sk\/wp-json\/wp\/v2\/product_tag?post=279725"}],"curies":[{"name":"wp","href":"https:\/\/api.w.org\/{rel}","templated":true}]}}