{"id":279707,"date":"2023-02-15T12:49:16","date_gmt":"2023-02-15T12:49:16","guid":{"rendered":"https:\/\/www.sanier.pl\/produkt\/kabe-novalit-t-modelowany-baza-a\/"},"modified":"2025-03-25T08:33:17","modified_gmt":"2025-03-25T08:33:17","slug":"kabe-novalit-t-modelowany-baza-a","status":"publish","type":"product","link":"https:\/\/www.sanier.pl\/sk\/produkt\/kabe-novalit-t-modelowany-baza-a\/","title":{"rendered":"KABE Novalit T Modelowany (z\u00e1klad A)"},"content":{"rendered":"<p>[vc_row][vc_column][vc_column_text]<\/p>\n<h1 data-start=\"52\" data-end=\"81\"><strong data-start=\"52\" data-end=\"81\">KABE Novalit T Modelovan\u00fd<\/strong><\/h1>\n<p class=\"\" data-start=\"83\" data-end=\"901\"><strong>KABE Novalit T Modelovan\u00fd<\/strong> je polik\u0159emianov\u00e1 malta na om\u00edtky, ur\u010den\u00e1 na ru\u010dn\u00e9 vykon\u00e1vanie tenkovrstvov\u00fdch omietok na vonkaj\u0161\u00edch ploch\u00e1ch budov a na fin\u00e1lne vrstvy v zatep\u013eovac\u00edch syst\u00e9moch na b\u00e1ze polystyr\u00e9nu: <a href=\"https:\/\/farbykabe.pl\/produkty\/elewacje\/systemy-ocieplenia-budynkow\/systemy-ocieplania-budynkow-oparte-na-styropianie\/kabe-therm-reno\/\" target=\"_blank\" rel=\"noopener\">KABE THERM RENO<\/a>, <a href=\"https:\/\/farbykabe.pl\/produkty\/elewacje\/systemy-ocieplenia-budynkow\/systemy-ocieplania-budynkow-oparte-na-welnie-mineralnej\/kabe-therm-mw\/\" target=\"_blank\" rel=\"noopener\">KABE THERM AVANT<\/a>* a na b\u00e1ze miner\u00e1lnej vlny KABE THERM MW*, ako aj v renova\u010dnom syst\u00e9me proti prasklin\u00e1m NOVALIT RSA. Je ur\u010den\u00fd na miner\u00e1lne podklady (ako bet\u00f3n, cementov\u00e1 omietka, cementovo-v\u00e1penn\u00e1 omietka) a na podklady pokryt\u00e9 dobre spojenou maliarskou vrstvou na b\u00e1ze syntetick\u00fdch materi\u00e1lov. Je obzvl\u00e1\u0161\u0165 odpor\u00fa\u010dan\u00fd v syst\u00e9moch na \u00fapravu vonkaj\u0161\u00edch stien vyroben\u00fdch z materi\u00e1lov s p\u00f3rovitou \u0161trukt\u00farou (ako je p\u00f3robet\u00f3n, pop\u00edlen\u00fd bet\u00f3n, p\u00f3rov\u00e1 tehla) a na sten\u00e1ch nov\u00fdch budov, ktor\u00e9 e\u0161te nie s\u00fa \u00faplne vyzret\u00e9. Pred nanesen\u00edm omietky je potrebn\u00e9 podklad zagruntova\u0165 pr\u00edpravkom <a href=\"https:\/\/farbykabe.pl\/produkty\/elewacje\/preparaty-gruntujace\/grunty-pod-produkty-polikrzemianowe-niskoalkaliczne\/novalit-gt-preparat-gruntujacy-pod-polikrzemianowe-masy-tynkarskie\/\" target=\"_blank\" rel=\"noopener\">NOVALIT GT<\/a>.<\/p>\n<p class=\"\" data-start=\"903\" data-end=\"944\"><strong data-start=\"903\" data-end=\"944\">Vlastnosti KABE Novalit T Modelovan\u00fd:<\/strong><\/p>\n<ul data-start=\"946\" data-end=\"1300\">\n<li class=\"\" data-start=\"946\" data-end=\"967\">\n<p class=\"\" data-start=\"948\" data-end=\"967\">Miner\u00e1lny charakter<\/p>\n<\/li>\n<li class=\"\" data-start=\"968\" data-end=\"998\">\n<p class=\"\" data-start=\"970\" data-end=\"998\">N\u00edzkoalkalick\u00e9 pH (pH 8\u00f79,5)<\/p>\n<\/li>\n<li class=\"\" data-start=\"999\" data-end=\"1059\">\n<p class=\"\" data-start=\"1001\" data-end=\"1059\">Odoln\u00fd vo\u010di nepriazniv\u00fdm vplyvom poveternostn\u00fdch podmienok<\/p>\n<\/li>\n<li class=\"\" data-start=\"1060\" data-end=\"1095\">\n<p class=\"\" data-start=\"1062\" data-end=\"1095\">Zv\u00fd\u0161en\u00e1 odolnos\u0165 vo\u010di zne\u010disteniu<\/p>\n<\/li>\n<li class=\"\" data-start=\"1096\" data-end=\"1126\">\n<p class=\"\" data-start=\"1098\" data-end=\"1126\">Ve\u013emi dobr\u00e1 paropriepustnos\u0165<\/p>\n<\/li>\n<li class=\"\" data-start=\"1127\" data-end=\"1157\">\n<p class=\"\" data-start=\"1129\" data-end=\"1157\">N\u00edzka povrchov\u00e1 nasiakavnos\u0165<\/p>\n<\/li>\n<li class=\"\" data-start=\"1158\" data-end=\"1201\">\n<p class=\"\" data-start=\"1160\" data-end=\"1201\">Dodato\u010dne chr\u00e1nen\u00fd proti rastu rias a h\u00fab<\/p>\n<\/li>\n<li class=\"\" data-start=\"1202\" data-end=\"1300\">\n<p class=\"\" data-start=\"1204\" data-end=\"1300\">Pou\u017eite\u013en\u00fd na miner\u00e1lne podklady aj na podklady pokryt\u00e9 povlakom na b\u00e1ze syntetick\u00fdch materi\u00e1lov<\/p>\n<\/li>\n<\/ul>\n<p class=\"\" data-start=\"1302\" data-end=\"1341\"><strong data-start=\"1302\" data-end=\"1341\">Pou\u017eitie KABE Novalit T Modelovan\u00fd:<\/strong><\/p>\n<ul data-start=\"1343\" data-end=\"1722\">\n<li class=\"\" data-start=\"1343\" data-end=\"1422\">\n<p class=\"\" data-start=\"1345\" data-end=\"1422\">Vytv\u00e1ranie dekorat\u00edvnych efektov: efekt dosky, efekt bet\u00f3nu, efekt tehly at\u010f.<\/p>\n<\/li>\n<li class=\"\" data-start=\"1423\" data-end=\"1563\">\n<p class=\"\" data-start=\"1425\" data-end=\"1563\">Na ru\u010dn\u00e9 vykon\u00e1vanie tenkovrstvov\u00fdch omietok na vonkaj\u0161\u00edch ploch\u00e1ch budov a na fin\u00e1lne vrstvy v syst\u00e9moch zatep\u013eovania na b\u00e1ze polystyr\u00e9nu<\/p>\n<\/li>\n<li class=\"\" data-start=\"1564\" data-end=\"1722\">\n<p class=\"\" data-start=\"1566\" data-end=\"1722\">Na miner\u00e1lnych podkladoch ako bet\u00f3n, v\u00e1penn\u00e9 omietky, v\u00e1pennocementov\u00e9 a cementov\u00e9 omietky, ako aj na podkladoch pokryt\u00fdch dobre spojenou maliarskou vrstvou<\/p>\n<\/li>\n<\/ul>\n<p class=\"\" data-start=\"1724\" data-end=\"1782\"><strong data-start=\"1724\" data-end=\"1782\">Produkt pou\u017e\u00edvan\u00fd na vytvorenie dekorat\u00edvnych efektov:<\/strong><\/p>\n<ul data-start=\"1784\" data-end=\"1811\" data-is-last-node=\"\" data-is-only-node=\"\">\n<li class=\"\" data-start=\"1784\" data-end=\"1797\">\n<p class=\"\" data-start=\"1786\" data-end=\"1797\"><a href=\"https:\/\/www.sanier.pl\/sk\/bw-hasla\/efekt-deski\/\">Efekt dosky<\/a><\/p>\n<\/li>\n<li class=\"\" data-start=\"1798\" data-end=\"1811\">\n<p class=\"\" data-start=\"1800\" data-end=\"1811\"><a href=\"https:\/\/www.sanier.pl\/sk\/bw-hasla\/efekt-cegly\/\">Efekt tehly<\/a><\/p>\n<\/li>\n<\/ul>\n<p>&nbsp;<\/p>\n<p>&nbsp;<\/p>\n<p>&nbsp;<\/p>\n<p>[\/vc_column_text][\/vc_column][\/vc_row][vc_row][vc_column width=\"1\/2\"][vc_video link=\"https:\/\/www.youtube.com\/watch?v=OpzihbUhTHU\"][\/vc_column][vc_column width=\"1\/2\"][vc_video link=\"https:\/\/www.youtube.com\/watch?v=3wKkHzmh2e0\"][\/vc_column][\/vc_row][vc_row][vc_column][vc_column_text]<a href=\"https:\/\/farbykabe.pl\/wp-content\/uploads\/2019\/05\/novalit-t-modelowany-baza-c_kch.pdf\" target=\"_blank\" rel=\"noopener\"><span class=\"HwtZe\" lang=\"sk\"><span class=\"jCAhz ChMk0b\"><span class=\"ryNqvb\">Technick\u00fd list<\/span><\/span><\/span><\/a>[\/vc_column_text][\/vc_column][\/vc_row]<\/p>\n","protected":false},"excerpt":{"rendered":"<div class=\"flex max-w-full flex-col flex-grow\">\n<div class=\"min-h-8 text-message relative flex w-full flex-col items-end gap-2 whitespace-normal break-words text-start [.text-message+&amp;]:mt-5\" dir=\"auto\" data-message-author-role=\"assistant\" data-message-id=\"90ecd34a-625e-4daf-adad-067b65eaefe5\" data-message-model-slug=\"gpt-4o-mini\">\n<div class=\"flex w-full flex-col gap-1 empty:hidden first:pt-[3px]\">\n<p class=\"\" data-start=\"52\" data-end=\"349\"><strong data-start=\"52\" data-end=\"81\">KABE Novalit T Modelovan\u00fd<\/strong> je vysoko kvalitn\u00e1 omietka na tenkovrstvov\u00e9 omietky a dekorat\u00edvne dokon\u010dovacie \u00fapravy fas\u00e1d. Produkt je ur\u010den\u00fd na pou\u017eitie na vonkaj\u0161\u00edch ploch\u00e1ch budov, na miner\u00e1lnych podkladoch (bet\u00f3n, cementovo-v\u00e1penn\u00e9 omietky) a na podkladoch pokryt\u00fdch trvalou maliarskou vrstvou.<\/p>\n<p class=\"\" data-start=\"351\" data-end=\"708\">Vyzna\u010duje sa vysokou paropriepustnos\u0165ou, n\u00edzkou nasiakavnos\u0165ou a odolnos\u0165ou vo\u010di zne\u010disteniu. V\u010faka miner\u00e1lnemu charakteru a ochrane proti riasam a hub\u00e1m zabezpe\u010duje trval\u00e9 a estetick\u00e9 dokon\u010denie. Vynikaj\u00faci na vytv\u00e1ranie dekorat\u00edvnych efektov, ako je imit\u00e1cia dosky, bet\u00f3nu alebo tehly, v syst\u00e9moch zatep\u013eovania KABE THERM a renova\u010dnom syst\u00e9me NOVALIT RSA.<\/p>\n<\/div>\n<\/div>\n<\/div>\n<div class=\"flex justify-start\"><\/div>\n","protected":false},"featured_media":272052,"comment_status":"open","ping_status":"closed","template":"","meta":[],"product_brand":[],"product_cat":[1082,1027,1102,914,1037],"product_tag":[],"class_list":{"0":"post-279707","1":"product","2":"type-product","3":"status-publish","4":"has-post-thumbnail","6":"product_cat-hydroizolacje-i-renowacje-sk","7":"product_cat-kabe-sk","8":"product_cat-renowacja-sk","9":"product_cat-renowacja-elewacji-sk","10":"product_cat-tynki-i-szpachle-sk","11":"product_shipping_class-trudna-wysylka-sk","13":"first","14":"instock","15":"taxable","16":"shipping-taxable","17":"purchasable","18":"product-type-simple"},"_links":{"self":[{"href":"https:\/\/www.sanier.pl\/sk\/wp-json\/wp\/v2\/product\/279707","targetHints":{"allow":["GET"]}}],"collection":[{"href":"https:\/\/www.sanier.pl\/sk\/wp-json\/wp\/v2\/product"}],"about":[{"href":"https:\/\/www.sanier.pl\/sk\/wp-json\/wp\/v2\/types\/product"}],"replies":[{"embeddable":true,"href":"https:\/\/www.sanier.pl\/sk\/wp-json\/wp\/v2\/comments?post=279707"}],"wp:featuredmedia":[{"embeddable":true,"href":"https:\/\/www.sanier.pl\/sk\/wp-json\/wp\/v2\/media\/272052"}],"wp:attachment":[{"href":"https:\/\/www.sanier.pl\/sk\/wp-json\/wp\/v2\/media?parent=279707"}],"wp:term":[{"taxonomy":"product_brand","embeddable":true,"href":"https:\/\/www.sanier.pl\/sk\/wp-json\/wp\/v2\/product_brand?post=279707"},{"taxonomy":"product_cat","embeddable":true,"href":"https:\/\/www.sanier.pl\/sk\/wp-json\/wp\/v2\/product_cat?post=279707"},{"taxonomy":"product_tag","embeddable":true,"href":"https:\/\/www.sanier.pl\/sk\/wp-json\/wp\/v2\/product_tag?post=279707"}],"curies":[{"name":"wp","href":"https:\/\/api.w.org\/{rel}","templated":true}]}}