{"id":279688,"date":"2023-03-31T08:12:06","date_gmt":"2023-03-31T08:12:06","guid":{"rendered":"https:\/\/www.sanier.pl\/produkt\/bostik-reno-p520-easy-kompelt-2x300-ml\/"},"modified":"2025-03-24T14:18:30","modified_gmt":"2025-03-24T14:18:30","slug":"bostik-reno-p520-easy-kompelt-2x300-ml","status":"publish","type":"product","link":"https:\/\/www.sanier.pl\/sk\/produkt\/bostik-reno-p520-easy-kompelt-2x300-ml\/","title":{"rendered":"Bostik RENO P520 EASY nastavi\u0165 2x300 ml"},"content":{"rendered":"<div class=\"flex flex-grow flex-col gap-3\">\n<div class=\"min-h-[20px] flex flex-col items-start gap-4 whitespace-pre-wrap\">\n<div class=\"markdown prose w-full break-words dark:prose-invert light\">\n<h1><a href=\"https:\/\/www.sanier.pl\/sklep\/?s=bostik&amp;post_type=product\">RENO P520 EASY<\/a><\/h1>\n<\/div>\n<\/div>\n<\/div>\n<div class=\"flex max-w-full flex-col flex-grow\">\n<div class=\"min-h-8 text-message relative flex w-full flex-col items-end gap-2 whitespace-normal break-words text-start [.text-message+&amp;]:mt-5\" dir=\"auto\" data-message-author-role=\"assistant\" data-message-id=\"5fb320bc-9577-4dd3-9013-e69a485524a1\" data-message-model-slug=\"gpt-4o-mini\">\n<div class=\"flex w-full flex-col gap-1 empty:hidden first:pt-[3px]\">\n<h5 data-start=\"52\" data-end=\"110\"><strong data-start=\"52\" data-end=\"110\">Oprava 2K \u017eivica na b\u00e1ze vodn\u00e9ho skla<\/strong><\/h5>\n<p class=\"\" data-start=\"112\" data-end=\"562\"><strong>Bostik RENO P520 EASY<\/strong> je bezrozp\u00fa\u0161\u0165adlov\u00e1, dvojzlo\u017ekov\u00e1 opravn\u00e1 \u017eivica na b\u00e1ze vodn\u00e9ho skla, ur\u010den\u00e1 na opravu trhl\u00edn a praskl\u00edn v bet\u00f3nov\u00fdch poteroch. Tento produkt sa pou\u017e\u00edva aj na lepenie li\u0161t a kovov\u00fdch profilov. Je ur\u010den\u00fd na nepozit\u00edvne utesnenie praskl\u00edn a \u0161k\u00e1r v poteru. Je mimoriadne \u00fa\u010dinn\u00fd pri oprav\u00e1ch trhl\u00edn a praskl\u00edn pred \u010fal\u0161\u00edmi stavebn\u00fdmi pr\u00e1cami. Rovnako sa hod\u00ed na lepenie kovov\u00fdch profilov a li\u0161t, ako aj pr\u00edrodn\u00e9ho a umel\u00e9ho kame\u0148a.<\/p>\n<h4 data-start=\"564\" data-end=\"593\"><strong data-start=\"564\" data-end=\"593\">Vlastnosti RENO P520 EASY<\/strong><\/h4>\n<ul data-start=\"595\" data-end=\"727\">\n<li class=\"\" data-start=\"595\" data-end=\"624\">\n<p class=\"\" data-start=\"597\" data-end=\"624\">N\u00edzky obsah prchav\u00fdch l\u00e1tok<\/p>\n<\/li>\n<li class=\"\" data-start=\"625\" data-end=\"656\">\n<p class=\"\" data-start=\"627\" data-end=\"656\">R\u00fdchla a jednoduch\u00e1 aplik\u00e1cia<\/p>\n<\/li>\n<li class=\"\" data-start=\"657\" data-end=\"686\">\n<p class=\"\" data-start=\"659\" data-end=\"686\">Jednoduch\u00e9 mie\u0161anie zlo\u017eiek<\/p>\n<\/li>\n<li class=\"\" data-start=\"687\" data-end=\"705\">\n<p class=\"\" data-start=\"689\" data-end=\"705\">Bezrozp\u00fa\u0161\u0165adlov\u00e1<\/p>\n<\/li>\n<li class=\"\" data-start=\"706\" data-end=\"727\">\n<p class=\"\" data-start=\"708\" data-end=\"727\">Dvojzlo\u017ekov\u00e1 \u017eivica<\/p>\n<\/li>\n<\/ul>\n<h4 data-start=\"729\" data-end=\"741\"><strong data-start=\"729\" data-end=\"741\">Pou\u017eitie<\/strong><\/h4>\n<ul data-start=\"743\" data-end=\"984\">\n<li class=\"\" data-start=\"743\" data-end=\"823\">\n<p class=\"\" data-start=\"745\" data-end=\"823\">Oprava trhl\u00edn a praskl\u00edn v bet\u00f3nov\u00fdch poteroch pred \u010fal\u0161\u00edmi stavebn\u00fdmi pr\u00e1cami<\/p>\n<\/li>\n<li class=\"\" data-start=\"824\" data-end=\"887\">\n<p class=\"\" data-start=\"826\" data-end=\"887\">Lepenie li\u0161t a kovov\u00fdch profilov, pr\u00edrodn\u00e9ho a umel\u00e9ho kame\u0148a<\/p>\n<\/li>\n<li class=\"\" data-start=\"888\" data-end=\"930\">\n<p class=\"\" data-start=\"890\" data-end=\"930\">Na nepozit\u00edvne utesnenie praskl\u00edn a \u0161k\u00e1r<\/p>\n<\/li>\n<li class=\"\" data-start=\"931\" data-end=\"984\">\n<p class=\"\" data-start=\"933\" data-end=\"984\">Miner\u00e1lne podklady, surov\u00fd bet\u00f3n a cementov\u00e9 poteru<\/p>\n<\/li>\n<\/ul>\n<p class=\"\" data-start=\"986\" data-end=\"1005\"><a href=\"https:\/\/www.bostik.com\/files\/live\/sites\/shared_bostik\/files\/documents-brochures\/Poland\/Documents\/TDS\/BOSTIK-PROXIMA-POLAND-FP18-RENO-P520-EASY-TDS.pdf\" target=\"_blank\" rel=\"noopener\"><strong data-start=\"986\" data-end=\"1005\" data-is-last-node=\"\">Technick\u00e1 karta<\/strong><\/a><\/p>\n<\/div>\n<\/div>\n<\/div>\n<div class=\"mb-2 flex gap-3 -ml-2\">\n<div class=\"flex items-center justify-start rounded-xl p-1\">\n<div>\n<div class=\"flex items-center\"><\/div>\n<\/div>\n<\/div>\n<\/div>\n<p>&nbsp;<\/p>\n","protected":false},"excerpt":{"rendered":"<p>RENO P520 EASY Oprava 2K \u017eivica na b\u00e1ze vodn\u00e9ho skla Bostik RENO P520 EASY je bezrozp\u00fa\u0161\u0165adlov\u00e1, dvojzlo\u017ekov\u00e1 opravn\u00e1 \u017eivica na b\u00e1ze vodn\u00e9ho skla, ur\u010den\u00e1 na opravu<span class=\"excerpt-hellip\"> [\u2026]<\/span><\/p>\n","protected":false},"featured_media":272371,"comment_status":"open","ping_status":"closed","template":"","meta":[],"product_brand":[],"product_cat":[878,876,1038,902,1040],"product_tag":[],"class_list":{"0":"post-279688","1":"product","2":"type-product","3":"status-publish","4":"has-post-thumbnail","6":"product_cat-bostik-sk","7":"product_cat-hydroizolacja-sk","8":"product_cat-iniekcje-rys-i-pekniec-sk","9":"product_cat-ochrona-i-naprawa-betonu-sk","10":"product_cat-zywice-iniekcje-rys-i-pekniec-sk","11":"product_shipping_class-latwa-wysylka-sk","13":"first","14":"instock","15":"taxable","16":"shipping-taxable","17":"purchasable","18":"product-type-simple"},"_links":{"self":[{"href":"https:\/\/www.sanier.pl\/sk\/wp-json\/wp\/v2\/product\/279688","targetHints":{"allow":["GET"]}}],"collection":[{"href":"https:\/\/www.sanier.pl\/sk\/wp-json\/wp\/v2\/product"}],"about":[{"href":"https:\/\/www.sanier.pl\/sk\/wp-json\/wp\/v2\/types\/product"}],"replies":[{"embeddable":true,"href":"https:\/\/www.sanier.pl\/sk\/wp-json\/wp\/v2\/comments?post=279688"}],"wp:featuredmedia":[{"embeddable":true,"href":"https:\/\/www.sanier.pl\/sk\/wp-json\/wp\/v2\/media\/272371"}],"wp:attachment":[{"href":"https:\/\/www.sanier.pl\/sk\/wp-json\/wp\/v2\/media?parent=279688"}],"wp:term":[{"taxonomy":"product_brand","embeddable":true,"href":"https:\/\/www.sanier.pl\/sk\/wp-json\/wp\/v2\/product_brand?post=279688"},{"taxonomy":"product_cat","embeddable":true,"href":"https:\/\/www.sanier.pl\/sk\/wp-json\/wp\/v2\/product_cat?post=279688"},{"taxonomy":"product_tag","embeddable":true,"href":"https:\/\/www.sanier.pl\/sk\/wp-json\/wp\/v2\/product_tag?post=279688"}],"curies":[{"name":"wp","href":"https:\/\/api.w.org\/{rel}","templated":true}]}}