{"id":279686,"date":"2023-03-31T09:22:58","date_gmt":"2023-03-31T09:22:58","guid":{"rendered":"https:\/\/www.sanier.pl\/produkt\/bostik-sl-c730-fibre-zaprawa-samopoziomujaca\/"},"modified":"2025-03-24T14:04:28","modified_gmt":"2025-03-24T14:04:28","slug":"bostik-sl-c730-fibre-zaprawa-samopoziomujaca","status":"publish","type":"product","link":"https:\/\/www.sanier.pl\/sk\/produkt\/bostik-sl-c730-fibre-zaprawa-samopoziomujaca\/","title":{"rendered":"SL C730 FIBRE - Samonivela\u010dn\u00e1 malta vystu\u017een\u00e1 vl\u00e1knami"},"content":{"rendered":"<h1 class=\"product-title\"><a href=\"https:\/\/www.sanier.pl\/sklep\/?s=bostik&amp;post_type=product\">SL C730 FIBRE<\/a><\/h1>\n<h5 data-start=\"52\" data-end=\"110\"><strong data-start=\"52\" data-end=\"110\"><br data-start=\"67\" data-end=\"70\" \/>Samonivela\u010dn\u00e1 malta vystu\u017een\u00e1 vl\u00e1knami<\/strong><\/h5>\n<p class=\"\" data-start=\"112\" data-end=\"664\"><strong>Bostik SL C730 FIBRE<\/strong> je jednokomponentn\u00e1 samonivela\u010dn\u00e1 malta vystu\u017een\u00e1 syntetick\u00fdmi vl\u00e1knami, ur\u010den\u00e1 na pou\u017eitie v interi\u00e9roch. T\u00e1to malta je ide\u00e1lna na nan\u00e1\u0161anie v vrstve hr\u00fabky od 3 do 10 mm a je v\u00fdborn\u00e1 do miest s vysokou intenzitou pohybu. V\u010faka svojej flexibilite a absencii zmr\u0161\u0165ovania je to vynikaj\u00face rie\u0161enie na renov\u00e1ciu dreven\u00fdch podl\u00e1h a nov\u00e9 podlahy. Syntetick\u00e9 vl\u00e1kna zabezpe\u010duj\u00fa, \u017ee malta je vystu\u017een\u00e1 a odoln\u00e1. Navy\u0161e je kompatibiln\u00e1 s podlahov\u00fdm vykurovan\u00edm, \u010do ju rob\u00ed ide\u00e1lnym rie\u0161en\u00edm na pou\u017eitie v domoch a in\u00fdch obytn\u00fdch budov\u00e1ch.<\/p>\n<h4 data-start=\"666\" data-end=\"694\"><strong data-start=\"666\" data-end=\"694\">Vlastnosti SL C730 FIBRE<\/strong><\/h4>\n<ul data-start=\"696\" data-end=\"839\">\n<li class=\"\" data-start=\"696\" data-end=\"729\">\n<p class=\"\" data-start=\"698\" data-end=\"729\">Vystu\u017een\u00e1 syntetick\u00fdmi vl\u00e1knami<\/p>\n<\/li>\n<li class=\"\" data-start=\"730\" data-end=\"742\">\n<p class=\"\" data-start=\"732\" data-end=\"742\">Flexibiln\u00e1<\/p>\n<\/li>\n<li class=\"\" data-start=\"743\" data-end=\"760\">\n<p class=\"\" data-start=\"745\" data-end=\"760\">Bez zmr\u0161\u0165ovania<\/p>\n<\/li>\n<li class=\"\" data-start=\"761\" data-end=\"800\">\n<p class=\"\" data-start=\"763\" data-end=\"800\">Kompatibiln\u00e1 s podlahov\u00fdm vykurovan\u00edm<\/p>\n<\/li>\n<li class=\"\" data-start=\"801\" data-end=\"839\">\n<p class=\"\" data-start=\"803\" data-end=\"839\">Vhodn\u00e1 na renov\u00e1ciu dreven\u00fdch podl\u00e1h<\/p>\n<\/li>\n<\/ul>\n<h4 data-start=\"841\" data-end=\"853\"><strong data-start=\"841\" data-end=\"853\">Pou\u017eitie<\/strong><\/h4>\n<ul data-start=\"855\" data-end=\"973\">\n<li class=\"\" data-start=\"855\" data-end=\"927\">\n<p class=\"\" data-start=\"857\" data-end=\"927\">Na pou\u017eitie v interi\u00e9roch (nov\u00e9 podlahy a podlahy ur\u010den\u00e9 na renov\u00e1ciu)<\/p>\n<\/li>\n<li class=\"\" data-start=\"928\" data-end=\"973\">\n<p class=\"\" data-start=\"930\" data-end=\"973\">Vhodn\u00e1 do miest s vysokou intenzitou pohybu<\/p>\n<\/li>\n<\/ul>\n<p class=\"\" data-start=\"975\" data-end=\"994\"><a href=\"https:\/\/www.bostik.com\/files\/live\/sites\/shared_bostik\/files\/documents-brochures\/Poland\/Documents\/TDS\/BOSTIK-PROXIMA-POLAND-FP22-SL-C730-FIBRE-TDS.pdf\" target=\"_blank\" rel=\"noopener\"><strong data-start=\"975\" data-end=\"994\" data-is-last-node=\"\">Technick\u00e1 karta<\/strong><\/a><\/p>\n","protected":false},"excerpt":{"rendered":"<p>SL C730 FIBRE Samonivela\u010dn\u00e1 malta vystu\u017een\u00e1 vl\u00e1knami Bostik SL C730 FIBRE je jednokomponentn\u00e1 samonivela\u010dn\u00e1 malta vystu\u017een\u00e1 syntetick\u00fdmi vl\u00e1knami, ur\u010den\u00e1 na pou\u017eitie v interi\u00e9roch. T\u00e1to malta je<span class=\"excerpt-hellip\"> [\u2026]<\/span><\/p>\n","protected":false},"featured_media":272374,"comment_status":"open","ping_status":"closed","template":"","meta":{"_acf_changed":false},"product_brand":[],"product_cat":[878],"product_tag":[],"class_list":{"0":"post-279686","1":"product","2":"type-product","3":"status-publish","4":"has-post-thumbnail","6":"product_cat-bostik-sk","7":"product_shipping_class-latwa-wysylka-sk","9":"first","10":"instock","11":"taxable","12":"shipping-taxable","13":"purchasable","14":"product-type-simple"},"acf":[],"_links":{"self":[{"href":"https:\/\/www.sanier.pl\/sk\/wp-json\/wp\/v2\/product\/279686","targetHints":{"allow":["GET"]}}],"collection":[{"href":"https:\/\/www.sanier.pl\/sk\/wp-json\/wp\/v2\/product"}],"about":[{"href":"https:\/\/www.sanier.pl\/sk\/wp-json\/wp\/v2\/types\/product"}],"replies":[{"embeddable":true,"href":"https:\/\/www.sanier.pl\/sk\/wp-json\/wp\/v2\/comments?post=279686"}],"wp:featuredmedia":[{"embeddable":true,"href":"https:\/\/www.sanier.pl\/sk\/wp-json\/wp\/v2\/media\/272374"}],"wp:attachment":[{"href":"https:\/\/www.sanier.pl\/sk\/wp-json\/wp\/v2\/media?parent=279686"}],"wp:term":[{"taxonomy":"product_brand","embeddable":true,"href":"https:\/\/www.sanier.pl\/sk\/wp-json\/wp\/v2\/product_brand?post=279686"},{"taxonomy":"product_cat","embeddable":true,"href":"https:\/\/www.sanier.pl\/sk\/wp-json\/wp\/v2\/product_cat?post=279686"},{"taxonomy":"product_tag","embeddable":true,"href":"https:\/\/www.sanier.pl\/sk\/wp-json\/wp\/v2\/product_tag?post=279686"}],"curies":[{"name":"wp","href":"https:\/\/api.w.org\/{rel}","templated":true}]}}