{"id":279684,"date":"2023-03-31T09:42:29","date_gmt":"2023-03-31T09:42:29","guid":{"rendered":"https:\/\/www.sanier.pl\/produkt\/bostik-sl-c310-classic\/"},"modified":"2025-03-24T14:00:48","modified_gmt":"2025-03-24T14:00:48","slug":"bostik-sl-c310-classic","status":"publish","type":"product","link":"https:\/\/www.sanier.pl\/sk\/produkt\/bostik-sl-c310-classic\/","title":{"rendered":"Bostik SL C310 CLASSIC"},"content":{"rendered":"<h1 data-start=\"45\" data-end=\"93\"><strong data-start=\"45\" data-end=\"93\">Bostik SL C310 CLASSIC<br data-start=\"69\" data-end=\"72\" \/><\/strong><\/h1>\n<h5 data-start=\"45\" data-end=\"93\"><strong data-start=\"45\" data-end=\"93\">Samonivela\u010dn\u00e1 hmota<\/strong><\/h5>\n<p class=\"\" data-start=\"95\" data-end=\"538\"><strong>Bostik SL C310 Classic<\/strong> je jednokomponentn\u00e1 samonivela\u010dn\u00e1 malta vytvoren\u00e1 z zmesi cementov, kameniva a \u0161peci\u00e1lnych pr\u00edsad, ktor\u00e9 zlep\u0161uj\u00fa vlastnosti materi\u00e1lu. V\u010faka tomu, \u017ee tuhne odparovan\u00edm vody, umo\u017e\u0148uje dosiahnu\u0165 tvrd\u00fd a odoln\u00fd povrch. T\u00e1to hmota je ur\u010den\u00e1 na pou\u017eitie v interi\u00e9roch. M\u00f4\u017ee sl\u00fa\u017ei\u0165 ako vyrovn\u00e1vacia vrstva pod r\u00f4zne typy elastick\u00fdch podlahov\u00fdch kryt\u00edn, ako s\u00fa PVC, koberce, LVT panely, linoleum, keramick\u00e9 dla\u017edice a parkety.<\/p>\n<p class=\"\" data-start=\"540\" data-end=\"856\">Produkt sa vyzna\u010duje vynikaj\u00facou odolnos\u0165ou vo\u010di \u0165ahu a tlaku, \u010do znamen\u00e1, \u017ee materi\u00e1l je ve\u013emi odoln\u00fd vo\u010di mechanick\u00fdm za\u0165a\u017eeniam. Okrem toho je pr\u00edpustn\u00fd rozsah hr\u00fabky vrstvy, na ktor\u00fa je mo\u017en\u00e9 hmotu nanies\u0165, od 1 do 10 mm, \u010do umo\u017e\u0148uje jej pou\u017eitie v r\u00f4znych situ\u00e1ci\u00e1ch a dosiahnutie po\u017eadovanej hladkosti povrchu.<\/p>\n<p class=\"\" data-start=\"858\" data-end=\"1006\">Ak h\u013ead\u00e1te \u00fa\u010dinn\u00e9 a v\u0161estrann\u00e9 rie\u0161enie na vyrovn\u00e1vanie povrchov pod r\u00f4zne typy elastick\u00fdch kryt\u00edn, samonivela\u010dn\u00e1 hmota m\u00f4\u017ee by\u0165 vynikaj\u00facou vo\u013ebou.<\/p>\n<h4 data-start=\"1008\" data-end=\"1038\"><strong data-start=\"1008\" data-end=\"1038\">Vlastnosti SL C310 CLASSIC<\/strong><\/h4>\n<ul data-start=\"1040\" data-end=\"1148\">\n<li class=\"\" data-start=\"1040\" data-end=\"1079\">\n<p class=\"\" data-start=\"1042\" data-end=\"1079\">Vynikaj\u00faca odolnos\u0165 vo\u010di \u0165ahu a tlaku<\/p>\n<\/li>\n<li class=\"\" data-start=\"1080\" data-end=\"1108\">\n<p class=\"\" data-start=\"1082\" data-end=\"1108\">Od 1-10 mm v jednej vrstve<\/p>\n<\/li>\n<li class=\"\" data-start=\"1109\" data-end=\"1148\">\n<p class=\"\" data-start=\"1111\" data-end=\"1148\">Vhodn\u00e1 pre v\u00e4\u010d\u0161inu podlahov\u00fdch kryt\u00edn<\/p>\n<\/li>\n<\/ul>\n<h4 data-start=\"1150\" data-end=\"1162\"><strong data-start=\"1150\" data-end=\"1162\">Pou\u017eitie<\/strong><\/h4>\n<ul data-start=\"1164\" data-end=\"1410\">\n<li class=\"\" data-start=\"1164\" data-end=\"1327\">\n<p class=\"\" data-start=\"1166\" data-end=\"1327\">Na pou\u017eitie v interi\u00e9roch ako vyrovn\u00e1vacia vrstva pod elastick\u00e9 podlahov\u00e9 krytiny. Pr\u00edpustn\u00fd rozsah hr\u00fabky vrstvy, na ktor\u00fa je mo\u017en\u00e9 aplikova\u0165 hmotu, je 1-10 mm.<\/p>\n<\/li>\n<li class=\"\" data-start=\"1328\" data-end=\"1410\">\n<p class=\"\" data-start=\"1330\" data-end=\"1410\">Vynikaj\u00faca pod PVC, koberce, LVT panely, linoleum, keramick\u00e9 dla\u017edice a parkety.<\/p>\n<\/li>\n<\/ul>\n<p class=\"\" data-start=\"1412\" data-end=\"1431\"><a href=\"https:\/\/www.bostik.com\/files\/live\/sites\/shared_bostik\/files\/documents-brochures\/Poland\/Documents\/TDS\/FP44_Bostik%20SL%20C310%20CLASSIC_TDS%2015.03.2021.pdf\" target=\"_blank\" rel=\"noopener\"><strong data-start=\"1412\" data-end=\"1431\" data-is-last-node=\"\">Technick\u00e1 karta<\/strong><\/a><\/p>\n<p>&nbsp;<\/p>\n","protected":false},"excerpt":{"rendered":"<p>Bostik SL C310 CLASSIC Samonivela\u010dn\u00e1 hmota Bostik SL C310 Classic je jednokomponentn\u00e1 samonivela\u010dn\u00e1 malta vytvoren\u00e1 z zmesi cementov, kameniva a \u0161peci\u00e1lnych pr\u00edsad, ktor\u00e9 zlep\u0161uj\u00fa vlastnosti materi\u00e1lu.<span class=\"excerpt-hellip\"> [\u2026]<\/span><\/p>\n","protected":false},"featured_media":272377,"comment_status":"open","ping_status":"closed","template":"","meta":[],"product_brand":[],"product_cat":[878],"product_tag":[1105,1106],"class_list":{"0":"post-279684","1":"product","2":"type-product","3":"status-publish","4":"has-post-thumbnail","6":"product_cat-bostik-sk","7":"product_tag-fontanna-sk","8":"product_tag-samopoziom-sk","9":"product_shipping_class-latwa-wysylka-sk","11":"first","12":"outofstock","13":"taxable","14":"shipping-taxable","15":"purchasable","16":"product-type-simple"},"_links":{"self":[{"href":"https:\/\/www.sanier.pl\/sk\/wp-json\/wp\/v2\/product\/279684","targetHints":{"allow":["GET"]}}],"collection":[{"href":"https:\/\/www.sanier.pl\/sk\/wp-json\/wp\/v2\/product"}],"about":[{"href":"https:\/\/www.sanier.pl\/sk\/wp-json\/wp\/v2\/types\/product"}],"replies":[{"embeddable":true,"href":"https:\/\/www.sanier.pl\/sk\/wp-json\/wp\/v2\/comments?post=279684"}],"wp:featuredmedia":[{"embeddable":true,"href":"https:\/\/www.sanier.pl\/sk\/wp-json\/wp\/v2\/media\/272377"}],"wp:attachment":[{"href":"https:\/\/www.sanier.pl\/sk\/wp-json\/wp\/v2\/media?parent=279684"}],"wp:term":[{"taxonomy":"product_brand","embeddable":true,"href":"https:\/\/www.sanier.pl\/sk\/wp-json\/wp\/v2\/product_brand?post=279684"},{"taxonomy":"product_cat","embeddable":true,"href":"https:\/\/www.sanier.pl\/sk\/wp-json\/wp\/v2\/product_cat?post=279684"},{"taxonomy":"product_tag","embeddable":true,"href":"https:\/\/www.sanier.pl\/sk\/wp-json\/wp\/v2\/product_tag?post=279684"}],"curies":[{"name":"wp","href":"https:\/\/api.w.org\/{rel}","templated":true}]}}