{"id":279681,"date":"2023-05-11T11:43:49","date_gmt":"2023-05-11T11:43:49","guid":{"rendered":"https:\/\/www.sanier.pl\/produkt\/soprema-alsan-flashing-5kg\/"},"modified":"2025-03-24T13:54:36","modified_gmt":"2025-03-24T13:54:36","slug":"soprema-alsan-flashing-5kg","status":"publish","type":"product","link":"https:\/\/www.sanier.pl\/sk\/produkt\/soprema-alsan-flashing-5kg\/","title":{"rendered":"Soprema ALSAN FLASHING 5kg"},"content":{"rendered":"<div class=\"flex flex-grow flex-col gap-3\">\n<div class=\"min-h-[20px] flex flex-col items-start gap-4 whitespace-pre-wrap break-words\">\n<div class=\"markdown prose w-full break-words dark:prose-invert light\">\n<div class=\"flex flex-grow flex-col gap-3\">\n<div class=\"min-h-[20px] flex flex-col items-start gap-4 whitespace-pre-wrap break-words\">\n<div class=\"markdown prose w-full break-words dark:prose-invert light\">\n<div class=\"flex max-w-full flex-col flex-grow\">\n<div class=\"min-h-8 text-message relative flex w-full flex-col items-end gap-2 whitespace-normal break-words text-start [.text-message+&amp;]:mt-5\" dir=\"auto\" data-message-author-role=\"assistant\" data-message-id=\"0e22bf1d-d674-47dc-b3e7-66a933f2303a\" data-message-model-slug=\"gpt-4o-mini\">\n<div class=\"flex w-full flex-col gap-1 empty:hidden first:pt-[3px]\">\n<h1 data-start=\"43\" data-end=\"120\"><strong data-start=\"43\" data-end=\"120\">Soprema ALSAN FLASHING 5kg<br data-start=\"71\" data-end=\"74\" \/><\/strong><\/h1>\n<h5 data-start=\"43\" data-end=\"120\"><strong data-start=\"43\" data-end=\"120\">POLYURET\u00c1N-BITUMENOV\u00c1 PR\u00cdSADA ALSAN FLASHING<\/strong><\/h5>\n<p class=\"\" data-start=\"122\" data-end=\"541\">Polyuret\u00e1novo-bitumenov\u00e1 \u017eivica Soprema ALSAN FLASHING je pripraven\u00e1 na pou\u017eitie, jednokomponentn\u00e1 a vodotesn\u00e1 \u017eivica, ktor\u00e1 je odoln\u00e1 vo\u010di UV \u017eiareniu. Bola navrhnut\u00e1 na vytv\u00e1ranie tesn\u00fdch spojov na bitumenov\u00fdch izol\u00e1ci\u00e1ch a na spojenie r\u00f4znych povrchov za \u00fa\u010delom zabezpe\u010denia kontinuity hydroizol\u00e1cie. M\u00f4\u017ee sa aplikova\u0165 na r\u00f4zne podklady, ako s\u00fa modifikovan\u00e9 bitumenov\u00e9 p\u00e1sy (SBS, APP), kov, drevo, bet\u00f3n a tvrd\u00e9 PVC.<\/p>\n<h4 data-start=\"543\" data-end=\"581\"><strong data-start=\"543\" data-end=\"581\">Vlastnosti Soprema ALSAN FLASHING:<\/strong><\/h4>\n<ul data-start=\"583\" data-end=\"1815\">\n<li class=\"\" data-start=\"583\" data-end=\"698\">\n<p class=\"\" data-start=\"585\" data-end=\"698\"><strong data-start=\"585\" data-end=\"605\">Inov\u00e1cia SOPREMA<\/strong> \u2013 kombin\u00e1cia bit\u00famenu a polyuret\u00e1nu, \u010do zaru\u010duje vynikaj\u00facu odolnos\u0165 a flexibilitu produktu.<\/p>\n<\/li>\n<li class=\"\" data-start=\"699\" data-end=\"808\">\n<p class=\"\" data-start=\"701\" data-end=\"808\">M\u00e1 eur\u00f3psku technick\u00fa schv\u00e1lenie a ozna\u010denie CE, \u010do dokazuje vysok\u00fa kvalitu a bezpe\u010dnos\u0165 pou\u017eitia produktu.<\/p>\n<\/li>\n<li class=\"\" data-start=\"809\" data-end=\"861\">\n<p class=\"\" data-start=\"811\" data-end=\"861\">\u013dahk\u00e1 a r\u00fdchla aplik\u00e1cia, ktor\u00e1 \u0161etr\u00ed \u010das a pr\u00e1cu.<\/p>\n<\/li>\n<li class=\"\" data-start=\"862\" data-end=\"966\">\n<p class=\"\" data-start=\"864\" data-end=\"966\">Mal\u00e1 hr\u00fabka izol\u00e1cie (1,2 mm), \u010do znamen\u00e1, \u017ee produkt nezaber\u00e1 ve\u013ea miesta a nevy\u017eaduje kovov\u00e9 \u00fapravy.<\/p>\n<\/li>\n<li class=\"\" data-start=\"967\" data-end=\"1047\">\n<p class=\"\" data-start=\"969\" data-end=\"1047\">Vynikaj\u00faca pri\u013enavos\u0165 a odolnos\u0165 vo\u010di poveternostn\u00fdm podmienkam a UV \u017eiareniu.<\/p>\n<\/li>\n<li class=\"\" data-start=\"1048\" data-end=\"1172\">\n<p class=\"\" data-start=\"1050\" data-end=\"1172\">Aplikuje sa bez pr\u00edpravkov na z\u00e1kladn\u00e9 n\u00e1tery a nevy\u017eaduje pou\u017eitie hor\u00e1ka, \u010do rob\u00ed aplik\u00e1ciu bezpe\u010dnej\u0161ou a jednoduch\u0161ou.<\/p>\n<\/li>\n<li class=\"\" data-start=\"1173\" data-end=\"1405\">\n<p class=\"\" data-start=\"1175\" data-end=\"1405\">Produkt je 100% spo\u013eahliv\u00fd a kompatibiln\u00fd s r\u00f4znymi povrchmi, ako s\u00fa modifikovan\u00e9 bitumenov\u00e9 p\u00e1sy SBS a APP, omietka, bet\u00f3n, kov (vr\u00e1tane ocele, hlin\u00edka, olova a zinku), ako aj plastov\u00e9 materi\u00e1ly, ako s\u00fa polyester alebo tvrd\u00e9 PVC.<\/p>\n<\/li>\n<li class=\"\" data-start=\"1406\" data-end=\"1456\">\n<p class=\"\" data-start=\"1408\" data-end=\"1456\">Odoln\u00fd vo\u010di starnutiu a n\u00edzkym teplot\u00e1m (-36\u00b0C).<\/p>\n<\/li>\n<li class=\"\" data-start=\"1457\" data-end=\"1571\">\n<p class=\"\" data-start=\"1459\" data-end=\"1571\">Flexibilita 500%, \u010do znamen\u00e1, \u017ee produkt neprask\u00e1 a nezohr\u00e1va sa pod vplyvom teplotn\u00fdch zmien a pohybov povrchu.<\/p>\n<\/li>\n<li class=\"\" data-start=\"1572\" data-end=\"1815\">\n<p class=\"\" data-start=\"1574\" data-end=\"1815\">Produkt m\u00e1 variant ALSAN FLASHING JARDIN, ktor\u00fd bol certifikovan\u00fd Nemeck\u00fdm in\u0161tit\u00fatom krajinn\u00e9ho pl\u00e1novania FLL z h\u013eadiska proti-kor\u00f3znej ochrany. ALSAN FLASHING JARDIN je ur\u010den\u00fd na vykon\u00e1vanie tesnen\u00ed a rohov\u00fdch \u00faprav na zelen\u00fdch strech\u00e1ch.<\/p>\n<\/li>\n<\/ul>\n<h4 data-start=\"1817\" data-end=\"1828\"><strong data-start=\"1817\" data-end=\"1828\">V\u00fdhody:<\/strong><\/h4>\n<ul data-start=\"1830\" data-end=\"2045\">\n<li class=\"\" data-start=\"1830\" data-end=\"1878\">\n<p class=\"\" data-start=\"1832\" data-end=\"1878\">Vysok\u00e1 kvalita a bezpe\u010dnos\u0165 pou\u017eitia produktu.<\/p>\n<\/li>\n<li class=\"\" data-start=\"1879\" data-end=\"1943\">\n<p class=\"\" data-start=\"1881\" data-end=\"1943\">Jednoduch\u00e1 a r\u00fdchla aplik\u00e1cia, \u010do vedie k \u00faspore \u010dasu a pr\u00e1ce.<\/p>\n<\/li>\n<li class=\"\" data-start=\"1944\" data-end=\"2045\">\n<p class=\"\" data-start=\"1946\" data-end=\"2045\">Produkt je odoln\u00fd vo\u010di poveternostn\u00fdm podmienkam, UV \u017eiareniu, procesu starnutia a n\u00edzkym teplot\u00e1m.<\/p>\n<\/li>\n<\/ul>\n<h4 data-start=\"2047\" data-end=\"2083\"><strong data-start=\"2047\" data-end=\"2083\">Pou\u017eitie Soprema ALSAN FLASHING:<\/strong><\/h4>\n<ul data-start=\"2085\" data-end=\"2609\">\n<li class=\"\" data-start=\"2085\" data-end=\"2140\">\n<p class=\"\" data-start=\"2087\" data-end=\"2140\">Vytv\u00e1ranie tesn\u00fdch spojov na bitumenov\u00fdch izol\u00e1ci\u00e1ch.<\/p>\n<\/li>\n<li class=\"\" data-start=\"2141\" data-end=\"2217\">\n<p class=\"\" data-start=\"2143\" data-end=\"2217\">Spojenie r\u00f4znych povrchov za \u00fa\u010delom zabezpe\u010denia kontinuity hydroizol\u00e1cie.<\/p>\n<\/li>\n<li class=\"\" data-start=\"2218\" data-end=\"2409\">\n<p class=\"\" data-start=\"2220\" data-end=\"2409\">Vykon\u00e1vanie v\u0161etk\u00fdch druhov rohov\u00fdch \u00faprav a dokon\u010dovac\u00edch pr\u00e1c v stre\u0161nej rovine, na \u0165a\u017eko pr\u00edstupn\u00fdch miestach, s obmedzen\u00edm pr\u00edstupu oh\u0148a alebo pri spojen\u00ed r\u00f4znych stavebn\u00fdch materi\u00e1lov.<\/p>\n<\/li>\n<li class=\"\" data-start=\"2410\" data-end=\"2513\">\n<p class=\"\" data-start=\"2412\" data-end=\"2513\">Pou\u017eitie na podkladoch, ako s\u00fa modifikovan\u00e9 bitumenov\u00e9 p\u00e1sy (SBS, APP), kov, drevo, bet\u00f3n, tvrd\u00e9 PVC.<\/p>\n<\/li>\n<li class=\"\" data-start=\"2514\" data-end=\"2609\">\n<p class=\"\" data-start=\"2516\" data-end=\"2609\">Vykon\u00e1vanie tesnen\u00ed a rohov\u00fdch \u00faprav na zelen\u00fdch strech\u00e1ch (varianta ALSAN\u00ae FLASHING JARDIN).<\/p>\n<\/li>\n<\/ul>\n<p class=\"\" data-start=\"2611\" data-end=\"2630\"><a href=\"file:\/\/\/C:\/Users\/akacz\/Downloads\/ALSAN-FLASHING-(55j)-PL_1678442314.pdf\"><strong data-start=\"2611\" data-end=\"2630\" data-is-last-node=\"\">Technick\u00e1 karta<\/strong><\/a><\/p>\n<\/div>\n<\/div>\n<\/div>\n<\/div>\n<div class=\"mb-2 flex gap-3 -ml-2\">\n<div class=\"flex items-center justify-start rounded-xl p-1\">\n<div>\n<div class=\"flex items-center\"><\/div>\n<\/div>\n<\/div>\n<\/div>\n<\/div>\n<\/div>\n<\/div>\n<\/div>\n<\/div>\n<\/div>\n<p>&nbsp;<\/p>\n","protected":false},"excerpt":{"rendered":"<div class=\"flex max-w-full flex-col flex-grow\">\n<div class=\"min-h-8 text-message relative flex w-full flex-col items-end gap-2 whitespace-normal break-words text-start [.text-message+&amp;]:mt-5\" dir=\"auto\" data-message-author-role=\"assistant\" data-message-id=\"15c9149c-c693-4ad3-a30c-25a07aab5b52\" data-message-model-slug=\"gpt-4o-mini\">\n<div class=\"flex w-full flex-col gap-1 empty:hidden first:pt-[3px]\">\n<p class=\"\" data-start=\"52\" data-end=\"537\"><strong data-start=\"52\" data-end=\"78\">Soprema ALSAN FLASHING<\/strong> je jednokomponentn\u00e1, pripraven\u00e1 na pou\u017eitie polyuret\u00e1novo-bitumenov\u00e1 \u017eivica, ide\u00e1lna na tesnenie spojov na bitumenov\u00fdch izol\u00e1ci\u00e1ch a na spojenie r\u00f4znych povrchov. Charakterizuje sa vysokou flexibilitou (500%) a odolnos\u0165ou vo\u010di UV \u017eiareniu a n\u00edzkym teplot\u00e1m. Produkt je \u013eahk\u00fd na aplik\u00e1ciu, nevy\u017eaduje z\u00e1kladn\u00fd n\u00e1ter ani pou\u017eitie hor\u00e1ka. Vynikaj\u00faci na pou\u017eitie na bitumenov\u00fdch p\u00e1soch, kovoch, dreve, bet\u00f3ne a PVC, ako aj na rohov\u00e9 \u00fapravy na zelen\u00fdch strech\u00e1ch.<\/p>\n<\/div>\n<\/div>\n<\/div>\n<div class=\"mb-2 flex gap-3 -ml-2\">\n<div class=\"flex items-center justify-start rounded-xl p-1\">\n<div>\n<div class=\"flex items-center\"><\/div>\n<\/div>\n<\/div>\n<\/div>\n","protected":false},"featured_media":272693,"comment_status":"open","ping_status":"closed","template":"","meta":[],"product_brand":[],"product_cat":[933,1103,1104,1040],"product_tag":[890,891],"class_list":{"0":"post-279681","1":"product","2":"type-product","3":"status-publish","4":"has-post-thumbnail","6":"product_cat-prace-zewnetrzne-dachy-i-elewacje-sk","7":"product_cat-soprema-sk","8":"product_cat-zywice-sk","9":"product_cat-zywice-iniekcje-rys-i-pekniec-sk","10":"product_tag-hydroizolacja-sk","11":"product_tag-hydroizolacje-sk","12":"product_shipping_class-latwa-wysylka-sk","14":"first","15":"instock","16":"taxable","17":"shipping-taxable","18":"purchasable","19":"product-type-simple"},"_links":{"self":[{"href":"https:\/\/www.sanier.pl\/sk\/wp-json\/wp\/v2\/product\/279681","targetHints":{"allow":["GET"]}}],"collection":[{"href":"https:\/\/www.sanier.pl\/sk\/wp-json\/wp\/v2\/product"}],"about":[{"href":"https:\/\/www.sanier.pl\/sk\/wp-json\/wp\/v2\/types\/product"}],"replies":[{"embeddable":true,"href":"https:\/\/www.sanier.pl\/sk\/wp-json\/wp\/v2\/comments?post=279681"}],"wp:featuredmedia":[{"embeddable":true,"href":"https:\/\/www.sanier.pl\/sk\/wp-json\/wp\/v2\/media\/272693"}],"wp:attachment":[{"href":"https:\/\/www.sanier.pl\/sk\/wp-json\/wp\/v2\/media?parent=279681"}],"wp:term":[{"taxonomy":"product_brand","embeddable":true,"href":"https:\/\/www.sanier.pl\/sk\/wp-json\/wp\/v2\/product_brand?post=279681"},{"taxonomy":"product_cat","embeddable":true,"href":"https:\/\/www.sanier.pl\/sk\/wp-json\/wp\/v2\/product_cat?post=279681"},{"taxonomy":"product_tag","embeddable":true,"href":"https:\/\/www.sanier.pl\/sk\/wp-json\/wp\/v2\/product_tag?post=279681"}],"curies":[{"name":"wp","href":"https:\/\/api.w.org\/{rel}","templated":true}]}}