{"id":279673,"date":"2023-08-24T13:18:06","date_gmt":"2023-08-24T13:18:06","guid":{"rendered":"https:\/\/www.sanier.pl\/produkt\/kombi-stone-zaprawa-sztukatorska-do-wykonywania-profili-ciagnionych\/"},"modified":"2025-03-24T12:23:49","modified_gmt":"2025-03-24T12:23:49","slug":"kombi-stone","status":"publish","type":"product","link":"https:\/\/www.sanier.pl\/sk\/produkt\/kombi-stone\/","title":{"rendered":"KOMBI STONE \u2013 \u0161tukov\u00e1 malta na zhotovovanie \u0165ahan\u00fdch profilov"},"content":{"rendered":"<h1 data-start=\"0\" data-end=\"200\">KOMBI STONE<\/h1>\n<h3 data-start=\"0\" data-end=\"200\">\u0161tukov\u00e1 malta na zhotovovanie \u0165ahan\u00fdch profilov<\/h3>\n<p data-start=\"0\" data-end=\"200\"><strong>KOMBI STONE<\/strong> je hrubozrnn\u00e1 r\u00fdchloschn\u00faca omietkov\u00e1 malta ur\u010den\u00e1 na tvorbu \u0165ahan\u00fdch profilov, r\u00edms, rustik a bo\u010dn\u00edkov na fas\u00e1dach budov. M\u00f4\u017ee by\u0165 pou\u017eit\u00e1 ako vo vn\u00fatri, tak aj na vonkaj\u0161ej strane budov.<\/p>\n<h4 data-start=\"202\" data-end=\"229\"><strong data-start=\"202\" data-end=\"229\">Vlastnosti KOMBI STONE:<\/strong><\/h4>\n<ul data-start=\"230\" data-end=\"611\">\n<li data-start=\"230\" data-end=\"362\">Nie je vhodn\u00e1 na \u0161tukat\u00e9rske pr\u00e1ce na tepeln\u00fdch izol\u00e1ci\u00e1ch; v t\u00fdchto pr\u00edpadoch sa odpor\u00fa\u010da pou\u017e\u00edva\u0165 profily vyroben\u00e9 zo styroporu.<\/li>\n<li data-start=\"363\" data-end=\"414\">Neobsahuje zlo\u017eky sp\u00f4sobuj\u00face chloridov\u00fa kor\u00f3ziu.<\/li>\n<li data-start=\"415\" data-end=\"451\">R\u00fdchloschn\u00faca, \u010do ur\u00fdch\u013euje pr\u00e1cu.<\/li>\n<li data-start=\"452\" data-end=\"501\">Hydrof\u00f3bna, \u010do zaru\u010duje odolnos\u0165 vo\u010di vlhkosti.<\/li>\n<li data-start=\"502\" data-end=\"534\">\u013dahk\u00e1 aplik\u00e1cia a spracovanie.<\/li>\n<li data-start=\"535\" data-end=\"611\">Zosilnen\u00e1 mikrovl\u00e1knami, \u010do obmedzuje smr\u0161tovanie a nap\u00e4tie po\u010das su\u0161enia.<\/li>\n<\/ul>\n<h4 data-start=\"613\" data-end=\"638\"><strong data-start=\"613\" data-end=\"638\">Pou\u017eitie KOMBI STONE:<\/strong><\/h4>\n<ol data-start=\"639\" data-end=\"1684\">\n<li data-start=\"639\" data-end=\"1111\">\n<p data-start=\"642\" data-end=\"664\"><strong data-start=\"642\" data-end=\"664\">Pr\u00edprava podkladu:<\/strong><\/p>\n<ul data-start=\"668\" data-end=\"1111\">\n<li data-start=\"668\" data-end=\"1111\">Skontrolujte technick\u00fd stav podkladu, na ktor\u00fd sa bud\u00fa aplikova\u0165 odliatky. Podklad by mal by\u0165 nosn\u00fd, stabiln\u00fd, rovn\u00fd, such\u00fd a bez biologick\u00fdch a chemick\u00fdch zne\u010disten\u00ed. V pr\u00edpade v\u00fdskytu rias a plesn\u00ed je potrebn\u00e9 pou\u017ei\u0165 ALGIZID. Star\u00e9 alebo zne\u010disten\u00e9 podklady je nutn\u00e9 umy\u0165 a odmasti\u0165 pomocou \u010distiaceho prostriedku CLEANFORCE. V\u0161etky uvo\u013enen\u00e9, nes\u00favisiace vrstvy podkladu, ako prach, pyly alebo odlupuj\u00face sa omietky, je potrebn\u00e9 odstr\u00e1ni\u0165.<\/li>\n<\/ul>\n<\/li>\n<li data-start=\"1113\" data-end=\"1492\">\n<p data-start=\"1116\" data-end=\"1147\"><strong data-start=\"1116\" data-end=\"1147\">Pr\u00edprava a aplik\u00e1cia malty:<\/strong><\/p>\n<ul data-start=\"1151\" data-end=\"1492\">\n<li data-start=\"1151\" data-end=\"1492\">Do n\u00e1doby s presne odmeran\u00fdm mno\u017estvom \u010distej studenej vody (pribli\u017ene 5,0 litra na 25 kg malty) postupne pridajte obsah vrecka a d\u00f4kladne premie\u0161ajte (pomocou mie\u0161a\u010da s n\u00edzkymi ot\u00e1\u010dkami). Po premie\u0161an\u00ed okam\u017eite nalejte maltu do formy. Pri aplik\u00e1cii jednotliv\u00fdch vrstiev je potrebn\u00e9 \u010daka\u0165 na dostato\u010dn\u00e9 stvrdnutie predt\u00fdm nanesenej vrstvy.<\/li>\n<\/ul>\n<\/li>\n<li data-start=\"1494\" data-end=\"1684\">\n<p data-start=\"1497\" data-end=\"1524\"><strong data-start=\"1497\" data-end=\"1524\">Uskuto\u010dnenie odliatkov:<\/strong><\/p>\n<ul data-start=\"1528\" data-end=\"1684\">\n<li data-start=\"1528\" data-end=\"1684\">Po 1,5 a\u017e 2 hodin\u00e1ch by mal by\u0165 odliatok vybran\u00fd z formy a nechajte ho schn\u00fa\u0165. Pre rovnomern\u00e9 su\u0161enie je potrebn\u00e9 odliatok skladova\u0165 na dreven\u00fdch ro\u0161toch.<\/li>\n<\/ul>\n<\/li>\n<\/ol>\n<h4 data-start=\"1686\" data-end=\"1700\"><strong data-start=\"1686\" data-end=\"1700\">Parametre:<\/strong><\/h4>\n<ul data-start=\"1701\" data-end=\"2137\" data-is-only-node=\"\">\n<li data-start=\"1701\" data-end=\"1768\">Zlo\u017eenie: zmes cementov, miner\u00e1lne plnidl\u00e1 a modifika\u010dn\u00e9 pr\u00edsady.<\/li>\n<li data-start=\"1769\" data-end=\"1828\">Teplota aplik\u00e1cie (vzduchu a podkladu): od +5\u00b0C do +30\u00b0C.<\/li>\n<li data-start=\"1829\" data-end=\"1845\">Farba: b\u00e9\u017eov\u00e1.<\/li>\n<li data-start=\"1846\" data-end=\"1871\">Hr\u00fabka zrna: do 1,2 mm.<\/li>\n<li data-start=\"1872\" data-end=\"1931\">Doba pou\u017eite\u013enosti po zmie\u0161an\u00ed s vodou: pribli\u017ene 20 min.<\/li>\n<li data-start=\"1932\" data-end=\"2025\">\u010cas viazania: pribli\u017ene 2 hodiny (pri teplote vzduchu 20\u00b0C, relat\u00edvna vlhkos\u0165 vzduchu 65%).<\/li>\n<li data-start=\"2026\" data-end=\"2091\">Proporcie mie\u0161ania: pribli\u017ene 5,0 l vody na 25 kg suchej malty.<\/li>\n<li data-start=\"2092\" data-end=\"2137\">Hr\u00fabka vrstvy: do 0,9 kg\/m\u00b2 po\u010das 24 hod\u00edn.<\/li>\n<\/ul>\n<p>&nbsp;<\/p>\n<p><a href=\"https:\/\/historica.com.pl\/wp-content\/uploads\/sites\/3\/2019\/09\/kombi-stone.pdf\" target=\"_blank\" rel=\"noopener\"><span class=\"HwtZe\" lang=\"sk\"><span class=\"jCAhz ChMk0b\"><span class=\"ryNqvb\">Technick\u00fd list<\/span><\/span><\/span><\/a><\/p>\n<h5><\/h5>\n","protected":false},"excerpt":{"rendered":"<p>KOMBI STONE \u0161tukov\u00e1 malta na zhotovovanie \u0165ahan\u00fdch profilov KOMBI STONE je hrubozrnn\u00e1 r\u00fdchloschn\u00faca omietkov\u00e1 malta ur\u010den\u00e1 na tvorbu \u0165ahan\u00fdch profilov, r\u00edms, rustik a bo\u010dn\u00edkov na fas\u00e1dach<span class=\"excerpt-hellip\"> [\u2026]<\/span><\/p>\n","protected":false},"featured_media":273075,"comment_status":"open","ping_status":"closed","template":"","meta":{"_acf_changed":false},"product_brand":[],"product_cat":[1082,1027,1048,933,1102,914],"product_tag":[],"class_list":{"0":"post-279673","1":"product","2":"type-product","3":"status-publish","4":"has-post-thumbnail","6":"product_cat-hydroizolacje-i-renowacje-sk","7":"product_cat-kabe-sk","8":"product_cat-materialy-sztukatorskie-sk","9":"product_cat-prace-zewnetrzne-dachy-i-elewacje-sk","10":"product_cat-renowacja-sk","11":"product_cat-renowacja-elewacji-sk","12":"product_shipping_class-latwa-wysylka-sk","14":"first","15":"onbackorder","16":"taxable","17":"shipping-taxable","18":"purchasable","19":"product-type-simple"},"acf":[],"_links":{"self":[{"href":"https:\/\/www.sanier.pl\/sk\/wp-json\/wp\/v2\/product\/279673","targetHints":{"allow":["GET"]}}],"collection":[{"href":"https:\/\/www.sanier.pl\/sk\/wp-json\/wp\/v2\/product"}],"about":[{"href":"https:\/\/www.sanier.pl\/sk\/wp-json\/wp\/v2\/types\/product"}],"replies":[{"embeddable":true,"href":"https:\/\/www.sanier.pl\/sk\/wp-json\/wp\/v2\/comments?post=279673"}],"wp:featuredmedia":[{"embeddable":true,"href":"https:\/\/www.sanier.pl\/sk\/wp-json\/wp\/v2\/media\/273075"}],"wp:attachment":[{"href":"https:\/\/www.sanier.pl\/sk\/wp-json\/wp\/v2\/media?parent=279673"}],"wp:term":[{"taxonomy":"product_brand","embeddable":true,"href":"https:\/\/www.sanier.pl\/sk\/wp-json\/wp\/v2\/product_brand?post=279673"},{"taxonomy":"product_cat","embeddable":true,"href":"https:\/\/www.sanier.pl\/sk\/wp-json\/wp\/v2\/product_cat?post=279673"},{"taxonomy":"product_tag","embeddable":true,"href":"https:\/\/www.sanier.pl\/sk\/wp-json\/wp\/v2\/product_tag?post=279673"}],"curies":[{"name":"wp","href":"https:\/\/api.w.org\/{rel}","templated":true}]}}