{"id":279671,"date":"2023-08-24T13:53:35","date_gmt":"2023-08-24T13:53:35","guid":{"rendered":"https:\/\/www.sanier.pl\/produkt\/kombi-stucco-zaprawa-do-wykonywania-malych-odlewow-stiukowych\/"},"modified":"2025-03-24T12:11:35","modified_gmt":"2025-03-24T12:11:35","slug":"kombi-stucco","status":"publish","type":"product","link":"https:\/\/www.sanier.pl\/sk\/produkt\/kombi-stucco\/","title":{"rendered":"KOMBI STUCCO - R\u00fdchloschn\u00faca malta na tvorbu mal\u00fdch \u0161tukov\u00fdch odliatkov"},"content":{"rendered":"<h1 data-start=\"0\" data-end=\"75\"><strong data-start=\"0\" data-end=\"16\">KOMBI STUCCO<\/strong><\/h1>\n<h4 data-start=\"0\" data-end=\"75\">R\u00fdchloschn\u00faca malta na tvorbu mal\u00fdch \u0161tukov\u00fdch odliatkov<\/h4>\n<p data-start=\"77\" data-end=\"268\">KOMBI STUCCO je malta na tvorbu mal\u00fdch \u0161tukov\u00fdch odliatkov. R\u00fdchle tvrdnutie umo\u017e\u0148uje vybra\u0165 odliatky z foriem u\u017e po 1,5\u20132 hodin\u00e1ch. Malta m\u00f4\u017ee by\u0165 pou\u017eit\u00e1 na vn\u00fatorn\u00e9 aj vonkaj\u0161ie aplik\u00e1cie.<\/p>\n<h4 data-start=\"270\" data-end=\"299\"><strong data-start=\"270\" data-end=\"297\">Vlastnosti KOMBI STUCCO<\/strong><\/h4>\n<ul data-start=\"300\" data-end=\"885\">\n<li data-start=\"300\" data-end=\"367\">Nie je vhodn\u00e1 na vytv\u00e1ranie \u010dast\u00ed s ve\u013ek\u00fdmi rozdielmi v hr\u00fabke.<\/li>\n<li data-start=\"368\" data-end=\"507\">Nepou\u017e\u00edva\u0165 na \u0161tukat\u00e9rske pr\u00e1ce v izola\u010dn\u00fdch syst\u00e9moch; v t\u00fdchto pr\u00edpadoch sa odpor\u00fa\u010da pou\u017e\u00edvanie profilov zo styroporov\u00fdch materi\u00e1lov.<\/li>\n<li data-start=\"508\" data-end=\"560\">Neobsahuje zlo\u017eky sp\u00f4sobuj\u00face kor\u00f3ziu chloridmi.<\/li>\n<li data-start=\"561\" data-end=\"686\">Pri tvorbe odliatkov s ve\u013ek\u00fdmi rozmermi alebo skokov\u00fdmi zmenami hr\u00fabky sa odpor\u00fa\u010da zosilni\u0165 prie\u010dny rez oce\u013eov\u00fdmi ty\u010dami.<\/li>\n<li data-start=\"687\" data-end=\"726\">R\u00fdchloschn\u00faca, \u010do skr\u00e1ti \u010das pr\u00e1ce.<\/li>\n<li data-start=\"727\" data-end=\"773\">Hydrof\u00f3bna, \u010do znamen\u00e1 odolnos\u0165 vo\u010di vode.<\/li>\n<li data-start=\"774\" data-end=\"813\">Jednoduch\u00e1 aplik\u00e1cia a spracovanie.<\/li>\n<li data-start=\"814\" data-end=\"885\">Armovan\u00e1 mikrovl\u00e1knami, \u010do zni\u017euje smr\u0161tenie a nap\u00e4tia po\u010das su\u0161enia.<\/li>\n<\/ul>\n<h4 data-start=\"887\" data-end=\"919\"><strong data-start=\"887\" data-end=\"919\">Sp\u00f4sob pou\u017eitia KOMBI STUCCO<\/strong><\/h4>\n<p data-start=\"921\" data-end=\"1704\"><strong data-start=\"921\" data-end=\"943\">Pr\u00edprava podkladu:<\/strong><br data-start=\"943\" data-end=\"946\" \/>Skontrolujte technick\u00fd stav podkladu, na ktorom bud\u00fa odliatky umiestnen\u00e9 \u2013 mal by by\u0165 nosn\u00fd, stabiln\u00fd, rovn\u00fd, such\u00fd a zbaven\u00fd \u0161kv\u0155n a v\u00fdkvety biologick\u00e9ho a chemick\u00e9ho p\u00f4vodu. Pri v\u00fdskyte machu a\/alebo h\u00fab pou\u017eite pr\u00edpravok ALGIZID. Star\u00e9 a\/nebo zne\u010disten\u00e9 podklady umyte a odmastite vodou s pr\u00eddavkom pr\u00edpravku CLEANFORCE. Odstr\u00e1\u0148te v\u0161etky vo\u013en\u00e9 vrstvy, ktor\u00e9 nie s\u00fa spojen\u00e9 s podkladom (napr. prach, odpad, odlupuj\u00face sa omietky alebo odlupuj\u00face sa n\u00e1tery). V pr\u00edpade v\u00fdrazn\u00fdch nerovnost\u00ed podkladu, steny je potrebn\u00e9 predbe\u017ene vyrovna\u0165 vyrovn\u00e1vacou maltou. Chl\u00f3nne podklady pred nanesen\u00edm malty zagruntujte pr\u00edpravkom BUDOGRUNT ZG\/WG. Doba tuhnutia pou\u017eit\u00e9ho pr\u00edpravku pri optim\u00e1lnych podmienkach (pri teplote +20\u00b0C a vlhkosti vzduchu 55%) je cca 3 hodiny.<\/p>\n<p data-start=\"1706\" data-end=\"2649\"><strong data-start=\"1706\" data-end=\"1750\">Pr\u00edprava a nan\u00e1\u0161anie malty KOMBI STUCCO:<\/strong><br data-start=\"1750\" data-end=\"1753\" \/>Do n\u00e1doby s odmeran\u00fdm mno\u017estvom \u010distej studenej vody: cca 8,0 litra na 25 kg malty, postupne pridajte obsah vrecka a d\u00f4kladne premie\u0161ajte (mix\u00e9rom\/vrta\u010dkou s mie\u0161adlom), a\u017e k\u00fdm nez\u00edskate homog\u00e9nnu zmes bez hrudiek, ktor\u00e1 sa okam\u017eite naleje do formy. Pozn\u00e1mka: Pr\u00edli\u0161 dlh\u00e9 alebo pr\u00edli\u0161 intenz\u00edvne mie\u0161anie m\u00f4\u017ee vies\u0165 k nadmern\u00e9mu napeneniu malty a t\u00fdm k zn\u00ed\u017eeniu jej pevnostn\u00fdch parametrov. Premie\u0161avajte vodou len tak\u00e9 mno\u017estvo materi\u00e1lu, ktor\u00e9 m\u00f4\u017eete pou\u017ei\u0165 po\u010das 5\u201310 min\u00fat. Nadbyto\u010dn\u00fd materi\u00e1l a v\u0161etky ne\u010distoty okam\u017eite odstr\u00e1\u0148te. Odpor\u00fa\u010da sa, ak je to mo\u017en\u00e9, zhutni\u0165 nanesen\u00fa maltu vo forme pomocou vibr\u00e1cie. Pomocou jemn\u00e9ho poklep\u00e1vania formy alebo vibr\u00e1cie mo\u017eno odstr\u00e1ni\u0165 pr\u00edpadn\u00e9 vzduchov\u00e9 bubliny z hmoty. Po cca 1,5\u20132 hodin\u00e1ch by mal by\u0165 odliatok vybrat\u00fd z formy, aby mohol rovnomerne vyschn\u00fa\u0165. Na zaistenie vys\u00fa\u0161ania zo v\u0161etk\u00fdch str\u00e1n by sa odliatok mal uklada\u0165 na dreven\u00fdch ro\u0161toch.<\/p>\n<p data-start=\"2651\" data-end=\"2863\"><strong data-start=\"2651\" data-end=\"2673\">In\u0161tala\u010dn\u00e9 pokyny:<\/strong><br data-start=\"2673\" data-end=\"2676\" \/>Neposudzujte proces su\u0161enia ur\u00fdchlen\u00edm vystaven\u00edm slnku alebo vetru. Odpor\u00fa\u010da sa \u010fal\u0161ie mechanick\u00e9 upevnenie profilov na podklade. Po ukon\u010den\u00ed pr\u00e1c je potrebn\u00e9 n\u00e1stroje umy\u0165 teplou vodou.<\/p>\n<p data-start=\"2865\" data-end=\"3155\">Vykonan\u00fd odliatok si vy\u017eaduje sez\u00f3novanie pred ma\u013eovan\u00edm, pri\u010dom na ka\u017ed\u00fd 1 mm hr\u00fabky odliatku (pri vys\u00fa\u0161an\u00ed pri teplote +20\u00b0C a vlhkosti vzduchu 65%) je potrebn\u00e9 jeden de\u0148 su\u0161enia. Odliatky by mali by\u0165 pokryt\u00e9 vysoko dif\u00faznou malbou, pou\u017e\u00edvaj\u00fac farby CALSILIT F, NOVALIT F alebo ARMASIL F.<\/p>\n<p data-start=\"3157\" data-end=\"3184\"><strong data-start=\"3157\" data-end=\"3184\">Parametre KOMBI STUCCO:<\/strong><\/p>\n<ul data-start=\"3185\" data-end=\"4167\" data-is-only-node=\"\" data-is-last-node=\"\">\n<li data-start=\"3185\" data-end=\"3252\">Zlo\u017eenie: zmes cementov, miner\u00e1lnych plniv a modifika\u010dn\u00fdch pr\u00edsad<\/li>\n<li data-start=\"3253\" data-end=\"3309\">Teplota aplik\u00e1cie (vzduch a podklad): od +5\u00b0C do +30\u00b0C<\/li>\n<li data-start=\"3310\" data-end=\"3324\">Farba: biela<\/li>\n<li data-start=\"3325\" data-end=\"3349\">Hr\u00fabka zrna: do 0,8 mm<\/li>\n<li data-start=\"3350\" data-end=\"3407\">Doba pou\u017eite\u013enosti po zmie\u0161an\u00ed s vodou: cca 10\u201315 min\u00fat<\/li>\n<li data-start=\"3408\" data-end=\"3500\">\u010cas tuhnutia: cca 1,5\u20132 hodiny (pri teplote vzduchu 20\u00b0C, relat\u00edvnej vlhkosti vzduchu 65%)<\/li>\n<li data-start=\"3501\" data-end=\"3600\">Pozn\u00e1mka: Vysu\u0161en\u00fa maltu nepou\u017e\u00edvajte op\u00e4tovne prid\u00e1van\u00edm vody alebo zmie\u0161an\u00edm s \u010derstvou maltou.<\/li>\n<li data-start=\"3601\" data-end=\"3659\">Proporcie mie\u0161ania: cca 8,0 l vody na 25 kg suchej malty<\/li>\n<li data-start=\"3660\" data-end=\"3706\">Hrub\u00e1 hustota v suchom stave: cca 1450 kg\/m3<\/li>\n<li data-start=\"3707\" data-end=\"3744\">Rozsah pevnosti na tlak: kat. CS IV<\/li>\n<li data-start=\"3745\" data-end=\"3781\">Pri\u013enavos\u0165 k podkladu: \u2265 0,2 N\/mm2<\/li>\n<li data-start=\"3782\" data-end=\"3839\">Absorpcia vody sp\u00f4soben\u00e1 kapil\u00e1rnym vzl\u00ednan\u00edm: kat. WcO<\/li>\n<li data-start=\"3840\" data-end=\"3886\">Koeficient priepustnosti vodnej pary: \u03bc \u2264 20<\/li>\n<li data-start=\"3887\" data-end=\"3953\">Balenie: Jednorazov\u00e9 papierov\u00e9 balenie obsahuj\u00face 25 kg produktu<\/li>\n<li data-start=\"3954\" data-end=\"4097\">Skladovanie: Skladujte v origin\u00e1lne uzavret\u00fdch obaloch, v such\u00fdch priestoroch, na palet\u00e1ch pri teplote +5\u00b0C do +25\u00b0C. Chr\u00e1ni\u0165 pred vlhkos\u0165ou.<\/li>\n<li data-start=\"4098\" data-end=\"4167\" data-is-last-node=\"\">Doba pou\u017eite\u013enosti: 6 mesiacov od d\u00e1tumu v\u00fdroby uveden\u00e9ho na obale.<\/li>\n<\/ul>\n<p><a href=\"https:\/\/historica.com.pl\/wp-content\/uploads\/sites\/3\/2019\/05\/kombi-stucco.pdf\" target=\"_blank\" rel=\"noopener\"><span class=\"HwtZe\" lang=\"sk\"><span class=\"jCAhz ChMk0b\"><span class=\"ryNqvb\">Technick\u00fd list<\/span><\/span><\/span><\/a><\/p>\n<h5><\/h5>\n","protected":false},"excerpt":{"rendered":"<p><strong>KOMBI STUCCO<\/strong> je r\u00fdchloschn\u00faca malta na mal\u00e9 \u0161tukov\u00e9 odliatky, ktor\u00e1 umo\u017e\u0148uje vybra\u0165 odliatky z formy u\u017e po 1,5\u20132 hodin\u00e1ch. Je odoln\u00e1 vo\u010di vode (hydrof\u00f3bna) a obsahuje mikrovl\u00e1kna, ktor\u00e9 zni\u017euj\u00fa smr\u0161tovanie a nap\u00e4tia. Produkt je vhodn\u00fd na vn\u00fatorn\u00e9 aj vonkaj\u0161ie \u0161tukat\u00e9rske pr\u00e1ce, vr\u00e1tane opr\u00e1v trhl\u00edn a nedostatkov. R\u00fdchla aplik\u00e1cia, \u013eahk\u00e1 \u00faprava a dobr\u00e1 pri\u013enavos\u0165 k podkladu zabezpe\u010duj\u00fa estetick\u00e9 a trval\u00e9 v\u00fdsledky.<\/p>\n","protected":false},"featured_media":273081,"comment_status":"open","ping_status":"closed","template":"","meta":{"_acf_changed":false},"product_brand":[],"product_cat":[1027,1048,1052,884,1102,914],"product_tag":[],"class_list":{"0":"post-279671","1":"product","2":"type-product","3":"status-publish","4":"has-post-thumbnail","6":"product_cat-kabe-sk","7":"product_cat-materialy-sztukatorskie-sk","8":"product_cat-materialy-uzupelniajace-akcesoria-materialy-wykonczeniowe-sk","9":"product_cat-materialy-wykonczeniowe-sk","10":"product_cat-renowacja-sk","11":"product_cat-renowacja-elewacji-sk","12":"product_shipping_class-latwa-wysylka-sk","14":"first","15":"onbackorder","16":"taxable","17":"shipping-taxable","18":"purchasable","19":"product-type-simple"},"acf":[],"_links":{"self":[{"href":"https:\/\/www.sanier.pl\/sk\/wp-json\/wp\/v2\/product\/279671","targetHints":{"allow":["GET"]}}],"collection":[{"href":"https:\/\/www.sanier.pl\/sk\/wp-json\/wp\/v2\/product"}],"about":[{"href":"https:\/\/www.sanier.pl\/sk\/wp-json\/wp\/v2\/types\/product"}],"replies":[{"embeddable":true,"href":"https:\/\/www.sanier.pl\/sk\/wp-json\/wp\/v2\/comments?post=279671"}],"wp:featuredmedia":[{"embeddable":true,"href":"https:\/\/www.sanier.pl\/sk\/wp-json\/wp\/v2\/media\/273081"}],"wp:attachment":[{"href":"https:\/\/www.sanier.pl\/sk\/wp-json\/wp\/v2\/media?parent=279671"}],"wp:term":[{"taxonomy":"product_brand","embeddable":true,"href":"https:\/\/www.sanier.pl\/sk\/wp-json\/wp\/v2\/product_brand?post=279671"},{"taxonomy":"product_cat","embeddable":true,"href":"https:\/\/www.sanier.pl\/sk\/wp-json\/wp\/v2\/product_cat?post=279671"},{"taxonomy":"product_tag","embeddable":true,"href":"https:\/\/www.sanier.pl\/sk\/wp-json\/wp\/v2\/product_tag?post=279671"}],"curies":[{"name":"wp","href":"https:\/\/api.w.org\/{rel}","templated":true}]}}