{"id":279669,"date":"2023-10-04T11:24:07","date_gmt":"2023-10-04T11:24:07","guid":{"rendered":"https:\/\/www.sanier.pl\/produkt\/doradztwo-techniczne-eco\/"},"modified":"2025-03-24T12:02:02","modified_gmt":"2025-03-24T12:02:02","slug":"doradztwo-techniczne-eco","status":"publish","type":"product","link":"https:\/\/www.sanier.pl\/sk\/produkt\/doradztwo-techniczne-eco\/","title":{"rendered":"Konzult\u00e1cie v oblasti hydroizol\u00e1cie a renov\u00e1ci\u00ed"},"content":{"rendered":"<div class=\"flex max-w-full flex-col flex-grow\">\n<div class=\"min-h-8 text-message relative flex w-full flex-col items-end gap-2 whitespace-normal break-words text-start [.text-message+&amp;]:mt-5\" dir=\"auto\" data-message-author-role=\"assistant\" data-message-id=\"d182328b-6229-478f-8a0e-3455141f59ea\" data-message-model-slug=\"gpt-4o-mini\">\n<div class=\"flex w-full flex-col gap-1 empty:hidden first:pt-[3px]\">\n<h2 data-start=\"0\" data-end=\"102\"><strong data-start=\"0\" data-end=\"51\">Konzult\u00e1cie v oblasti hydroizol\u00e1cie a renov\u00e1ci\u00ed<\/strong><\/h2>\n<h5 data-start=\"0\" data-end=\"102\">Konzult\u00e1cie online alebo v s\u00eddle SANIER (Krakov)<\/h5>\n<p data-start=\"104\" data-end=\"499\">Staviate alebo renovujete dom? M\u00e1te ot\u00e1zky t\u00fdkaj\u00face sa materi\u00e1lov alebo kvality vykon\u00e1van\u00fdch stavebn\u00fdch pr\u00e1c? Nev\u00e1hajte a kontaktujte n\u00e1s! Sme tu, aby sme odpovedali na v\u0161etky va\u0161e ot\u00e1zky t\u00fdkaj\u00face sa hydroizol\u00e1cie. V\u00fdber spr\u00e1vnych technol\u00f3gi\u00ed a izola\u010dn\u00fdch materi\u00e1lov je k\u013e\u00fa\u010dov\u00fd v procese v\u00fdstavby alebo renov\u00e1cie. S nami budete ma\u0165 istotu, \u017ee v\u00e1\u0161 dom bude chr\u00e1nen\u00fd pred vlhkos\u0165ou na mnoho rokov!<\/p>\n<p data-start=\"501\" data-end=\"624\"><strong data-start=\"501\" data-end=\"541\">Konzult\u00e1cia technol\u00f3gie a materi\u00e1lov<\/strong> je stretnutie online alebo v s\u00eddle SANIER (odpor\u00fa\u010dan\u00e9), po\u010das ktor\u00e9ho sa dozviete:<\/p>\n<ul data-start=\"626\" data-end=\"1265\">\n<li data-start=\"626\" data-end=\"698\">pre\u010do je hydroizol\u00e1cia z\u00e1kladom pre \u017eivot v dome bez vlhkosti a plesn\u00ed<\/li>\n<li data-start=\"699\" data-end=\"779\">ak\u00fa hydroizol\u00e1ciu vybra\u0165 pre v\u00e1\u0161 dom (ak\u00fd v\u00fdskum vykona\u0165 a na \u010do si da\u0165 pozor)<\/li>\n<li data-start=\"780\" data-end=\"887\">ako by mala vyzera\u0165 spr\u00e1vna technol\u00f3gia hydroizol\u00e1cie z\u00e1kladov, gar\u00e1\u017ee, k\u00fape\u013ene, balk\u00f3na\/terasy a strechy<\/li>\n<li data-start=\"888\" data-end=\"990\">najd\u00f4le\u017eitej\u0161ie inform\u00e1cie o materi\u00e1loch potrebn\u00fdch na vykonanie hydroizol\u00e1cie, injekcie a renov\u00e1cie<\/li>\n<li data-start=\"991\" data-end=\"1074\">uk\u00e1\u017eeme v\u00e1m materi\u00e1ly, vzorkovn\u00edky a vysvetl\u00edme, ako aplikova\u0165 konkr\u00e9tne produkty<\/li>\n<li data-start=\"1075\" data-end=\"1161\">odpovieme na va\u0161e ot\u00e1zky t\u00fdkaj\u00face sa v\u0161etk\u00fdch ot\u00e1zok spojen\u00fdch s hydroizol\u00e1ciou domu<\/li>\n<li data-start=\"1162\" data-end=\"1265\">ur\u010d\u00edme poradie pr\u00e1c, ktor\u00e9 treba vykona\u0165, aby ste trvalo a \u00fa\u010dinne zabezpe\u010dili dom pred p\u00f4soben\u00edm vody<\/li>\n<\/ul>\n<h4 data-start=\"1267\" data-end=\"1294\"><strong data-start=\"1267\" data-end=\"1294\">Ako vyu\u017ei\u0165 konzult\u00e1ciu?<\/strong><\/h4>\n<ul data-start=\"1296\" data-end=\"1533\" data-is-only-node=\"\" data-is-last-node=\"\">\n<li data-start=\"1296\" data-end=\"1383\">kliknite na \"do ko\u0161\u00edka\", aby ste si zak\u00fapili 1 hodinu konzult\u00e1cie na\u017eivo alebo online<\/li>\n<li data-start=\"1384\" data-end=\"1405\">zapla\u0165te objedn\u00e1vku<\/li>\n<li data-start=\"1406\" data-end=\"1533\" data-is-last-node=\"\">vyberte si vhodn\u00fd term\u00edn konzult\u00e1cie - kontaktujte n\u00e1s na <a rel=\"noopener\" data-start=\"1466\" data-end=\"1499\">email<\/a> alebo telefonicky +48 796 343 313<\/li>\n<\/ul>\n<\/div>\n<\/div>\n<\/div>\n<\/div>\n<div class=\"mb-2 flex gap-3 -ml-2\" tabindex=\"0\">\n<div class=\"flex items-center justify-start rounded-xl p-1\">\n<div class=\"flex items-center\"><\/div>\n<\/div>\n<\/div>\n","protected":false},"excerpt":{"rendered":"<p>Konzult\u00e1cie v oblasti hydroizol\u00e1cie a renov\u00e1ci\u00ed Konzult\u00e1cie online alebo v s\u00eddle SANIER (Krakov) Staviate alebo renovujete dom? M\u00e1te ot\u00e1zky t\u00fdkaj\u00face sa materi\u00e1lov alebo kvality vykon\u00e1van\u00fdch stavebn\u00fdch<span class=\"excerpt-hellip\"> [\u2026]<\/span><\/p>\n","protected":false},"featured_media":279407,"comment_status":"open","ping_status":"closed","template":"","meta":{"_acf_changed":false},"product_brand":[],"product_cat":[1101,876,1038],"product_tag":[],"class_list":{"0":"post-279669","1":"product","2":"type-product","3":"status-publish","4":"has-post-thumbnail","6":"product_cat-doradztwo-techniczne-sk","7":"product_cat-hydroizolacja-sk","8":"product_cat-iniekcje-rys-i-pekniec-sk","10":"first","11":"instock","12":"virtual","13":"taxable","14":"purchasable","15":"product-type-simple"},"acf":[],"_links":{"self":[{"href":"https:\/\/www.sanier.pl\/sk\/wp-json\/wp\/v2\/product\/279669","targetHints":{"allow":["GET"]}}],"collection":[{"href":"https:\/\/www.sanier.pl\/sk\/wp-json\/wp\/v2\/product"}],"about":[{"href":"https:\/\/www.sanier.pl\/sk\/wp-json\/wp\/v2\/types\/product"}],"replies":[{"embeddable":true,"href":"https:\/\/www.sanier.pl\/sk\/wp-json\/wp\/v2\/comments?post=279669"}],"wp:featuredmedia":[{"embeddable":true,"href":"https:\/\/www.sanier.pl\/sk\/wp-json\/wp\/v2\/media\/279407"}],"wp:attachment":[{"href":"https:\/\/www.sanier.pl\/sk\/wp-json\/wp\/v2\/media?parent=279669"}],"wp:term":[{"taxonomy":"product_brand","embeddable":true,"href":"https:\/\/www.sanier.pl\/sk\/wp-json\/wp\/v2\/product_brand?post=279669"},{"taxonomy":"product_cat","embeddable":true,"href":"https:\/\/www.sanier.pl\/sk\/wp-json\/wp\/v2\/product_cat?post=279669"},{"taxonomy":"product_tag","embeddable":true,"href":"https:\/\/www.sanier.pl\/sk\/wp-json\/wp\/v2\/product_tag?post=279669"}],"curies":[{"name":"wp","href":"https:\/\/api.w.org\/{rel}","templated":true}]}}