{"id":279666,"date":"2023-10-04T11:32:06","date_gmt":"2023-10-04T11:32:06","guid":{"rendered":"https:\/\/www.sanier.pl\/produkt\/doradztwo-techniczne-pro\/"},"modified":"2025-03-24T11:52:59","modified_gmt":"2025-03-24T11:52:59","slug":"doradztwo-techniczne-pro","status":"publish","type":"product","link":"https:\/\/www.sanier.pl\/sk\/produkt\/doradztwo-techniczne-pro\/","title":{"rendered":"V\u00fdber technol\u00f3gie a izola\u010dn\u00fdch materi\u00e1lov"},"content":{"rendered":"<div class=\"flex max-w-full flex-col flex-grow\">\n<div class=\"min-h-8 text-message relative flex w-full flex-col items-end gap-2 whitespace-normal break-words text-start [.text-message+&amp;]:mt-5\" dir=\"auto\" data-message-author-role=\"assistant\" data-message-id=\"06044bac-67ab-447d-b3ef-d3ae0d5438ca\" data-message-model-slug=\"gpt-4o-mini\">\n<div class=\"flex w-full flex-col gap-1 empty:hidden first:pt-[3px]\">\n<h2 data-start=\"0\" data-end=\"96\"><strong data-start=\"0\" data-end=\"45\">V\u00fdber technol\u00f3gie a izola\u010dn\u00fdch materi\u00e1lov<\/strong><\/h2>\n<h5 data-start=\"0\" data-end=\"96\">Konzult\u00e1cie online alebo v s\u00eddle SANIER (Krakov)<\/h5>\n<p data-start=\"98\" data-end=\"334\">Uvedomujete si, ak\u00fa d\u00f4le\u017eit\u00fa \u00falohu zohr\u00e1va spr\u00e1vne vykonan\u00e1 hydroizol\u00e1cia? Ak chcete pristupova\u0165 k tejto t\u00e9me profesion\u00e1lne, ale potrebujete pomoc pri v\u00fdbere najlep\u0161\u00edch rie\u0161en\u00ed, materi\u00e1lov a technol\u00f3gi\u00ed, dohodnite si konzult\u00e1ciu s nami.<\/p>\n<p data-start=\"336\" data-end=\"629\">\u0160pecializujeme sa na hydroizol\u00e1cie, injek\u010dn\u00e9 techniky a renov\u00e1cie. Vieme, \u017ee v z\u00e1plave inform\u00e1ci\u00ed sa d\u00e1 \u013eahko strati\u0165 a je \u0165a\u017ek\u00e9 rozl\u00ed\u0161i\u0165 \u00fa\u010dinn\u00e9 materi\u00e1ly od t\u00fdch, ktor\u00e9 s\u00fa be\u017ene pou\u017e\u00edvan\u00e9. Preto sa spoliehajte na na\u0161u pomoc a odborn\u00fd v\u00fdber spr\u00e1vnych technol\u00f3gi\u00ed a materi\u00e1lov na hydroizol\u00e1cie.<\/p>\n<p data-start=\"631\" data-end=\"755\"><strong data-start=\"631\" data-end=\"665\">V\u00fdber technol\u00f3gie a materi\u00e1lov<\/strong> je stretnutie online alebo v s\u00eddle SANIER (odpor\u00fa\u010dan\u00e9), po\u010das ktor\u00e9ho sa dozviete viac o:<\/p>\n<ul data-start=\"757\" data-end=\"1069\">\n<li data-start=\"757\" data-end=\"861\">izol\u00e1ci\u00e1ch vertik\u00e1lnych, horizont\u00e1lnych, vonkaj\u0161\u00edch, vn\u00fatorn\u00fdch, proti vlhkostn\u00fdch a obnoven\u00ed izol\u00e1ci\u00ed<\/li>\n<li data-start=\"862\" data-end=\"881\">renov\u00e1ci\u00e1ch budov<\/li>\n<li data-start=\"882\" data-end=\"940\">tesnen\u00ed praskl\u00edn a trhl\u00edn v strope a reprofil\u00e1cii sklony<\/li>\n<li data-start=\"941\" data-end=\"1005\">oprav\u00e1ch kon\u0161trukci\u00ed, pivn\u00edc, balk\u00f3nov, lod\u017ei\u00ed, ter\u00e1s a podl\u00e1h<\/li>\n<li data-start=\"1006\" data-end=\"1036\">dokon\u010dovan\u00ed ter\u00e1s a balk\u00f3nov<\/li>\n<li data-start=\"1037\" data-end=\"1069\">roz\u0161irovanie a prestavby budov<\/li>\n<\/ul>\n<h4 data-start=\"1071\" data-end=\"1132\"><strong data-start=\"1071\" data-end=\"1132\">Poradensk\u00e1 slu\u017eba v\u00fdberu technol\u00f3gie a materi\u00e1lov zah\u0155\u0148a:<\/strong><\/h4>\n<ul data-start=\"1134\" data-end=\"1266\">\n<li data-start=\"1134\" data-end=\"1178\">technick\u00fd n\u00e1vod na vykonanie hydroizol\u00e1cie<\/li>\n<li data-start=\"1179\" data-end=\"1216\">zoznam materi\u00e1lov s cenovou ponukou<\/li>\n<li data-start=\"1217\" data-end=\"1266\">technick\u00e9 karty produktov s n\u00e1vodom na spotrebu<\/li>\n<\/ul>\n<h4 data-start=\"1268\" data-end=\"1295\"><strong data-start=\"1268\" data-end=\"1295\">Ako vyu\u017ei\u0165 konzult\u00e1ciu?<\/strong><\/h4>\n<ul data-start=\"1297\" data-end=\"1508\" data-is-last-node=\"\" data-is-only-node=\"\">\n<li data-start=\"1297\" data-end=\"1381\">kliknite na \"do ko\u0161\u00edka\", aby ste zak\u00fapili 1 hodinu konzult\u00e1cie na\u017eivo alebo online<\/li>\n<li data-start=\"1382\" data-end=\"1403\">zapla\u0165te objedn\u00e1vku<\/li>\n<li data-start=\"1404\" data-end=\"1508\" data-is-last-node=\"\">vyberte si vhodn\u00fd term\u00edn konzult\u00e1cie - kontaktujte n\u00e1s (<a href=\"mailto:a.kaczmarczyk@sanier.pl\" rel=\"noopener\" data-start=\"1462\" data-end=\"1485\">a.kaczmarczyk@sanier.pl<\/a> alebo <a href=\"tel:796343313\">+48 796 343 313<\/a>)<\/li>\n<\/ul>\n<\/div>\n<\/div>\n<\/div>\n<div class=\"mb-2 flex gap-3 -ml-2\" tabindex=\"0\">\n<div class=\"flex items-center justify-start rounded-xl p-1\">\n<div class=\"flex items-center\"><\/div>\n<\/div>\n<\/div>\n","protected":false},"excerpt":{"rendered":"<p>V\u00fdber technol\u00f3gie a izola\u010dn\u00fdch materi\u00e1lov Konzult\u00e1cie online alebo v s\u00eddle SANIER (Krakov) Uvedomujete si, ak\u00fa d\u00f4le\u017eit\u00fa \u00falohu zohr\u00e1va spr\u00e1vne vykonan\u00e1 hydroizol\u00e1cia? Ak chcete pristupova\u0165 k tejto<span class=\"excerpt-hellip\"> [\u2026]<\/span><\/p>\n","protected":false},"featured_media":280423,"comment_status":"open","ping_status":"closed","template":"","meta":{"_acf_changed":false},"product_brand":[],"product_cat":[923,1101,876,1038],"product_tag":[],"class_list":{"0":"post-279666","1":"product","2":"type-product","3":"status-publish","4":"has-post-thumbnail","6":"product_cat-bestseller-sk","7":"product_cat-doradztwo-techniczne-sk","8":"product_cat-hydroizolacja-sk","9":"product_cat-iniekcje-rys-i-pekniec-sk","11":"first","12":"instock","13":"virtual","14":"taxable","15":"purchasable","16":"product-type-simple"},"acf":[],"_links":{"self":[{"href":"https:\/\/www.sanier.pl\/sk\/wp-json\/wp\/v2\/product\/279666","targetHints":{"allow":["GET"]}}],"collection":[{"href":"https:\/\/www.sanier.pl\/sk\/wp-json\/wp\/v2\/product"}],"about":[{"href":"https:\/\/www.sanier.pl\/sk\/wp-json\/wp\/v2\/types\/product"}],"replies":[{"embeddable":true,"href":"https:\/\/www.sanier.pl\/sk\/wp-json\/wp\/v2\/comments?post=279666"}],"wp:featuredmedia":[{"embeddable":true,"href":"https:\/\/www.sanier.pl\/sk\/wp-json\/wp\/v2\/media\/280423"}],"wp:attachment":[{"href":"https:\/\/www.sanier.pl\/sk\/wp-json\/wp\/v2\/media?parent=279666"}],"wp:term":[{"taxonomy":"product_brand","embeddable":true,"href":"https:\/\/www.sanier.pl\/sk\/wp-json\/wp\/v2\/product_brand?post=279666"},{"taxonomy":"product_cat","embeddable":true,"href":"https:\/\/www.sanier.pl\/sk\/wp-json\/wp\/v2\/product_cat?post=279666"},{"taxonomy":"product_tag","embeddable":true,"href":"https:\/\/www.sanier.pl\/sk\/wp-json\/wp\/v2\/product_tag?post=279666"}],"curies":[{"name":"wp","href":"https:\/\/api.w.org\/{rel}","templated":true}]}}