{"id":279664,"date":"2024-01-11T08:41:07","date_gmt":"2024-01-11T08:41:07","guid":{"rendered":"https:\/\/www.sanier.pl\/produkt\/mc-proof-501-flex\/"},"modified":"2025-03-24T11:40:22","modified_gmt":"2025-03-24T11:40:22","slug":"mc-proof-501-flex","status":"publish","type":"product","link":"https:\/\/www.sanier.pl\/sk\/produkt\/mc-proof-501-flex\/","title":{"rendered":"MC Proof 501 flex - Elastick\u00e1 a odoln\u00e1 tesniaca hmota na bet\u00f3n."},"content":{"rendered":"<h2 data-start=\"0\" data-end=\"67\"><strong data-start=\"0\" data-end=\"21\">MC Proof 501 flex<\/strong><\/h2>\n<h5 data-start=\"0\" data-end=\"67\">Elastick\u00e1 a odoln\u00e1 tesniaca hmota na bet\u00f3n.<\/h5>\n<p data-start=\"69\" data-end=\"404\"><strong>MC Proof 501 flex<\/strong> je dvojzlo\u017ekov\u00e1, miner\u00e1lna tesniaca hmota, ktor\u00e1 poskytuje vysok\u00fa vodotesnos\u0165, pri\u013enavos\u0165 a odolnos\u0165 vo\u010di s\u00edranom. Je to ide\u00e1lny produkt na vonkaj\u0161iu a vn\u00fatorn\u00fa izol\u00e1ciu stien, z\u00e1kladov, keramick\u00fdch obkladov a bit\u00fameno-gumen\u00fdch povlakov. MC Proof 501 flex je \u013eahko aplikovate\u013en\u00fd, elastick\u00fd a most\u00ed trhliny v podklade.<\/p>\n<h4 data-start=\"406\" data-end=\"450\"><strong data-start=\"406\" data-end=\"448\">Vlastnosti a v\u00fdhody MC Proof 501 flex:<\/strong><\/h4>\n<ul data-start=\"451\" data-end=\"1017\">\n<li data-start=\"451\" data-end=\"542\"><strong data-start=\"453\" data-end=\"470\">Dvojzlo\u017ekov\u00fd:<\/strong> pozost\u00e1va z pr\u00e1\u0161ku a emulzie, ktor\u00e9 je potrebn\u00e9 zmie\u0161a\u0165 pred pou\u017eit\u00edm<\/li>\n<li data-start=\"543\" data-end=\"620\"><strong data-start=\"545\" data-end=\"559\">Elastick\u00fd:<\/strong> zachov\u00e1va pru\u017enos\u0165 po vytvrdnut\u00ed a most\u00ed trhliny do 0,5 mm<\/li>\n<li data-start=\"621\" data-end=\"680\"><strong data-start=\"623\" data-end=\"637\">Vodotesn\u00fd:<\/strong> zabra\u0148uje prenikaniu vody a\u017e do 1,5 baru<\/li>\n<li data-start=\"681\" data-end=\"753\"><strong data-start=\"683\" data-end=\"694\">Odoln\u00fd:<\/strong> vykazuje vysok\u00fa odolnos\u0165 vo\u010di s\u00edranom, mrazu a starnutiu<\/li>\n<li data-start=\"754\" data-end=\"870\"><strong data-start=\"756\" data-end=\"772\">Univerz\u00e1lny:<\/strong> m\u00f4\u017ee sa pou\u017e\u00edva\u0165 vn\u00fatri aj vonku na r\u00f4znych podkladoch, ako s\u00fa bet\u00f3n, tehly, keramika a bit\u00famen<\/li>\n<li data-start=\"871\" data-end=\"930\"><strong data-start=\"873\" data-end=\"886\">Pri\u013enav\u00fd:<\/strong> vytv\u00e1ra siln\u00fa a trval\u00fa spojku s podkladom<\/li>\n<li data-start=\"931\" data-end=\"1017\"><strong data-start=\"933\" data-end=\"960\">Elastick\u00e1 konzistencia:<\/strong> umo\u017e\u0148uje nan\u00e1\u0161anie \u0161pacht\u013eou, \u0161tetcom alebo striekan\u00edm<\/li>\n<\/ul>\n<h4 data-start=\"1019\" data-end=\"1041\"><strong data-start=\"1019\" data-end=\"1039\">Technick\u00e9 \u00fadaje:<\/strong><\/h4>\n<ul data-start=\"1042\" data-end=\"1417\" data-is-only-node=\"\" data-is-last-node=\"\">\n<li data-start=\"1042\" data-end=\"1120\"><strong data-start=\"1044\" data-end=\"1056\">Hustota:<\/strong> pribli\u017ene 1,8 kg\/dm\u00b3 (pr\u00e1\u0161ok), pribli\u017ene 1,0 kg\/dm\u00b3 (emulzia)<\/li>\n<li data-start=\"1121\" data-end=\"1180\"><strong data-start=\"1123\" data-end=\"1136\">Spotreba:<\/strong> pribli\u017ene 2,0 kg\/m\u00b2\/mm (pr\u00e1\u0161ok + emulzia)<\/li>\n<li data-start=\"1181\" data-end=\"1271\"><strong data-start=\"1183\" data-end=\"1206\">Doba pou\u017eite\u013enosti:<\/strong> pribli\u017ene 12 mesiacov (pr\u00e1\u0161ok), pribli\u017ene 6 mesiacov (emulzia)<\/li>\n<li data-start=\"1272\" data-end=\"1356\"><strong data-start=\"1274\" data-end=\"1297\">Doba vytvrdzovania:<\/strong> pribli\u017ene 24 hod\u00edn (pri +20\u00b0C a 65% relat\u00edvnej vlhkosti)<\/li>\n<li data-start=\"1357\" data-end=\"1399\"><strong data-start=\"1359\" data-end=\"1380\">Teplota pou\u017eitia:<\/strong> od +5\u00b0C do +30\u00b0C<\/li>\n<li data-start=\"1400\" data-end=\"1417\" data-is-last-node=\"\"><strong data-start=\"1402\" data-end=\"1412\">Farba:<\/strong> \u0161ed\u00e1<\/li>\n<\/ul>\n","protected":false},"excerpt":{"rendered":"<p>MC Proof 501 flex Elastick\u00e1 a odoln\u00e1 tesniaca hmota na bet\u00f3n. MC Proof 501 flex je dvojzlo\u017ekov\u00e1, miner\u00e1lna tesniaca hmota, ktor\u00e1 poskytuje vysok\u00fa vodotesnos\u0165, pri\u013enavos\u0165 a<span class=\"excerpt-hellip\"> [\u2026]<\/span><\/p>\n","protected":false},"featured_media":275152,"comment_status":"open","ping_status":"closed","template":"","meta":{"_acf_changed":false},"product_brand":[],"product_cat":[949,939,899,1099,953],"product_tag":[1070,890,891,937,951,962,1100],"class_list":{"0":"post-279664","1":"product","2":"type-product","3":"status-publish","4":"has-post-thumbnail","6":"product_cat-hydroizolacje-mineralne-sk","7":"product_cat-hydroizolacje-mineralne-hydroizolacja-balkonu-i-tarasu-sk","8":"product_cat-mineralne-materialy-sk","9":"product_cat-mc-bauchemie-sk","10":"product_cat-szlamy-uszczelniajace-sk","11":"product_tag-hydroizoalcje-sk","12":"product_tag-hydroizolacja-sk","13":"product_tag-hydroizolacje-sk","14":"product_tag-hydroziolacje-sk","15":"product_tag-hydroziolacje-mineralne-sk","16":"product_tag-szlam-sk","17":"product_tag-szlamow-sk","18":"product_shipping_class-trudna-wysylka-sk","20":"first","21":"onbackorder","22":"taxable","23":"shipping-taxable","24":"purchasable","25":"product-type-simple"},"acf":[],"_links":{"self":[{"href":"https:\/\/www.sanier.pl\/sk\/wp-json\/wp\/v2\/product\/279664","targetHints":{"allow":["GET"]}}],"collection":[{"href":"https:\/\/www.sanier.pl\/sk\/wp-json\/wp\/v2\/product"}],"about":[{"href":"https:\/\/www.sanier.pl\/sk\/wp-json\/wp\/v2\/types\/product"}],"replies":[{"embeddable":true,"href":"https:\/\/www.sanier.pl\/sk\/wp-json\/wp\/v2\/comments?post=279664"}],"wp:featuredmedia":[{"embeddable":true,"href":"https:\/\/www.sanier.pl\/sk\/wp-json\/wp\/v2\/media\/275152"}],"wp:attachment":[{"href":"https:\/\/www.sanier.pl\/sk\/wp-json\/wp\/v2\/media?parent=279664"}],"wp:term":[{"taxonomy":"product_brand","embeddable":true,"href":"https:\/\/www.sanier.pl\/sk\/wp-json\/wp\/v2\/product_brand?post=279664"},{"taxonomy":"product_cat","embeddable":true,"href":"https:\/\/www.sanier.pl\/sk\/wp-json\/wp\/v2\/product_cat?post=279664"},{"taxonomy":"product_tag","embeddable":true,"href":"https:\/\/www.sanier.pl\/sk\/wp-json\/wp\/v2\/product_tag?post=279664"}],"curies":[{"name":"wp","href":"https:\/\/api.w.org\/{rel}","templated":true}]}}