{"id":279662,"date":"2024-01-29T12:53:59","date_gmt":"2024-01-29T12:53:59","guid":{"rendered":"https:\/\/www.sanier.pl\/produkt\/bostik-epdm\/"},"modified":"2025-03-24T11:24:58","modified_gmt":"2025-03-24T11:24:58","slug":"bostik-epdm","status":"publish","type":"product","link":"https:\/\/www.sanier.pl\/sk\/produkt\/bostik-epdm\/","title":{"rendered":"BOSTIK EPDM \u010dierny hybridn\u00fd tmel na EPDM 600 ml (Giscofix)"},"content":{"rendered":"<p>[vc_row][vc_column][vc_column_text]<\/p>\n<h2><span class=\"HwtZe\" lang=\"sk\"><span class=\"jCAhz ChMk0b\"><span class=\"ryNqvb\">BOSTIK EPDM (predt\u00fdm Giscofix) <\/span><\/span><\/span><\/h2>\n<h5><span class=\"HwtZe\" lang=\"sk\"><span class=\"jCAhz ChMk0b\"><span class=\"ryNqvb\">\u010cierny hybridn\u00fd lepiaci a tesniaci tmel pre EPDM<\/span><\/span><\/span><\/h5>\n<p>[\/vc_column_text][\/vc_column][\/vc_row][vc_row][vc_column][vc_column_text css_animation=\"bounceInRight\"]<a href=\"https:\/\/www.sanier.pl\/sklep\/?s=bostik&amp;post_type=product\"><img loading=\"lazy\" decoding=\"async\" class=\"wp-image-258966 size-medium aligncenter\" src=\"https:\/\/www.sanier.pl\/wp-content\/uploads\/2022\/07\/Bostik_Logo_Header-300x121.png\" alt=\"bostik logo\" width=\"300\" height=\"121\" srcset=\"https:\/\/www.sanier.pl\/wp-content\/uploads\/2022\/07\/Bostik_Logo_Header-300x121.png 300w, https:\/\/www.sanier.pl\/wp-content\/uploads\/2022\/07\/Bostik_Logo_Header-800x324.png 800w, https:\/\/www.sanier.pl\/wp-content\/uploads\/2022\/07\/Bostik_Logo_Header-768x311.png 768w, https:\/\/www.sanier.pl\/wp-content\/uploads\/2022\/07\/Bostik_Logo_Header-700x283.png 700w, https:\/\/www.sanier.pl\/wp-content\/uploads\/2022\/07\/Bostik_Logo_Header.png 842w\" sizes=\"auto, (max-width:767px) 300px, 300px\" \/><\/a>[\/vc_column_text][\/vc_column][\/vc_row][vc_row][vc_column][vc_separator style=\"dashed\"][vc_empty_space height=\"64px\"][\/vc_column][\/vc_row][vc_row][vc_column width=\"1\/4\"][vc_single_image image=\"262112\" img_size=\"medium\" style=\"vc_box_rounded\"][\/vc_column][vc_column width=\"3\/4\"][vc_column_text]<\/p>\n<h3><strong data-start=\"0\" data-end=\"15\" data-is-only-node=\"\">BOSTIK EPDM<\/strong><\/h3>\n<p>BOSTIK EPDM je \u0161pecializovan\u00e9 jednokomponentn\u00e9 hybridn\u00e9 lepidlo-tesniaca hmota ur\u010den\u00e1 pre membr\u00e1ny EPDM a podobn\u00e9 materi\u00e1ly.[\/vc_column_text][vc_column_text]<\/p>\n<div class=\"flex max-w-full flex-col flex-grow\">\n<div class=\"min-h-8 text-message relative flex w-full flex-col items-end gap-2 whitespace-normal break-words text-start [.text-message+&amp;]:mt-5\" dir=\"auto\" data-message-author-role=\"assistant\" data-message-id=\"ac981046-cd1a-4ffa-b8d1-78e3b3cb2782\" data-message-model-slug=\"gpt-4o-mini\">\n<div class=\"flex w-full flex-col gap-1 empty:hidden first:pt-[3px]\">\n<h3 data-start=\"0\" data-end=\"152\"><strong data-start=\"0\" data-end=\"12\">POU\u017dITIE<\/strong><\/h3>\n<p data-start=\"0\" data-end=\"152\">Lepenie a tesnenie membr\u00e1n a f\u00f3li\u00ed EPDM na strech\u00e1ch, fas\u00e1dach, pri podlah\u00e1ch at\u010f.<br data-start=\"97\" data-end=\"100\" data-is-only-node=\"\" \/>Tesnenia pre strech\u00e1rske pr\u00e1ce<br data-start=\"130\" data-end=\"133\" \/>Oprava membr\u00e1n EPDM<\/p>\n<h3 data-start=\"154\" data-end=\"354\"><strong data-start=\"154\" data-end=\"172\">DRUHY POVRCHOV<\/strong><\/h3>\n<p data-start=\"154\" data-end=\"354\">EPDM, sklo, bet\u00f3n, omietka, stavebn\u00e1 keramika, ma\u013eovan\u00e9 alebo impregnovan\u00e9 drevo, smaltovan\u00e9, glaz\u00farovan\u00e9, emajlovan\u00e9 povrchy, oce\u013e, me\u010f, zinok, hlin\u00edk a in\u00e9 kovy, vybran\u00e9 plasty.<\/p>\n<p data-start=\"356\" data-end=\"439\" data-is-last-node=\"\" data-is-only-node=\"\">Neaplikujte BOSTIK EPDM na bit\u00famenov\u00e9 podklady, PE, PP, PTFE, gumu, pr\u00edrodn\u00fd kame\u0148.<\/p>\n<\/div>\n<\/div>\n<\/div>\n<div class=\"mb-2 flex gap-3 -ml-2\" tabindex=\"0\">\n<div class=\"flex items-center justify-start rounded-xl p-1\">\n<div class=\"flex items-center\"><\/div>\n<\/div>\n<\/div>\n<p>[\/vc_column_text][\/vc_column][\/vc_row][vc_row][vc_column][vc_empty_space][\/vc_column][vc_column][vc_separator style=\"dashed\"][\/vc_column][\/vc_row][vc_row][vc_column width=\"2\/3\"][vc_column_text]<\/p>\n<h3 data-start=\"0\" data-end=\"27\"><strong data-start=\"0\" data-end=\"27\">VLASTNOSTI BOSTIK EPDM:<\/strong><\/h3>\n<ul data-start=\"29\" data-end=\"335\" data-is-last-node=\"\" data-is-only-node=\"\">\n<li data-start=\"29\" data-end=\"61\">Vysok\u00e1 po\u010diato\u010dn\u00e1 pri\u013enavos\u0165<\/li>\n<li data-start=\"62\" data-end=\"82\">Trvalo elastick\u00fd<\/li>\n<li data-start=\"83\" data-end=\"108\">Minim\u00e1lny zmr\u0161\u0165ovanie<\/li>\n<li data-start=\"109\" data-end=\"153\">Chemicky neutr\u00e1lny (nesp\u00f4sobuje kor\u00f3ziu)<\/li>\n<li data-start=\"154\" data-end=\"197\">Bez izokyan\u00e1tov, silik\u00f3nu, rozp\u00fa\u0161\u0165adiel<\/li>\n<li data-start=\"198\" data-end=\"264\">Ve\u013emi dobr\u00e1 odolnos\u0165 vo\u010di UV \u017eiareniu a poveternostn\u00fdm vplyvom<\/li>\n<li data-start=\"265\" data-end=\"311\">Pri\u013enav\u00fd k such\u00fdm a mierne vlhk\u00fdm povrchom<\/li>\n<li data-start=\"312\" data-end=\"335\" data-is-last-node=\"\">Vysok\u00e1 pevnos\u0165 v \u0165ahu<\/li>\n<\/ul>\n<p>[\/vc_column_text][\/vc_column][vc_column width=\"1\/3\"][\/vc_column][\/vc_row][vc_row][vc_column][vc_separator style=\"dashed\"][vc_empty_space][\/vc_column][\/vc_row][vc_row][vc_column][vc_column_text]<\/p>\n<div class=\"flex max-w-full flex-col flex-grow\">\n<div class=\"min-h-8 text-message relative flex w-full flex-col items-end gap-2 whitespace-normal break-words text-start [.text-message+&amp;]:mt-5\" dir=\"auto\" data-message-author-role=\"assistant\" data-message-id=\"92d4787b-8a79-4b27-b81a-e3eec95be559\" data-message-model-slug=\"gpt-4o-mini\">\n<div class=\"flex w-full flex-col gap-1 empty:hidden first:pt-[3px]\">\n<h3 data-start=\"0\" data-end=\"32\"><strong data-start=\"0\" data-end=\"32\">SP\u00d4SOB POU\u017dITIA BOSTIK EPDM:<\/strong><\/h3>\n<h4 data-start=\"34\" data-end=\"395\"><strong data-start=\"34\" data-end=\"47\">Tesnenie:<\/strong><\/h4>\n<p data-start=\"34\" data-end=\"395\">Pri hlbok\u00fdch trhlin\u00e1ch pou\u017ei\u0165 dilata\u010dn\u00fd \u0161n\u00far na z\u00fa\u017eenie trhliny, dosiahnutie spr\u00e1vneho prie\u010dneho rezu \u0161k\u00e1ry a zabr\u00e1nenie trojstrann\u00e9mu kontaktu materi\u00e1lu s povrchom. Po nanesen\u00ed materi\u00e1l vyhladi\u0165 stierkou namo\u010denou vo vode s mal\u00fdm mno\u017estvom mydla, maxim\u00e1lne do 10 min\u00fat od aplik\u00e1cie. \u0160k\u00e1ra by mala ma\u0165 tvar umo\u017e\u0148uj\u00faci vo\u013en\u00e9 stekanie vody po nej.<\/p>\n<h4 data-start=\"397\" data-end=\"766\"><strong data-start=\"397\" data-end=\"409\">Lepenie:<\/strong><\/h4>\n<p data-start=\"397\" data-end=\"766\">Obozn\u00e1mi\u0165 sa s n\u00e1vodom v\u00fdrobcu EPDM. Nan\u00e1\u0161a\u0165 paraleln\u00fdmi, vertik\u00e1lnymi pr\u00fa\u017ekami, pri\u010dom medzi jednotliv\u00fdmi pr\u00fa\u017ekami necha\u0165 mal\u00e9 medzery (v z\u00e1vislosti od ve\u013ekosti lepen\u00fdch prvkov). Dodr\u017ea\u0165 minim\u00e1lnu hr\u00fabku \u0161k\u00e1ry 2 mm (nevyhnutn\u00e9 pre spr\u00e1vne vytvrdnutie lepidla a \u00fa\u010dinn\u00e9 prenosy deform\u00e1ci\u00ed). Pri membr\u00e1nach a p\u00e1skach EPDM zachova\u0165 minim\u00e1lne 5 cm prekrytie.<\/p>\n<p data-start=\"768\" data-end=\"868\" data-is-last-node=\"\" data-is-only-node=\"\">Spoji\u0165 lepen\u00e9 materi\u00e1ly a rovnomerne pritla\u010di\u0165. Na vyhladenie je najlep\u0161ie pou\u017ei\u0165 silik\u00f3nov\u00fd val\u010dek.<\/p>\n<\/div>\n<\/div>\n<\/div>\n<div class=\"mb-2 flex gap-3 -ml-2\" tabindex=\"0\">\n<div class=\"flex items-center justify-start rounded-xl p-1\">\n<div class=\"flex items-center\"><\/div>\n<\/div>\n<\/div>\n<p>[\/vc_column_text][\/vc_column][\/vc_row][vc_row][vc_column][vc_separator style=\"dashed\"][vc_empty_space][\/vc_column][\/vc_row][vc_row][vc_column width=\"1\/3\"][vc_column_text]<\/p>\n<h4 data-start=\"0\" data-end=\"38\"><strong data-start=\"0\" data-end=\"38\">PR\u00cdPRAVA POVRCHU PRED BOSTIK EPDM:<\/strong><\/h4>\n<p data-start=\"40\" data-end=\"142\">Podklad mus\u00ed by\u0165 such\u00fd, \u010dist\u00fd a odmasten\u00fd. Vysoko vlhk\u00fd povrch (napr. bet\u00f3nov\u00fd) zni\u017euje silu viazania.<\/p>\n<p data-start=\"144\" data-end=\"282\">Pri spojoch s ve\u013emi por\u00e9znymi a sav\u00fdmi podkladmi, ako je bet\u00f3n, plynosilik\u00e1t, surov\u00e9 drevo, pou\u017ei\u0165 penetra\u010dn\u00fd prostriedok Bostik Prep MSP.<\/p>\n<p data-start=\"284\" data-end=\"499\" data-is-last-node=\"\" data-is-only-node=\"\">Neabsorp\u010dn\u00e9, hladk\u00e9, glaz\u00farovan\u00e9, emajlovan\u00e9 povrchy umy\u0165 pomocou prostriedku Bostik Solvent 300 a v pr\u00edpade potreby zpenetrova\u0165 pomocou prostriedku Bostik Prep M. V pr\u00edpade pochybnost\u00ed vykona\u0165 test pripojite\u013enosti.<\/p>\n<p>[\/vc_column_text][\/vc_column][vc_column width=\"1\/3\"][vc_column_text]<\/p>\n<h4><span class=\"HwtZe\" lang=\"sk\"><span class=\"jCAhz ChMk0b\"><span class=\"ryNqvb\">TECHNICK\u00c9 \u00daDAJE<\/span><\/span><\/span><\/h4>\n<p>[\/vc_column_text][vc_raw_html]JTNDdGFibGUlM0UlMEElM0N0Ym9keSUzRSUwQSUzQ3RyJTNFJTNDdGQlM0VCYXphJTNDJTJGdGQlM0UlM0N0ZCUzRWh5YnJ5ZG93YSUyMCUyOFNNUCUyOSUzQyUyRnRkJTNFJTNDJTJGdHIlM0UlMEElM0N0ciUzRSUzQ3RkJTNFU3lzdGVtJTIwdXR3YXJkemFuaWElM0ElM0MlMkZ0ZCUzRSUzQ3RkJTNFcG9kJTIwd3AlQzUlODJ5d2VtJTIwcmVha2NqaSUyMHolMjBwYXIlQzQlODUlMjB3b2RuJUM0JTg1JTNDJTJGdGQlM0UlM0MlMkZ0ciUzRSUwQSUzQ3RyJTNFJTNDdGQlM0VLb2xvciUzQyUyRnRkJTNFJTNDdGQlM0VjemFybnklM0MlMkZ0ZCUzRSUzQyUyRnRyJTNFJTBBJTNDdHIlM0UlM0N0ZCUzRUN6YXMlMjBvYnIlQzMlQjNia2klM0MlMkZ0ZCUzRSUzQ3RkJTNFJUUyJTg5JTg4JTIwMTAlMjBtaW51dCUyMHByenklMjAlMkIyMyVDMiVCMEMlMjBpJTIwNTAlMjUlMjBSSCUzQyUyRnRkJTNFJTNDJTJGdHIlM0UlMEElM0MlMkZ0Ym9keSUzRSUzQyUyRnRhYmxlJTNFJTBB[\/vc_raw_html][\/vc_column][vc_column width=\"1\/3\"][vc_column_text]<\/p>\n<h4>DOKUMENTY<\/h4>\n<div class=\"lRu31\" dir=\"ltr\"><span class=\"HwtZe\" lang=\"sk\"><span class=\"jCAhz\"><span class=\"ryNqvb\"><a href=\"https:\/\/www.bostik.com\/files\/live\/sites\/shared_bostik\/files\/documents-brochures\/Poland\/Documents\/TDS\/sb5-bostik-epdm_tds.pdf\" target=\"_blank\" rel=\"noopener\">Technick\u00fd list<\/a> <\/span><\/span><\/span><\/div>\n<div dir=\"ltr\"><\/div>\n<div class=\"lRu31\" dir=\"ltr\">\n<p><a href=\"https:\/\/www.bostik.com\/files\/live\/sites\/shared_bostik\/files\/documents-brochures\/Poland\/Documents\/SDS\/PT17%20BOSTIK%20EPDM_SDS.pdf\" target=\"_blank\" rel=\"noopener\"><span class=\"HwtZe\" lang=\"sk\"><span class=\"jCAhz\"><span class=\"ryNqvb\">KARTA BEZPE\u010cNOSTN\u00ddCH \u00daDAJOV<\/span><\/span><\/span><\/a><\/p>\n<div class=\"OvtS8d\"><\/div>\n<div id=\"ow36\"><\/div>\n<\/div>\n<div class=\"UdTY9 WdefRb\" aria-hidden=\"true\" data-location=\"2\">\n<div class=\"kO6q6e\"><\/div>\n<\/div>\n<p>[\/vc_column_text][\/vc_column][\/vc_row][vc_row][vc_column][vc_raw_html]JTNDdGl0bGUlM0VLYWxrdWxhdG9yJTIwenUlQzUlQkN5Y2lhJTIwZnVnaSUyMHVzemN6ZWxuaWolQzQlODVjZWolM0MlMkZ0aXRsZSUzRSUwQSUzQ3N0eWxlJTNFJTBBJTIwJTIwJTIwJTIwYm9keSUyMCU3QiUwQSUyMCUyMCUyMCUyMCUyMCUyMCUyMCUyMGZvbnQtZmFtaWx5JTNBJTIwQXJpYWwlMkMlMjBzYW5zLXNlcmlmJTNCJTBBJTIwJTIwJTIwJTIwJTIwJTIwJTIwJTIwbWFyZ2luJTNBJTIwMjBweCUzQiUwQSUyMCUyMCUyMCUyMCU3RCUwQSUyMCUyMCUyMCUyMGxhYmVsJTIwJTdCJTBBJTIwJTIwJTIwJTIwJTIwJTIwJTIwJTIwZGlzcGxheSUzQSUyMGJsb2NrJTNCJTBBJTIwJTIwJTIwJTIwJTIwJTIwJTIwJTIwbWFyZ2luLWJvdHRvbSUzQSUyMDVweCUzQiUwQSUyMCUyMCUyMCUyMCU3RCUwQSUyMCUyMCUyMCUyMGlucHV0JTIwJTdCJTBBJTIwJTIwJTIwJTIwJTIwJTIwJTIwJTIwd2lkdGglM0ElMjAxMDAlMjUlM0IlMEElMjAlMjAlMjAlMjAlMjAlMjAlMjAlMjBwYWRkaW5nJTNBJTIwNXB4JTNCJTBBJTIwJTIwJTIwJTIwJTIwJTIwJTIwJTIwbWFyZ2luLWJvdHRvbSUzQSUyMDEwcHglM0IlMEElMjAlMjAlMjAlMjAlN0QlMEElMjAlMjAlMjAlMjBidXR0b24lMjAlN0IlMEElMjAlMjAlMjAlMjAlMjAlMjAlMjAlMjBwYWRkaW5nJTNBJTIwMTBweCUyMDIwcHglM0IlMEElMjAlMjAlMjAlMjAlMjAlMjAlMjAlMjBiYWNrZ3JvdW5kLWNvbG9yJTNBJTIwJTIzNENBRjUwJTNCJTBBJTIwJTIwJTIwJTIwJTIwJTIwJTIwJTIwY29sb3IlM0ElMjB3aGl0ZSUzQiUwQSUyMCUyMCUyMCUyMCUyMCUyMCUyMCUyMGJvcmRlciUzQSUyMG5vbmUlM0IlMEElMjAlMjAlMjAlMjAlMjAlMjAlMjAlMjBjdXJzb3IlM0ElMjBwb2ludGVyJTNCJTBBJTIwJTIwJTIwJTIwJTdEJTBBJTIwJTIwJTIwJTIwJTIzd3luaWslMjAlN0IlMEElMjAlMjAlMjAlMjAlMjAlMjAlMjAlMjBtYXJnaW4tdG9wJTNBJTIwMjBweCUzQiUwQSUyMCUyMCUyMCUyMCUyMCUyMCUyMCUyMGZvbnQtd2VpZ2h0JTNBJTIwYm9sZCUzQiUwQSUyMCUyMCUyMCUyMCU3RCUwQSUzQyUyRnN0eWxlJTNFJTBBJTNDaDIlM0VLYWxrdWxhdG9yJTIwenUlQzUlQkN5Y2lhJTIwZnVnaSUyMHVzemN6ZWxuaWolQzQlODVjZWolM0MlMkZoMiUzRSUwQSUzQ2xhYmVsJTIwZm9yJTNEJTIyb2J3b2QlMjIlM0VPYnclQzMlQjNkJTIwcG93aWVyemNobmklMjBrbGVqb25laiUyMCUyOHclMjBtZXRyYWNoJTIwYmllJUM1JUJDJUM0JTg1Y3ljaCUyOSUzQSUzQyUyRmxhYmVsJTNFJTBBJTNDaW5wdXQlMjB0eXBlJTNEJTIybnVtYmVyJTIyJTIwaWQlM0QlMjJvYndvZCUyMiUyMHN0ZXAlM0QlMjIwLjAxJTIyJTNFJTBBJTNDbGFiZWwlMjBmb3IlM0QlMjJzemVyb2tvc2MlMjIlM0VTemVyb2tvJUM1JTlCJUM0JTg3JTIwZnVnaSUyMCUyOHclMjBtaWxpbWV0cmFjaCUyOSUzQSUzQyUyRmxhYmVsJTNFJTBBJTNDaW5wdXQlMjB0eXBlJTNEJTIybnVtYmVyJTIyJTIwaWQlM0QlMjJzemVyb2tvc2MlMjIlMjBzdGVwJTNEJTIyMSUyMiUzRSUwQSUzQ2xhYmVsJTIwZm9yJTNEJTIyZ2xlYm9rb3NjJTIyJTNFRyVDNSU4MiVDNCU5OWJva28lQzUlOUIlQzQlODclMjBmdWdpJTIwJTI4dyUyMG1pbGltZXRyYWNoJTI5JTNBJTNDJTJGbGFiZWwlM0UlMEElM0NpbnB1dCUyMHR5cGUlM0QlMjJudW1iZXIlMjIlMjBpZCUzRCUyMmdsZWJva29zYyUyMiUyMHN0ZXAlM0QlMjIxJTIyJTNFJTBBJTNDbGFiZWwlMjBmb3IlM0QlMjJwb2plbW5vc2MlMjIlM0VQb2plbW5vJUM1JTlCJUM0JTg3JTIwb3Bha293YW5pYSUyMGZ1Z2klMjAlMjh3JTIwbWlsaWxpdHJhY2glMjklM0ElM0MlMkZsYWJlbCUzRSUwQSUzQ2lucHV0JTIwdHlwZSUzRCUyMm51bWJlciUyMiUyMGlkJTNEJTIycG9qZW1ub3NjJTIyJTIwdmFsdWUlM0QlMjI2MDAlMjIlMjByZWFkb25seSUzRSUwQSUwQSUzQ2J1dHRvbiUyMGlkJTNEJTIyb2JsaWN6QnRuJTIyJTNFT2JsaWN6JTNDJTJGYnV0dG9uJTNFJTBBJTNDZGl2JTIwaWQlM0QlMjJ3eW5payUyMiUzRSUzQyUyRmRpdiUzRSUwQSUwQSUzQ3NjcmlwdCUzRSUwQSUyMCUyMCUyMCUyMGRvY3VtZW50LmdldEVsZW1lbnRCeUlkJTI4JTI3b2JsaWN6QnRuJTI3JTI5LmFkZEV2ZW50TGlzdGVuZXIlMjglMjdjbGljayUyNyUyQyUyMGZ1bmN0aW9uJTIwJTI4JTI5JTIwJTdCJTBBJTIwJTIwJTIwJTIwJTIwJTIwJTIwJTIwY29uc3QlMjBvYndvZCUyMCUzRCUyMHBhcnNlRmxvYXQlMjhkb2N1bWVudC5nZXRFbGVtZW50QnlJZCUyOCUyN29id29kJTI3JTI5LnZhbHVlJTI5JTNCJTBBJTIwJTIwJTIwJTIwJTIwJTIwJTIwJTIwY29uc3QlMjBzemVyb2tvc2MlMjAlM0QlMjBwYXJzZUZsb2F0JTI4ZG9jdW1lbnQuZ2V0RWxlbWVudEJ5SWQlMjglMjdzemVyb2tvc2MlMjclMjkudmFsdWUlMjklM0IlMEElMjAlMjAlMjAlMjAlMjAlMjAlMjAlMjBjb25zdCUyMGdsZWJva29zYyUyMCUzRCUyMHBhcnNlRmxvYXQlMjhkb2N1bWVudC5nZXRFbGVtZW50QnlJZCUyOCUyN2dsZWJva29zYyUyNyUyOS52YWx1ZSUyOSUzQiUwQSUyMCUyMCUyMCUyMCUyMCUyMCUyMCUyMGNvbnN0JTIwcG9qZW1ub3NjT3Bha293YW5pYSUyMCUzRCUyMHBhcnNlRmxvYXQlMjhkb2N1bWVudC5nZXRFbGVtZW50QnlJZCUyOCUyN3BvamVtbm9zYyUyNyUyOS52YWx1ZSUyOSUzQiUwQSUyMCUyMCUyMCUyMCUyMCUyMCUyMCUyMGNvbnN0JTIwenV6eWNpZU5hTWV0ciUyMCUzRCUyMHN6ZXJva29zYyUyMCUyQSUyMGdsZWJva29zYyUyMCUyRiUyMDElM0IlMjAlMkYlMkYlMjB3JTIwbWlsaWxpdHJhY2glMEElMjAlMjAlMjAlMjAlMjAlMjAlMjAlMjBjb25zdCUyMHp1enljaWVGdWdpJTIwJTNEJTIwenV6eWNpZU5hTWV0ciUyMCUyQSUyMG9id29kJTNCJTIwJTJGJTJGJTIwdyUyMG1pbGlsaXRyYWNoJTBBJTIwJTIwJTIwJTIwJTIwJTIwJTIwJTIwY29uc3QlMjBpbG9zY09wYWtvd2FuJTIwJTNEJTIwTWF0aC5jZWlsJTI4enV6eWNpZUZ1Z2klMjAlMkYlMjBwb2plbW5vc2NPcGFrb3dhbmlhJTI5JTNCJTBBJTBBJTIwJTIwJTIwJTIwJTIwJTIwJTIwJTIwZG9jdW1lbnQuZ2V0RWxlbWVudEJ5SWQlMjglMjd3eW5payUyNyUyOS5pbm5lckhUTUwlMjAlM0QlMjAlMjJadSVDNSVCQ3ljaWUlMjBmdWdpJTIwbmElMjBtZXRyJTIwYmllJUM1JUJDJUM0JTg1Y3klM0ElMjAlMjIlMjAlMkIlMjB6dXp5Y2llTmFNZXRyLnRvRml4ZWQlMjgyJTI5JTIwJTJCJTIwJTIyJTIwbWwlMjIlMjAlMkIlMjAlMjIlM0NiciUzRSUyMiUzQiUwQSUyMCUyMCUyMCUyMCUyMCUyMCUyMCUyMGRvY3VtZW50LmdldEVsZW1lbnRCeUlkJTI4JTI3d3luaWslMjclMjkuaW5uZXJIVE1MJTIwJTJCJTNEJTIwJTIyWnUlQzUlQkN5Y2llJTIwZnVnaSUyMG5hJTIwY2ElQzUlODIlQzQlODUlMjBwb3dpZXJ6Y2huaSVDNCU5OSUzQSUyMCUyMiUyMCUyQiUyMHp1enljaWVGdWdpLnRvRml4ZWQlMjgyJTI5JTIwJTJCJTIwJTIyJTIwbWwlMjIlMjAlMkIlMjAlMjIlM0NiciUzRSUyMiUzQiUwQSUyMCUyMCUyMCUyMCUyMCUyMCUyMCUyMGRvY3VtZW50LmdldEVsZW1lbnRCeUlkJTI4JTI3d3luaWslMjclMjkuaW5uZXJIVE1MJTIwJTJCJTNEJTIwJTIySWxvJUM1JTlCJUM0JTg3JTIwb3Bha293YSVDNSU4NCUyMGZ1Z2klMjBwb3RyemVibnljaCUzQSUyMCUyMiUyMCUyQiUyMGlsb3NjT3Bha293YW4lMjAlMkIlMjAlMjIlMjBzenQlMjIlMjAlMkIlMjAlMjIlM0NiciUzRSUyMiUzQiUwQSUyMCUyMCUyMCUyMCU3RCUyOSUzQiUwQSUzQyUyRnNjcmlwdCUzRSUwQQ==[\/vc_raw_html][vc_separator style=\"dashed\"][vc_empty_space height=\"64px\"][vc_column_text]<\/p>\n<h3 data-start=\"0\" data-end=\"27\"><strong data-start=\"0\" data-end=\"27\">\u010co je to hydroizol\u00e1cia?<\/strong><\/h3>\n<p data-start=\"29\" data-end=\"218\">Hydroizol\u00e1cia je inak izol\u00e1cia proti vlhkosti, ktor\u00e1 spo\u010d\u00edva v ochrane objektu pred \u0161kodliv\u00fdmi a ni\u010div\u00fdmi \u00fa\u010dinkami vody. Hydroizol\u00e1cie klasifikujeme pod\u013ea spojiva (hydroizola\u010dn\u00e9 pr\u00edpravky):<\/p>\n<ul data-start=\"220\" data-end=\"1261\" data-is-only-node=\"\" data-is-last-node=\"\">\n<li data-start=\"220\" data-end=\"413\">\n<p data-start=\"222\" data-end=\"413\">na b\u00e1ze bit\u00famenov a dechtu (t\u00e1to met\u00f3da sa op\u00fa\u0161\u0165a), vysok\u00e1 vodoodolnos\u0165, \u013eahko dostupn\u00e9 materi\u00e1ly, ale neefekt\u00edvna pri medzi\u013eahlom pri\u013enut\u00ed vrstiev (okrem toho negat\u00edvne vpl\u00fdvaj\u00fa na zdravie).<\/p>\n<\/li>\n<li data-start=\"415\" data-end=\"644\">\n<p data-start=\"417\" data-end=\"644\">na b\u00e1ze syntetick\u00fdch \u017eiv\u00edc (modern\u00e9 pr\u00edpravky) \u2013 osved\u010duj\u00fa sa iba v podmienkach vn\u00fatorn\u00fdch, dom\u00e1cich; nie s\u00fa vhodn\u00e9 na hydroizol\u00e1ciu ve\u013ek\u00fdch vodn\u00fdch n\u00e1dr\u017e\u00ed, preto\u017ee pri dlhodobom p\u00f4soben\u00ed vody doch\u00e1dza k zn\u00ed\u017eeniu ich \u00fa\u010dinnosti.<\/p>\n<\/li>\n<li data-start=\"646\" data-end=\"1016\">\n<p data-start=\"648\" data-end=\"1016\">hydroizola\u010dn\u00e9 pr\u00edpravky na b\u00e1ze miner\u00e1lno-polym\u00e9rov \u2013 tieto hydroizol\u00e1cie neobsahuj\u00fa v\u00fd\u0161e uveden\u00e9 nev\u00fdhody a naz\u00fdvaj\u00fa sa tie\u017e izola\u010dn\u00fdmi alebo tesniacimi \u0161lamami. Dvojzlo\u017ekov\u00e9 miner\u00e1lne hydroizol\u00e1cie s\u00fa ide\u00e1lne na izolovanie proti vode m\u00farov, soklov, vodn\u00fdch n\u00e1dr\u017e\u00ed, baz\u00e9nov, balk\u00f3nov, ter\u00e1s a striech, ako aj miestnost\u00ed s vysokou vlhkos\u0165ou, ako s\u00fa k\u00fape\u013ene a pr\u00e1\u010dovne.<\/p>\n<\/li>\n<li data-start=\"1018\" data-end=\"1261\" data-is-last-node=\"\">\n<p data-start=\"1020\" data-end=\"1261\" data-is-last-node=\"\">viaczlo\u017ekov\u00e9 pr\u00edpravky na b\u00e1ze reakt\u00edvnych \u017eiv\u00edc (najmodernej\u0161ie spojiv\u00e1) \u2013 m\u00f4\u017eu to by\u0165 produkty na b\u00e1ze polyuret\u00e1nov\u00fdch a epoxidov\u00fdch \u017eiv\u00edc. Vyzna\u010duj\u00fa sa dobr\u00fdm prenikan\u00edm do podkladu, v\u010faka \u010domu maj\u00fa vysok\u00fa pri\u013enavos\u0165 a \u00fapln\u00fa vodoodolnos\u0165.<\/p>\n<\/li>\n<\/ul>\n<p>[\/vc_column_text][\/vc_column][\/vc_row][vc_row][vc_column][vc_empty_space height=\"64px\"][\/vc_column][\/vc_row]<\/p>\n","protected":false},"excerpt":{"rendered":"<div class=\"flex max-w-full flex-col flex-grow\">\n<div class=\"min-h-8 text-message relative flex w-full flex-col items-end gap-2 whitespace-normal break-words text-start [.text-message+&amp;]:mt-5\" dir=\"auto\" data-message-author-role=\"assistant\" data-message-id=\"2b1293df-8418-43d3-a63e-16e6af504411\" data-message-model-slug=\"gpt-4o-mini\">\n<div class=\"flex w-full flex-col gap-1 empty:hidden first:pt-[3px]\">\n<p data-start=\"0\" data-end=\"235\"><strong data-start=\"0\" data-end=\"15\">BOSTIK EPDM<\/strong> je jednokomponentn\u00fd, hybridn\u00fd lepidlo-tesniaca ur\u010den\u00e1 pre membr\u00e1ny EPDM a podobn\u00e9 materi\u00e1ly. Vyzna\u010duje sa trvalou pru\u017enos\u0165ou, vysokou pri\u013enavos\u0165ou k \u0161irok\u00e9mu spektru povrchov, ako je sklo, bet\u00f3n, kovy, keramika a drevo.<\/p>\n<p data-start=\"237\" data-end=\"544\" data-is-last-node=\"\" data-is-only-node=\"\">Chemicky neutr\u00e1lny, odoln\u00fd vo\u010di UV \u017eiareniu a poveternostn\u00fdm podmienkam, vynikaj\u00faco sa hod\u00ed na tesnenie a lepenie. Produkt je \u013eahko pou\u017eite\u013en\u00fd, bezpe\u010dn\u00fd pre podklady a neobsahuje izokyan\u00e1ty, silik\u00f3ny ani rozp\u00fa\u0161\u0165adl\u00e1. Ide\u00e1lny pre profesion\u00e1lne aplik\u00e1cie hydroizol\u00e1ci\u00ed, poskytuje trval\u00e9 a spo\u013eahliv\u00e9 spojenie.<\/p>\n<\/div>\n<\/div>\n<\/div>\n<div class=\"mb-2 flex gap-3 -ml-2\" tabindex=\"0\">\n<div class=\"flex items-center justify-start rounded-xl p-1\">\n<div class=\"flex items-center\"><\/div>\n<\/div>\n<\/div>\n","protected":false},"featured_media":274053,"comment_status":"open","ping_status":"closed","template":"","meta":[],"product_brand":[],"product_cat":[878],"product_tag":[],"class_list":{"0":"post-279662","1":"product","2":"type-product","3":"status-publish","4":"has-post-thumbnail","6":"product_cat-bostik-sk","7":"product_shipping_class-latwa-wysylka-sk","9":"first","10":"instock","11":"taxable","12":"shipping-taxable","13":"purchasable","14":"product-type-simple"},"_links":{"self":[{"href":"https:\/\/www.sanier.pl\/sk\/wp-json\/wp\/v2\/product\/279662","targetHints":{"allow":["GET"]}}],"collection":[{"href":"https:\/\/www.sanier.pl\/sk\/wp-json\/wp\/v2\/product"}],"about":[{"href":"https:\/\/www.sanier.pl\/sk\/wp-json\/wp\/v2\/types\/product"}],"replies":[{"embeddable":true,"href":"https:\/\/www.sanier.pl\/sk\/wp-json\/wp\/v2\/comments?post=279662"}],"wp:featuredmedia":[{"embeddable":true,"href":"https:\/\/www.sanier.pl\/sk\/wp-json\/wp\/v2\/media\/274053"}],"wp:attachment":[{"href":"https:\/\/www.sanier.pl\/sk\/wp-json\/wp\/v2\/media?parent=279662"}],"wp:term":[{"taxonomy":"product_brand","embeddable":true,"href":"https:\/\/www.sanier.pl\/sk\/wp-json\/wp\/v2\/product_brand?post=279662"},{"taxonomy":"product_cat","embeddable":true,"href":"https:\/\/www.sanier.pl\/sk\/wp-json\/wp\/v2\/product_cat?post=279662"},{"taxonomy":"product_tag","embeddable":true,"href":"https:\/\/www.sanier.pl\/sk\/wp-json\/wp\/v2\/product_tag?post=279662"}],"curies":[{"name":"wp","href":"https:\/\/api.w.org\/{rel}","templated":true}]}}