{"id":279659,"date":"2024-02-06T13:19:52","date_gmt":"2024-02-06T13:19:52","guid":{"rendered":"https:\/\/www.sanier.pl\/produkt\/kd-pakiet-systemu-kellerditch-do-natychmiastowego-uszczelniania-przeciekow-w-piwnicach-i-garazach\/"},"modified":"2025-03-24T10:51:43","modified_gmt":"2025-03-24T10:51:43","slug":"kd-kellerditch","status":"publish","type":"product","link":"https:\/\/www.sanier.pl\/sk\/produkt\/kd-kellerditch\/","title":{"rendered":"KD Kellerditch System Package - pre okam\u017eit\u00e9 utesnenie netesnost\u00ed v pivniciach a gar\u00e1\u017each."},"content":{"rendered":"<p>[vc_row][vc_column][vc_column_text]<\/p>\n<h1 style=\"text-align: center;\"><span class=\"HwtZe\" lang=\"sk\"><span class=\"jCAhz ChMk0b\"><span class=\"ryNqvb\">KD Kellerditch System Package <\/span><\/span><\/span><\/h1>\n<h5 style=\"text-align: center;\"><span class=\"HwtZe\" lang=\"sk\"><span class=\"jCAhz ChMk0b\"><span class=\"ryNqvb\">pre okam\u017eit\u00e9 utesnenie netesnost\u00ed v pivniciach a gar\u00e1\u017each.<\/span><\/span><\/span><\/h5>\n<p>[\/vc_column_text][\/vc_column][\/vc_row][vc_row][vc_column][vc_column_text css_animation=\"bounceInRight\"]<img loading=\"lazy\" decoding=\"async\" class=\"wp-image-262030 size-medium aligncenter\" src=\"https:\/\/www.sanier.pl\/wp-content\/uploads\/2024\/01\/KOSTER_Hydroizolacje_Logo_krzywe_2022-300x100.jpg\" alt=\"logo koester\" width=\"300\" height=\"100\" srcset=\"https:\/\/www.sanier.pl\/wp-content\/uploads\/2024\/01\/KOSTER_Hydroizolacje_Logo_krzywe_2022-300x100.jpg 300w, https:\/\/www.sanier.pl\/wp-content\/uploads\/2024\/01\/KOSTER_Hydroizolacje_Logo_krzywe_2022-800x267.jpg 800w, https:\/\/www.sanier.pl\/wp-content\/uploads\/2024\/01\/KOSTER_Hydroizolacje_Logo_krzywe_2022-1024x341.jpg 1024w, https:\/\/www.sanier.pl\/wp-content\/uploads\/2024\/01\/KOSTER_Hydroizolacje_Logo_krzywe_2022-768x256.jpg 768w, https:\/\/www.sanier.pl\/wp-content\/uploads\/2024\/01\/KOSTER_Hydroizolacje_Logo_krzywe_2022-1536x512.jpg 1536w, https:\/\/www.sanier.pl\/wp-content\/uploads\/2024\/01\/KOSTER_Hydroizolacje_Logo_krzywe_2022-2048x683.jpg 2048w, https:\/\/www.sanier.pl\/wp-content\/uploads\/2024\/01\/KOSTER_Hydroizolacje_Logo_krzywe_2022-848x283.jpg 848w, https:\/\/www.sanier.pl\/wp-content\/uploads\/2024\/01\/KOSTER_Hydroizolacje_Logo_krzywe_2022-1140x380.jpg 1140w, https:\/\/www.sanier.pl\/wp-content\/uploads\/2024\/01\/KOSTER_Hydroizolacje_Logo_krzywe_2022-1170x390.jpg 1170w, https:\/\/www.sanier.pl\/wp-content\/uploads\/2024\/01\/KOSTER_Hydroizolacje_Logo_krzywe_2022-1920x640.jpg 1920w\" sizes=\"auto, (max-width:767px) 300px, 300px\" \/>[\/vc_column_text][\/vc_column][\/vc_row][vc_row][vc_column][vc_separator style=\"dashed\"][vc_empty_space height=\"64px\"][\/vc_column][\/vc_row][vc_row][vc_column width=\"1\/2\"][vc_single_image image=\"262197\" img_size=\"medium\" style=\"vc_box_rounded\"][\/vc_column][vc_column width=\"1\/2\"][vc_column_text]<\/p>\n<h3 data-start=\"0\" data-end=\"32\"><strong data-start=\"0\" data-end=\"32\">KD Paket syst\u00e9mu Kellerditch<\/strong><\/h3>\n<p data-start=\"34\" data-end=\"298\" data-is-last-node=\"\" data-is-only-node=\"\">KOESTER KD Paket syst\u00e9mu Kellerditch sa pou\u017e\u00edva na utesnenie \u00fanikov proti tlakovej vode z negat\u00edvnej strany. Charakterizuje ho odolnos\u0165 vo\u010di \u0161kodliv\u00fdm so\u013eam a agres\u00edvnym l\u00e1tkam, ktor\u00e9 sa vyskytuj\u00fa v podklade. Po vytvrdnut\u00ed je odoln\u00fd vo\u010di p\u00f4sobeniu stavebn\u00fdch sol\u00ed.<\/p>\n<p>[\/vc_column_text][vc_column_text]<\/p>\n<h3 data-start=\"0\" data-end=\"173\"><strong data-start=\"0\" data-end=\"12\">POU\u017dITIE<\/strong><\/h3>\n<p data-start=\"0\" data-end=\"173\">Na utesnenie pivn\u00edc, z\u00e1kladov a n\u00e1dr\u017e\u00ed proti vlhkosti z podzemnej vody a vode pod tlakom.<br data-start=\"104\" data-end=\"107\" \/>Rieden\u00fd s vodou sl\u00fa\u017ei ako z\u00e1kladn\u00fd n\u00e1ter pre ve\u013emi sav\u00e9 povrchy.<\/p>\n<p data-start=\"175\" data-end=\"429\" data-is-last-node=\"\" data-is-only-node=\"\">Na utesnenie budov zvn\u00fatra: pivnice, v\u00fd\u0165ahov\u00e9 \u0161achty, at\u010f. proti vode bez hromadenia a pod tlakom, ako z negat\u00edvnej, tak aj z pozit\u00edvnej strany. Pr\u00e1\u0161ok K\u00d6STER Blitzpulver je vhodn\u00fd na uzatv\u00e1ranie trhl\u00edn pred vykonan\u00edm injekci\u00ed trhl\u00edn injek\u010dn\u00fdmi \u017eivicami.<\/p>\n<p>[\/vc_column_text][\/vc_column][\/vc_row][vc_row][vc_column][vc_empty_space][\/vc_column][vc_column][vc_separator style=\"dashed\"][\/vc_column][\/vc_row][vc_row][vc_column width=\"1\/2\"][vc_column_text]<\/p>\n<h3><\/h3>\n<h4><strong data-start=\"0\" data-end=\"50\">Vlastnosti a v\u00fdhody syst\u00e9mu K\u00d6STER Kellerdicht<\/strong><\/h4>\n<p data-start=\"52\" data-end=\"332\">Syst\u00e9m K\u00d6STER Kellerdicht sa pou\u017e\u00edva na utesnenie prienikov proti vode, ktor\u00e1 p\u00f4sob\u00ed tlakovo zo strany negat\u00edvnej. Je odoln\u00fd vo\u010di \u0161kodliv\u00fdm so\u013eiam a agres\u00edvnym l\u00e1tkam, ktor\u00e9 sa vyskytuj\u00fa v podklade. Po vytvrdnut\u00ed je syst\u00e9m K\u00d6STER Kellerdicht odoln\u00fd vo\u010di p\u00f4sobeniu stavebn\u00fdch sol\u00ed.<\/p>\n<ul data-start=\"334\" data-end=\"794\" data-is-only-node=\"\" data-is-last-node=\"\">\n<li data-start=\"334\" data-end=\"388\">Utesnenie zo strany negat\u00edvnej proti vode pod tlakom<\/li>\n<li data-start=\"389\" data-end=\"424\">Nie je potrebn\u00e9 vykop\u00e1va\u0165 z\u00e1klady<\/li>\n<li data-start=\"425\" data-end=\"497\">K\u00d6STER KD 2 Blitzpulver utes\u0148uje prieniky v priebehu nieko\u013ek\u00fdch sek\u00fand<\/li>\n<li data-start=\"498\" data-end=\"589\">Mikrozmes K\u00d6STER KD 1 prenik\u00e1 do h\u013abky podkladu a utes\u0148uje kapil\u00e1ry v stavebnom materi\u00e1li<\/li>\n<li data-start=\"590\" data-end=\"620\">Odoln\u00fd vo\u010di \u0161kodliv\u00fdm so\u013eiam<\/li>\n<li data-start=\"621\" data-end=\"697\">So\u013e nie je schopn\u00e1 odlepi\u0165 pripojen\u00fa vrstvu K\u00d6STER Kellerdicht od podkladu<\/li>\n<li data-start=\"698\" data-end=\"720\">Jednoduch\u00e1 aplik\u00e1cia<\/li>\n<li data-start=\"721\" data-end=\"765\">M\u00f4\u017ee by\u0165 tie\u017e pou\u017eit\u00e9 zo strany pozit\u00edvnej<\/li>\n<li data-start=\"766\" data-end=\"794\" data-is-last-node=\"\">Syst\u00e9m vysk\u00fa\u0161an\u00fd a overen\u00fd<\/li>\n<\/ul>\n<p>[\/vc_column_text][vc_column_text]<\/p>\n<p data-start=\"0\" data-end=\"64\"><strong data-start=\"0\" data-end=\"64\">Syst\u00e9m utesnenia K\u00d6STER Kellerdicht pozost\u00e1va z 3 produktov:<\/strong><\/p>\n<ul data-start=\"66\" data-end=\"636\" data-is-last-node=\"\" data-is-only-node=\"\">\n<li data-start=\"66\" data-end=\"207\"><strong data-start=\"68\" data-end=\"97\">Tesniaca ka\u0161a K\u00d6STER KD 1<\/strong> \u2013 r\u00fdchloschn\u00faca, miner\u00e1lna tesniaca ka\u0161a s vysokou odolnos\u0165ou vo\u010di agres\u00edvnej spodnej vode a vode pod tlakom.<\/li>\n<li data-start=\"208\" data-end=\"362\"><strong data-start=\"210\" data-end=\"258\">R\u00fdchloschn\u00faci pr\u00e1\u0161ok K\u00d6STER KD 2 Blitzpulver<\/strong> \u2013 silne reakt\u00edvny pr\u00e1\u0161ok s kr\u00e1tkym \u010dasom tuhnutia. V priebehu nieko\u013ek\u00fdch sek\u00fand utesn\u00ed miesto prieniku.<\/li>\n<li data-start=\"363\" data-end=\"636\" data-is-last-node=\"\"><strong data-start=\"365\" data-end=\"406\">Katalyz\u00e1tor K\u00d6STER KD 3 H\u00e4rte Flussig<\/strong> \u2013 vodou riedite\u013en\u00e1 kvapalina na b\u00e1ze kremi\u010ditanov. Kvapalina prenik\u00e1 do podkladu a reaguje, pri\u010dom sa men\u00ed na nerozpustn\u00e9 vo vode zl\u00fa\u010deniny. P\u00f3ry s\u00fa utesnen\u00e9 a dosahuje sa trval\u00e9 utesnenie prostredn\u00edctvom postupnej mineraliz\u00e1cie.<\/li>\n<\/ul>\n<p>[\/vc_column_text][\/vc_column][vc_column width=\"1\/2\"][vc_single_image image=\"262198\" img_size=\"medium\"][vc_single_image image=\"262199\" img_size=\"medium\"][vc_single_image image=\"262200\" img_size=\"medium\"][vc_single_image image=\"262202\" img_size=\"medium\"][\/vc_column][\/vc_row][vc_row][vc_column][vc_separator style=\"dashed\"][vc_empty_space][\/vc_column][\/vc_row][vc_row][vc_column][vc_separator style=\"dashed\"][vc_empty_space][\/vc_column][\/vc_row][vc_row][vc_column width=\"1\/2\"][vc_column_text]<\/p>\n<h4>DOKUMENTY<\/h4>\n<ul>\n<li data-start=\"15\" data-end=\"34\"><a href=\"https:\/\/www.koester.pl\/files\/tds\/files\/pl_pl\/TechDataSheet_W%20219_KD%20pakiet%20systemu%20Kellerdicht_pl_pl_2023-10-16_115039.pdf\" target=\"_blank\" rel=\"noopener\">Technick\u00e1 karta<\/a><\/li>\n<li data-start=\"35\" data-end=\"50\" data-is-last-node=\"\"><a href=\"https:\/\/www.koester.pl\/files\/pl_pl\/2021_uszczelnienia_strony_negatywnej.pdf\" target=\"_blank\" rel=\"noopener\">Let\u00e1k syst\u00e9mu<\/a><\/li>\n<\/ul>\n<p>[\/vc_column_text][\/vc_column][vc_column width=\"1\/2\"][vc_column_text]<\/p>\n<h4><strong><span class=\"HwtZe\" lang=\"sk\"><span class=\"jCAhz ChMk0b\"><span class=\"ryNqvb\">NOSI\u0164<\/span><\/span><\/span><\/strong><\/h4>\n<p>[\/vc_column_text][vc_raw_html]JTNDdGFibGUlM0UlMEElM0N0Ym9keSUzRSUwQSUzQ3RyJTNFJTBBJTNDdGQlM0UlM0MlMkZ0ZCUzRSUwQSUzQ3RkJTNFWnUlQzUlQkN5Y2llJTIwa2clMkZtMiUzQyUyRnRkJTNFJTNDJTJGdHIlM0UlMEElM0N0ciUzRSUzQ3RkJTNFS0QxJTIwJTNDJTJGdGQlM0UlM0N0ZCUzRTElMkM1JTIwLSUyMDIlMkM1JTNDJTJGdGQlM0UlM0MlMkZ0ciUzRSUwQSUzQ3RyJTNFJTNDdGQlM0VLRDIlMjAlM0MlMkZ0ZCUzRSUzQ3RkJTNFMSUyQzAlMjAtJTIwMiUyQzAlM0MlMkZ0ZCUzRSUzQyUyRnRyJTNFJTBBJTNDdHIlM0UlM0N0ZCUzRUtEMyUyMCUzQyUyRnRkJTNFJTNDdGQlM0UwJTJDNSUzQyUyRnRkJTNFJTNDJTJGdHIlM0UlMEElM0MlMkZ0Ym9keSUzRSUzQyUyRnRhYmxlJTNFJTBB[\/vc_raw_html][\/vc_column][\/vc_row][vc_row][vc_column][vc_empty_space height=\"64px\"][\/vc_column][\/vc_row]<\/p>\n","protected":false},"excerpt":{"rendered":"<p>KD Kellerditch<\/p>\n","protected":false},"featured_media":274093,"comment_status":"open","ping_status":"closed","template":"","meta":[],"product_brand":[],"product_cat":[949,910,899,953,946,944],"product_tag":[890,969,970,985,973,990],"class_list":{"0":"post-279659","1":"product","2":"type-product","3":"status-publish","4":"has-post-thumbnail","6":"product_cat-hydroizolacje-mineralne-sk","7":"product_cat-koester-sk","8":"product_cat-mineralne-materialy-sk","9":"product_cat-szlamy-uszczelniajace-sk","10":"product_cat-zaprawy-szybkowiazace-i-wodoszczelne-sk","11":"product_cat-zaprawy-wodoszczelne-sk","12":"product_tag-hydroizolacja-sk","13":"product_tag-hydroizolacja-basenow-sk","14":"product_tag-hydroizolacja-fundamentow-w-starym-domu-sk","15":"product_tag-hydroizolacja-od-strony-negatywnej-sk","16":"product_tag-hydroizolacja-wewnetrzna-sk","17":"product_tag-hydroizolacja-wody-napierajacej-sk","18":"product_shipping_class-trudna-wysylka-sk","20":"first","21":"onbackorder","22":"taxable","23":"shipping-taxable","24":"purchasable","25":"product-type-simple"},"_links":{"self":[{"href":"https:\/\/www.sanier.pl\/sk\/wp-json\/wp\/v2\/product\/279659","targetHints":{"allow":["GET"]}}],"collection":[{"href":"https:\/\/www.sanier.pl\/sk\/wp-json\/wp\/v2\/product"}],"about":[{"href":"https:\/\/www.sanier.pl\/sk\/wp-json\/wp\/v2\/types\/product"}],"replies":[{"embeddable":true,"href":"https:\/\/www.sanier.pl\/sk\/wp-json\/wp\/v2\/comments?post=279659"}],"wp:featuredmedia":[{"embeddable":true,"href":"https:\/\/www.sanier.pl\/sk\/wp-json\/wp\/v2\/media\/274093"}],"wp:attachment":[{"href":"https:\/\/www.sanier.pl\/sk\/wp-json\/wp\/v2\/media?parent=279659"}],"wp:term":[{"taxonomy":"product_brand","embeddable":true,"href":"https:\/\/www.sanier.pl\/sk\/wp-json\/wp\/v2\/product_brand?post=279659"},{"taxonomy":"product_cat","embeddable":true,"href":"https:\/\/www.sanier.pl\/sk\/wp-json\/wp\/v2\/product_cat?post=279659"},{"taxonomy":"product_tag","embeddable":true,"href":"https:\/\/www.sanier.pl\/sk\/wp-json\/wp\/v2\/product_tag?post=279659"}],"curies":[{"name":"wp","href":"https:\/\/api.w.org\/{rel}","templated":true}]}}