{"id":279654,"date":"2022-10-05T10:42:50","date_gmt":"2022-10-05T10:42:50","guid":{"rendered":"https:\/\/www.sanier.pl\/produkt\/block-h778\/"},"modified":"2025-03-24T10:30:00","modified_gmt":"2025-03-24T10:30:00","slug":"block-h778","status":"publish","type":"product","link":"https:\/\/www.sanier.pl\/sk\/produkt\/block-h778\/","title":{"rendered":"BLOCK H778 AQUA BLOCKER LIQUID (Aqua Blocker Liquid)"},"content":{"rendered":"<p>[vc_row][vc_column][vc_column_text]<img loading=\"lazy\" decoding=\"async\" class=\"size-full wp-image-3280 aligncenter\" src=\"https:\/\/sanier.pl\/wp-content\/uploads\/2017\/03\/bostik-logo-e1490989222630.jpg\" alt=\"bostik logo\" width=\"300\" height=\"111\" \/><\/p>\n<h2><\/h2>\n<h2 data-start=\"0\" data-end=\"354\"><strong data-start=\"0\" data-end=\"95\">BLOCK H778 AQUA BLOCKER LIQUID (b\u00fdval\u00fd Aqua Blocker Liquid) - HYBRIDOV\u00c1 IZOL\u00c1CIA PROTI VODE<\/strong><\/h2>\n<p data-start=\"0\" data-end=\"354\"><strong>BLOCK H778 AQUA BLOCKER LIQUID<\/strong> je hybridn\u00e1 vodonepriepustn\u00e1 izol\u00e1cia. Neobsahuje vodu ani bit\u00fameny. Kvalitn\u00fd, jednoslo\u017ekov\u00fd a bezrozp\u00fa\u0161\u0165adlov\u00fd tesniaci materi\u00e1l. Odoln\u00fd, po vyschnut\u00ed neprep\u00fa\u0161\u0165a agres\u00edvnu podzemn\u00fa vodu. Ur\u010den\u00fd na tesnenie vodorovn\u00fdch pl\u00f4ch.<\/p>\n<p data-start=\"356\" data-end=\"1016\">Po vyschnut\u00ed je neprepustn\u00fd pre agres\u00edvne podzemn\u00e9 vody a vypl\u0148uje trhliny do 5 mm. Produkt je vhodn\u00fd na opravy a tesnenie kom\u00ednov\u00fdch spojov, svetl\u00edkov, okrajov a rohov na ploch\u00fdch strech\u00e1ch, odkvapoch a stre\u0161n\u00fdch spojeniach. Materi\u00e1l sa osved\u010duje pri drobn\u00fdch oprav\u00e1ch, napr\u00edklad na mal\u00fdch z\u00e1hradn\u00fdch strech\u00e1ch, kde maxim\u00e1lne prasknutie m\u00e1 \u0161\u00edrku maxim\u00e1lne 1 mm. Aqua Blocker Liquid sa d\u00e1 pou\u017ei\u0165 na renov\u00e1ciu star\u00fdch povrchov v oblasti strechy, ako s\u00fa bit\u00famenov\u00e9 povlaky, PVC, bet\u00f3n a drevo. Navy\u0161e je vhodn\u00fd na opravy striech gar\u00e1\u017e\u00ed a pr\u00edstre\u0161kov (m\u00f4\u017ee sa pou\u017e\u00edva\u0165 na OSB dosk\u00e1ch, omietkach a bit\u00famenov\u00fdch dosk\u00e1ch pokryt\u00fdch pieskom alebo bridlicovou drv\u00ednou).<\/p>\n<h4 data-start=\"1018\" data-end=\"1065\"><strong data-start=\"1018\" data-end=\"1063\">Vlastnosti BLOCK H778 AQUA BLOCKER LIQUID<\/strong><\/h4>\n<ul data-start=\"1066\" data-end=\"1211\">\n<li data-start=\"1066\" data-end=\"1086\">bezrozp\u00fa\u0161\u0165adlov\u00fd<\/li>\n<li data-start=\"1087\" data-end=\"1110\">neobsahuje bit\u00fameny<\/li>\n<li data-start=\"1111\" data-end=\"1121\">odoln\u00fd<\/li>\n<li data-start=\"1122\" data-end=\"1142\">premost\u00ed trhliny<\/li>\n<li data-start=\"1143\" data-end=\"1162\">\u013eahk\u00e1 aplik\u00e1cia<\/li>\n<li data-start=\"1163\" data-end=\"1174\">v\u00fdkonn\u00fd<\/li>\n<li data-start=\"1175\" data-end=\"1211\">elastick\u00fd v \u0161irokom rozsahu tepl\u00f4t<\/li>\n<\/ul>\n<h4 data-start=\"1213\" data-end=\"1258\"><strong data-start=\"1213\" data-end=\"1256\">Pou\u017eitie BLOCK H778 AQUA BLOCKER LIQUID<\/strong><\/h4>\n<ul data-start=\"1259\" data-end=\"2190\" data-is-only-node=\"\" data-is-last-node=\"\">\n<li data-start=\"1259\" data-end=\"1365\">na tesnenie vertik\u00e1lnych pl\u00f4ch, ako s\u00fa vonkaj\u0161ie steny murovan\u00fdch pivn\u00edc, bet\u00f3nu a vodoodoln\u00e9ho bet\u00f3nu<\/li>\n<li data-start=\"1366\" data-end=\"1419\">odpor\u00fa\u010da sa na tesnenie v\u00e4\u010d\u0161\u00edch vodorovn\u00fdch pl\u00f4ch<\/li>\n<li data-start=\"1420\" data-end=\"1553\">vhodn\u00fd na opravu a tesnenie kom\u00ednov\u00fdch spojov, svetl\u00edkov, okrajov a rohov na ploch\u00fdch strech\u00e1ch, odkvapoch a stre\u0161n\u00fdch spojeniach<\/li>\n<li data-start=\"1554\" data-end=\"1666\">vhodn\u00fd na drobn\u00e9 opravy, napr\u00edklad na mal\u00fdch z\u00e1hradn\u00fdch strech\u00e1ch, kde maxim\u00e1lne prasknutie m\u00e1 \u0161\u00edrku do 1 mm<\/li>\n<li data-start=\"1667\" data-end=\"1785\">osved\u010duje sa pri renov\u00e1cii star\u00fdch povrchov v oblasti strechy, ako s\u00fa star\u00e9 bit\u00famenov\u00e9 povlaky, PVC, bet\u00f3n a drevo<\/li>\n<li data-start=\"1786\" data-end=\"1947\">vhodn\u00fd na opravy striech gar\u00e1\u017e\u00ed a pr\u00edstre\u0161kov (m\u00f4\u017ee sa pou\u017e\u00edva\u0165 na OSB dosk\u00e1ch, omietkach a bit\u00famenov\u00fdch dosk\u00e1ch pokryt\u00fdch pieskom alebo bridlicovou drv\u00ednou)<\/li>\n<li data-start=\"1948\" data-end=\"2090\">ur\u010den\u00fd na trval\u00fa ochranu kon\u0161trukci\u00ed, ktor\u00e9 s\u00fa v kontakte so zemou, ako s\u00fa pivnice, z\u00e1klady, z\u00e1kladov\u00e9 dosky a podlahy, potrubn\u00e9 priepusty<\/li>\n<li data-start=\"2091\" data-end=\"2190\" data-is-last-node=\"\">na tesnenie vodorovn\u00fdch pl\u00f4ch vystaven\u00fdch zr\u00e1\u017ekam (aj pod hydrostatick\u00fdm tlakom pod\u013ea DIN 18195).<\/li>\n<\/ul>\n<p>&nbsp;<\/p>\n<p><a href=\"https:\/\/sanier.pl\/wp-content\/uploads\/2017\/03\/wp23_aqua-blocker_aqua-blocker-liquid_tds2.pdf\" target=\"_blank\" rel=\"noopener\"><span class=\"HwtZe\" lang=\"sk\"><span class=\"jCAhz ChMk0b\"><span class=\"ryNqvb\">Technick\u00fd list<\/span><\/span><\/span><\/a>[\/vc_column_text][\/vc_column][\/vc_row]<\/p>\n","protected":false},"excerpt":{"rendered":"<p><strong data-start=\"0\" data-end=\"41\" data-is-only-node=\"\">Bostik BLOCK H778 AQUA BLOCKER LIQUID<\/strong> je hybridn\u00e1 vodonepriepustn\u00e1 izol\u00e1cia. Neobsahuje vodu ani bit\u00fameny. M\u00e1 dobr\u00e9 zlo\u017eenie, je to jednoslo\u017ekov\u00e1 a bezrozp\u00fa\u0161\u0165adlov\u00e1 tesniaca hmota. Je odoln\u00e1 a po vyschnut\u00ed neprep\u00fa\u0161\u0165a agres\u00edvnu podzemn\u00fa vodu. Ur\u010den\u00e1 na tesnenie vodorovn\u00fdch pl\u00f4ch.<\/p>\n","protected":false},"featured_media":273541,"comment_status":"open","ping_status":"closed","template":"","meta":[],"product_brand":[],"product_cat":[878,876,879,949,913,933,1045],"product_tag":[950,888,890,891],"class_list":{"0":"post-279654","1":"product","2":"type-product","3":"status-publish","4":"has-post-thumbnail","6":"product_cat-bostik-sk","7":"product_cat-hydroizolacja-sk","8":"product_cat-hydroizolacja-fundamentu-sk","9":"product_cat-hydroizolacje-mineralne-sk","10":"product_cat-z-tworzyw-sztucznych-sk","11":"product_cat-prace-zewnetrzne-dachy-i-elewacje-sk","12":"product_cat-producenci-sk","13":"product_tag-aqua-blocker-sk","14":"product_tag-bostik-sk","15":"product_tag-hydroizolacja-sk","16":"product_tag-hydroizolacje-sk","17":"product_shipping_class-trudna-wysylka-sk","19":"first","20":"onbackorder","21":"sale","22":"taxable","23":"shipping-taxable","24":"purchasable","25":"product-type-simple"},"_links":{"self":[{"href":"https:\/\/www.sanier.pl\/sk\/wp-json\/wp\/v2\/product\/279654","targetHints":{"allow":["GET"]}}],"collection":[{"href":"https:\/\/www.sanier.pl\/sk\/wp-json\/wp\/v2\/product"}],"about":[{"href":"https:\/\/www.sanier.pl\/sk\/wp-json\/wp\/v2\/types\/product"}],"replies":[{"embeddable":true,"href":"https:\/\/www.sanier.pl\/sk\/wp-json\/wp\/v2\/comments?post=279654"}],"wp:featuredmedia":[{"embeddable":true,"href":"https:\/\/www.sanier.pl\/sk\/wp-json\/wp\/v2\/media\/273541"}],"wp:attachment":[{"href":"https:\/\/www.sanier.pl\/sk\/wp-json\/wp\/v2\/media?parent=279654"}],"wp:term":[{"taxonomy":"product_brand","embeddable":true,"href":"https:\/\/www.sanier.pl\/sk\/wp-json\/wp\/v2\/product_brand?post=279654"},{"taxonomy":"product_cat","embeddable":true,"href":"https:\/\/www.sanier.pl\/sk\/wp-json\/wp\/v2\/product_cat?post=279654"},{"taxonomy":"product_tag","embeddable":true,"href":"https:\/\/www.sanier.pl\/sk\/wp-json\/wp\/v2\/product_tag?post=279654"}],"curies":[{"name":"wp","href":"https:\/\/api.w.org\/{rel}","templated":true}]}}