{"id":279649,"date":"2022-10-07T13:49:40","date_gmt":"2022-10-07T13:49:40","guid":{"rendered":"https:\/\/www.sanier.pl\/produkt\/bostik-sznur-dylatacyjny\/"},"modified":"2025-03-24T10:17:53","modified_gmt":"2025-03-24T10:17:53","slug":"dilatacny-snur","status":"publish","type":"product","link":"https:\/\/www.sanier.pl\/sk\/produkt\/dilatacny-snur\/","title":{"rendered":"Dilata\u010dn\u00fd \u0161n\u00far Bostik"},"content":{"rendered":"<p>[vc_row][vc_column][vc_column_text]<\/p>\n<h2><strong data-start=\"0\" data-end=\"25\" data-is-only-node=\"\">Dilata\u010dn\u00fd \u0161n\u00far<\/strong><\/h2>\n<p>[\/vc_column_text][vc_column_text]<\/p>\n<h2><\/h2>\n<h2><\/h2>\n<div class=\"flex max-w-full flex-col flex-grow\">\n<div class=\"min-h-8 text-message relative flex w-full flex-col items-end gap-2 whitespace-normal break-words text-start [.text-message+&amp;]:mt-5\" dir=\"auto\" data-message-author-role=\"assistant\" data-message-id=\"27b465c3-8f05-43b0-a5e1-d343b68d6c8f\" data-message-model-slug=\"gpt-4o-mini\">\n<div class=\"flex w-full flex-col gap-1 empty:hidden first:pt-[3px]\">\n<p data-start=\"0\" data-end=\"34\"><strong data-start=\"0\" data-end=\"34\">Pozor! Cena je za be\u017en\u00fd meter.<\/strong><\/p>\n<p data-start=\"36\" data-end=\"238\"><strong data-start=\"36\" data-end=\"63\">Dilata\u010dn\u00fd \u0161n\u00far.<\/strong> Materi\u00e1l na profilovanie priese\u010dn\u00edka \u0161k\u00e1r ur\u010den\u00fdch na vyplnenie elastick\u00fdmi tesniacimi hmotami. Produkt ur\u010den\u00fd na vypl\u0148ovanie \u0161k\u00e1r v interi\u00e9rov\u00fdch a exteri\u00e9rov\u00fdch oblastiach.<\/p>\n<p data-start=\"240\" data-end=\"803\">Stavebn\u00e9 dilata\u010dn\u00e9 \u0161k\u00e1ry vy\u017eaduj\u00fa pou\u017eitie podkladu. Okr\u00fahly dilata\u010dn\u00fd \u0161n\u00far sl\u00fa\u017ei ako vyplnenie \u0161k\u00e1r, ktor\u00e9 s\u00fa prisp\u00f4soben\u00e9 na dlhodob\u00e9 za\u0165a\u017eenie. Pou\u017eit\u00edm \u0161n\u00fara tesniace hmoty nadob\u00fadaj\u00fa ide\u00e1lnu formu a funk\u010dnos\u0165, pri\u010dom straty sp\u00f4soben\u00e9 spotrebou hmot s\u00fa minimalizovan\u00e9. Dilata\u010dn\u00fd \u0161n\u00far sa pou\u017e\u00edva nielen ako obmedzenie pre spotrebu tesniacich hm\u00f4t v spoji, ale predov\u0161etk\u00fdm ako stavebn\u00fd komponent, ktor\u00fd d\u00e1va formu tesniacej \u0161k\u00e1re. Tesniace hmoty v\u010faka pou\u017eitiu dilata\u010dn\u00e9ho \u0161n\u00fara dost\u00e1vaj\u00fa spr\u00e1vnu formu, aby bola zaisten\u00e1 funk\u010dnos\u0165 spoja v dlhodobom horizonte.<\/p>\n<h4 data-start=\"805\" data-end=\"838\"><strong data-start=\"805\" data-end=\"838\">Vlastnosti dilata\u010dn\u00e9ho \u0161n\u00fara:<\/strong><\/h4>\n<ul data-start=\"840\" data-end=\"1393\" data-is-only-node=\"\" data-is-last-node=\"\">\n<li data-start=\"840\" data-end=\"882\">\u0161trukt\u00fara uzavret\u00fdch buniek (polyetyl\u00e9n)<\/li>\n<li data-start=\"883\" data-end=\"897\">vodoodpudiv\u00fd<\/li>\n<li data-start=\"898\" data-end=\"1000\">vysok\u00e1 chemick\u00e1 odolnos\u0165 a odolnos\u0165 vo\u010di UV \u017eiareniu a starnutiu (stla\u010dovacie a roz\u0165a\u017eovacie pohyby)<\/li>\n<li data-start=\"1001\" data-end=\"1059\">na horizont\u00e1lne a vertik\u00e1lne \u0161k\u00e1ry, statick\u00e9 a dilat\u00e1cie<\/li>\n<li data-start=\"1060\" data-end=\"1125\">ohybn\u00fd a elastick\u00fd (neobmedzuje pohyby tesniacej hmoty v \u0161k\u00e1re)<\/li>\n<li data-start=\"1126\" data-end=\"1295\">ov\u00e1lny tvar \u0161n\u00fara pozit\u00edvne ovplyv\u0148uje tvar rozmeru spoja a trv\u00e1cnos\u0165 tesnenia (v\u00e4\u010d\u0161ia bo\u010dn\u00e1 kontaktn\u00e1 plocha tesniacej hmoty v porovnan\u00ed so strednou h\u013abkou vyplnenia)<\/li>\n<li data-start=\"1296\" data-end=\"1363\">obmedzuje spotrebu tesniacich hm\u00f4t (menej hlbok\u00e9 vyplnenie \u0161k\u00e1ry)<\/li>\n<li data-start=\"1364\" data-end=\"1393\" data-is-last-node=\"\">pohodln\u00e1 a r\u00fdchla aplik\u00e1cia<\/li>\n<\/ul>\n<\/div>\n<\/div>\n<\/div>\n<div class=\"mb-2 flex gap-3 -ml-2\" tabindex=\"0\">\n<div class=\"flex items-center justify-start rounded-xl p-1\">\n<div><\/div>\n<div class=\"flex items-center\"><a href=\"https:\/\/www.bostik.com\/files\/live\/sites\/shared_bostik\/files\/Documents%26Brochures%20(new)\/Poland\/Documents\/TDS\/BOSTIK%20PE%20ROUND%20PROFILE_TDS.pdf\" target=\"_blank\" rel=\"noopener\"><span class=\"HwtZe\" lang=\"sk\"><span class=\"jCAhz ChMk0b\"><span class=\"ryNqvb\">Technick\u00fd list<\/span><\/span><\/span><\/a><\/div>\n<\/div>\n<\/div>\n<div>\n<p>&nbsp;<\/p>\n<\/div>\n<p>[\/vc_column_text][\/vc_column][\/vc_row][vc_row][vc_column][\/vc_column][\/vc_row]<\/p>\n","protected":false},"excerpt":{"rendered":"<p><strong data-start=\"0\" data-end=\"25\" data-is-only-node=\"\">Dilata\u010dn\u00fd \u0161n\u00far Bostik . <\/strong>Penaov\u00fd dilata\u010dn\u00fd \u0161n\u00far. Materi\u00e1l na profilovanie priese\u010dn\u00edka \u0161k\u00e1r ur\u010den\u00fdch na vyplnenie elastick\u00fdmi tesniacimi hmotami. Produkt ur\u010den\u00fd na vypl\u0148ovanie \u0161k\u00e1r v interi\u00e9rov\u00fdch a exteri\u00e9rov\u00fdch oblastiach.<\/p>\n","protected":false},"featured_media":271611,"comment_status":"open","ping_status":"closed","template":"","meta":{"_acf_changed":false},"product_brand":[],"product_cat":[878,1057,918,1058,1041,917],"product_tag":[888],"class_list":{"0":"post-279649","1":"product","2":"type-product","3":"status-publish","4":"has-post-thumbnail","6":"product_cat-bostik-sk","7":"product_cat-materialy-uzupelniajace-akcesoria-ochrona-i-naprawa-betonu-sk","8":"product_cat-materialy-uzupelniajace-akcesoria-tynki-renowacyjne-sk","9":"product_cat-materialy-uzupelniajace-akcesoria-dachy-plaskie-i-zielone-sk","10":"product_cat-materialy-uzupelniajace-akcesoria-iniekcje-rys-i-pekniec-sk","11":"product_cat-materialy-uzupelniajace-akcesoria-uszczelnienie-budynku-od-wewnatrz-sk","12":"product_tag-bostik-sk","13":"product_shipping_class-latwa-wysylka-sk","15":"first","16":"instock","17":"taxable","18":"shipping-taxable","19":"purchasable","20":"product-type-variable"},"acf":[],"_links":{"self":[{"href":"https:\/\/www.sanier.pl\/sk\/wp-json\/wp\/v2\/product\/279649","targetHints":{"allow":["GET"]}}],"collection":[{"href":"https:\/\/www.sanier.pl\/sk\/wp-json\/wp\/v2\/product"}],"about":[{"href":"https:\/\/www.sanier.pl\/sk\/wp-json\/wp\/v2\/types\/product"}],"replies":[{"embeddable":true,"href":"https:\/\/www.sanier.pl\/sk\/wp-json\/wp\/v2\/comments?post=279649"}],"wp:featuredmedia":[{"embeddable":true,"href":"https:\/\/www.sanier.pl\/sk\/wp-json\/wp\/v2\/media\/271611"}],"wp:attachment":[{"href":"https:\/\/www.sanier.pl\/sk\/wp-json\/wp\/v2\/media?parent=279649"}],"wp:term":[{"taxonomy":"product_brand","embeddable":true,"href":"https:\/\/www.sanier.pl\/sk\/wp-json\/wp\/v2\/product_brand?post=279649"},{"taxonomy":"product_cat","embeddable":true,"href":"https:\/\/www.sanier.pl\/sk\/wp-json\/wp\/v2\/product_cat?post=279649"},{"taxonomy":"product_tag","embeddable":true,"href":"https:\/\/www.sanier.pl\/sk\/wp-json\/wp\/v2\/product_tag?post=279649"}],"curies":[{"name":"wp","href":"https:\/\/api.w.org\/{rel}","templated":true}]}}