{"id":279643,"date":"2022-10-12T09:21:22","date_gmt":"2022-10-12T09:21:22","guid":{"rendered":"https:\/\/www.sanier.pl\/produkt\/blue-dolphin-tasma-washi\/"},"modified":"2025-03-24T09:53:07","modified_gmt":"2025-03-24T09:53:07","slug":"blue-dolphin-tasma-washi","status":"publish","type":"product","link":"https:\/\/www.sanier.pl\/sk\/produkt\/blue-dolphin-tasma-washi\/","title":{"rendered":"Washi p\u00e1ska na presn\u00e9 oddelenie farieb"},"content":{"rendered":"<p>[vc_row][vc_column][vc_single_image image=\"259480\" img_size=\"large\" alignment=\"center\"][vc_column_text]<\/p>\n<h2><\/h2>\n<h2><span class=\"HwtZe\" lang=\"sk\"><span class=\"jCAhz ChMk0b\"><span class=\"ryNqvb\">Modr\u00fd delf\u00edn Modr\u00e1 maskovacia p\u00e1ska<\/span><\/span><\/span><\/h2>\n<p>[\/vc_column_text][vc_column_text]<\/p>\n<h2><\/h2>\n<div class=\"flex max-w-full flex-col flex-grow\">\n<div class=\"min-h-8 text-message relative flex w-full flex-col items-end gap-2 whitespace-normal break-words text-start [.text-message+&amp;]:mt-5\" dir=\"auto\" data-message-author-role=\"assistant\" data-message-id=\"b1894f0f-a147-4954-94ae-955d028c26ec\" data-message-model-slug=\"gpt-4o-mini\">\n<div class=\"flex w-full flex-col gap-1 empty:hidden first:pt-[3px]\">\n<h4 data-start=\"0\" data-end=\"55\"><strong data-start=\"0\" data-end=\"55\">Washi p\u00e1ska na presn\u00e9 oddelenie farieb <\/strong><strong data-start=\"0\" data-end=\"55\">Blue Dolphin <\/strong><\/h4>\n<p data-start=\"57\" data-end=\"437\">Washi p\u00e1ska je ide\u00e1lna na presn\u00e9 oddelenie farieb. Nezanech\u00e1va \u017eiadne stopy lepidla. 60-d\u0148ov\u00e1 p\u00e1ska vyroben\u00e1 z ry\u017eov\u00e9ho papiera je ve\u013emi tenk\u00e1, a z\u00e1rove\u0148 mimoriadne odoln\u00e1, neabsorbuje vlhkos\u0165. Je odoln\u00e1 proti slne\u010dn\u00e9mu \u017eiareniu. Produkt je vhodn\u00fd pre v\u0161etky povrchy. P\u00e1ska je vybaven\u00e1 \u0161peci\u00e1lnym blok\u00e1torom, ktor\u00fd zabra\u0148uje pretiekaniu farby, \u010d\u00edm zaru\u010duje rovn\u00e9 okraje bez \u0161kv\u0155n.<\/p>\n<h4 data-start=\"439\" data-end=\"459\"><strong data-start=\"439\" data-end=\"459\">Vlastnosti p\u00e1sky<\/strong><\/h4>\n<ul data-start=\"460\" data-end=\"574\">\n<li data-start=\"460\" data-end=\"487\">Nezanech\u00e1va stopy lepidla<\/li>\n<li data-start=\"488\" data-end=\"517\">60 dn\u00ed na odstr\u00e1nenie p\u00e1sky<\/li>\n<li data-start=\"518\" data-end=\"546\">Odolnos\u0165 proti UV \u017eiareniu<\/li>\n<li data-start=\"547\" data-end=\"574\">Vhodn\u00e1 pre v\u0161etky povrchy<\/li>\n<\/ul>\n<h4 data-start=\"576\" data-end=\"588\"><strong data-start=\"576\" data-end=\"588\">Pou\u017eitie<\/strong><\/h4>\n<ul data-start=\"589\" data-end=\"758\" data-is-only-node=\"\" data-is-last-node=\"\">\n<li data-start=\"589\" data-end=\"631\">Na ma\u013eovanie stien (presne oddel\u00ed farby)<\/li>\n<li data-start=\"632\" data-end=\"665\">Na lakovanie dreven\u00fdch povrchov<\/li>\n<li data-start=\"666\" data-end=\"723\">Vhodn\u00e1 pre li\u0161ty, podlahov\u00e9 profily, sklo, plast a kovy<\/li>\n<li data-start=\"724\" data-end=\"758\" data-is-last-node=\"\">Pou\u017eitie v interi\u00e9ri a exteri\u00e9ri<\/li>\n<\/ul>\n<\/div>\n<\/div>\n<\/div>\n<div class=\"mb-2 flex gap-3 -ml-2\" tabindex=\"0\">\n<div class=\"flex items-center justify-start rounded-xl p-1\">\n<div class=\"flex items-center\"><\/div>\n<\/div>\n<\/div>\n<p><a href=\"https:\/\/bluedolphin.pl\/wp-content\/uploads\/2020\/05\/Ta%C5%9Bmy-WASHI-MT-WASHI-ONDR-PL-2020-05-13.pdf\" target=\"_blank\" rel=\"noopener\"><span class=\"HwtZe\" lang=\"sk\"><span class=\"jCAhz ChMk0b\"><span class=\"ryNqvb\">Technick\u00fd list<\/span><\/span><\/span><\/a><\/p>\n","protected":false},"excerpt":{"rendered":"<p><strong data-start=\"0\" data-end=\"38\" data-is-only-node=\"\">Washi p\u00e1ska od zna\u010dky Blue Dolphin<\/strong> je ide\u00e1lna na presn\u00e9 oddelenie farieb. 60-d\u0148ov\u00e1 p\u00e1ska je odoln\u00e1 proti UV \u017eiareniu. Produkt je vhodn\u00fd na pou\u017eitie v interi\u00e9ri aj exteri\u00e9ri.<\/p>\n","protected":false},"featured_media":271617,"comment_status":"open","ping_status":"closed","template":"","meta":{"_acf_changed":false},"product_brand":[],"product_cat":[1051,1052,918,1055,884],"product_tag":[1090,1098],"class_list":{"0":"post-279643","1":"product","2":"type-product","3":"status-publish","4":"has-post-thumbnail","6":"product_cat-blue-dolphin-sk","7":"product_cat-materialy-uzupelniajace-akcesoria-materialy-wykonczeniowe-sk","8":"product_cat-materialy-uzupelniajace-akcesoria-tynki-renowacyjne-sk","9":"product_cat-materialy-uzupelniajace-akcesoria-renowacja-elewacji-sk","10":"product_cat-materialy-wykonczeniowe-sk","11":"product_tag-bluedolphin-sk","12":"product_tag-tasma-sk","13":"product_shipping_class-latwa-wysylka-sk","15":"first","16":"instock","17":"taxable","18":"shipping-taxable","19":"purchasable","20":"product-type-variable"},"acf":[],"_links":{"self":[{"href":"https:\/\/www.sanier.pl\/sk\/wp-json\/wp\/v2\/product\/279643","targetHints":{"allow":["GET"]}}],"collection":[{"href":"https:\/\/www.sanier.pl\/sk\/wp-json\/wp\/v2\/product"}],"about":[{"href":"https:\/\/www.sanier.pl\/sk\/wp-json\/wp\/v2\/types\/product"}],"replies":[{"embeddable":true,"href":"https:\/\/www.sanier.pl\/sk\/wp-json\/wp\/v2\/comments?post=279643"}],"wp:featuredmedia":[{"embeddable":true,"href":"https:\/\/www.sanier.pl\/sk\/wp-json\/wp\/v2\/media\/271617"}],"wp:attachment":[{"href":"https:\/\/www.sanier.pl\/sk\/wp-json\/wp\/v2\/media?parent=279643"}],"wp:term":[{"taxonomy":"product_brand","embeddable":true,"href":"https:\/\/www.sanier.pl\/sk\/wp-json\/wp\/v2\/product_brand?post=279643"},{"taxonomy":"product_cat","embeddable":true,"href":"https:\/\/www.sanier.pl\/sk\/wp-json\/wp\/v2\/product_cat?post=279643"},{"taxonomy":"product_tag","embeddable":true,"href":"https:\/\/www.sanier.pl\/sk\/wp-json\/wp\/v2\/product_tag?post=279643"}],"curies":[{"name":"wp","href":"https:\/\/api.w.org\/{rel}","templated":true}]}}