{"id":279636,"date":"2022-10-12T10:41:09","date_gmt":"2022-10-12T10:41:09","guid":{"rendered":"https:\/\/www.sanier.pl\/produkt\/blue-dolphin-niebieska-tasma-malarska\/"},"modified":"2025-03-24T09:40:16","modified_gmt":"2025-03-24T09:40:16","slug":"modra-maskovacia-paska","status":"publish","type":"product","link":"https:\/\/www.sanier.pl\/sk\/produkt\/modra-maskovacia-paska\/","title":{"rendered":"Modr\u00e1 maskovacia p\u00e1ska Modr\u00fd delf\u00edn"},"content":{"rendered":"<p>[vc_row][vc_column][vc_single_image image=\"259480\" img_size=\"large\" alignment=\"center\"][vc_column_text]<\/p>\n<h2><\/h2>\n<h2><span class=\"HwtZe\" lang=\"sk\"><span class=\"jCAhz ChMk0b\"><span class=\"ryNqvb\">Modr\u00e1 maskovacia p\u00e1ska <\/span><\/span><\/span><span class=\"HwtZe\" lang=\"sk\"><span class=\"jCAhz ChMk0b\"><span class=\"ryNqvb\">Modr\u00fd delf\u00edn<br \/>\n<\/span><\/span><\/span><\/h2>\n<p>[\/vc_column_text][vc_column_text]<\/p>\n<h2><\/h2>\n<p>&nbsp;<\/p>\n<div class=\"flex max-w-full flex-col flex-grow\">\n<div class=\"min-h-8 text-message relative flex w-full flex-col items-end gap-2 whitespace-normal break-words text-start [.text-message+&amp;]:mt-5\" dir=\"auto\" data-message-author-role=\"assistant\" data-message-id=\"e5d0ac18-a273-45cf-8e7e-1ebe7f808c04\" data-message-model-slug=\"gpt-4o-mini\">\n<div class=\"flex w-full flex-col gap-1 empty:hidden first:pt-[3px]\">\n<p data-start=\"0\" data-end=\"261\"><strong data-start=\"0\" data-end=\"38\">Maskovacia p\u00e1ska Blue Dolphin<\/strong> je profesion\u00e1lny produkt ur\u010den\u00fd na dlhodob\u00e9 pou\u017eitie na povrchu. P\u00e1ska je ur\u010den\u00e1 na 30 dn\u00ed. Produkt je \u013eahko odstr\u00e1nite\u013en\u00fd bez po\u0161kodenia podkladu a nezanech\u00e1va stopy lepidla. Materi\u00e1l je odoln\u00fd vo\u010di slne\u010dn\u00e9mu \u017eiareniu UV.<\/p>\n<h4 data-start=\"263\" data-end=\"302\"><strong data-start=\"263\" data-end=\"302\">Vlastnosti:<\/strong><\/h4>\n<ul data-start=\"304\" data-end=\"421\">\n<li data-start=\"304\" data-end=\"314\">30-d\u0148ov\u00e1<\/li>\n<li data-start=\"315\" data-end=\"347\">Odoln\u00e1 vo\u010di slne\u010dn\u00e9mu \u017eiareniu<\/li>\n<li data-start=\"348\" data-end=\"385\">Neodpad\u00e1va, nepretek\u00e1, neodliepa sa<\/li>\n<li data-start=\"386\" data-end=\"421\">Produkt nezanech\u00e1va stopy lepidla<\/li>\n<\/ul>\n<h4 data-start=\"423\" data-end=\"436\"><strong data-start=\"423\" data-end=\"436\">Pou\u017eitie:<\/strong><\/h4>\n<p data-start=\"438\" data-end=\"684\" data-is-last-node=\"\" data-is-only-node=\"\">Materi\u00e1l je vhodn\u00fd na mnoho povrchov, ako napr\u00edklad: natieran\u00e9 steny, podlahov\u00e9 li\u0161ty, z\u00e1rubne, drevo, okn\u00e1, vn\u00fatorn\u00e9 a vonkaj\u0161ie okenn\u00e9 r\u00e1my, kovania, pracovn\u00e9 dosky, oce\u013e, kame\u0148, panely, parapety, sklo, zrkadl\u00e1, plast, keramick\u00e9 dla\u017edice a pod.<\/p>\n<\/div>\n<\/div>\n<\/div>\n<div class=\"mb-2 flex gap-3 -ml-2\" tabindex=\"0\">\n<div class=\"flex items-center justify-start rounded-xl p-1\">\n<div class=\"flex items-center\"><\/div>\n<\/div>\n<\/div>\n<p>[\/vc_column_text][\/vc_column][\/vc_row]<\/p>\n","protected":false},"excerpt":{"rendered":"<p><strong>Modr\u00e1 maskovacia p\u00e1ska Modr\u00fd delf\u00edn<\/strong>\u00a0je profesion\u00e1lny produkt ur\u010den\u00fd na dlhodob\u00e9 pou\u017eitie na povrchu. P\u00e1ska je ur\u010den\u00e1 na 30 dn\u00ed.<\/p>\n","protected":false},"featured_media":271620,"comment_status":"open","ping_status":"closed","template":"","meta":{"_acf_changed":false},"product_brand":[],"product_cat":[1051],"product_tag":[1090,1098],"class_list":{"0":"post-279636","1":"product","2":"type-product","3":"status-publish","4":"has-post-thumbnail","6":"product_cat-blue-dolphin-sk","7":"product_tag-bluedolphin-sk","8":"product_tag-tasma-sk","9":"product_shipping_class-latwa-wysylka-sk","11":"first","12":"instock","13":"taxable","14":"shipping-taxable","15":"purchasable","16":"product-type-variable"},"acf":[],"_links":{"self":[{"href":"https:\/\/www.sanier.pl\/sk\/wp-json\/wp\/v2\/product\/279636","targetHints":{"allow":["GET"]}}],"collection":[{"href":"https:\/\/www.sanier.pl\/sk\/wp-json\/wp\/v2\/product"}],"about":[{"href":"https:\/\/www.sanier.pl\/sk\/wp-json\/wp\/v2\/types\/product"}],"replies":[{"embeddable":true,"href":"https:\/\/www.sanier.pl\/sk\/wp-json\/wp\/v2\/comments?post=279636"}],"wp:featuredmedia":[{"embeddable":true,"href":"https:\/\/www.sanier.pl\/sk\/wp-json\/wp\/v2\/media\/271620"}],"wp:attachment":[{"href":"https:\/\/www.sanier.pl\/sk\/wp-json\/wp\/v2\/media?parent=279636"}],"wp:term":[{"taxonomy":"product_brand","embeddable":true,"href":"https:\/\/www.sanier.pl\/sk\/wp-json\/wp\/v2\/product_brand?post=279636"},{"taxonomy":"product_cat","embeddable":true,"href":"https:\/\/www.sanier.pl\/sk\/wp-json\/wp\/v2\/product_cat?post=279636"},{"taxonomy":"product_tag","embeddable":true,"href":"https:\/\/www.sanier.pl\/sk\/wp-json\/wp\/v2\/product_tag?post=279636"}],"curies":[{"name":"wp","href":"https:\/\/api.w.org\/{rel}","templated":true}]}}