{"id":279634,"date":"2022-10-12T11:55:55","date_gmt":"2022-10-12T11:55:55","guid":{"rendered":"https:\/\/www.sanier.pl\/produkt\/blue-330-uchwyt-koszykowy-dolphinroller-10cm\/"},"modified":"2025-03-24T09:28:33","modified_gmt":"2025-03-24T09:28:33","slug":"kosikovy-drziak-dolphinroller-10-cm","status":"publish","type":"product","link":"https:\/\/www.sanier.pl\/sk\/produkt\/kosikovy-drziak-dolphinroller-10-cm\/","title":{"rendered":"Ko\u0161\u00edkov\u00fd dr\u017eiak DolphinRoller 10 cm"},"content":{"rendered":"<p>[vc_row][vc_column][vc_single_image image=\"259480\" img_size=\"large\" alignment=\"center\"][vc_column_text]<\/p>\n<h2><strong data-start=\"0\" data-end=\"51\">Ko\u0161\u00edkov\u00fd dr\u017eiak DolphinRoller 10 cm MINI SYSTEM<\/strong><\/h2>\n<p data-start=\"0\" data-end=\"310\">Produkt zo s\u00e9rie 330 je odoln\u00fd, nylonov\u00fd valec so z\u00e1padkou na valec, ktor\u00fd je trvalo namontovan\u00fd na pevnom, chromovanom profile vybavenom ergonomickou rukov\u00e4\u0165ou. Produkty zo s\u00e9rie 330 zlep\u0161uj\u00fa pohodlie, v\u00fdkonnos\u0165 a kvalitu vykon\u00e1vanej pr\u00e1ce.<\/p>\n<h4 data-start=\"312\" data-end=\"355\"><strong data-start=\"312\" data-end=\"355\">Vlastnosti DolphinRoller \u2013 MINI SYSTEM:<\/strong><\/h4>\n<ul data-start=\"357\" data-end=\"473\" data-is-only-node=\"\" data-is-last-node=\"\">\n<li data-start=\"357\" data-end=\"383\">Zosilnen\u00fd nylonov\u00fd valec<\/li>\n<li data-start=\"384\" data-end=\"423\">R\u00fdchlo uvo\u013e\u0148uj\u00face pru\u017einov\u00e9 zap\u00ednanie<\/li>\n<li data-start=\"424\" data-end=\"440\">Chromovan\u00fd trn<\/li>\n<li data-start=\"441\" data-end=\"462\">Ergonomick\u00e1 rukov\u00e4\u0165<\/li>\n<li data-start=\"463\" data-end=\"473\" data-is-last-node=\"\">Odolnos\u0165<\/li>\n<\/ul>\n<p>&nbsp;<\/p>\n<p>[\/vc_column_text][\/vc_column][\/vc_row]<\/p>\n","protected":false},"excerpt":{"rendered":"<p><strong data-start=\"0\" data-end=\"51\">Ko\u0161\u00edkov\u00fd dr\u017eiak DolphinRoller<\/strong><strong data-start=\"0\" data-end=\"42\" data-is-only-node=\"\"> 10 cm MINI SYSTEM<\/strong> od Blue Dolphin. Produkt zo s\u00e9rie 330.<\/p>\n","protected":false},"featured_media":271626,"comment_status":"open","ping_status":"closed","template":"","meta":[],"product_brand":[],"product_cat":[1051,1055,884],"product_tag":[1090,1097],"class_list":{"0":"post-279634","1":"product","2":"type-product","3":"status-publish","4":"has-post-thumbnail","6":"product_cat-blue-dolphin-sk","7":"product_cat-materialy-uzupelniajace-akcesoria-renowacja-elewacji-sk","8":"product_cat-materialy-wykonczeniowe-sk","9":"product_tag-bluedolphin-sk","10":"product_tag-uchwyt-sk","11":"product_shipping_class-latwa-wysylka-sk","13":"first","14":"instock","15":"taxable","16":"shipping-taxable","17":"purchasable","18":"product-type-simple"},"_links":{"self":[{"href":"https:\/\/www.sanier.pl\/sk\/wp-json\/wp\/v2\/product\/279634","targetHints":{"allow":["GET"]}}],"collection":[{"href":"https:\/\/www.sanier.pl\/sk\/wp-json\/wp\/v2\/product"}],"about":[{"href":"https:\/\/www.sanier.pl\/sk\/wp-json\/wp\/v2\/types\/product"}],"replies":[{"embeddable":true,"href":"https:\/\/www.sanier.pl\/sk\/wp-json\/wp\/v2\/comments?post=279634"}],"wp:featuredmedia":[{"embeddable":true,"href":"https:\/\/www.sanier.pl\/sk\/wp-json\/wp\/v2\/media\/271626"}],"wp:attachment":[{"href":"https:\/\/www.sanier.pl\/sk\/wp-json\/wp\/v2\/media?parent=279634"}],"wp:term":[{"taxonomy":"product_brand","embeddable":true,"href":"https:\/\/www.sanier.pl\/sk\/wp-json\/wp\/v2\/product_brand?post=279634"},{"taxonomy":"product_cat","embeddable":true,"href":"https:\/\/www.sanier.pl\/sk\/wp-json\/wp\/v2\/product_cat?post=279634"},{"taxonomy":"product_tag","embeddable":true,"href":"https:\/\/www.sanier.pl\/sk\/wp-json\/wp\/v2\/product_tag?post=279634"}],"curies":[{"name":"wp","href":"https:\/\/api.w.org\/{rel}","templated":true}]}}