{"id":279609,"date":"2022-10-12T12:30:36","date_gmt":"2022-10-12T12:30:36","guid":{"rendered":"https:\/\/www.sanier.pl\/produkt\/blue-330-uchwyt-koszykowy-dolphinroller-kaloryferowy-10cm\/"},"modified":"2025-03-24T08:40:42","modified_gmt":"2025-03-24T08:40:42","slug":"kosikovy-drziak-dolphinroller-radiatorovy-10-cm","status":"publish","type":"product","link":"https:\/\/www.sanier.pl\/sk\/produkt\/kosikovy-drziak-dolphinroller-radiatorovy-10-cm\/","title":{"rendered":"Ko\u0161\u00edkov\u00fd dr\u017eiak DolphinRoller radi\u00e1torov\u00fd 10 cm"},"content":{"rendered":"<p>[vc_row][vc_column][vc_single_image image=\"259480\" img_size=\"large\" alignment=\"center\"][vc_column_text]<\/p>\n<p>&nbsp;<\/p>\n<div class=\"flex max-w-full flex-col flex-grow\">\n<div class=\"min-h-8 text-message relative flex w-full flex-col items-end gap-2 whitespace-normal break-words text-start [.text-message+&amp;]:mt-5\" dir=\"auto\" data-message-author-role=\"assistant\" data-message-id=\"55d010e0-aa1f-4c31-9e57-7c95bdb27b98\" data-message-model-slug=\"gpt-4o-mini\">\n<div class=\"flex w-full flex-col gap-1 empty:hidden first:pt-[3px]\">\n<h1 data-start=\"0\" data-end=\"51\"><strong data-start=\"0\" data-end=\"51\">Ko\u0161\u00edkov\u00fd dr\u017eiak DolphinRoller radi\u00e1torov\u00fd 10 cm<\/strong><\/h1>\n<p data-start=\"53\" data-end=\"433\"><strong>Ko\u0161\u00edkov\u00fd dr\u017eiak DolphinRoller radi\u00e1torov\u00fd 10 cm<\/strong> zo s\u00e9rie 330 zna\u010dky Blue Dolphin je inovat\u00edvne n\u00e1stroj navrhnut\u00fd pre profesion\u00e1lov a hobby pou\u017e\u00edvate\u013eov, ktor\u00ed h\u013eadaj\u00fa pohodln\u00e9 rie\u0161enia na ma\u013eovanie v \u0165a\u017eko pr\u00edstupn\u00fdch priestoroch. V\u010faka mo\u017enosti oh\u00fdbania do 45\u02da a \u0161peci\u00e1lne pred\u013a\u017een\u00e9mu a ohybn\u00e9mu rukov\u00e4ti umo\u017e\u0148uje presn\u00e9 ma\u013eovanie za radi\u00e1tormi, v rohoch alebo v \u00fazkych miestach.<\/p>\n<p data-start=\"435\" data-end=\"838\">Odoln\u00e1 kon\u0161trukcia dr\u017eiaka, postaven\u00e1 na rukov\u00e4ti z uhl\u00edkov\u00fdch vl\u00e1kien, zaru\u010duje trv\u00e1cnos\u0165 a odolnos\u0165 vo\u010di po\u0161kodeniu. Ergonomick\u00e1 rukov\u00e4\u0165 minimalizuje \u00fanavu r\u00fak, poskytuj\u00fac \u00fapln\u00e9 pohodlie pri pr\u00e1ci, aj pri dlhodobom pou\u017e\u00edvan\u00ed. Zosilnen\u00fd nylonov\u00fd valec so r\u00fdchlo uvo\u013e\u0148uj\u00facim pru\u017einov\u00fdm zap\u00ednan\u00edm umo\u017e\u0148uje r\u00fdchlu a jednoduch\u00fa v\u00fdmenu valca, pri\u010dom stabilita valca pri ma\u013eovan\u00ed zost\u00e1va na najvy\u0161\u0161ej \u00farovni.<\/p>\n<h4 data-start=\"840\" data-end=\"888\"><strong data-start=\"840\" data-end=\"888\">Vlastnosti ko\u0161\u00edkov\u00e9ho dr\u017eiaka DolphinRoller:<\/strong><\/h4>\n<ul data-start=\"890\" data-end=\"1381\" data-is-only-node=\"\" data-is-last-node=\"\">\n<li data-start=\"890\" data-end=\"971\">Ma\u013eovanie \u0165a\u017eko pr\u00edstupn\u00fdch miest: Ide\u00e1lne na radi\u00e1tory, rohy a \u00fazke priestory.<\/li>\n<li data-start=\"972\" data-end=\"1051\">Flexi 45\u00b0: Ohybn\u00fd rukov\u00e4\u0165 umo\u017e\u0148uje pohodln\u00e9 ma\u013eovanie v netypick\u00fdch poloh\u00e1ch.<\/li>\n<li data-start=\"1052\" data-end=\"1116\">Zosilnen\u00fd nylonov\u00fd valec: Odoln\u00fd vo\u010di intenz\u00edvnemu pou\u017e\u00edvaniu.<\/li>\n<li data-start=\"1117\" data-end=\"1180\">R\u00fdchlo uvo\u013e\u0148uj\u00face pru\u017einov\u00e9 zap\u00ednanie: U\u013eah\u010duje v\u00fdmenu valca.<\/li>\n<li data-start=\"1181\" data-end=\"1245\">Rukov\u00e4\u0165 z uhl\u00edkov\u00fdch vl\u00e1kien: \u013dahk\u00e1, ale z\u00e1rove\u0148 ve\u013emi odoln\u00e1.<\/li>\n<li data-start=\"1246\" data-end=\"1309\">Ergonomick\u00e1 rukov\u00e4\u0165: Pohodln\u00e9 pou\u017e\u00edvanie po\u010das dlh\u0161ieho \u010dasu.<\/li>\n<li data-start=\"1310\" data-end=\"1381\" data-is-last-node=\"\">Trv\u00e1cnos\u0165 a spo\u013eahlivos\u0165: N\u00e1stroj navrhnut\u00fd na intenz\u00edvne pou\u017e\u00edvanie.<\/li>\n<\/ul>\n<\/div>\n<\/div>\n<\/div>\n<div class=\"mb-2 flex gap-3 -ml-2\" tabindex=\"0\">\n<div class=\"flex items-center justify-start rounded-xl p-1\">\n<div class=\"flex items-center\"><\/div>\n<\/div>\n<\/div>\n<p>&nbsp;<\/p>\n<p>[\/vc_column_text][\/vc_column][\/vc_row]<\/p>\n","protected":false},"excerpt":{"rendered":"<p><strong data-start=\"0\" data-end=\"71\" data-is-only-node=\"\">Ko\u0161\u00edkov\u00fd dr\u017eiak DolphinRoller radi\u00e1torov\u00fd 10 cm zna\u010dky Blue Dolphin<\/strong> je profesion\u00e1lny dr\u017eiak navrhnut\u00fd na ma\u013eovanie v \u0165a\u017eko pr\u00edstupn\u00fdch miestach, ako s\u00fa priestory za radi\u00e1tormi. Ohybn\u00e1 rukov\u00e4\u0165 z uhl\u00edkov\u00fdch vl\u00e1kien, ktor\u00e1 sa oh\u00fdba do 45\u00b0, a ergonomick\u00e1 rukov\u00e4\u0165 zabezpe\u010duj\u00fa komfort a presnos\u0165 pri pr\u00e1ci. Zosilnen\u00fd nylonov\u00fd valec so r\u00fdchlo uvo\u013e\u0148uj\u00facim pru\u017einov\u00fdm zap\u00ednan\u00edm zaru\u010duje \u013eahk\u00fa v\u00fdmenu valca a stabilitu po\u010das ma\u013eovania.<\/p>\n","protected":false},"featured_media":271629,"comment_status":"open","ping_status":"closed","template":"","meta":{"_acf_changed":false},"product_brand":[],"product_cat":[1051,1055,884],"product_tag":[1090,1097],"class_list":{"0":"post-279609","1":"product","2":"type-product","3":"status-publish","4":"has-post-thumbnail","6":"product_cat-blue-dolphin-sk","7":"product_cat-materialy-uzupelniajace-akcesoria-renowacja-elewacji-sk","8":"product_cat-materialy-wykonczeniowe-sk","9":"product_tag-bluedolphin-sk","10":"product_tag-uchwyt-sk","11":"product_shipping_class-latwa-wysylka-sk","13":"first","14":"instock","15":"taxable","16":"shipping-taxable","17":"purchasable","18":"product-type-simple"},"acf":[],"_links":{"self":[{"href":"https:\/\/www.sanier.pl\/sk\/wp-json\/wp\/v2\/product\/279609","targetHints":{"allow":["GET"]}}],"collection":[{"href":"https:\/\/www.sanier.pl\/sk\/wp-json\/wp\/v2\/product"}],"about":[{"href":"https:\/\/www.sanier.pl\/sk\/wp-json\/wp\/v2\/types\/product"}],"replies":[{"embeddable":true,"href":"https:\/\/www.sanier.pl\/sk\/wp-json\/wp\/v2\/comments?post=279609"}],"wp:featuredmedia":[{"embeddable":true,"href":"https:\/\/www.sanier.pl\/sk\/wp-json\/wp\/v2\/media\/271629"}],"wp:attachment":[{"href":"https:\/\/www.sanier.pl\/sk\/wp-json\/wp\/v2\/media?parent=279609"}],"wp:term":[{"taxonomy":"product_brand","embeddable":true,"href":"https:\/\/www.sanier.pl\/sk\/wp-json\/wp\/v2\/product_brand?post=279609"},{"taxonomy":"product_cat","embeddable":true,"href":"https:\/\/www.sanier.pl\/sk\/wp-json\/wp\/v2\/product_cat?post=279609"},{"taxonomy":"product_tag","embeddable":true,"href":"https:\/\/www.sanier.pl\/sk\/wp-json\/wp\/v2\/product_tag?post=279609"}],"curies":[{"name":"wp","href":"https:\/\/api.w.org\/{rel}","templated":true}]}}