{"id":279595,"date":"2022-10-12T14:05:52","date_gmt":"2022-10-12T14:05:52","guid":{"rendered":"https:\/\/www.sanier.pl\/produkt\/uchwyt-koszykowy-dolphinroller-rotating-25cm\/"},"modified":"2025-03-21T13:49:58","modified_gmt":"2025-03-21T13:49:58","slug":"kosikovy-drziak-dolphinroller-rotating-25-cm","status":"publish","type":"product","link":"https:\/\/www.sanier.pl\/sk\/produkt\/kosikovy-drziak-dolphinroller-rotating-25-cm\/","title":{"rendered":"Ko\u0161\u00edkov\u00fd dr\u017eiak DolphinRoller ROTATING 25 cm"},"content":{"rendered":"<p>[vc_row][vc_column][vc_single_image image=\"259480\" img_size=\"large\" alignment=\"center\"][vc_column_text]<\/p>\n<div class=\"woolentor-template-container\">\n<div id=\"product-13001\" class=\"post-13001 product type-product status-publish has-post-thumbnail product_cat-uchwyty-do-walkow product_tag-drr10_57310 first instock shipping-taxable product-type-simple\">\n<div class=\"woolentor-woo-template-builder\">\n<div class=\"elementor elementor-17937\" data-elementor-type=\"page\" data-elementor-id=\"17937\">\n<div class=\"elementor-inner\">\n<div class=\"elementor-section-wrap\">\n<section class=\"elementor-section elementor-top-section elementor-element elementor-element-65138912 elementor-section-boxed elementor-section-height-default elementor-section-height-default\" data-id=\"65138912\" data-element_type=\"section\" data-settings=\"{&quot;background_background&quot;:&quot;classic&quot;}\">\n<div class=\"elementor-container elementor-column-gap-no\">\n<div class=\"elementor-row\">\n<div class=\"elementor-column elementor-col-100 elementor-top-column elementor-element elementor-element-4dc0b707\" data-id=\"4dc0b707\" data-element_type=\"column\" data-settings=\"{&quot;background_background&quot;:&quot;classic&quot;}\">\n<div class=\"elementor-column-wrap elementor-element-populated\">\n<div class=\"elementor-widget-wrap\">\n<section class=\"elementor-section elementor-inner-section elementor-element elementor-element-3910245 elementor-section-boxed elementor-section-height-default elementor-section-height-default\" data-id=\"3910245\" data-element_type=\"section\">\n<div class=\"elementor-container elementor-column-gap-default\">\n<div class=\"elementor-row\">\n<div class=\"elementor-column elementor-col-50 elementor-inner-column elementor-element elementor-element-e764b72\" data-id=\"e764b72\" data-element_type=\"column\">\n<div class=\"elementor-column-wrap elementor-element-populated\">\n<div class=\"elementor-widget-wrap\">\n<div class=\"elementor-element elementor-element-15e1bbe elementor-widget elementor-widget-woocommerce-product-short-description\" data-id=\"15e1bbe\" data-element_type=\"widget\" data-widget_type=\"woocommerce-product-short-description.default\">\n<div class=\"elementor-widget-container\">\n<div class=\"woocommerce-product-details__short-description\">\n<div class=\"elementor elementor-13742\" data-elementor-type=\"page\" data-elementor-id=\"13742\">\n<div class=\"elementor-inner\">\n<div class=\"elementor-section-wrap\">\n<section class=\"elementor-section elementor-top-section elementor-element elementor-element-3641521 elementor-section-full_width elementor-section-content-middle elementor-section-height-default elementor-section-height-default\" data-id=\"3641521\" data-element_type=\"section\">\n<div class=\"elementor-container elementor-column-gap-no\">\n<div class=\"elementor-row\">\n<div class=\"elementor-column elementor-col-100 elementor-top-column elementor-element elementor-element-d03993b\" data-id=\"d03993b\" data-element_type=\"column\">\n<div class=\"elementor-column-wrap elementor-element-populated\">\n<div class=\"elementor-widget-wrap\">\n<div class=\"elementor-element elementor-element-a99fcf1 elementor-align-center elementor-mobile-align-center elementor-widget elementor-widget-button\" data-id=\"a99fcf1\" data-element_type=\"widget\" data-widget_type=\"button.default\">\n<div class=\"elementor-widget-container\">\n<div class=\"flex max-w-full flex-col flex-grow\">\n<div class=\"min-h-8 text-message relative flex w-full flex-col items-end gap-2 whitespace-normal break-words text-start [.text-message+&amp;]:mt-5\" dir=\"auto\" data-message-author-role=\"assistant\" data-message-id=\"86d86d6b-28c6-40e1-bbd7-606c99becd6e\" data-message-model-slug=\"gpt-4o-mini\">\n<div class=\"flex w-full flex-col gap-1 empty:hidden first:pt-[3px]\">\n<h1 data-start=\"0\" data-end=\"47\">Ko\u0161\u00edkov\u00fd dr\u017eiak DolphinRoller ROTATING 25 cm<\/h1>\n<p data-start=\"49\" data-end=\"596\"><strong>Ko\u0161\u00edkov\u00fd dr\u017eiak DolphinRoller ROTATING 25 cm<\/strong>\u00a0je vybaven\u00fd rota\u010dn\u00fdm k\u013abom, ktor\u00fd umo\u017e\u0148uje r\u00fdchly a \u013eahk\u00fd pr\u00edstup k \u0165a\u017eko dostupn\u00fdm povrchom. Rota\u010dn\u00fd k\u013ab s pohybom 360\u00ba u\u013eah\u010duje pr\u00edstup k sten\u00e1m pod strechami, pod r\u00edmsami, schodmi a podobne. Dr\u017eiak m\u00e1 mimoriadne odoln\u00fd nylonov\u00fd valec, ktor\u00fd je odoln\u00fd proti mechanick\u00e9mu po\u0161kodeniu. Chr\u00f3movan\u00fd z\u00e1mok zabra\u0148uje sklzu valca po\u010das ma\u013eovania a dvojzlo\u017ekov\u00e1 ergonomick\u00e1 rukov\u00e4\u0165 poskytuje pevn\u00fd \u00fachop. V\u00fdberom spr\u00e1vneho valca zna\u010dky Blue Dolphin zo s\u00e9rie 330 v\u00fdrazne zlep\u0161\u00edte efektivitu a kvalitu ma\u013eovania.<\/p>\n<h4 data-start=\"598\" data-end=\"656\"><strong data-start=\"598\" data-end=\"656\">V\u00fdhody Dr\u017eiaka ko\u0161\u00edkov\u00e9ho DolphinRoller ROTATING 25cm:<\/strong><\/h4>\n<ul data-start=\"658\" data-end=\"1047\" data-is-only-node=\"\" data-is-last-node=\"\">\n<li data-start=\"658\" data-end=\"729\">Ma\u013eovanie \u0165a\u017eko pr\u00edstupn\u00fdch povrchov pri sklony, podstre\u0161ia, podlahy.<\/li>\n<li data-start=\"730\" data-end=\"751\">Ergonomick\u00fd dr\u017eiak.<\/li>\n<li data-start=\"752\" data-end=\"823\">Inovat\u00edvna rota\u010dn\u00e1 technol\u00f3gia umo\u017e\u0148uj\u00faca pr\u00e1cu pod ak\u00fdmko\u013evek uhlom.<\/li>\n<li data-start=\"824\" data-end=\"944\">N\u00edzka hmotnos\u0165 a ergonomick\u00fd dizajn poskytuj\u00fa pohodlie a komfort, \u010do priamo prispieva k vysokej kvalite a \u00faspore \u010dasu.<\/li>\n<li data-start=\"945\" data-end=\"985\">R\u00fdchlo uvo\u013e\u0148uj\u00face pru\u017einov\u00e9 zap\u00ednanie.<\/li>\n<li data-start=\"986\" data-end=\"1002\">Trv\u00e1cny valec.<\/li>\n<li data-start=\"1003\" data-end=\"1024\">Chr\u00f3movan\u00fd hriade\u013e.<\/li>\n<li data-start=\"1025\" data-end=\"1047\" data-is-last-node=\"\">Ergonomick\u00e1 rukov\u00e4\u0165.<\/li>\n<\/ul>\n<\/div>\n<\/div>\n<\/div>\n<\/div>\n<div class=\"mb-2 flex gap-3 -ml-2\" tabindex=\"0\">\n<div class=\"flex items-center justify-start rounded-xl p-1\">\n<div class=\"flex items-center\"><\/div>\n<\/div>\n<\/div>\n<\/div>\n<\/div>\n<\/div>\n<\/div>\n<\/div>\n<\/div>\n<\/section>\n<\/div>\n<\/div>\n<\/div>\n<\/div>\n<\/div>\n<\/div>\n<\/div>\n<\/div>\n<\/div>\n<\/div>\n<\/div>\n<\/section>\n<\/div>\n<\/div>\n<\/div>\n<\/div>\n<\/div>\n<\/section>\n<\/div>\n<\/div>\n<\/div>\n<\/div>\n<\/div>\n<\/div>\n<div class=\"elementor elementor-8646 elementor-location-footer\" data-elementor-type=\"footer\" data-elementor-id=\"8646\">\n<div class=\"elementor-section-wrap\">\n<section class=\"elementor-section elementor-top-section elementor-element elementor-element-9924106 elementor-section-full_width elementor-section-content-space-between elementor-section-stretched elementor-section-height-default elementor-section-height-default elementor-sticky elementor-sticky--active elementor-section--handles-inside elementor-sticky--effects\" data-id=\"9924106\" data-element_type=\"section\" data-settings=\"{&quot;background_background&quot;:&quot;classic&quot;,&quot;stretch_section&quot;:&quot;section-stretched&quot;,&quot;sticky&quot;:&quot;bottom&quot;,&quot;sticky_on&quot;:[&quot;desktop&quot;,&quot;tablet&quot;,&quot;mobile&quot;],&quot;sticky_offset&quot;:0,&quot;sticky_effects_offset&quot;:0}\">\n<div class=\"elementor-container elementor-column-gap-default\">\n<div class=\"elementor-row\">\n<div class=\"elementor-column elementor-col-33 elementor-top-column elementor-element elementor-element-39985ef\" data-id=\"39985ef\" data-element_type=\"column\">\n<div class=\"elementor-column-wrap\">\n<div class=\"elementor-widget-wrap\"><\/div>\n<\/div>\n<\/div>\n<\/div>\n<\/div>\n<\/section>\n<\/div>\n<\/div>\n<p>[\/vc_column_text][\/vc_column][\/vc_row]<\/p>\n","protected":false},"excerpt":{"rendered":"<p><strong data-start=\"0\" data-end=\"48\" data-is-only-node=\"\">Ko\u0161\u00edkov\u00fd dr\u017eiak DolphinRoller ROTATING 25 cm<\/strong> je vybaven\u00fd rota\u010dn\u00fdm k\u013abom, v\u010faka ktor\u00e9mu sa r\u00fdchlo a \u013eahko dostanete na naj\u0165a\u017e\u0161ie pr\u00edstupn\u00e9 povrchy.<\/p>\n","protected":false},"featured_media":271635,"comment_status":"open","ping_status":"closed","template":"","meta":[],"product_brand":[],"product_cat":[1051],"product_tag":[1090,1097],"class_list":{"0":"post-279595","1":"product","2":"type-product","3":"status-publish","4":"has-post-thumbnail","6":"product_cat-blue-dolphin-sk","7":"product_tag-bluedolphin-sk","8":"product_tag-uchwyt-sk","9":"product_shipping_class-latwa-wysylka-sk","11":"first","12":"instock","13":"taxable","14":"shipping-taxable","15":"purchasable","16":"product-type-simple"},"_links":{"self":[{"href":"https:\/\/www.sanier.pl\/sk\/wp-json\/wp\/v2\/product\/279595","targetHints":{"allow":["GET"]}}],"collection":[{"href":"https:\/\/www.sanier.pl\/sk\/wp-json\/wp\/v2\/product"}],"about":[{"href":"https:\/\/www.sanier.pl\/sk\/wp-json\/wp\/v2\/types\/product"}],"replies":[{"embeddable":true,"href":"https:\/\/www.sanier.pl\/sk\/wp-json\/wp\/v2\/comments?post=279595"}],"wp:featuredmedia":[{"embeddable":true,"href":"https:\/\/www.sanier.pl\/sk\/wp-json\/wp\/v2\/media\/271635"}],"wp:attachment":[{"href":"https:\/\/www.sanier.pl\/sk\/wp-json\/wp\/v2\/media?parent=279595"}],"wp:term":[{"taxonomy":"product_brand","embeddable":true,"href":"https:\/\/www.sanier.pl\/sk\/wp-json\/wp\/v2\/product_brand?post=279595"},{"taxonomy":"product_cat","embeddable":true,"href":"https:\/\/www.sanier.pl\/sk\/wp-json\/wp\/v2\/product_cat?post=279595"},{"taxonomy":"product_tag","embeddable":true,"href":"https:\/\/www.sanier.pl\/sk\/wp-json\/wp\/v2\/product_tag?post=279595"}],"curies":[{"name":"wp","href":"https:\/\/api.w.org\/{rel}","templated":true}]}}