{"id":279578,"date":"2022-10-13T08:33:38","date_gmt":"2022-10-13T08:33:38","guid":{"rendered":"https:\/\/www.sanier.pl\/produkt\/walek-koszykowy-spinner-25cm-gladkie-wykonczenie\/"},"modified":"2025-03-21T12:53:33","modified_gmt":"2025-03-21T12:53:33","slug":"walek-koszykowy-spinner-25cm-gladkie-wykonczenie","status":"publish","type":"product","link":"https:\/\/www.sanier.pl\/sk\/produkt\/walek-koszykowy-spinner-25cm-gladkie-wykonczenie\/","title":{"rendered":"Spinner val\u010dek na ko\u0161\u00edk 25 cm"},"content":{"rendered":"<p>[vc_row][vc_column][vc_single_image image=\"259480\" img_size=\"large\" alignment=\"center\"][vc_column_text]<\/p>\n<h1>Spinner val\u010dek na ko\u0161\u00edk 25 cm<\/h1>\n<h5><span class=\"HwtZe\" lang=\"sk\"><span class=\"jCAhz ChMk0b\"><span class=\"ryNqvb\">V\u00e4\u010d\u0161ie plochy Hladk\u00fd povrch<\/span><\/span><\/span><\/h5>\n<p>&nbsp;<\/p>\n<p><strong>Spinner val\u010dek na ko\u0161\u00edk 25 cm<\/strong> je ma\u013eovac\u00ed valec vyroben\u00fd z inovat\u00edvneho materi\u00e1lu <strong data-start=\"99\" data-end=\"118\">Polyester Blend<\/strong>, ktor\u00fd lep\u0161ie absorbuje a odovzd\u00e1va farbu, a z\u00e1rove\u0148 nezanech\u00e1va vl\u00e1kna. Produkt sa ne\u0161m\u00fdka po\u010das ma\u013eovania. Valec SPINNER s d\u013a\u017ekou vl\u00e1kna 0,9 mm a 13 mm je charakteristick\u00fd hladk\u00fdm povrchov\u00fdm zakon\u010den\u00edm. Je ide\u00e1lny na v\u0161etky druhy farieb: akrylov\u00e9, latexov\u00e9, olejov\u00e9, a to s matn\u00fdm aj leskl\u00fdm efektom.<\/p>\n<p data-start=\"423\" data-end=\"696\">Produkt je ur\u010den\u00fd na viacn\u00e1sobn\u00e9 pou\u017eitie. M\u00e1 jednoduch\u00fd syst\u00e9m vn\u00fatorn\u00e9ho uchytenia, pevn\u00fd polypropyl\u00e9nov\u00fd tubus odoln\u00fd vo\u010di rozp\u00fa\u0161\u0165adl\u00e1m. Povlak si aj pri pou\u017e\u00edvan\u00ed zachov\u00e1va p\u00f4vodn\u00fa nad\u00fdchanos\u0165. Skosenia na stran\u00e1ch valca eliminuj\u00fa probl\u00e9m s vrstven\u00edm farby na okrajoch.<\/p>\n<h4 data-start=\"698\" data-end=\"741\"><strong data-start=\"698\" data-end=\"741\">V\u00fdhody ma\u013eovacieho valca SPINNER 25 cm:<\/strong><\/h4>\n<ul data-start=\"743\" data-end=\"1130\">\n<li data-start=\"743\" data-end=\"762\">Inovat\u00edvny povlak<\/li>\n<li data-start=\"763\" data-end=\"791\">Ne\u0161m\u00fdka sa po\u010das ma\u013eovania<\/li>\n<li data-start=\"792\" data-end=\"812\">Nezanech\u00e1va vl\u00e1kna<\/li>\n<li data-start=\"813\" data-end=\"861\">V\u00e4\u010d\u0161ia nasiakavos\u0165 a lep\u0161ie odovzd\u00e1vanie farby<\/li>\n<li data-start=\"862\" data-end=\"906\">\u017diadny zlo\u017eit\u00fd syst\u00e9m vn\u00fatorn\u00e9ho uchytenia<\/li>\n<li data-start=\"907\" data-end=\"948\">Technologicky vyspel\u00fd inovat\u00edvny povlak<\/li>\n<li data-start=\"949\" data-end=\"1003\">Pevn\u00fd polypropyl\u00e9nov\u00fd tubus odoln\u00fd vo\u010di rozp\u00fa\u0161\u0165adl\u00e1m<\/li>\n<li data-start=\"1004\" data-end=\"1063\">Pri viacn\u00e1sobnom pou\u017eit\u00ed si zachov\u00e1va p\u00f4vodn\u00fa nad\u00fdchanos\u0165<\/li>\n<li data-start=\"1064\" data-end=\"1130\">Skosenia na stran\u00e1ch valca eliminuj\u00fa vrstvenie farby na okrajoch<\/li>\n<\/ul>\n<h4 data-start=\"1132\" data-end=\"1177\"><strong data-start=\"1132\" data-end=\"1177\">Pou\u017eitie ma\u013eovacieho valca SPINNER 25 cm:<\/strong><\/h4>\n<ul data-start=\"1179\" data-end=\"1284\">\n<li data-start=\"1179\" data-end=\"1264\">Na v\u0161etky druhy farieb: akrylov\u00e9, latexov\u00e9, olejov\u00e9, s matn\u00fdm alebo leskl\u00fdm efektom<\/li>\n<li data-start=\"1265\" data-end=\"1284\">Na v\u00e4\u010d\u0161ie povrchy<\/li>\n<\/ul>\n<h4 data-start=\"1286\" data-end=\"1333\"><strong data-start=\"1286\" data-end=\"1333\">Pou\u017eitie SPINNER 25 cm, d\u013a\u017eka vl\u00e1kna: 9 mm:<\/strong><\/h4>\n<ul data-start=\"1335\" data-end=\"1384\">\n<li data-start=\"1335\" data-end=\"1352\">Povrchy: hladk\u00e9<\/li>\n<li data-start=\"1353\" data-end=\"1384\">Efekt ma\u013eovania: extra hladk\u00fd<\/li>\n<\/ul>\n<h4 data-start=\"1386\" data-end=\"1434\"><strong data-start=\"1386\" data-end=\"1434\">Pou\u017eitie SPINNER 25 cm, d\u013a\u017eka vl\u00e1kna: 13 mm:<\/strong><\/h4>\n<ul data-start=\"1436\" data-end=\"1496\" data-is-last-node=\"\" data-is-only-node=\"\">\n<li data-start=\"1436\" data-end=\"1470\">Povrchy: polohladk\u00e9, jemne drsn\u00e9<\/li>\n<li data-start=\"1471\" data-end=\"1496\" data-is-last-node=\"\">Efekt ma\u013eovania: hladk\u00fd<\/li>\n<\/ul>\n<p>&nbsp;<\/p>\n<p>[\/vc_column_text][\/vc_column][\/vc_row]<\/p>\n","protected":false},"excerpt":{"rendered":"<div class=\"flex max-w-full flex-col flex-grow\">\n<div class=\"min-h-8 text-message relative flex w-full flex-col items-end gap-2 whitespace-normal break-words text-start [.text-message+&amp;]:mt-5\" dir=\"auto\" data-message-author-role=\"assistant\" data-message-id=\"eb028636-f631-4833-bae8-4e977897eff5\" data-message-model-slug=\"gpt-4o-mini\">\n<div class=\"flex w-full flex-col gap-1 empty:hidden first:pt-[3px]\">\n<p data-start=\"0\" data-end=\"198\" data-is-last-node=\"\" data-is-only-node=\"\"><strong>Spinner val\u010dek na ko\u0161\u00edk 25 cm<\/strong>. Ma\u013eovac\u00ed valec vyroben\u00fd z inovat\u00edvneho materi\u00e1lu <strong data-start=\"109\" data-end=\"128\">Polyester Blend<\/strong>, ktor\u00fd lep\u0161ie absorbuje a odovzd\u00e1va farbu, pri\u010dom nezanech\u00e1va vl\u00e1kna.<\/p>\n<\/div>\n<\/div>\n<\/div>\n<div class=\"mb-2 flex gap-3 -ml-2\" tabindex=\"0\">\n<div class=\"flex items-center justify-start rounded-xl p-1\">\n<div class=\"flex items-center\"><\/div>\n<\/div>\n<\/div>\n","protected":false},"featured_media":271638,"comment_status":"open","ping_status":"closed","template":"","meta":[],"product_brand":[],"product_cat":[1051,1057,1052,884],"product_tag":[1090,1096,1091],"class_list":{"0":"post-279578","1":"product","2":"type-product","3":"status-publish","4":"has-post-thumbnail","6":"product_cat-blue-dolphin-sk","7":"product_cat-materialy-uzupelniajace-akcesoria-ochrona-i-naprawa-betonu-sk","8":"product_cat-materialy-uzupelniajace-akcesoria-materialy-wykonczeniowe-sk","9":"product_cat-materialy-wykonczeniowe-sk","10":"product_tag-bluedolphin-sk","11":"product_tag-spinner-sk","12":"product_tag-walek-sk","13":"product_shipping_class-latwa-wysylka-sk","15":"first","16":"instock","17":"taxable","18":"shipping-taxable","19":"purchasable","20":"product-type-variable"},"_links":{"self":[{"href":"https:\/\/www.sanier.pl\/sk\/wp-json\/wp\/v2\/product\/279578","targetHints":{"allow":["GET"]}}],"collection":[{"href":"https:\/\/www.sanier.pl\/sk\/wp-json\/wp\/v2\/product"}],"about":[{"href":"https:\/\/www.sanier.pl\/sk\/wp-json\/wp\/v2\/types\/product"}],"replies":[{"embeddable":true,"href":"https:\/\/www.sanier.pl\/sk\/wp-json\/wp\/v2\/comments?post=279578"}],"wp:featuredmedia":[{"embeddable":true,"href":"https:\/\/www.sanier.pl\/sk\/wp-json\/wp\/v2\/media\/271638"}],"wp:attachment":[{"href":"https:\/\/www.sanier.pl\/sk\/wp-json\/wp\/v2\/media?parent=279578"}],"wp:term":[{"taxonomy":"product_brand","embeddable":true,"href":"https:\/\/www.sanier.pl\/sk\/wp-json\/wp\/v2\/product_brand?post=279578"},{"taxonomy":"product_cat","embeddable":true,"href":"https:\/\/www.sanier.pl\/sk\/wp-json\/wp\/v2\/product_cat?post=279578"},{"taxonomy":"product_tag","embeddable":true,"href":"https:\/\/www.sanier.pl\/sk\/wp-json\/wp\/v2\/product_tag?post=279578"}],"curies":[{"name":"wp","href":"https:\/\/api.w.org\/{rel}","templated":true}]}}