{"id":279570,"date":"2022-10-13T10:14:53","date_gmt":"2022-10-13T10:14:53","guid":{"rendered":"https:\/\/www.sanier.pl\/produkt\/walek-koszykowy-silver-jumbo-mini-10cm\/"},"modified":"2025-03-21T09:53:11","modified_gmt":"2025-03-21T09:53:11","slug":"walek-koszykowy-silver-jumbo-mini-10cm","status":"publish","type":"product","link":"https:\/\/www.sanier.pl\/sk\/produkt\/walek-koszykowy-silver-jumbo-mini-10cm\/","title":{"rendered":"Ko\u0161\u00edkov\u00fd v\u00e1le\u010dek SILVER JUMBO mini 10 cm"},"content":{"rendered":"<p>[vc_column][vc_single_image image=\"259480\" img_size=\"large\" alignment=\"center\"][\/vc_column][vc_row][vc_column][vc_column_text]<\/p>\n<h2>Ko\u0161\u00edkov\u00fd v\u00e1le\u010dek SILVER JUMBO mini 10 cm<\/h2>\n<p>&nbsp;<\/p>\n<p data-start=\"0\" data-end=\"538\"><strong>Ko\u0161\u00edkov\u00fd v\u00e1le\u010dek SILVER JUMBO mini 10 cm<\/strong> zna\u010dky <strong data-start=\"48\" data-end=\"64\">Blue Dolphin<\/strong> je v\u00fdkonn\u00fd mal\u00ed\u0159sk\u00fd v\u00e1le\u010dek vyroben\u00fd z materi\u00e1lu <strong data-start=\"114\" data-end=\"134\">MICROFIBER TWIST<\/strong>, kter\u00fd l\u00e9pe absorbuje a p\u0159ed\u00e1v\u00e1 barvu, ani\u017e by zanech\u00e1val vl\u00e1kna. Snadno se roluje a neklou\u017ee. Je vybaven\u00fd snadno pou\u017eiteln\u00fdm syst\u00e9mem vnit\u0159n\u00edho upevn\u011bn\u00ed. Pevn\u00e1 polypropylenov\u00e1 trubka je odoln\u00e1 v\u016f\u010di rozpou\u0161t\u011bdl\u016fm. Produkt je ur\u010den k opakovan\u00e9mu pou\u017eit\u00ed a i po \u010dase zachov\u00e1v\u00e1 svou p\u016fvodn\u00ed nad\u00fdchanost. \u0158ada v\u00e1le\u010dk\u016f 330 se vyzna\u010duje zkosen\u00fdmi okraji, kter\u00e9 eliminuj\u00ed probl\u00e9m s hromad\u011bn\u00edm barvy na hran\u00e1ch.<\/p>\n<h4 data-start=\"540\" data-end=\"594\"><strong data-start=\"540\" data-end=\"594\">V\u00fdhody mal\u00ed\u0159sk\u00e9ho v\u00e1le\u010dku SILVER Jumbo Mini 10 cm:<\/strong><\/h4>\n<ul data-start=\"595\" data-end=\"957\">\n<li data-start=\"595\" data-end=\"637\">Inovativn\u00ed materi\u00e1l <strong data-start=\"617\" data-end=\"637\">MICROFIBER TWIST<\/strong><\/li>\n<li data-start=\"638\" data-end=\"663\">Neklou\u017ee b\u011bhem malov\u00e1n\u00ed<\/li>\n<li data-start=\"664\" data-end=\"692\">Produkt nezanech\u00e1v\u00e1 vl\u00e1kna<\/li>\n<li data-start=\"693\" data-end=\"728\">Vysok\u00e1 absorpce a p\u0159ed\u00e1v\u00e1n\u00ed barvy<\/li>\n<li data-start=\"729\" data-end=\"763\">Snadn\u00fd syst\u00e9m vnit\u0159n\u00edho upevn\u011bn\u00ed<\/li>\n<li data-start=\"764\" data-end=\"820\">Pevn\u00e1 polypropylenov\u00e1 trubka odoln\u00e1 v\u016f\u010di rozpou\u0161t\u011bdl\u016fm<\/li>\n<li data-start=\"821\" data-end=\"844\">K opakovan\u00e9mu pou\u017eit\u00ed<\/li>\n<li data-start=\"845\" data-end=\"886\">Vl\u00e1kno si zachov\u00e1v\u00e1 p\u016fvodn\u00ed nad\u00fdchanost<\/li>\n<li data-start=\"887\" data-end=\"957\">Zkosen\u00e9 okraje na stran\u00e1ch v\u00e1le\u010dku \u2013 barva se na hran\u011b nezhroma\u017e\u010fuje<\/li>\n<\/ul>\n<h4 data-start=\"959\" data-end=\"971\"><strong data-start=\"959\" data-end=\"971\">Pou\u017eit\u00ed:<\/strong><\/h4>\n<ul data-start=\"972\" data-end=\"1023\">\n<li data-start=\"972\" data-end=\"994\">Povrchy: polohladk\u00e9.<\/li>\n<li data-start=\"995\" data-end=\"1023\">V\u00fdsledek malov\u00e1n\u00ed: hladk\u00fd.<\/li>\n<\/ul>\n<p data-start=\"1025\" data-end=\"1049\" data-is-last-node=\"\" data-is-only-node=\"\">\n<p data-start=\"1025\" data-end=\"1049\" data-is-last-node=\"\" data-is-only-node=\"\"><strong>Nab\u00eddka obsahuje 2 kusy.<\/strong><\/p>\n<p>&nbsp;<\/p>\n<p>[\/vc_column_text][\/vc_column][\/vc_row]<\/p>\n","protected":false},"excerpt":{"rendered":"<p>Ko\u0161\u00edkov\u00fd v\u00e1le\u010dek <strong data-start=\"17\" data-end=\"44\">SILVER Jumbo mini 10 cm<\/strong> je mal\u00ed\u0159sk\u00fd v\u00e1le\u010dek vyroben\u00fd z inovativn\u00edho materi\u00e1lu <strong data-start=\"99\" data-end=\"119\">MICROFIBER TWIST<\/strong>.<\/p>\n","protected":false},"featured_media":271650,"comment_status":"open","ping_status":"closed","template":"","meta":{"_acf_changed":false},"product_brand":[],"product_cat":[1051,1052,1057,884],"product_tag":[1090,1094,1095,1091],"class_list":{"0":"post-279570","1":"product","2":"type-product","3":"status-publish","4":"has-post-thumbnail","6":"product_cat-blue-dolphin-sk","7":"product_cat-materialy-uzupelniajace-akcesoria-materialy-wykonczeniowe-sk","8":"product_cat-materialy-uzupelniajace-akcesoria-ochrona-i-naprawa-betonu-sk","9":"product_cat-materialy-wykonczeniowe-sk","10":"product_tag-bluedolphin-sk","11":"product_tag-jumbo-sk","12":"product_tag-silver-sk","13":"product_tag-walek-sk","14":"product_shipping_class-latwa-wysylka-sk","16":"first","17":"instock","18":"taxable","19":"shipping-taxable","20":"purchasable","21":"product-type-variable"},"acf":[],"_links":{"self":[{"href":"https:\/\/www.sanier.pl\/sk\/wp-json\/wp\/v2\/product\/279570","targetHints":{"allow":["GET"]}}],"collection":[{"href":"https:\/\/www.sanier.pl\/sk\/wp-json\/wp\/v2\/product"}],"about":[{"href":"https:\/\/www.sanier.pl\/sk\/wp-json\/wp\/v2\/types\/product"}],"replies":[{"embeddable":true,"href":"https:\/\/www.sanier.pl\/sk\/wp-json\/wp\/v2\/comments?post=279570"}],"wp:featuredmedia":[{"embeddable":true,"href":"https:\/\/www.sanier.pl\/sk\/wp-json\/wp\/v2\/media\/271650"}],"wp:attachment":[{"href":"https:\/\/www.sanier.pl\/sk\/wp-json\/wp\/v2\/media?parent=279570"}],"wp:term":[{"taxonomy":"product_brand","embeddable":true,"href":"https:\/\/www.sanier.pl\/sk\/wp-json\/wp\/v2\/product_brand?post=279570"},{"taxonomy":"product_cat","embeddable":true,"href":"https:\/\/www.sanier.pl\/sk\/wp-json\/wp\/v2\/product_cat?post=279570"},{"taxonomy":"product_tag","embeddable":true,"href":"https:\/\/www.sanier.pl\/sk\/wp-json\/wp\/v2\/product_tag?post=279570"}],"curies":[{"name":"wp","href":"https:\/\/api.w.org\/{rel}","templated":true}]}}