{"id":279566,"date":"2022-10-13T11:06:38","date_gmt":"2022-10-13T11:06:38","guid":{"rendered":"https:\/\/www.sanier.pl\/produkt\/walek-koszykowy-killer-jumbo-mini-10cm\/"},"modified":"2025-03-21T09:25:53","modified_gmt":"2025-03-21T09:25:53","slug":"walek-koszykowy-killer-jumbo-mini-10cm","status":"publish","type":"product","link":"https:\/\/www.sanier.pl\/sk\/produkt\/walek-koszykowy-killer-jumbo-mini-10cm\/","title":{"rendered":"Ko\u0161\u00edkov\u00fd v\u00e1le\u010dek KILLER Jumbo mini 10 cm"},"content":{"rendered":"<p>[vc_column][vc_single_image image=\"259480\" img_size=\"large\" alignment=\"center\"][\/vc_column][vc_row][vc_column][vc_column_text]<\/p>\n<p>&nbsp;<\/p>\n<h2 data-start=\"0\" data-end=\"40\">Ko\u0161\u00edkov\u00fd v\u00e1le\u010dek KILLER Jumbo mini 10 cm<\/h2>\n<p data-start=\"42\" data-end=\"353\"><strong>Ko\u0161\u00edkov\u00fd v\u00e1le\u010dek KILLER Jumbo mini 10 cm<\/strong> od firmy <strong data-start=\"92\" data-end=\"108\">Blue Dolphin<\/strong> je vyroben\u00fd z inovativn\u00edho materi\u00e1lu <strong data-start=\"146\" data-end=\"166\">MICROFIBER BLEND<\/strong>, kter\u00fd l\u00e9pe nas\u00e1v\u00e1 a rovnom\u011brn\u011b rozd\u011bluje barvu, a p\u0159itom nezanech\u00e1v\u00e1 vl\u00e1kna. Jeho v\u00fdhodou je tak\u00e9 jednoduch\u00fd syst\u00e9m upevn\u011bn\u00ed. I p\u0159i opakovan\u00e9m pou\u017eit\u00ed si zachov\u00e1v\u00e1 svou p\u016fvodn\u00ed jemnost.<\/p>\n<h4 data-start=\"355\" data-end=\"366\"><strong data-start=\"355\" data-end=\"366\">V\u00fdhody:<\/strong><\/h4>\n<ul data-start=\"368\" data-end=\"694\">\n<li data-start=\"368\" data-end=\"411\">Inovativn\u00ed materi\u00e1l: <strong data-start=\"391\" data-end=\"411\">MICROFIBER BLEND<\/strong><\/li>\n<li data-start=\"412\" data-end=\"437\">Ne\u0161m\u00fdk\u00e1 se p\u0159i malov\u00e1n\u00ed<\/li>\n<li data-start=\"438\" data-end=\"458\">Nezanech\u00e1v\u00e1 vl\u00e1kna<\/li>\n<li data-start=\"459\" data-end=\"509\">Vysok\u00e1 nas\u00e1kavost a rovnom\u011brn\u00e9 rozd\u011blov\u00e1n\u00ed barvy<\/li>\n<li data-start=\"510\" data-end=\"544\">Snadn\u00fd syst\u00e9m vnit\u0159n\u00edho upevn\u011bn\u00ed<\/li>\n<li data-start=\"545\" data-end=\"602\">Siln\u00e1 polypropylenov\u00e1 trubka odoln\u00e1 proti rozpou\u0161t\u011bdl\u016fm<\/li>\n<li data-start=\"603\" data-end=\"633\">Ur\u010den\u00fd pro opakovan\u00e9 pou\u017eit\u00ed<\/li>\n<li data-start=\"634\" data-end=\"694\">Runo si i p\u0159i opakovan\u00e9m pou\u017eit\u00ed zachov\u00e1v\u00e1 p\u016fvodn\u00ed jemnost<\/li>\n<\/ul>\n<h4 data-start=\"696\" data-end=\"708\"><strong data-start=\"696\" data-end=\"708\">Pou\u017eit\u00ed:<\/strong><\/h4>\n<ul data-start=\"710\" data-end=\"800\">\n<li data-start=\"710\" data-end=\"800\">Pro v\u0161echny typy barev: akrylov\u00e9, latexov\u00e9, olejov\u00e9, jak s matn\u00fdm, tak s leskl\u00fdm efektem<\/li>\n<\/ul>\n<p data-start=\"802\" data-end=\"856\"><strong data-start=\"802\" data-end=\"814\">Povrchy:<\/strong> hladk\u00e9<\/p>\n<p data-start=\"802\" data-end=\"856\"><strong data-start=\"824\" data-end=\"843\">Efekt malov\u00e1n\u00ed:<\/strong> extra hladk\u00fd<\/p>\n<p data-start=\"858\" data-end=\"892\" data-is-last-node=\"\" data-is-only-node=\"\"><strong data-start=\"858\" data-end=\"892\" data-is-last-node=\"\">Nab\u00eddka se t\u00fdk\u00e1 balen\u00ed 2 kus\u016f.<\/strong><\/p>\n<p>&nbsp;<\/p>\n<p>[\/vc_column_text][\/vc_column][\/vc_row]<\/p>\n","protected":false},"excerpt":{"rendered":"<p><strong>Ko\u0161\u00edkov\u00fd v\u00e1le\u010dek KILLER Jumbo mini 10 cm<\/strong> zna\u010dky <strong data-start=\"48\" data-end=\"64\">Blue Dolphin<\/strong> je mal\u00ed\u0159sk\u00fd v\u00e1le\u010dek vyroben\u00fd z inovativn\u00edho materi\u00e1lu <strong data-start=\"119\" data-end=\"139\">MICROFIBER TWIST<\/strong>.<\/p>\n","protected":false},"featured_media":271662,"comment_status":"open","ping_status":"closed","template":"","meta":[],"product_brand":[],"product_cat":[1051,1052,1057,884],"product_tag":[1090,1094,1093,1091],"class_list":{"0":"post-279566","1":"product","2":"type-product","3":"status-publish","4":"has-post-thumbnail","6":"product_cat-blue-dolphin-sk","7":"product_cat-materialy-uzupelniajace-akcesoria-materialy-wykonczeniowe-sk","8":"product_cat-materialy-uzupelniajace-akcesoria-ochrona-i-naprawa-betonu-sk","9":"product_cat-materialy-wykonczeniowe-sk","10":"product_tag-bluedolphin-sk","11":"product_tag-jumbo-sk","12":"product_tag-killer-sk","13":"product_tag-walek-sk","14":"product_shipping_class-latwa-wysylka-sk","16":"first","17":"instock","18":"taxable","19":"shipping-taxable","20":"purchasable","21":"product-type-variable"},"_links":{"self":[{"href":"https:\/\/www.sanier.pl\/sk\/wp-json\/wp\/v2\/product\/279566","targetHints":{"allow":["GET"]}}],"collection":[{"href":"https:\/\/www.sanier.pl\/sk\/wp-json\/wp\/v2\/product"}],"about":[{"href":"https:\/\/www.sanier.pl\/sk\/wp-json\/wp\/v2\/types\/product"}],"replies":[{"embeddable":true,"href":"https:\/\/www.sanier.pl\/sk\/wp-json\/wp\/v2\/comments?post=279566"}],"wp:featuredmedia":[{"embeddable":true,"href":"https:\/\/www.sanier.pl\/sk\/wp-json\/wp\/v2\/media\/271662"}],"wp:attachment":[{"href":"https:\/\/www.sanier.pl\/sk\/wp-json\/wp\/v2\/media?parent=279566"}],"wp:term":[{"taxonomy":"product_brand","embeddable":true,"href":"https:\/\/www.sanier.pl\/sk\/wp-json\/wp\/v2\/product_brand?post=279566"},{"taxonomy":"product_cat","embeddable":true,"href":"https:\/\/www.sanier.pl\/sk\/wp-json\/wp\/v2\/product_cat?post=279566"},{"taxonomy":"product_tag","embeddable":true,"href":"https:\/\/www.sanier.pl\/sk\/wp-json\/wp\/v2\/product_tag?post=279566"}],"curies":[{"name":"wp","href":"https:\/\/api.w.org\/{rel}","templated":true}]}}