{"id":279560,"date":"2022-10-13T11:34:45","date_gmt":"2022-10-13T11:34:45","guid":{"rendered":"https:\/\/www.sanier.pl\/produkt\/walek-koszykowy-killer-25cm\/"},"modified":"2025-03-21T09:18:11","modified_gmt":"2025-03-21T09:18:11","slug":"walek-koszykowy-killer-25cm","status":"publish","type":"product","link":"https:\/\/www.sanier.pl\/sk\/produkt\/walek-koszykowy-killer-25cm\/","title":{"rendered":"Ko\u0161\u00edkov\u00fd v\u00e1le\u010dek KILLER 25 cm"},"content":{"rendered":"<p>[vc_row][vc_column][vc_single_image image=\"259480\" img_size=\"large\" alignment=\"center\"][vc_column_text]<\/p>\n<h3><\/h3>\n<h2><\/h2>\n<h2 data-start=\"0\" data-end=\"33\"><strong data-start=\"0\" data-end=\"33\">Ko\u0161\u00edkov\u00fd v\u00e1le\u010dek KILLER 25 cm<\/strong><\/h2>\n<p data-start=\"35\" data-end=\"499\">Ko\u0161\u00edkov\u00fd v\u00e1le\u010dek KILLER 25 cm s\u00e9rie 330 je mal\u00ed\u0159sk\u00fd v\u00e1le\u010dek vyroben\u00fd z <strong data-start=\"106\" data-end=\"126\">MICROFIBER BLEND<\/strong>, d\u00edky \u010demu\u017e l\u00e9pe absorbuje a vrac\u00ed barvu, ani\u017e by zanech\u00e1val vl\u00e1kna. Snadno se pou\u017e\u00edv\u00e1 d\u00edky vnit\u0159n\u00edmu upev\u0148ovac\u00edmu syst\u00e9mu. Produkt je ur\u010den pro opakovan\u00e9 pou\u017eit\u00ed. Siln\u00e1 polypropylenov\u00e1 trubka odoln\u00e1 v\u016f\u010di rozpou\u0161t\u011bdl\u016fm zaru\u010duje dlouhou \u017eivotnost. I po opakovan\u00e9m pou\u017eit\u00ed si udr\u017euje p\u016fvodn\u00ed jemnost. Sklony na boc\u00edch v\u00e1le\u010dku eliminuj\u00ed probl\u00e9m s akumulac\u00ed barvy na okraj\u00edch.<\/p>\n<h4 data-start=\"501\" data-end=\"544\">V\u00fdhody mal\u00ed\u0159sk\u00e9ho v\u00e1le\u010dku KILLER 25 cm:<\/h4>\n<ul data-start=\"545\" data-end=\"916\">\n<li data-start=\"545\" data-end=\"564\">Inovativn\u00ed povrch<\/li>\n<li data-start=\"565\" data-end=\"592\">Ne\u0161m\u00fdk\u00e1 se b\u011bhem malov\u00e1n\u00ed<\/li>\n<li data-start=\"593\" data-end=\"613\">Nezanech\u00e1v\u00e1 vl\u00e1kna<\/li>\n<li data-start=\"614\" data-end=\"653\">Vy\u0161\u0161\u00ed nas\u00e1kavost a lep\u0161\u00ed p\u0159enos barvy<\/li>\n<li data-start=\"654\" data-end=\"701\">Nepot\u0159ebuje slo\u017eit\u00fd syst\u00e9m vnit\u0159n\u00edho upevn\u011bn\u00ed<\/li>\n<li data-start=\"702\" data-end=\"742\">Vysoce technologick\u00fd inovativn\u00ed povrch<\/li>\n<li data-start=\"743\" data-end=\"799\">Siln\u00e1 polypropylenov\u00e1 trubka odoln\u00e1 v\u016f\u010di rozpou\u0161t\u011bdl\u016fm<\/li>\n<li data-start=\"800\" data-end=\"853\">P\u0159i opakovan\u00e9m pou\u017eit\u00ed si zachov\u00e1v\u00e1 p\u016fvodn\u00ed jemnost<\/li>\n<li data-start=\"854\" data-end=\"916\">Sklony na boc\u00edch v\u00e1le\u010dku eliminuj\u00ed akumulaci barvy na okraji<\/li>\n<\/ul>\n<h4 data-start=\"918\" data-end=\"962\">Pou\u017eit\u00ed mal\u00ed\u0159sk\u00e9ho v\u00e1le\u010dku KILLER 25 cm:<\/h4>\n<ul data-start=\"963\" data-end=\"1059\">\n<li data-start=\"963\" data-end=\"1033\">Pro v\u0161echny druhy barev: akrylov\u00e9, latexov\u00e9, olejov\u00e9, matn\u00e9 i leskl\u00e9<\/li>\n<li data-start=\"1034\" data-end=\"1059\">Vhodn\u00e9 pro v\u011bt\u0161\u00ed plochy<\/li>\n<\/ul>\n<h4 data-start=\"1061\" data-end=\"1106\">Pou\u017eit\u00ed KILLER 25 cm, d\u00e9lka vl\u00e1kna: 9 mm:<\/h4>\n<ul data-start=\"1107\" data-end=\"1157\">\n<li data-start=\"1107\" data-end=\"1123\">Plochy: hladk\u00e9<\/li>\n<li data-start=\"1124\" data-end=\"1157\">V\u00fdsledek malov\u00e1n\u00ed: extra hladk\u00fd<\/li>\n<\/ul>\n<h4 data-start=\"1159\" data-end=\"1205\">Pou\u017eit\u00ed KILLER 25 cm, d\u00e9lka vl\u00e1kna: 13 mm:<\/h4>\n<ul data-start=\"1206\" data-end=\"1267\" data-is-last-node=\"\" data-is-only-node=\"\">\n<li data-start=\"1206\" data-end=\"1239\">Plochy: polohladk\u00e9, m\u00edrn\u011b drsn\u00e9<\/li>\n<li data-start=\"1240\" data-end=\"1267\" data-is-last-node=\"\">V\u00fdsledek malov\u00e1n\u00ed: hladk\u00fd<\/li>\n<\/ul>\n<p>&nbsp;<\/p>\n<p>[\/vc_column_text][\/vc_column][\/vc_row]<\/p>\n","protected":false},"excerpt":{"rendered":"<p><strong>Ko\u0161\u00edkov\u00fd v\u00e1le\u010dek KILLER 25 cm<\/strong> je vysoce kvalitn\u00ed n\u00e1stroj vyroben\u00fd z inovativn\u00edho materi\u00e1lu <strong data-start=\"91\" data-end=\"111\">MICROFIBER BLEND<\/strong>, kter\u00fd zaji\u0161\u0165uje vynikaj\u00edc\u00ed nas\u00e1kavost, rovnom\u011brn\u00e9 rozd\u011blov\u00e1n\u00ed barvy a nezanech\u00e1v\u00e1 vl\u00e1kna. Je vybaven silnou polypropylenovou trubkou odolnou v\u016f\u010di rozpou\u0161t\u011bdl\u016fm a sklony, kter\u00e9 eliminuj\u00ed akumulaci barvy na okraj\u00edch. Ide\u00e1ln\u00ed pro hladk\u00e9 a polohladk\u00e9 povrchy, zaji\u0161\u0165uje profesion\u00e1ln\u00ed fini\u0161 s efektem hladkosti nebo extra hladkosti. I p\u0159i opakovan\u00e9m pou\u017eit\u00ed si zachov\u00e1v\u00e1 jemnost a je vhodn\u00fd pro v\u0161echny druhy barev.<\/p>\n","protected":false},"featured_media":271677,"comment_status":"open","ping_status":"closed","template":"","meta":{"_acf_changed":false},"product_brand":[],"product_cat":[1051,1052,1057,884],"product_tag":[1090,1093,1091],"class_list":{"0":"post-279560","1":"product","2":"type-product","3":"status-publish","4":"has-post-thumbnail","6":"product_cat-blue-dolphin-sk","7":"product_cat-materialy-uzupelniajace-akcesoria-materialy-wykonczeniowe-sk","8":"product_cat-materialy-uzupelniajace-akcesoria-ochrona-i-naprawa-betonu-sk","9":"product_cat-materialy-wykonczeniowe-sk","10":"product_tag-bluedolphin-sk","11":"product_tag-killer-sk","12":"product_tag-walek-sk","13":"product_shipping_class-latwa-wysylka-sk","15":"first","16":"instock","17":"taxable","18":"shipping-taxable","19":"purchasable","20":"product-type-variable"},"acf":[],"_links":{"self":[{"href":"https:\/\/www.sanier.pl\/sk\/wp-json\/wp\/v2\/product\/279560","targetHints":{"allow":["GET"]}}],"collection":[{"href":"https:\/\/www.sanier.pl\/sk\/wp-json\/wp\/v2\/product"}],"about":[{"href":"https:\/\/www.sanier.pl\/sk\/wp-json\/wp\/v2\/types\/product"}],"replies":[{"embeddable":true,"href":"https:\/\/www.sanier.pl\/sk\/wp-json\/wp\/v2\/comments?post=279560"}],"wp:featuredmedia":[{"embeddable":true,"href":"https:\/\/www.sanier.pl\/sk\/wp-json\/wp\/v2\/media\/271677"}],"wp:attachment":[{"href":"https:\/\/www.sanier.pl\/sk\/wp-json\/wp\/v2\/media?parent=279560"}],"wp:term":[{"taxonomy":"product_brand","embeddable":true,"href":"https:\/\/www.sanier.pl\/sk\/wp-json\/wp\/v2\/product_brand?post=279560"},{"taxonomy":"product_cat","embeddable":true,"href":"https:\/\/www.sanier.pl\/sk\/wp-json\/wp\/v2\/product_cat?post=279560"},{"taxonomy":"product_tag","embeddable":true,"href":"https:\/\/www.sanier.pl\/sk\/wp-json\/wp\/v2\/product_tag?post=279560"}],"curies":[{"name":"wp","href":"https:\/\/api.w.org\/{rel}","templated":true}]}}