{"id":279556,"date":"2022-10-13T12:16:13","date_gmt":"2022-10-13T12:16:13","guid":{"rendered":"https:\/\/www.sanier.pl\/produkt\/walek-fasadowy-koszykowy-atlantic-25cm\/"},"modified":"2025-03-21T09:13:55","modified_gmt":"2025-03-21T09:13:55","slug":"walek-fasadowy-koszykowy-atlantic-25cm","status":"publish","type":"product","link":"https:\/\/www.sanier.pl\/sk\/produkt\/walek-fasadowy-koszykowy-atlantic-25cm\/","title":{"rendered":"Fas\u00e1dov\u00fd v\u00e1le\u010dek ko\u0161\u00edkov\u00fd ATLANTIC 25 cm"},"content":{"rendered":"<p>[vc_row][vc_column][vc_single_image image=\"259480\" img_size=\"large\" alignment=\"center\"][vc_column_text]<\/p>\n<h3><\/h3>\n<h2><\/h2>\n<p>&nbsp;<\/p>\n<h1 data-start=\"0\" data-end=\"44\"><strong data-start=\"0\" data-end=\"44\">Fas\u00e1dov\u00fd v\u00e1le\u010dek ko\u0161\u00edkov\u00fd ATLANTIC 25 cm<\/strong><\/h1>\n<p data-start=\"46\" data-end=\"594\"><strong>Fas\u00e1dov\u00fd v\u00e1le\u010dek ko\u0161\u00edkov\u00fd ATLANTIC 25 cm<\/strong> <strong data-start=\"87\" data-end=\"103\">Blue Dolphin<\/strong> je produkt vyroben\u00fd z odoln\u00e9ho proti opot\u0159eben\u00ed materi\u00e1lu <strong data-start=\"162\" data-end=\"190\">POLYAMIDE ORIGINAL BLEND<\/strong>, d\u00edky \u010demu\u017e l\u00e9pe absorbuje a uvol\u0148uje barvu, p\u0159i\u010dem\u017e nezanech\u00e1v\u00e1 chlupy. V\u00e1lec m\u00e1 snadno pou\u017eiteln\u00fd syst\u00e9m vnit\u0159n\u00edho upevn\u011bn\u00ed. Produkt je ur\u010den pro opakovan\u00e9 pou\u017eit\u00ed. Syst\u00e9m vnit\u0159n\u00edho upevn\u011bn\u00ed je jednoduch\u00fd, s pevnou polypropylenovou tubou odolnou v\u016f\u010di rozpou\u0161t\u011bdl\u016fm. I p\u0159i opakovan\u00e9m pou\u017eit\u00ed si zachov\u00e1v\u00e1 svou p\u016fvodn\u00ed nad\u00fdchanost. \u00dahly na stran\u00e1ch v\u00e1lce eliminuj\u00ed probl\u00e9m nahromad\u011bn\u00ed barvy na okraj\u00edch.<\/p>\n<h4 data-start=\"596\" data-end=\"607\">V\u00fdhody:<\/h4>\n<ul data-start=\"609\" data-end=\"1008\">\n<li data-start=\"609\" data-end=\"656\">Inovativn\u00ed potah <strong data-start=\"628\" data-end=\"656\">POLYAMIDE ORIGINAL BLEND<\/strong><\/li>\n<li data-start=\"657\" data-end=\"682\">Nezklouzne p\u0159i malov\u00e1n\u00ed<\/li>\n<li data-start=\"683\" data-end=\"703\">Nezanech\u00e1v\u00e1 chlupy<\/li>\n<li data-start=\"704\" data-end=\"747\">V\u011bt\u0161\u00ed nas\u00e1kavost a lep\u0161\u00ed uvol\u0148ov\u00e1n\u00ed barvy<\/li>\n<li data-start=\"748\" data-end=\"794\">Neobsahuje slo\u017eit\u00fd syst\u00e9m vnit\u0159n\u00edho upevn\u011bn\u00ed<\/li>\n<li data-start=\"795\" data-end=\"835\">Vysoce technologick\u00fd, inovativn\u00ed potah<\/li>\n<li data-start=\"836\" data-end=\"890\">Pevn\u00e1 polypropylenov\u00e1 tuba odoln\u00e1 v\u016f\u010di rozpou\u0161t\u011bdl\u016fm<\/li>\n<li data-start=\"891\" data-end=\"945\">P\u0159i opakovan\u00e9m pou\u017eit\u00ed zachov\u00e1v\u00e1 p\u016fvodn\u00ed nad\u00fdchanost<\/li>\n<li data-start=\"946\" data-end=\"1008\">\u00dahly na stran\u00e1ch v\u00e1lce eliminuj\u00ed nahromad\u011bn\u00ed barvy na okraji<\/li>\n<\/ul>\n<h4 data-start=\"1010\" data-end=\"1044\">Pou\u017eit\u00ed v\u00e1le\u010dku ATLANTIC 25 cm<\/h4>\n<ul data-start=\"1046\" data-end=\"1141\">\n<li data-start=\"1046\" data-end=\"1122\">Pro v\u0161echny typy barev: akrylov\u00e9, latexov\u00e9, olejov\u00e9, matn\u00e9 i leskl\u00e9 efekty<\/li>\n<li data-start=\"1123\" data-end=\"1141\">Pro v\u011bt\u0161\u00ed plochy<\/li>\n<\/ul>\n<h4 data-start=\"1143\" data-end=\"1191\">Pou\u017eit\u00ed ATLANTIC 25 cm, d\u00e9lka vl\u00e1ken: 12 mm:<\/h4>\n<ul data-start=\"1193\" data-end=\"1261\">\n<li data-start=\"1193\" data-end=\"1226\">Plochy: polohladk\u00e9, m\u00edrn\u011b drsn\u00e9<\/li>\n<li data-start=\"1227\" data-end=\"1261\">Efekt malov\u00e1n\u00ed: pomeran\u010dov\u00e1 k\u016fra<\/li>\n<\/ul>\n<h4 data-start=\"1263\" data-end=\"1311\">Pou\u017eit\u00ed ATLANTIC 25 cm, d\u00e9lka vl\u00e1ken: 18 mm:<\/h4>\n<ul data-start=\"1313\" data-end=\"1354\" data-is-last-node=\"\" data-is-only-node=\"\">\n<li data-start=\"1313\" data-end=\"1328\">Plochy: drsn\u00e9<\/li>\n<li data-start=\"1329\" data-end=\"1354\" data-is-last-node=\"\">Efekt malov\u00e1n\u00ed: ber\u00e1nek<\/li>\n<\/ul>\n<p>&nbsp;<\/p>\n<p>[\/vc_column_text][\/vc_column][\/vc_row]<\/p>\n","protected":false},"excerpt":{"rendered":"<p><strong data-start=\"0\" data-end=\"44\" data-is-only-node=\"\">Fas\u00e1dov\u00fd v\u00e1le\u010dek ko\u0161\u00edkov\u00fd ATLANTIC 25 cm<\/strong> je mal\u00ed\u0159sk\u00fd v\u00e1le\u010dek vyroben\u00fd z inovativn\u00edho materi\u00e1lu <strong data-start=\"99\" data-end=\"127\">POLYAMIDE ORIGINAL BLEND<\/strong>.<\/p>\n","protected":false},"featured_media":271700,"comment_status":"open","ping_status":"closed","template":"","meta":{"_acf_changed":false},"product_brand":[],"product_cat":[1051,1052,1057,884],"product_tag":[1092,1090,1091],"class_list":{"0":"post-279556","1":"product","2":"type-product","3":"status-publish","4":"has-post-thumbnail","6":"product_cat-blue-dolphin-sk","7":"product_cat-materialy-uzupelniajace-akcesoria-materialy-wykonczeniowe-sk","8":"product_cat-materialy-uzupelniajace-akcesoria-ochrona-i-naprawa-betonu-sk","9":"product_cat-materialy-wykonczeniowe-sk","10":"product_tag-atlantic-sk","11":"product_tag-bluedolphin-sk","12":"product_tag-walek-sk","13":"product_shipping_class-latwa-wysylka-sk","15":"first","16":"instock","17":"taxable","18":"shipping-taxable","19":"purchasable","20":"product-type-variable"},"acf":[],"_links":{"self":[{"href":"https:\/\/www.sanier.pl\/sk\/wp-json\/wp\/v2\/product\/279556","targetHints":{"allow":["GET"]}}],"collection":[{"href":"https:\/\/www.sanier.pl\/sk\/wp-json\/wp\/v2\/product"}],"about":[{"href":"https:\/\/www.sanier.pl\/sk\/wp-json\/wp\/v2\/types\/product"}],"replies":[{"embeddable":true,"href":"https:\/\/www.sanier.pl\/sk\/wp-json\/wp\/v2\/comments?post=279556"}],"wp:featuredmedia":[{"embeddable":true,"href":"https:\/\/www.sanier.pl\/sk\/wp-json\/wp\/v2\/media\/271700"}],"wp:attachment":[{"href":"https:\/\/www.sanier.pl\/sk\/wp-json\/wp\/v2\/media?parent=279556"}],"wp:term":[{"taxonomy":"product_brand","embeddable":true,"href":"https:\/\/www.sanier.pl\/sk\/wp-json\/wp\/v2\/product_brand?post=279556"},{"taxonomy":"product_cat","embeddable":true,"href":"https:\/\/www.sanier.pl\/sk\/wp-json\/wp\/v2\/product_cat?post=279556"},{"taxonomy":"product_tag","embeddable":true,"href":"https:\/\/www.sanier.pl\/sk\/wp-json\/wp\/v2\/product_tag?post=279556"}],"curies":[{"name":"wp","href":"https:\/\/api.w.org\/{rel}","templated":true}]}}