{"id":279554,"date":"2022-10-13T13:10:25","date_gmt":"2022-10-13T13:10:25","guid":{"rendered":"https:\/\/www.sanier.pl\/produkt\/walek-malarski-acrylic-jumbo-mini-10cm-dl-wl-6mm\/"},"modified":"2025-03-21T09:07:16","modified_gmt":"2025-03-21T09:07:16","slug":"walek-malarski-acrylic-jumbo-mini-10cm-dl-wl-6mm","status":"publish","type":"product","link":"https:\/\/www.sanier.pl\/sk\/produkt\/walek-malarski-acrylic-jumbo-mini-10cm-dl-wl-6mm\/","title":{"rendered":"Mal\u00ed\u0159sk\u00fd v\u00e1le\u010dek ACRYLIC Jumbo Mini 10 cm"},"content":{"rendered":"<p>[vc_column][vc_single_image image=\"259480\" img_size=\"large\" alignment=\"center\"][\/vc_column][vc_row][vc_column][vc_column_text]<\/p>\n<p>&nbsp;<\/p>\n<h2 data-start=\"0\" data-end=\"45\"><strong data-start=\"0\" data-end=\"45\">Mal\u00ed\u0159sk\u00fd v\u00e1le\u010dek ACRYLIC Jumbo Mini 10 cm<\/strong><\/h2>\n<p data-start=\"47\" data-end=\"286\">Mal\u00ed\u0159sk\u00fd v\u00e1le\u010dek vyroben\u00fd z materi\u00e1lu ACRYLIC. Produkt je ur\u010den pro malov\u00e1n\u00ed hladk\u00fdch povrch\u016f, jako je plast, kov, hlin\u00edk. Snadn\u00fd syst\u00e9m vnit\u0159n\u00edho upevn\u011bn\u00ed. Ur\u010deno pro opakovan\u00e9 pou\u017eit\u00ed. I po uplynut\u00ed \u010dasu si zachov\u00e1v\u00e1 p\u016fvodn\u00ed nad\u00fdchanost.<\/p>\n<h4 data-start=\"288\" data-end=\"343\"><strong data-start=\"288\" data-end=\"343\">V\u00fdhody mal\u00ed\u0159sk\u00e9ho v\u00e1le\u010dku ACRYLIC Jumbo Mini 10 cm:<\/strong><\/h4>\n<ul data-start=\"345\" data-end=\"637\">\n<li data-start=\"345\" data-end=\"375\">Inovativn\u00ed materi\u00e1l: ACRYLIC<\/li>\n<li data-start=\"376\" data-end=\"399\">Neklou\u017ee p\u0159i malov\u00e1n\u00ed<\/li>\n<li data-start=\"400\" data-end=\"418\">Nenech\u00e1v\u00e1 chlupy<\/li>\n<li data-start=\"419\" data-end=\"466\">Vysok\u00e1 nas\u00e1kavost a rovnom\u011brn\u00e9 nan\u00e1\u0161en\u00ed barvy<\/li>\n<li data-start=\"467\" data-end=\"501\">Snadn\u00fd syst\u00e9m vnit\u0159n\u00edho upevn\u011bn\u00ed<\/li>\n<li data-start=\"502\" data-end=\"558\">Polypropylenov\u00e1 siln\u00e1 trubka odoln\u00e1 v\u016f\u010di rozpou\u0161t\u011bdl\u016fm<\/li>\n<li data-start=\"559\" data-end=\"582\">Pro opakovan\u00e9 pou\u017eit\u00ed<\/li>\n<li data-start=\"583\" data-end=\"637\">Vl\u00e1kna i p\u0159i pou\u017eit\u00ed zachov\u00e1vaj\u00ed p\u016fvodn\u00ed nad\u00fdchanost<\/li>\n<\/ul>\n<h4 data-start=\"639\" data-end=\"651\"><strong data-start=\"639\" data-end=\"651\">Pou\u017eit\u00ed:<\/strong><\/h4>\n<ul data-start=\"653\" data-end=\"844\" data-is-last-node=\"\" data-is-only-node=\"\">\n<li data-start=\"653\" data-end=\"726\">Ide\u00e1ln\u00ed pro malov\u00e1n\u00ed super hladk\u00fdch povrch\u016f, jako je plast, kov, hlin\u00edk<\/li>\n<li data-start=\"727\" data-end=\"844\" data-is-last-node=\"\">Pro v\u0161echny druhy barev: akrylov\u00e9, latexov\u00e9, olejov\u00e9, jak s matn\u00fdm, tak leskl\u00fdm efektem<\/li>\n<\/ul>\n<h4><strong data-start=\"819\" data-end=\"831\">Povrchy:<\/strong><\/h4>\n<p>super hladk\u00e9<\/p>\n<p><strong>\u00a0<\/strong><\/p>\n<p>&nbsp;<\/p>\n<p>[\/vc_column_text][\/vc_column][\/vc_row]<\/p>\n","protected":false},"excerpt":{"rendered":"<p><strong data-start=\"0\" data-end=\"62\" data-is-only-node=\"\">Blue Dolphin Mal\u00ed\u0159sk\u00fd v\u00e1le\u010dek ACRYLIC Jumbo Mini S\u00e9rie 330<\/strong> je mal\u00ed\u0159sk\u00fd v\u00e1le\u010dek vyroben\u00fd z inovativn\u00edho materi\u00e1lu ACRYLIC, kter\u00fd je ur\u010den pro malov\u00e1n\u00ed super hladk\u00fdch povrch\u016f.<\/p>\n","protected":false},"featured_media":271728,"comment_status":"open","ping_status":"closed","template":"","meta":{"_acf_changed":false},"product_brand":[],"product_cat":[1051,1052,1057,884],"product_tag":[1090,1091],"class_list":{"0":"post-279554","1":"product","2":"type-product","3":"status-publish","4":"has-post-thumbnail","6":"product_cat-blue-dolphin-sk","7":"product_cat-materialy-uzupelniajace-akcesoria-materialy-wykonczeniowe-sk","8":"product_cat-materialy-uzupelniajace-akcesoria-ochrona-i-naprawa-betonu-sk","9":"product_cat-materialy-wykonczeniowe-sk","10":"product_tag-bluedolphin-sk","11":"product_tag-walek-sk","12":"product_shipping_class-latwa-wysylka-sk","14":"first","15":"instock","16":"taxable","17":"shipping-taxable","18":"purchasable","19":"product-type-simple"},"acf":[],"_links":{"self":[{"href":"https:\/\/www.sanier.pl\/sk\/wp-json\/wp\/v2\/product\/279554","targetHints":{"allow":["GET"]}}],"collection":[{"href":"https:\/\/www.sanier.pl\/sk\/wp-json\/wp\/v2\/product"}],"about":[{"href":"https:\/\/www.sanier.pl\/sk\/wp-json\/wp\/v2\/types\/product"}],"replies":[{"embeddable":true,"href":"https:\/\/www.sanier.pl\/sk\/wp-json\/wp\/v2\/comments?post=279554"}],"wp:featuredmedia":[{"embeddable":true,"href":"https:\/\/www.sanier.pl\/sk\/wp-json\/wp\/v2\/media\/271728"}],"wp:attachment":[{"href":"https:\/\/www.sanier.pl\/sk\/wp-json\/wp\/v2\/media?parent=279554"}],"wp:term":[{"taxonomy":"product_brand","embeddable":true,"href":"https:\/\/www.sanier.pl\/sk\/wp-json\/wp\/v2\/product_brand?post=279554"},{"taxonomy":"product_cat","embeddable":true,"href":"https:\/\/www.sanier.pl\/sk\/wp-json\/wp\/v2\/product_cat?post=279554"},{"taxonomy":"product_tag","embeddable":true,"href":"https:\/\/www.sanier.pl\/sk\/wp-json\/wp\/v2\/product_tag?post=279554"}],"curies":[{"name":"wp","href":"https:\/\/api.w.org\/{rel}","templated":true}]}}