{"id":279552,"date":"2022-11-25T12:45:49","date_gmt":"2022-11-25T12:45:49","guid":{"rendered":"https:\/\/www.sanier.pl\/produkt\/h505-sealnbond-bezbarwny-klej-i-uszczelniacz\/"},"modified":"2025-03-21T09:00:38","modified_gmt":"2025-03-21T09:00:38","slug":"h505-sealnbond-bezbarwny-klej-i-uszczelniacz","status":"publish","type":"product","link":"https:\/\/www.sanier.pl\/sk\/produkt\/h505-sealnbond-bezbarwny-klej-i-uszczelniacz\/","title":{"rendered":"H505 Seal\u2019N\u2019Bond"},"content":{"rendered":"<p>[vc_row][vc_column][vc_column_text]<\/p>\n<h2>BOSTIK H505 Seal\u2019N\u2019Bond<\/h2>\n<p>[\/vc_column_text][vc_column_text]<\/p>\n<section id=\"idTab1\" class=\"page-product-box\">\n<h2 class=\"rte\"><\/h2>\n<\/section>\n<h2><\/h2>\n<h4><span class=\"HwtZe\" lang=\"sk\"><span class=\"jCAhz ChMk0b\"><span class=\"ryNqvb\">Bezfarebn\u00e9 lepidlo a tmel<\/span><\/span><\/span><\/h4>\n<p>&nbsp;<\/p>\n<p data-start=\"73\" data-end=\"358\">Bostik H505 SEAL\u2019N\u2019BOND CRYSTAL je univerz\u00e1lny jednokomponentn\u00fd tmel\/lepidlo na v\u0161eobecn\u00e9 stavebn\u00e9 pou\u017eitie. Produkt je bezfarebn\u00fd a trvalo elastick\u00fd. Je ur\u010den\u00fd na pou\u017eitie vn\u00fatri aj vonku budov. H505 sa m\u00f4\u017ee pou\u017e\u00edva\u0165 na priamy kontakt s potravinami, ako aj na tesnenie fas\u00e1dnych \u0161k\u00e1r.<\/p>\n<h4 data-start=\"360\" data-end=\"379\"><strong data-start=\"360\" data-end=\"379\">Vlastnosti H505<\/strong><\/h4>\n<ul data-start=\"381\" data-end=\"1291\">\n<li data-start=\"381\" data-end=\"393\">Bezfarebn\u00fd<\/li>\n<li data-start=\"394\" data-end=\"422\">Univerz\u00e1lny tmel a lepidlo<\/li>\n<li data-start=\"423\" data-end=\"504\">Vysok\u00e1 odolnos\u0165 proti UV \u017eiareniu a starnutiu vplyvom poveternostn\u00fdch podmienok<\/li>\n<li data-start=\"505\" data-end=\"552\">Trvalo elastick\u00fd (schopnos\u0165 deform\u00e1cie \u00b1 20%)<\/li>\n<li data-start=\"553\" data-end=\"605\">Neutr\u00e1lny syst\u00e9m vytvrdzovania (nepr\u00edjemn\u00fd z\u00e1pach)<\/li>\n<li data-start=\"606\" data-end=\"634\">Vysok\u00e1 mechanick\u00e1 odolnos\u0165<\/li>\n<li data-start=\"635\" data-end=\"670\">Nezafarb\u00ed sa (zhoda s ASTM C1248)<\/li>\n<li data-start=\"671\" data-end=\"718\">Jednoduch\u00e1 aplik\u00e1cia, spracovanie a uhladenie<\/li>\n<li data-start=\"719\" data-end=\"765\">Minim\u00e1lny smr\u0161\u0165 (nevytv\u00e1ra \u0161kodliv\u00e9 nap\u00e4tia)<\/li>\n<li data-start=\"766\" data-end=\"959\">Ve\u013emi dobr\u00e1 pri\u013enavos\u0165 k v\u00e4\u010d\u0161ine stavebn\u00fdch materi\u00e1lov, bez z\u00e1kladovania, vr\u00e1tane such\u00fdch a vlhk\u00fdch povrchov, hladk\u00fdch a por\u00e9znych, nasiakav\u00fdch a nenasiakav\u00fdch, vertik\u00e1lnych aj horizont\u00e1lnych<\/li>\n<li data-start=\"960\" data-end=\"992\">Nekor\u00f3zny pri kontakte s kovmi<\/li>\n<li data-start=\"993\" data-end=\"1012\">N\u00edzka nasiakavos\u0165<\/li>\n<li data-start=\"1013\" data-end=\"1077\">Neobsahuje: c\u00edn, ftal\u00e1ty, rozp\u00fa\u0161\u0165adl\u00e1, silik\u00f3ny ani izokyan\u00e1ty<\/li>\n<li data-start=\"1078\" data-end=\"1117\">N\u00edzkoemisn\u00fd (EMICODE trieda EC1 Plus)<\/li>\n<li data-start=\"1118\" data-end=\"1248\">Sp\u013a\u0148a \u0161pecifik\u00e1cie BREEM t\u00fdkaj\u00face sa kvality vn\u00fatorn\u00e9ho vzduchu, pokia\u013e ide o povolen\u00e9 \u00farovne emisie prchav\u00fdch organick\u00fdch l\u00e1tok<\/li>\n<li data-start=\"1249\" data-end=\"1291\">Certifik\u00e1t ISEGA (kontakt s potravinami)<\/li>\n<\/ul>\n<h4 data-start=\"1293\" data-end=\"1310\"><strong data-start=\"1293\" data-end=\"1310\">Pou\u017eitie H505<\/strong><\/h4>\n<ul data-start=\"1312\" data-end=\"1860\">\n<li data-start=\"1312\" data-end=\"1394\">Tesnenie a lepenie \u0161irok\u00e9ho spektra stavebn\u00fdch materi\u00e1lov a dokon\u010dovac\u00edch prvkov<\/li>\n<li data-start=\"1395\" data-end=\"1554\">Lepenie r\u00f4znych dekorat\u00edvnych a dokon\u010dovac\u00edch prvkov (ozdobn\u00e9 li\u0161ty, maskovacie li\u0161ty, parapety, n\u00e1stenn\u00e9 dekor\u00e1cie, prahy, podstavce, n\u00e1stenn\u00e9 panely, \u0161tuk)<\/li>\n<li data-start=\"1555\" data-end=\"1589\">Fas\u00e1dne tesnenia, obvodov\u00e9 steny<\/li>\n<li data-start=\"1590\" data-end=\"1658\">Na spoje okno\/dvere-stena (dreven\u00e1, kovov\u00e1 a PVC stol\u00e1rska v\u00fdroba)<\/li>\n<li data-start=\"1659\" data-end=\"1737\">Tesnenie spoji dla\u017ed\u00edc (keramika, gres, terakota, sklenen\u00e1 mozaika, luxfery)<\/li>\n<li data-start=\"1738\" data-end=\"1793\">Pou\u017e\u00edva sa na tesnenie spojov v such\u00fdch kon\u0161trukci\u00e1ch<\/li>\n<li data-start=\"1794\" data-end=\"1860\">Na fas\u00e1dne \u0161k\u00e1ry, v s\u00falade s: (N-EN 15651-1 (F-EXT-INT-CC 20LM))<\/li>\n<\/ul>\n<p data-start=\"1862\" data-end=\"1881\" data-is-last-node=\"\" data-is-only-node=\"\"><a href=\"https:\/\/www.bostik.com\/files\/live\/sites\/shared_bostik\/files\/Documents%26Brochures%20(new)\/Global\/Product%20Portfolio%20-%20S%26B\/TDS\/BOSTIK-TDS-H505-SEAL&#039;N&#039;BOND-CRYSTAL.pdf\" target=\"_blank\" rel=\"noopener\"><strong data-start=\"1862\" data-end=\"1881\" data-is-last-node=\"\">Karta technick\u00e1<\/strong><\/a><\/p>\n<p>\u00a0[\/vc_column_text][\/vc_column][\/vc_row]<\/p>\n","protected":false},"excerpt":{"rendered":"<p>[vc_row][vc_column][vc_column_text] BOSTIK H505 Seal\u2019N\u2019Bond [\/vc_column_text][vc_column_text] Bezfarebn\u00e9 lepidlo a tmel &nbsp; Bostik H505 SEAL\u2019N\u2019BOND CRYSTAL je univerz\u00e1lny jednokomponentn\u00fd tmel\/lepidlo na v\u0161eobecn\u00e9 stavebn\u00e9 pou\u017eitie. Produkt je bezfarebn\u00fd a<span class=\"excerpt-hellip\"> [\u2026]<\/span><\/p>\n","protected":false},"featured_media":271810,"comment_status":"open","ping_status":"closed","template":"","meta":[],"product_brand":[],"product_cat":[878,876,1056,1055,913],"product_tag":[888,1089],"class_list":{"0":"post-279552","1":"product","2":"type-product","3":"status-publish","4":"has-post-thumbnail","6":"product_cat-bostik-sk","7":"product_cat-hydroizolacja-sk","8":"product_cat-materialy-uzupelniajace-akcesoria-ocieplenie-sk","9":"product_cat-materialy-uzupelniajace-akcesoria-renowacja-elewacji-sk","10":"product_cat-z-tworzyw-sztucznych-sk","11":"product_tag-bostik-sk","12":"product_tag-klej-sk","13":"product_shipping_class-latwa-wysylka-sk","15":"first","16":"outofstock","17":"sale","18":"taxable","19":"shipping-taxable","20":"purchasable","21":"product-type-simple"},"_links":{"self":[{"href":"https:\/\/www.sanier.pl\/sk\/wp-json\/wp\/v2\/product\/279552","targetHints":{"allow":["GET"]}}],"collection":[{"href":"https:\/\/www.sanier.pl\/sk\/wp-json\/wp\/v2\/product"}],"about":[{"href":"https:\/\/www.sanier.pl\/sk\/wp-json\/wp\/v2\/types\/product"}],"replies":[{"embeddable":true,"href":"https:\/\/www.sanier.pl\/sk\/wp-json\/wp\/v2\/comments?post=279552"}],"wp:featuredmedia":[{"embeddable":true,"href":"https:\/\/www.sanier.pl\/sk\/wp-json\/wp\/v2\/media\/271810"}],"wp:attachment":[{"href":"https:\/\/www.sanier.pl\/sk\/wp-json\/wp\/v2\/media?parent=279552"}],"wp:term":[{"taxonomy":"product_brand","embeddable":true,"href":"https:\/\/www.sanier.pl\/sk\/wp-json\/wp\/v2\/product_brand?post=279552"},{"taxonomy":"product_cat","embeddable":true,"href":"https:\/\/www.sanier.pl\/sk\/wp-json\/wp\/v2\/product_cat?post=279552"},{"taxonomy":"product_tag","embeddable":true,"href":"https:\/\/www.sanier.pl\/sk\/wp-json\/wp\/v2\/product_tag?post=279552"}],"curies":[{"name":"wp","href":"https:\/\/api.w.org\/{rel}","templated":true}]}}