{"id":279542,"date":"2020-11-25T13:32:50","date_gmt":"2020-11-25T13:32:50","guid":{"rendered":"https:\/\/www.sanier.pl\/produkt\/baumit-nivofix-25kg\/"},"modified":"2025-03-21T08:20:12","modified_gmt":"2025-03-21T08:20:12","slug":"baumit-nivofix-25kg","status":"publish","type":"product","link":"https:\/\/www.sanier.pl\/sk\/produkt\/baumit-nivofix-25kg\/","title":{"rendered":"BAUMIT NivoFix 25kg"},"content":{"rendered":"<p>[vc_row][vc_column][vc_column_text]<\/p>\n<h2><strong>BAUMIT NivoFix<\/strong><\/h2>\n<div class=\"flex max-w-full flex-col flex-grow\">\n<div class=\"min-h-8 text-message relative flex w-full flex-col items-end gap-2 whitespace-normal break-words text-start [.text-message+&amp;]:mt-5\" dir=\"auto\" data-message-author-role=\"assistant\" data-message-id=\"f5d3aca8-ef88-4257-bf01-e61f74ef2807\" data-message-model-slug=\"gpt-4o-mini\">\n<div class=\"flex w-full flex-col gap-1 empty:hidden first:pt-[3px]\">\n<h5 data-start=\"20\" data-end=\"62\"><strong data-start=\"20\" data-end=\"62\">lepidlo na polystyr\u00e9n a miner\u00e1lnu vlnu<\/strong><\/h5>\n<p data-start=\"64\" data-end=\"203\">Miner\u00e1lna lepiaca malta na b\u00e1ze cementu. Ur\u010den\u00e1 na lepenie polystyr\u00e9nov\u00fdch dosiek a dosiek z miner\u00e1lnej vlny v syst\u00e9moch zateplenia Baumit.<\/p>\n<ul data-start=\"205\" data-end=\"297\">\n<li data-start=\"205\" data-end=\"246\">vynikaj\u00faca spracovate\u013enos\u0165 a pri\u013enavos\u0165<\/li>\n<li data-start=\"247\" data-end=\"273\">pre zatep\u013eovacie syst\u00e9my<\/li>\n<li data-start=\"274\" data-end=\"297\">na miner\u00e1lne podklady<\/li>\n<\/ul>\n<p data-start=\"299\" data-end=\"731\">Navrhovan\u00e9 lepidlo na polystyr\u00e9n je such\u00e1 zmes na upevnenie tepeln\u00fdch izola\u010dn\u00fdch dosiek. Vyu\u017eite ho v syst\u00e9moch Baumit na dosiahnutie najlep\u0161\u00edch v\u00fdsledkov. Lepidlo je vhodn\u00e9 na pou\u017eitie s miner\u00e1lnou vlnou. NivoFix \u00fa\u010dinne prep\u00fa\u0161\u0165a vodn\u00fa paru, tak\u017ee vlhkos\u0165 nezhor\u0161\u00ed stav izol\u00e1cie. Malta na polystyr\u00e9n m\u00f4\u017ee by\u0165 pou\u017eit\u00e1 v interi\u00e9roch aj exteri\u00e9roch budov. Lepidlo Baumit je \u00fa\u010dinn\u00fd sp\u00f4sob vytvorenia trv\u00e1cnej a estetickej termoizol\u00e1cie.<\/p>\n<h4 data-start=\"733\" data-end=\"744\"><strong data-start=\"733\" data-end=\"744\">Ur\u010denie<\/strong><\/h4>\n<p data-start=\"746\" data-end=\"980\">Paropriepustn\u00e1 lepiaca malta pou\u017e\u00edvan\u00e1 v exteri\u00e9roch aj interi\u00e9roch. Na lepenie na podklad fas\u00e1dnych tepeln\u00fdch izola\u010dn\u00fdch dosiek z polystyr\u00e9nu EPS (aj grafitov\u00e9ho) a miner\u00e1lnej vlny. Nie je ur\u010den\u00e9 na stierkovanie a zafixovanie sie\u0165ky.<\/p>\n<h4 data-start=\"982\" data-end=\"1001\"><strong data-start=\"982\" data-end=\"1001\">Technick\u00e9 \u00fadaje<\/strong><\/h4>\n<ul data-start=\"1003\" data-end=\"1234\">\n<li data-start=\"1003\" data-end=\"1031\">Maxim\u00e1lna zrnitost: 2,0 mm<\/li>\n<li data-start=\"1032\" data-end=\"1076\">Koeficient tepelnej vodivosti \u03bb: 0,80 W\/mK<\/li>\n<li data-start=\"1077\" data-end=\"1124\">Koeficient dif\u00fazneho odporu vodnej pary \u00b5: 18<\/li>\n<li data-start=\"1125\" data-end=\"1157\">Spotreba vody: cca 6,5 l\/sacka<\/li>\n<li data-start=\"1158\" data-end=\"1198\">Sypn\u00e1 hustota suchej zmesi: 1500 kg\/m\u00b3<\/li>\n<li data-start=\"1199\" data-end=\"1234\">Spotreba materi\u00e1lu: cca 4-5 kg\/m\u00b2<\/li>\n<\/ul>\n<h4 data-start=\"1236\" data-end=\"1248\"><strong data-start=\"1236\" data-end=\"1248\">Pou\u017eitie<\/strong><\/h4>\n<p data-start=\"1250\" data-end=\"1707\">V syst\u00e9moch zateplenia Baumit. Povrch steny mus\u00ed by\u0165 rovn\u00fd (\u00b1 5 mm\/m). V\u00e4\u010d\u0161ie nerovnosti odstr\u00e1\u0148te v samostatnej oper\u00e1cii. Nerovnosti do 10 mm s pou\u017eit\u00edm lepidla. V\u00e4\u010d\u0161ie nerovnosti odstr\u00e1\u0148te vykonan\u00edm z\u00e1kladnej omietky. Nan\u00e1\u0161ajte na izola\u010dn\u00fa dosku vo forme kontinu\u00e1lneho hrbu na okrajoch a minim\u00e1lne 3 body na strede dosky. Pri rovnom podklade je mo\u017en\u00e9 nan\u00e1\u0161a\u0165 na cel\u00fa plochu zubovou tvarohou. Zais\u0165ovanie dosky je mo\u017en\u00e9 po minim\u00e1lne 24 hodin\u00e1ch od lepenia.<\/p>\n<h4 data-start=\"1709\" data-end=\"1720\"><strong data-start=\"1709\" data-end=\"1720\">Podklad<\/strong><\/h4>\n<p data-start=\"1722\" data-end=\"1827\">Podklad mus\u00ed by\u0165 such\u00fd, nezamrznut\u00fd, bez prachu, nehydrof\u00f3bny, bez v\u00fdkvantov, nosn\u00fd a bez vo\u013en\u00fdch \u010dast\u00edc.<\/p>\n<p data-start=\"1829\" data-end=\"1862\" data-is-last-node=\"\" data-is-only-node=\"\"><a href=\"https:\/\/baumit.pl\/files\/pl\/pdf_files\/pdbl_nivofix.pdf\" target=\"_blank\" rel=\"noopener\"><strong data-start=\"1829\" data-end=\"1862\" data-is-last-node=\"\">Technick\u00fd list Baumit NivoFix<\/strong><\/a><\/p>\n<\/div>\n<\/div>\n<\/div>\n<div class=\"mb-2 flex gap-3 -ml-2\" tabindex=\"0\">\n<div class=\"flex items-center justify-start rounded-xl p-1\">\n<div class=\"flex items-center\"><\/div>\n<\/div>\n<\/div>\n<p>[\/vc_column_text][\/vc_column][\/vc_row]<\/p>\n","protected":false},"excerpt":{"rendered":"<p><strong data-start=\"0\" data-end=\"18\" data-is-only-node=\"\">BAUMIT NivoFix<\/strong> je such\u00e1 zmes na lepenie tepeln\u00fdch izola\u010dn\u00fdch dosiek v syst\u00e9moch zateplenia Baumit zalo\u017een\u00fdch na polystyr\u00e9nov\u00fdch dosk\u00e1ch a miner\u00e1lnej vlne.<\/p>\n","protected":false},"featured_media":280770,"comment_status":"open","ping_status":"closed","template":"","meta":{"_acf_changed":false},"product_brand":[],"product_cat":[895,1087,1056,911],"product_tag":[897],"class_list":{"0":"post-279542","1":"product","2":"type-product","3":"status-publish","4":"has-post-thumbnail","6":"product_cat-baumit-sk","7":"product_cat-klej-do-styropianu-sk","8":"product_cat-materialy-uzupelniajace-akcesoria-ocieplenie-sk","9":"product_cat-promowane-sk","10":"product_tag-baumit-sk","11":"product_shipping_class-latwa-wysylka-sk","13":"first","14":"instock","15":"taxable","16":"shipping-taxable","17":"purchasable","18":"product-type-simple"},"acf":[],"_links":{"self":[{"href":"https:\/\/www.sanier.pl\/sk\/wp-json\/wp\/v2\/product\/279542","targetHints":{"allow":["GET"]}}],"collection":[{"href":"https:\/\/www.sanier.pl\/sk\/wp-json\/wp\/v2\/product"}],"about":[{"href":"https:\/\/www.sanier.pl\/sk\/wp-json\/wp\/v2\/types\/product"}],"replies":[{"embeddable":true,"href":"https:\/\/www.sanier.pl\/sk\/wp-json\/wp\/v2\/comments?post=279542"}],"wp:featuredmedia":[{"embeddable":true,"href":"https:\/\/www.sanier.pl\/sk\/wp-json\/wp\/v2\/media\/280770"}],"wp:attachment":[{"href":"https:\/\/www.sanier.pl\/sk\/wp-json\/wp\/v2\/media?parent=279542"}],"wp:term":[{"taxonomy":"product_brand","embeddable":true,"href":"https:\/\/www.sanier.pl\/sk\/wp-json\/wp\/v2\/product_brand?post=279542"},{"taxonomy":"product_cat","embeddable":true,"href":"https:\/\/www.sanier.pl\/sk\/wp-json\/wp\/v2\/product_cat?post=279542"},{"taxonomy":"product_tag","embeddable":true,"href":"https:\/\/www.sanier.pl\/sk\/wp-json\/wp\/v2\/product_tag?post=279542"}],"curies":[{"name":"wp","href":"https:\/\/api.w.org\/{rel}","templated":true}]}}