{"id":279539,"date":"2020-11-30T11:32:22","date_gmt":"2020-11-30T11:32:22","guid":{"rendered":"https:\/\/www.sanier.pl\/produkt\/baumit-procontact-25kg\/"},"modified":"2025-03-21T07:43:05","modified_gmt":"2025-03-21T07:43:05","slug":"baumit-procontact-25kg","status":"publish","type":"product","link":"https:\/\/www.sanier.pl\/sk\/produkt\/baumit-procontact-25kg\/","title":{"rendered":"Baumit ProContact 25kg"},"content":{"rendered":"<p>[vc_row][vc_column][vc_single_image image=\"3279\"][\/vc_column][\/vc_row][vc_row][vc_column][vc_column_text]<\/p>\n<h1 class=\"product\">Baumit ProContact<\/h1>\n<div class=\"row\" data-attribute-id=\"FIX_packaging_size_value_AND_bundle_unit\">\n<h5 data-start=\"23\" data-end=\"55\"><strong data-start=\"23\" data-end=\"55\">Lepidlo a stierkovacia malta<\/strong><\/h5>\n<p data-start=\"57\" data-end=\"310\">Miner\u00e1lna malta na b\u00e1ze cementu, syst\u00e9mov\u00e1 lepiaca a stierkovacia malta. Ur\u010den\u00e1 na lepenie, stierkovanie tepeln\u00fdch izola\u010dn\u00fdch dosiek z polystyr\u00e9nu a miner\u00e1lnej vlny a na zapustenie siete v armovacej vrstve zatep\u013eovac\u00edch syst\u00e9mov Baumit Pro a Pro Reno S.<\/p>\n<ul data-start=\"312\" data-end=\"380\">\n<li data-start=\"312\" data-end=\"339\">na lepenie a stierkovanie<\/li>\n<li data-start=\"340\" data-end=\"356\">vysok\u00e1 pevnos\u0165<\/li>\n<li data-start=\"357\" data-end=\"380\">vysoko paropriepustn\u00e1<\/li>\n<\/ul>\n<p data-start=\"382\" data-end=\"980\"><strong data-start=\"382\" data-end=\"399\">Staviate dom?<\/strong> Potom sa V\u00e1m bude hodi\u0165 v\u0161estrann\u00e1 lepiaca malta Baumit ProContact. V\u010faka ve\u013ekej pevnosti ju m\u00f4\u017eete pou\u017ei\u0165 na fas\u00e1dy. Je vysoko paropriepustn\u00e1, tak\u017ee sa nemus\u00edte ob\u00e1va\u0165 vlhkosti na sten\u00e1ch. Na\u0161a miner\u00e1lna malta je vhodn\u00e1 na lepenie dosiek z miner\u00e1lnej vlny a polystyr\u00e9nu. Rovnako efekt\u00edvne ju m\u00f4\u017eete pou\u017ei\u0165 na stierkovanie omietok a bet\u00f3nu, ako aj na vytvorenie armovacej vrstvy so sklennou mrie\u017ekou. Je to stierkovacia malta s vynikaj\u00facou pri\u013enavos\u0165ou, \u010do zabezpe\u010duje jednoduch\u00fa \u00fapravu a efekt\u00edvnu pr\u00e1cu. Baumit ProContact V\u00e1m uk\u00e1\u017ee, \u017ee renov\u00e1cia nie je tak\u00e1 stra\u0161n\u00e1, ako sa zd\u00e1.<\/p>\n<h4 data-start=\"982\" data-end=\"993\"><strong data-start=\"982\" data-end=\"993\">Produkt<\/strong><\/h4>\n<p data-start=\"995\" data-end=\"1083\">Hotov\u00e1 miner\u00e1lna malta na lepenie a stierkovanie dosiek z miner\u00e1lnej vlny a polystyr\u00e9nu.<\/p>\n<h4 data-start=\"1085\" data-end=\"1097\"><strong data-start=\"1085\" data-end=\"1097\">Zlo\u017eenie<\/strong><\/h4>\n<p data-start=\"1099\" data-end=\"1134\">Cement, piesok, zlep\u0161uj\u00face pr\u00edsady.<\/p>\n<h4 data-start=\"1136\" data-end=\"1150\"><strong data-start=\"1136\" data-end=\"1150\">Vlastnosti<\/strong><\/h4>\n<p data-start=\"1152\" data-end=\"1214\">Paropriepustn\u00e1 malta, s vysokou pri\u013enavos\u0165ou a \u013eahkou \u00fapravou.<\/p>\n<h4 data-start=\"1216\" data-end=\"1227\"><strong data-start=\"1216\" data-end=\"1227\">Ur\u010denie<\/strong><\/h4>\n<p data-start=\"1229\" data-end=\"1519\">Paropriepustn\u00e1 lepiaca malta na pou\u017eitie vn\u00fatri aj vonku budov. Na lepenie fas\u00e1dnych tepeln\u00fdch izola\u010dn\u00fdch dosiek z korku, miner\u00e1lnej vlny a polystyr\u00e9nu (vr\u00e1tane grafitov\u00e9ho), ako aj na armovacie vrstvy so sklennou mrie\u017ekou. Takisto ako stierkovacia vrstva na rovn\u00e9 povrchy omietok a bet\u00f3nu.<\/p>\n<h4 data-start=\"1521\" data-end=\"1540\"><strong data-start=\"1521\" data-end=\"1540\">Technick\u00e9 \u00fadaje<\/strong><\/h4>\n<ul data-start=\"1542\" data-end=\"1868\">\n<li data-start=\"1542\" data-end=\"1570\">Maxim\u00e1lna zrnitos\u0165: 0,8 mm<\/li>\n<li data-start=\"1571\" data-end=\"1602\">Tepeln\u00e1 vodivos\u0165 \u03bb: 0,80 W\/mK<\/li>\n<li data-start=\"1603\" data-end=\"1648\">Koeficient odporu dif\u00fazie vodnej pary \u00b5: 18<\/li>\n<li data-start=\"1649\" data-end=\"1681\">Sypn\u00e1 hmotnos\u0165: cca 1550 kg\/m\u00b3<\/li>\n<li data-start=\"1682\" data-end=\"1715\">Spotreba vody: cca 5,5 l\/ve\u0161iak<\/li>\n<li data-start=\"1716\" data-end=\"1800\">Spotreba materi\u00e1lu:\n<ul data-start=\"1740\" data-end=\"1800\">\n<li data-start=\"1740\" data-end=\"1766\">lepenie: cca 4 - 5 kg\/m\u00b2<\/li>\n<li data-start=\"1769\" data-end=\"1800\">stierkovanie: cca 4 - 5 kg\/m\u00b2<\/li>\n<\/ul>\n<\/li>\n<li data-start=\"1801\" data-end=\"1836\">Minim\u00e1lna hr\u00fabka vrstvy: 2 - 3 mm<\/li>\n<li data-start=\"1837\" data-end=\"1868\">Maxim\u00e1lna hr\u00fabka vrstvy: 5 mm<\/li>\n<\/ul>\n<h4 data-start=\"1870\" data-end=\"1881\"><strong data-start=\"1870\" data-end=\"1881\">Podklad<\/strong><\/h4>\n<p data-start=\"1883\" data-end=\"1969\">Podklad mus\u00ed by\u0165 such\u00fd, nezamrznut\u00fd, odpra\u0161nen\u00fd, sav\u00fd a bez v\u00fdkvetov a vo\u013en\u00fdch \u010dast\u00edc.<\/p>\n<p data-start=\"1971\" data-end=\"2007\" data-is-last-node=\"\" data-is-only-node=\"\"><a href=\"https:\/\/baumit.pl\/files\/pl\/pdf_files\/pdbl_procontact.pdf\" target=\"_blank\" rel=\"noopener\"><strong data-start=\"1971\" data-end=\"2007\" data-is-last-node=\"\">Technick\u00fd list Baumit ProContact<\/strong><\/a><\/p>\n<\/div>\n<p>[\/vc_column_text][\/vc_column][\/vc_row]<\/p>\n","protected":false},"excerpt":{"rendered":"<p>Hotov\u00e1 na pou\u017eitie miner\u00e1lna malta na lepenie a stierkovanie dosiek z miner\u00e1lnej vlny a polystyr\u00e9nov\u00fdch dosiek.<\/p>\n","protected":false},"featured_media":280765,"comment_status":"open","ping_status":"closed","template":"","meta":[],"product_brand":[],"product_cat":[895,1087,1056,911],"product_tag":[897],"class_list":{"0":"post-279539","1":"product","2":"type-product","3":"status-publish","4":"has-post-thumbnail","6":"product_cat-baumit-sk","7":"product_cat-klej-do-styropianu-sk","8":"product_cat-materialy-uzupelniajace-akcesoria-ocieplenie-sk","9":"product_cat-promowane-sk","10":"product_tag-baumit-sk","11":"product_shipping_class-latwa-wysylka-sk","13":"first","14":"instock","15":"taxable","16":"shipping-taxable","17":"purchasable","18":"product-type-simple"},"_links":{"self":[{"href":"https:\/\/www.sanier.pl\/sk\/wp-json\/wp\/v2\/product\/279539","targetHints":{"allow":["GET"]}}],"collection":[{"href":"https:\/\/www.sanier.pl\/sk\/wp-json\/wp\/v2\/product"}],"about":[{"href":"https:\/\/www.sanier.pl\/sk\/wp-json\/wp\/v2\/types\/product"}],"replies":[{"embeddable":true,"href":"https:\/\/www.sanier.pl\/sk\/wp-json\/wp\/v2\/comments?post=279539"}],"wp:featuredmedia":[{"embeddable":true,"href":"https:\/\/www.sanier.pl\/sk\/wp-json\/wp\/v2\/media\/280765"}],"wp:attachment":[{"href":"https:\/\/www.sanier.pl\/sk\/wp-json\/wp\/v2\/media?parent=279539"}],"wp:term":[{"taxonomy":"product_brand","embeddable":true,"href":"https:\/\/www.sanier.pl\/sk\/wp-json\/wp\/v2\/product_brand?post=279539"},{"taxonomy":"product_cat","embeddable":true,"href":"https:\/\/www.sanier.pl\/sk\/wp-json\/wp\/v2\/product_cat?post=279539"},{"taxonomy":"product_tag","embeddable":true,"href":"https:\/\/www.sanier.pl\/sk\/wp-json\/wp\/v2\/product_tag?post=279539"}],"curies":[{"name":"wp","href":"https:\/\/api.w.org\/{rel}","templated":true}]}}