{"id":279502,"date":"2021-02-23T07:21:06","date_gmt":"2021-02-23T07:21:06","guid":{"rendered":"https:\/\/www.sanier.pl\/produkt\/h785_hightack\/"},"modified":"2025-03-20T09:41:24","modified_gmt":"2025-03-20T09:41:24","slug":"h785_hightack","status":"publish","type":"product","link":"https:\/\/www.sanier.pl\/sk\/produkt\/h785_hightack\/","title":{"rendered":"Bostik H785 HighTack - hybridn\u00e9 elastick\u00e9 lepidlo."},"content":{"rendered":"<p>[vc_row][vc_column][vc_column_text]<img loading=\"lazy\" decoding=\"async\" class=\"size-full wp-image-3280 aligncenter\" src=\"https:\/\/sanier.pl\/wp-content\/uploads\/2017\/03\/bostik-logo-e1490989222630.jpg\" alt=\"bostik logo\" width=\"300\" height=\"111\" \/><\/p>\n<h2 data-start=\"0\" data-end=\"42\">H785 HighTack - hybridn\u00fd elastick\u00fd lepidlo<\/h2>\n<p data-start=\"44\" data-end=\"484\"><strong>Bostik HighTack H785<\/strong> kombinuje v\u00fdhody p\u00e1sky a reakt\u00edvnych lepiacich syst\u00e9mov. Pri lepen\u00ed m\u00e1 Bostik HighTack H785 vysok\u00fa lepiacu silu a vysok\u00fa vn\u00fatorn\u00fa pevnos\u0165. V\u010faka tomu je pr\u00e1ca mo\u017en\u00e1 bez potreby do\u010dasn\u00fdch pomocn\u00fdch prvkov na dr\u017eanie. Lepen\u00e9 prvky m\u00f4\u017eu by\u0165 aj na\u010falej pos\u00favan\u00e9 alebo okam\u017eite oddelen\u00e9. Po zaschnut\u00ed, vplyvom vlhkosti v ovzdu\u0161\u00ed, Bostik HighTack H785 prejde vulkaniz\u00e1ciou, \u010d\u00edm vytvor\u00ed trvalo elastick\u00e9 a ve\u013emi siln\u00e9 lepidlo.<\/p>\n<h4 data-start=\"486\" data-end=\"493\">V\u00ddHODY H785 Hightack:<\/h4>\n<ul data-start=\"494\" data-end=\"843\">\n<li data-start=\"494\" data-end=\"522\">Ve\u013emi vysok\u00e1 lepiaca sila.<\/li>\n<li data-start=\"523\" data-end=\"554\">R\u00fdchly n\u00e1rast vn\u00fatornej sily.<\/li>\n<li data-start=\"555\" data-end=\"612\">Ve\u013emi dobr\u00e1 pri\u013enavos\u0165 k v\u00e4\u010d\u0161ine stavebn\u00fdch materi\u00e1lov.<\/li>\n<li data-start=\"613\" data-end=\"651\">Pri\u013enavos\u0165 aj na vlhk\u00fdch podkladoch.<\/li>\n<li data-start=\"652\" data-end=\"685\">Bez rozp\u00fa\u0161\u0165adiel a izokyan\u00e1tov.<\/li>\n<li data-start=\"686\" data-end=\"700\">Ve\u013emi siln\u00fd.<\/li>\n<li data-start=\"701\" data-end=\"720\">Trvalo elastick\u00fd.<\/li>\n<li data-start=\"721\" data-end=\"760\">Nezp\u00f4sobuje kor\u00f3ziu pri lepen\u00ed kovov.<\/li>\n<li data-start=\"761\" data-end=\"798\">Pre pou\u017eitie vn\u00fatorn\u00e9 aj vonkaj\u0161ie.<\/li>\n<li data-start=\"799\" data-end=\"840\">Odoln\u00fd proti UV \u017eiareniu a vode, mrazu.<\/li>\n<\/ul>\n<h4 data-start=\"844\" data-end=\"868\">POU\u017dITIE H785 HIGH TACK:<\/h4>\n<ul data-start=\"869\" data-end=\"1282\">\n<li data-start=\"869\" data-end=\"906\">Obkladov\u00e9 panely, kazetov\u00e9 obklady.<\/li>\n<li data-start=\"907\" data-end=\"988\">Akustick\u00e1 izol\u00e1cia (miner\u00e1lna vlna, dreven\u00e9-cementov\u00e9 panely, syntetick\u00e9 peny).<\/li>\n<li data-start=\"989\" data-end=\"1045\">Tepeln\u00e1 izol\u00e1cia (PUR, PIR, PS), termoizola\u010dn\u00e9 panely.<\/li>\n<li data-start=\"1046\" data-end=\"1097\">R\u00e1my (okn\u00e1, dvere, at\u010f.) v stavebn\u00fdch oblastiach.<\/li>\n<li data-start=\"1098\" data-end=\"1217\">Dreven\u00e9 a plastov\u00e9 soklov\u00e9 li\u0161ty, dekora\u010dn\u00e9 (sadrov\u00e9) ozdoby, r\u00e1my, prahy, parapetn\u00e9 dosky, li\u0161ty, podstavce a r\u00edmsy.<\/li>\n<li data-start=\"1218\" data-end=\"1282\">Prefabrikovan\u00e9 stavebn\u00e9 prvky (stre\u0161n\u00e9 a obkladov\u00e9) v r\u00e1mcoch.<\/li>\n<\/ul>\n<h4 data-start=\"1284\" data-end=\"1301\">RODZAJE POVRCHOV:<\/h4>\n<p data-start=\"1303\" data-end=\"1388\">Ve\u013emi dobr\u00e1 pri\u013enavos\u0165 k v\u00e4\u010d\u0161ine stavebn\u00fdch materi\u00e1lov bez predbe\u017en\u00e9ho primingovania:<\/p>\n<ul data-start=\"1389\" data-end=\"1769\">\n<li data-start=\"1389\" data-end=\"1397\">bet\u00f3n,<\/li>\n<li data-start=\"1398\" data-end=\"1406\">kame\u0148,<\/li>\n<li data-start=\"1407\" data-end=\"1421\">sadrokart\u00f3n,<\/li>\n<li data-start=\"1422\" data-end=\"1432\">omietky,<\/li>\n<li data-start=\"1433\" data-end=\"1442\">liatky,<\/li>\n<li data-start=\"1443\" data-end=\"1454\">keramika,<\/li>\n<li data-start=\"1455\" data-end=\"1465\">klinker,<\/li>\n<li data-start=\"1466\" data-end=\"1502\">lakovan\u00e9 alebo impregnovan\u00e9 drevo,<\/li>\n<li data-start=\"1503\" data-end=\"1509\">MDF,<\/li>\n<li data-start=\"1510\" data-end=\"1516\">HDF,<\/li>\n<li data-start=\"1517\" data-end=\"1525\">korok,<\/li>\n<li data-start=\"1526\" data-end=\"1538\">preglejka,<\/li>\n<li data-start=\"1539\" data-end=\"1554\">drevotrieska,<\/li>\n<li data-start=\"1555\" data-end=\"1574\">emajlovan\u00e9 ocele,<\/li>\n<li data-start=\"1575\" data-end=\"1596\">nehrdzavej\u00faca oce\u013e,<\/li>\n<li data-start=\"1597\" data-end=\"1606\">hlin\u00edk,<\/li>\n<li data-start=\"1607\" data-end=\"1615\">zinok,<\/li>\n<li data-start=\"1616\" data-end=\"1622\">me\u010f,<\/li>\n<li data-start=\"1623\" data-end=\"1631\">olovo,<\/li>\n<li data-start=\"1632\" data-end=\"1642\">glaz\u00fara,<\/li>\n<li data-start=\"1643\" data-end=\"1654\">terakota,<\/li>\n<li data-start=\"1655\" data-end=\"1662\">gres,<\/li>\n<li data-start=\"1663\" data-end=\"1670\">sklo,<\/li>\n<li data-start=\"1671\" data-end=\"1681\">luxfery,<\/li>\n<li data-start=\"1682\" data-end=\"1692\">zrkadl\u00e1,<\/li>\n<li data-start=\"1693\" data-end=\"1714\">sanit\u00e1rna keramika,<\/li>\n<li data-start=\"1715\" data-end=\"1726\">porcel\u00e1n,<\/li>\n<li data-start=\"1727\" data-end=\"1733\">PVC,<\/li>\n<li data-start=\"1734\" data-end=\"1739\">PU,<\/li>\n<li data-start=\"1740\" data-end=\"1769\">HPL a podobn\u00e9 tvrd\u00e9 plasty.<\/li>\n<\/ul>\n<h4 data-start=\"1771\" data-end=\"1802\">SP\u00d4SOB POU\u017dITIA H785 HIGH TACK:<\/h4>\n<p data-start=\"1804\" data-end=\"2686\">Pri pou\u017eit\u00ed produktu ako lepidla nan\u00e1\u0161ajte ho rovnomerne v vertik\u00e1lnych pr\u00fa\u017ekoch v mal\u00fdch odstupoch (10-20 cm \u2013 pod\u013ea ve\u013ekosti a hmotnosti lepen\u00fdch prvkov). Neaplikujte bodovo. \u0164a\u017ek\u00e9 prvky podoprite alebo inak zabezpe\u010dte proti pohybu do \u010dasu po\u010diato\u010dn\u00e9ho tuhnutia. Na tento \u00fa\u010del m\u00f4\u017eete pou\u017ei\u0165 dvojstrann\u00fa lepiacu p\u00e1sku hr\u00fabky 3 mm, ktor\u00e1 z\u00e1rove\u0148 zabezpe\u010d\u00ed spr\u00e1vnu hr\u00fabku lepiacej vrstvy a ventil\u00e1ciu medzi lepen\u00fdmi povrchmi. Ak pou\u017e\u00edvate produkt ako tesniacu hmotu, naneste hmotu pomaly, d\u00f4kladne vypl\u0148uj\u00fac cel\u00fa \u0161\u00edrku \u0161k\u00e1ry, aby sa zabr\u00e1nilo uzavretiu vzduchu. Povrch hmoty vyprofilujte \u0161pacht\u013eou a vyhladte do 10 min\u00fat od aplik\u00e1cie. R\u00fdchlos\u0165 tuhnutia produktu z\u00e1vis\u00ed od okolitej teploty a vlhkosti vzduchu. S rast\u00facou teplotou a vlhkos\u0165ou vzduchu proces polymeriz\u00e1cie prebieha r\u00fdchlej\u0161ie. \u010ealej \u010das tuhnutia z\u00e1vis\u00ed od \u0161\u00edrky spoja. Zabezpe\u010dte \u00fa\u010dinn\u00fa ventil\u00e1ciu, k\u00fdm \u00faplne neztvrdne.<\/p>\n<h4 data-start=\"2688\" data-end=\"2923\">VE\u013dKOS\u0164 SPOJOV:<\/h4>\n<p data-start=\"2688\" data-end=\"2923\">H\u013abka spoja by mala by\u0165 v\u017edy v spr\u00e1vnom pomere k jeho \u0161\u00edrke. Pri \u0161\u00edrke \u0161k\u00e1ry do 10 mm by tento pomer mal by\u0165 1:1 (minim\u00e1lna \u0161\u00edrka a h\u013abka \u0161k\u00e1ry je 5 mm). Pre \u0161k\u00e1ry \u0161ir\u0161ie ne\u017e 10 mm, h\u013abka [mm] = (\u0161\u00edrka [mm] \/ 3) + 6 mm.<\/p>\n<h4 data-start=\"2925\" data-end=\"2941\">D\u00c1TUM EXPIR\u00c1CIE:<\/h4>\n<ul data-start=\"2942\" data-end=\"2985\">\n<li data-start=\"2942\" data-end=\"2985\">18 mesiacov pri teplote od +5\u00b0C do +25\u00b0C.<\/li>\n<\/ul>\n<h4 data-start=\"2987\" data-end=\"2995\">BALENIE:<\/h4>\n<ul data-start=\"2996\" data-end=\"3012\" data-is-last-node=\"\" data-is-only-node=\"\">\n<li data-start=\"2996\" data-end=\"3012\" data-is-last-node=\"\">Kart\u00f3n 290 ml.<\/li>\n<\/ul>\n<p>[\/vc_column_text][\/vc_column][\/vc_row][vc_row][vc_column][vc_column_text]<\/p>\n<h3 data-start=\"0\" data-end=\"15\">Lepidl\u00e1 a tmel\u00ed<\/h3>\n<p data-start=\"17\" data-end=\"493\">Monta\u017en\u00e9 lepidl\u00e1 Bostik predstavuj\u00fa kompletn\u00fa ponuku produktov, ktor\u00e9 sp\u013a\u0148aj\u00fa aj tie najvy\u0161\u0161ie o\u010dak\u00e1vania trhu nielen v stavebn\u00edctve, ale aj v r\u00f4znych priemyseln\u00fdch odvetviach. Tu n\u00e1jdete produkty na spojenie r\u00f4znych druhov prvkov vyroben\u00fdch z r\u00f4znych materi\u00e1lov. Ka\u017ed\u00e1 skupina lepidiel Bostik pon\u00faka mnoho mo\u017enost\u00ed, \u010d\u00edm vytv\u00e1ra univerz\u00e1lnu ponuku pre ka\u017ed\u00e9ho (za\u010d\u00ednaj\u00fac najjednoduch\u0161\u00edmi akrylov\u00fdmi lepidlami, cez lepidl\u00e1 na b\u00e1ze \u017eiv\u00edc, a\u017e po najmodernej\u0161ie hybridn\u00e9 lepidl\u00e1).<\/p>\n<p data-start=\"495\" data-end=\"839\">Monta\u017en\u00e9 lepidlo je vhodn\u00e9 pre v\u0161etk\u00fdch profesion\u00e1lnych vykon\u00e1vate\u013eov v stavebn\u00edctve. Monta\u017en\u00e9 lepidl\u00e1 Bostik s\u00fa s\u00fa\u010das\u0165ou sortimentu tmelov a lepidiel. Patria medzi najinovat\u00edvnej\u0161ie, certifikovan\u00e9 a inovat\u00edvne produkty, ktor\u00e9 m\u00f4\u017eu uspokoji\u0165 v\u0161etky potreby trhu. Pri \u013eahk\u00fdch a super \u0165a\u017ek\u00fdch prvkoch Bostik zabezpe\u010d\u00ed najlep\u0161ie a trval\u00e9 spojenie.<\/p>\n<h4 data-start=\"841\" data-end=\"870\">Monta\u017en\u00e9 lepidlo: technol\u00f3gie<\/h4>\n<p data-start=\"872\" data-end=\"1762\">Lepidlo na b\u00e1ze rozp\u00fa\u0161\u0165adla: lepidl\u00e1 na b\u00e1ze rozp\u00fa\u0161\u0165adiel s\u00fa jedine\u010dn\u00e9 recept\u00fary, ktor\u00e9 boli vyvinut\u00e9 na lepenie r\u00f4znych pevn\u00fdch alebo nerovn\u00fdch materi\u00e1lov a povrchov. Stavebn\u00e9 lepidl\u00e1 s\u00fa tie\u017e vhodn\u00e9 na vertik\u00e1lne aplik\u00e1cie. Lepidlo na b\u00e1ze vody: disperzn\u00e9 lepidl\u00e1, ktor\u00e9 nielen\u017ee neobsahuj\u00fa rozp\u00fa\u0161\u0165adl\u00e1, ale s\u00fa aj nehor\u013eav\u00e9 a \u013eahko sa \u010dist\u00ed. Vyzna\u010duj\u00fa sa r\u00fdchlym po\u010diato\u010dn\u00fdm viazan\u00edm, m\u00f4\u017eu by\u0165 natret\u00e9 po vytvrdnut\u00ed alebo ihne\u010f po aplik\u00e1cii v pr\u00edpade pou\u017eitia farby alebo emulzie na b\u00e1ze vody. Hybridn\u00e9 technol\u00f3gie: hybridn\u00e9 technol\u00f3gie boli \u0161peci\u00e1lne vyvinut\u00e9 na minimalizovanie zmr\u0161\u0165ovania a zn\u00ed\u017eenie rizika pri realiz\u00e1cii dekorat\u00edvnych alebo renova\u010dn\u00fdch projektov. Okrem v\u00fdhod v podobe odolnosti vo\u010di \u0161irok\u00e9mu rozsahu tepl\u00f4t, ide o lepidl\u00e1, ktor\u00fdch zlo\u017eenie neobsahuje vodu a rozp\u00fa\u0161\u0165adl\u00e1. To znamen\u00e1, \u017ee s\u00fa ide\u00e1lne pre nekonven\u010dn\u00e9 aplik\u00e1cie, napr\u00edklad na lepenie polystyr\u00e9nov\u00fdch dosiek.<\/p>\n<p data-start=\"1764\" data-end=\"1925\">Mnoh\u00e9 hybridn\u00e9 produkty sa vytvrdzuj\u00fa vlhkos\u0165ou, \u010d\u00edm vytv\u00e1raj\u00fa tvrd\u00e9, ale elastick\u00e9 tesnenie, ktor\u00e9 poskytuje vynikaj\u00facu odolnos\u0165 vo\u010di poveternostn\u00fdm podmienkam.<\/p>\n<h3 data-start=\"1927\" data-end=\"1943\">VLASTNOSTI H785:<\/h3>\n<p>[\/vc_column_text][vc_gallery type=\"image_grid\" images=\"256537,256527,256522,256511\" img_size=\"918x131\"][\/vc_column][\/vc_row][vc_row][vc_column][vc_column_text]<span class=\"HwtZe\" lang=\"sk\"><span class=\"jCAhz ChMk0b\"><span class=\"ryNqvb\"><a href=\"https:\/\/www.bostik.com\/global\/en\/bostik-academy\/video-technical-center\/grabs-and-adhesives\/?wchannelid=ar2wnmtet2&amp;wmediaid=ricxn6ocwj&amp;wvideo=ndalms6jm0\" target=\"_blank\" rel=\"noopener\">H785 HIGHTACK - Uk\u00e1\u017ekov\u00fd film<\/a> <\/span><\/span><\/span><\/p>\n<p><span class=\"HwtZe\" lang=\"sk\"><span class=\"jCAhz\"><span class=\"ryNqvb\"><a href=\"https:\/\/www.bostik.com\/poland\/pl\/markets-applications\/building-and-construction\/sealing-and-bonding\/assembly-adhesives\/\" target=\"_blank\" rel=\"noopener\">Produkty Bostik<\/a> <\/span><\/span><\/span><\/p>\n<h4><span class=\"HwtZe\" lang=\"sk\"><span class=\"jCAhz ChMk0b\"><span class=\"ryNqvb\">Balenie: <\/span><\/span><\/span><\/h4>\n<p><span class=\"HwtZe\" lang=\"sk\"><span class=\"jCAhz ChMk0b\"><span class=\"ryNqvb\">280 ml (kazeta)<\/span><\/span><\/span>[\/vc_column_text][\/vc_column][\/vc_row][vc_row][vc_column][vc_column_text]<\/p>\n<p>&nbsp;<\/p>\n<p>[\/vc_column_text][\/vc_column][\/vc_row][vc_row][vc_column][vc_video link=\"https:\/\/youtu.be\/2rz5vCEtYf0\"][\/vc_column][\/vc_row]<\/p>\n","protected":false},"excerpt":{"rendered":"<p>Bostik H785 Hightack je trvalo elastick\u00e9, jednozlo\u017ekov\u00e9 hybridn\u00e9 lepidlo s vysokou hustotou a viskozitou pre v\u0161eobecn\u00e9 stavebn\u00e9 a priemyseln\u00e9 aplik\u00e1cie.<\/p>\n","protected":false},"featured_media":270780,"comment_status":"open","ping_status":"closed","template":"","meta":{"_acf_changed":false},"product_brand":[],"product_cat":[878,876,881,885,1035,1033,884,913,1045,911,954,916],"product_tag":[888,1085,1086],"class_list":{"0":"post-279502","1":"product","2":"type-product","3":"status-publish","4":"has-post-thumbnail","6":"product_cat-bostik-sk","7":"product_cat-hydroizolacja-sk","8":"product_cat-hydroizolacja-balkonu-i-tarasu-sk","9":"product_cat-hydroizolacje-lazienek-i-pomieszczen-mokrych-sk","10":"product_cat-kleje-fugi-silikony-sk","11":"product_cat-materialy-uzupelniajace-akcesoria-hydroizolacja-balkonu-i-tarasu-sk","12":"product_cat-materialy-wykonczeniowe-sk","13":"product_cat-z-tworzyw-sztucznych-sk","14":"product_cat-producenci-sk","15":"product_cat-promowane-sk","16":"product_cat-przejscia-instalacyjne-sk","17":"product_cat-uszczelnienie-budynku-od-wewnatrz-sk","18":"product_tag-bostik-sk","19":"product_tag-h785-sk","20":"product_tag-hightack-sk","21":"product_shipping_class-latwa-wysylka-sk","23":"first","24":"onbackorder","25":"taxable","26":"shipping-taxable","27":"purchasable","28":"product-type-simple"},"acf":[],"_links":{"self":[{"href":"https:\/\/www.sanier.pl\/sk\/wp-json\/wp\/v2\/product\/279502","targetHints":{"allow":["GET"]}}],"collection":[{"href":"https:\/\/www.sanier.pl\/sk\/wp-json\/wp\/v2\/product"}],"about":[{"href":"https:\/\/www.sanier.pl\/sk\/wp-json\/wp\/v2\/types\/product"}],"replies":[{"embeddable":true,"href":"https:\/\/www.sanier.pl\/sk\/wp-json\/wp\/v2\/comments?post=279502"}],"wp:featuredmedia":[{"embeddable":true,"href":"https:\/\/www.sanier.pl\/sk\/wp-json\/wp\/v2\/media\/270780"}],"wp:attachment":[{"href":"https:\/\/www.sanier.pl\/sk\/wp-json\/wp\/v2\/media?parent=279502"}],"wp:term":[{"taxonomy":"product_brand","embeddable":true,"href":"https:\/\/www.sanier.pl\/sk\/wp-json\/wp\/v2\/product_brand?post=279502"},{"taxonomy":"product_cat","embeddable":true,"href":"https:\/\/www.sanier.pl\/sk\/wp-json\/wp\/v2\/product_cat?post=279502"},{"taxonomy":"product_tag","embeddable":true,"href":"https:\/\/www.sanier.pl\/sk\/wp-json\/wp\/v2\/product_tag?post=279502"}],"curies":[{"name":"wp","href":"https:\/\/api.w.org\/{rel}","templated":true}]}}