{"id":279499,"date":"2021-02-23T08:26:20","date_gmt":"2021-02-23T08:26:20","guid":{"rendered":"https:\/\/www.sanier.pl\/produkt\/h910-supergrip-fast-cure\/"},"modified":"2025-03-20T09:30:44","modified_gmt":"2025-03-20T09:30:44","slug":"h910-supergrip-fast-cure","status":"publish","type":"product","link":"https:\/\/www.sanier.pl\/sk\/produkt\/h910-supergrip-fast-cure\/","title":{"rendered":"Bostik H910 SUPERGRIP FAST CURE"},"content":{"rendered":"<p>[vc_row][vc_column][vc_column_text]<img loading=\"lazy\" decoding=\"async\" class=\"size-full wp-image-3280 aligncenter\" src=\"https:\/\/sanier.pl\/wp-content\/uploads\/2017\/03\/bostik-logo-e1490989222630.jpg\" alt=\"bostik logo\" width=\"300\" height=\"111\" \/><\/p>\n<h2 data-start=\"0\" data-end=\"43\">H910 SUPERGRIP<\/h2>\n<h5 data-start=\"0\" data-end=\"43\">hybridn\u00fd elastick\u00fd lepidlo<\/h5>\n<p data-start=\"45\" data-end=\"283\"><strong>SUPERGRIP FAST CURE H910<\/strong> je jednokomponentn\u00e9, hybridn\u00e9, bez rozp\u00fa\u0161\u0165adiel lepidlo na mont\u00e1\u017ene \u00fa\u010dely, ktor\u00e9 sa vyzna\u010duje mimoriadne kr\u00e1tkym \u010dasom viazania. Je ur\u010den\u00e9 na v\u0161eobecn\u00e9 stavebn\u00e9 a priemyseln\u00e9 pou\u017eitie, ako vo vn\u00fatri, tak aj vonku.<\/p>\n<h4 data-start=\"285\" data-end=\"309\">POU\u017dITIE H910 SUPERGRIP:<\/h4>\n<ul data-start=\"310\" data-end=\"424\">\n<li data-start=\"310\" data-end=\"331\">Ocelov\u00e9 kon\u0161trukcie<\/li>\n<li data-start=\"332\" data-end=\"356\">Panely a obklady stien<\/li>\n<li data-start=\"357\" data-end=\"383\">Stavebn\u00e1 stol\u00e1rska pr\u00e1ca<\/li>\n<li data-start=\"384\" data-end=\"424\">Univerz\u00e1lne lepidlo na elastick\u00e9 spoje<\/li>\n<\/ul>\n<h4 data-start=\"426\" data-end=\"441\">DRUHY POVRCHOV:<\/h4>\n<p data-start=\"443\" data-end=\"520\">Ve\u013emi dobr\u00e1 pri\u013enavos\u0165 k v\u00e4\u010d\u0161ine stavebn\u00fdch materi\u00e1lov bez z\u00e1kladn\u00e9ho n\u00e1teru:<\/p>\n<ul data-start=\"521\" data-end=\"853\">\n<li data-start=\"521\" data-end=\"529\">bet\u00f3n,<\/li>\n<li data-start=\"530\" data-end=\"538\">kame\u0148,<\/li>\n<li data-start=\"539\" data-end=\"549\">omietky,<\/li>\n<li data-start=\"550\" data-end=\"558\">poter,<\/li>\n<li data-start=\"559\" data-end=\"579\">stavebn\u00e1 keramika,<\/li>\n<li data-start=\"580\" data-end=\"616\">lakovan\u00e9 alebo impregnovan\u00e9 drevo,<\/li>\n<li data-start=\"617\" data-end=\"660\">MDF, HDF, korok, preglejka, drevotrieska,<\/li>\n<li data-start=\"661\" data-end=\"714\">smaltovan\u00e1 oce\u013e, nerezov\u00e1 oce\u013e, hlin\u00edk, zinok, me\u010f,<\/li>\n<li data-start=\"715\" data-end=\"723\">olovo,<\/li>\n<li data-start=\"724\" data-end=\"734\">glaz\u00fara,<\/li>\n<li data-start=\"735\" data-end=\"746\">terakota,<\/li>\n<li data-start=\"747\" data-end=\"754\">gres,<\/li>\n<li data-start=\"755\" data-end=\"762\">sklo,<\/li>\n<li data-start=\"763\" data-end=\"773\">luxfery,<\/li>\n<li data-start=\"774\" data-end=\"795\">sanit\u00e1rna keramika,<\/li>\n<li data-start=\"796\" data-end=\"807\">porcel\u00e1n,<\/li>\n<li data-start=\"808\" data-end=\"853\">PVC, PU, HPL a tvrd\u00e9 plasty podobn\u00e9ho typu.<\/li>\n<\/ul>\n<h4 data-start=\"855\" data-end=\"886\">SP\u00d4SOB POU\u017dITIA H910 SUPERGRIP:<\/h4>\n<p data-start=\"888\" data-end=\"1631\">Lepenie: Naneste jednostranne v paraleln\u00fdch, vertik\u00e1lnych a tenk\u00fdch pr\u00fa\u017ekoch v mal\u00fdch rozostupoch (5-10 cm - v z\u00e1vislosti od ve\u013ekosti a hmotnosti lepen\u00fdch prvkov a pribli\u017ene 5 cm od okrajov). Odpor\u00fa\u010dan\u00fd rozmer pr\u00fa\u017ekov lepidla - hr\u00fabka 3 mm, \u0161\u00edrka 5 mm (za predpokladu rovnomern\u00fdch a dobre prisp\u00f4soben\u00fdch povrchov). N\u00e1sledne spoji\u0165 a pevne pritla\u010di\u0165. Neaplikujte bodovo. Pri lepen\u00ed vertik\u00e1lnych prvkov ich podoprite alebo inak zabezpe\u010dte pred pohybom po dobu 15 min\u00fat od aplik\u00e1cie. Po uplynut\u00ed asi 15 min\u00fat m\u00f4\u017eete podporu odstr\u00e1ni\u0165 (v podmienkach +23\u00b0C a 50% RH). Zabezpe\u010dte \u00fa\u010dinn\u00fa ventil\u00e1ciu. R\u00fdchlos\u0165 tvrdnutia produktu z\u00e1vis\u00ed od teploty prostredia a vlhkosti vzduchu. S rast\u00facou teplotou a \u00farov\u0148ou vlhkosti sa proces polymeriz\u00e1cie ur\u00fdch\u013euje.<\/p>\n<p data-start=\"1633\" data-end=\"1907\">T\u011bsn\u011bn\u00ed: Ak je \u0161k\u00e1ra hlbok\u00e1, pou\u017eite dilata\u010dn\u00fd \u0161n\u00far na z\u00fa\u017eenie \u0161k\u00e1r, \u010d\u00edm dosiahnete spr\u00e1vny prierez \u0161k\u00e1ry a zabr\u00e1nenie trojstrann\u00e9mu kontaktu hmoty s povrchom. Po nanesen\u00ed hmotu vyhladte stierkou, navlh\u010denou vodou s mal\u00fdm mno\u017estvom mydla, do maxim\u00e1lne 10 min\u00fat od aplik\u00e1cie.<\/p>\n<h4 data-start=\"1909\" data-end=\"1929\">LEHOTA TRVANLIVOSTI:<\/h4>\n<ul data-start=\"1930\" data-end=\"1972\">\n<li data-start=\"1930\" data-end=\"1972\">18 mesiacov pri teplote od +5\u00b0C do +25\u00b0C<\/li>\n<\/ul>\n<h4 data-start=\"1974\" data-end=\"1989\">ROZSAH DOD\u00c1VKY:<\/h4>\n<ul data-start=\"1990\" data-end=\"2006\" data-is-last-node=\"\" data-is-only-node=\"\">\n<li data-start=\"1990\" data-end=\"2006\" data-is-last-node=\"\">Kart\u00f3n 290 ml.[\/vc_column_text][\/vc_column][\/vc_row][vc_row][vc_column][vc_column_text]<\/li>\n<\/ul>\n<h2 data-start=\"0\" data-end=\"15\">Kleje a T\u011bsn\u011bn\u00ed<\/h2>\n<p data-start=\"17\" data-end=\"475\">Mont\u00e1\u017en\u00ed lepidla Bostik p\u0159edstavuj\u00ed kompletn\u00ed nab\u00eddku produkt\u016f, kter\u00e9 spl\u0148uj\u00ed i ty nejvy\u0161\u0161\u00ed n\u00e1roky trhu nejen ve stavebnictv\u00ed, ale i v r\u016fzn\u00fdch pr\u016fmyslov\u00fdch odv\u011btv\u00edch. Zde naleznete produkty pro spojov\u00e1n\u00ed r\u016fzn\u00fdch typ\u016f prvk\u016f vyroben\u00fdch z r\u016fzn\u00fdch materi\u00e1l\u016f. Ka\u017ed\u00e1 skupina lepidel Bostik nab\u00edz\u00ed mnoho mo\u017enost\u00ed a vytv\u00e1\u0159\u00ed univerz\u00e1ln\u00ed nab\u00eddku pro ka\u017ed\u00e9ho (od nejjednodu\u0161\u0161\u00edch akrylov\u00fdch lepidel, p\u0159es lepidla na b\u00e1zi prysky\u0159ic, a\u017e po nejmodern\u011bj\u0161\u00ed hybridn\u00ed lepidla).<\/p>\n<p data-start=\"477\" data-end=\"835\">Mont\u00e1\u017en\u00ed lepidlo je vhodn\u00e9 pro v\u0161echny profesion\u00e1ln\u00ed stavebn\u00ed firmy. Mont\u00e1\u017en\u00ed lepidla Bostik jsou sou\u010d\u00e1st\u00ed sortimentu t\u011bsnic\u00edch a lepic\u00edch produkt\u016f. Mezi nimi najdete nejv\u00edce inovativn\u00ed, certifikovan\u00e9 a pokrokov\u00e9 produkty, kter\u00e9 dok\u00e1\u017eou uspokojit v\u0161echny pot\u0159eby trhu. A\u0165 u\u017e se jedn\u00e1 o lehk\u00e9, nebo velmi t\u011b\u017ek\u00e9 prvky, Bostik zajist\u00ed nejlep\u0161\u00ed a trval\u00e9 spojen\u00ed.<\/p>\n<h3 data-start=\"837\" data-end=\"866\">Mont\u00e1\u017en\u00ed lepidlo: technologie<\/h3>\n<p data-start=\"868\" data-end=\"1682\">Lepidla na b\u00e1zi rozpou\u0161t\u011bdel jsou unik\u00e1tn\u00ed receptury, kter\u00e9 byly vyvinuty pro lepen\u00ed r\u016fzn\u00fdch pevn\u00fdch nebo nerovn\u00fdch materi\u00e1l\u016f a povrch\u016f. Stavebn\u00ed lepidla jsou tak\u00e9 vhodn\u00e1 pro vertik\u00e1ln\u00ed aplikace. Lepidla na b\u00e1zi vody jsou disperzn\u00ed lepidla, kter\u00e1 nejen neobsahuj\u00ed rozpou\u0161t\u011bdlo, ale jsou tak\u00e9 neho\u0159lav\u00e1 a snadno \u010distiteln\u00e1. Maj\u00ed rychl\u00e9 po\u010d\u00e1te\u010dn\u00ed vytvrzov\u00e1n\u00ed, lze je nat\u0159\u00edt po vytvrzen\u00ed nebo hned po aplikaci v p\u0159\u00edpad\u011b pou\u017eit\u00ed barev nebo emulz\u00ed na vodn\u00ed b\u00e1zi. Hybridn\u00ed technologie byly speci\u00e1ln\u011b vyvinuty tak, aby minimalizovaly smr\u0161t\u011bn\u00ed a sn\u00ed\u017eily riziko p\u0159i realizaci dekorativn\u00edch nebo renova\u010dn\u00edch projekt\u016f. Krom\u011b v\u00fdhody v podob\u011b odolnosti v\u016f\u010di \u0161irok\u00e9mu rozsahu teplot jsou tato lepidla tak\u00e9 bez vody a rozpou\u0161t\u011bdel. To znamen\u00e1, \u017ee jsou ide\u00e1ln\u00ed pro nekonven\u010dn\u00ed aplikace, nap\u0159\u00edklad pro lepen\u00ed polystyrenov\u00fdch desek.<\/p>\n<p data-start=\"1684\" data-end=\"1838\">Mnoho hybridn\u00edch produkt\u016f se vytvrzuje vlhkost\u00ed, \u010d\u00edm\u017e vytv\u00e1\u0159\u00ed tvrd\u00e9, ale pru\u017en\u00e9 t\u011bsn\u011bn\u00ed, kter\u00e9 poskytuje vynikaj\u00edc\u00ed odolnost v\u016f\u010di pov\u011btrnostn\u00edm podm\u00ednk\u00e1m.<\/p>\n<h3 data-start=\"1840\" data-end=\"1856\">VLASTNOSTI H910:<\/h3>\n<p>[\/vc_column_text][vc_gallery type=\"image_grid\" images=\"256537,256527,256522,256511\" img_size=\"918x131\"][\/vc_column][\/vc_row][vc_row][vc_column][vc_column_text]<\/p>\n<h4><span class=\"HwtZe\" lang=\"sk\"><span class=\"jCAhz ChMk0b\"><span class=\"ryNqvb\"><a href=\"https:\/\/www.bostik.com\/global\/en\/bostik-academy\/video-technical-center\/grabs-and-adhesives\/?wvideo=9fmzyg1y74&amp;amp&amp;wchannelid=ar2wnmtet2&amp;wmediaid=9fmzyg1y74\" target=\"_blank\" rel=\"noopener\">H910 SUPERGRIP - Uk\u00e1\u017ekov\u00e9 video<\/a> <\/span><\/span><\/span><\/h4>\n<h4><span class=\"HwtZe\" lang=\"sk\"><span class=\"jCAhz ChMk0b\"><span class=\"ryNqvb\"><a href=\"https:\/\/www.bostik.com\/poland\/pl\/markets-applications\/building-and-construction\/sealing-and-bonding\/assembly-adhesives\/\" target=\"_blank\" rel=\"noopener\">Produkty Bostik<\/a> <\/span><\/span><\/span><\/h4>\n<h4><span class=\"HwtZe\" lang=\"sk\"><span class=\"jCAhz ChMk0b\"><span class=\"ryNqvb\">Balenie: <\/span><\/span><\/span><\/h4>\n<p><span class=\"HwtZe\" lang=\"sk\"><span class=\"jCAhz ChMk0b\"><span class=\"ryNqvb\">280 ml (kartu\u0161a)<\/span><\/span><\/span>[\/vc_column_text][\/vc_column][\/vc_row][vc_row][vc_column][vc_column_text]<\/p>\n<p>&nbsp;<\/p>\n<p>[\/vc_column_text][\/vc_column][\/vc_row][vc_row][vc_column][vc_video link=\"https:\/\/youtu.be\/2rz5vCEtYf0\"][\/vc_column][\/vc_row]<\/p>\n","protected":false},"excerpt":{"rendered":"<p><strong>SUPERGRIP FAST CURE H910<\/strong> je jednozlo\u017ekov\u00fd, hybridn\u00fd mont\u00e1\u017eny lepidlo bez rozp\u00fa\u0161\u0165adiel s unik\u00e1tne kr\u00e1tkym \u010dasom tuhnutia, ur\u010den\u00fd pre v\u0161eobecn\u00e9 stavebn\u00e9 a priemyseln\u00e9 aplik\u00e1cie, ako pre vn\u00fatorn\u00e9, tak aj vonkaj\u0161ie pou\u017eitie.<\/p>\n","protected":false},"featured_media":269740,"comment_status":"open","ping_status":"closed","template":"","meta":[],"product_brand":[],"product_cat":[878,881,885,1035,1033,884,1045,911,954,916],"product_tag":[888,1084],"class_list":{"0":"post-279499","1":"product","2":"type-product","3":"status-publish","4":"has-post-thumbnail","6":"product_cat-bostik-sk","7":"product_cat-hydroizolacja-balkonu-i-tarasu-sk","8":"product_cat-hydroizolacje-lazienek-i-pomieszczen-mokrych-sk","9":"product_cat-kleje-fugi-silikony-sk","10":"product_cat-materialy-uzupelniajace-akcesoria-hydroizolacja-balkonu-i-tarasu-sk","11":"product_cat-materialy-wykonczeniowe-sk","12":"product_cat-producenci-sk","13":"product_cat-promowane-sk","14":"product_cat-przejscia-instalacyjne-sk","15":"product_cat-uszczelnienie-budynku-od-wewnatrz-sk","16":"product_tag-bostik-sk","17":"product_tag-h910-sk","18":"product_shipping_class-latwa-wysylka-sk","20":"first","21":"onbackorder","22":"taxable","23":"shipping-taxable","24":"purchasable","25":"product-type-simple"},"_links":{"self":[{"href":"https:\/\/www.sanier.pl\/sk\/wp-json\/wp\/v2\/product\/279499","targetHints":{"allow":["GET"]}}],"collection":[{"href":"https:\/\/www.sanier.pl\/sk\/wp-json\/wp\/v2\/product"}],"about":[{"href":"https:\/\/www.sanier.pl\/sk\/wp-json\/wp\/v2\/types\/product"}],"replies":[{"embeddable":true,"href":"https:\/\/www.sanier.pl\/sk\/wp-json\/wp\/v2\/comments?post=279499"}],"wp:featuredmedia":[{"embeddable":true,"href":"https:\/\/www.sanier.pl\/sk\/wp-json\/wp\/v2\/media\/269740"}],"wp:attachment":[{"href":"https:\/\/www.sanier.pl\/sk\/wp-json\/wp\/v2\/media?parent=279499"}],"wp:term":[{"taxonomy":"product_brand","embeddable":true,"href":"https:\/\/www.sanier.pl\/sk\/wp-json\/wp\/v2\/product_brand?post=279499"},{"taxonomy":"product_cat","embeddable":true,"href":"https:\/\/www.sanier.pl\/sk\/wp-json\/wp\/v2\/product_cat?post=279499"},{"taxonomy":"product_tag","embeddable":true,"href":"https:\/\/www.sanier.pl\/sk\/wp-json\/wp\/v2\/product_tag?post=279499"}],"curies":[{"name":"wp","href":"https:\/\/api.w.org\/{rel}","templated":true}]}}