{"id":279495,"date":"2021-10-14T07:18:48","date_gmt":"2021-10-14T07:18:48","guid":{"rendered":"https:\/\/www.sanier.pl\/produkt\/membrana-koster-tpo\/"},"modified":"2025-03-20T09:15:44","modified_gmt":"2025-03-20T09:15:44","slug":"membrana-koster-tpo","status":"publish","type":"product","link":"https:\/\/www.sanier.pl\/sk\/produkt\/membrana-koster-tpo\/","title":{"rendered":"Membr\u00e1na\u00a0K\u00d6STER TPO\/FPO 1,5 mm (1,5x20m) (30m2)"},"content":{"rendered":"<p>[vc_row][vc_column][vc_single_image image=\"257849\" img_size=\"medium\" alignment=\"center\" css_animation=\"bounceInDown\"][vc_column_text]<\/p>\n<h1><strong>Membr\u00e1na\u00a0K\u00d6STER TPO\/FPO 1,5 mm<br \/>\n<\/strong><\/h1>\n<p>[\/vc_column_text][\/vc_column][\/vc_row][vc_row][vc_column][vc_column_text]<\/p>\n<div class=\"flex max-w-full flex-col flex-grow\">\n<div class=\"min-h-8 text-message relative flex w-full flex-col items-end gap-2 whitespace-normal break-words text-start [.text-message+&amp;]:mt-5\" dir=\"auto\" data-message-author-role=\"assistant\" data-message-id=\"4abdc7b5-dea1-498f-a685-edf6010e5765\" data-message-model-slug=\"gpt-4o-mini\">\n<div class=\"flex w-full flex-col gap-1 empty:hidden first:pt-[3px]\">\n<p data-start=\"0\" data-end=\"221\"><strong>Membr\u00e1na K\u00d6STER TPO<\/strong> je hydroizola\u010dn\u00e1 stre\u0161n\u00e1 f\u00f3lia vyroben\u00e1 z plastov\u00e9ho materi\u00e1lu (elastick\u00e9 polyolef\u00edny). Vyskytuje sa v variantoch s polyesterovou netkanou text\u00edliou na spodnej strane alebo bez nej, v r\u00f4znych hr\u00fabkach.<\/p>\n<p data-start=\"223\" data-end=\"474\">TPO sa d\u00e1 zvarova\u0165 a tvarova\u0165 pri vysok\u00fdch teplot\u00e1ch. Vyzna\u010duje sa \u013eahkou aplik\u00e1ciou a spracovan\u00edm. Navy\u0161e spojenie stre\u0161nej f\u00f3lie TPO na prekr\u00fdvaj\u00facich sa miestach pomocou hor\u00faceho vzduchu zaru\u010duje tesnos\u0165, bez pou\u017eitia \u010fal\u0161\u00edch materi\u00e1lov a procesov.<\/p>\n<p data-start=\"476\" data-end=\"681\">V z\u00e1vislosti od vybran\u00e9ho typu produktu mo\u017eno pokry\u0165 takmer v\u0161etky varianty striech pou\u017e\u00edvan\u00fdch v s\u00fa\u010dasnej v\u00fdstavbe. Stre\u0161n\u00e1 f\u00f3lia TPO m\u00f4\u017ee by\u0165 aplikovan\u00e1 priamo na strechy pokryt\u00e9 bit\u00famenov\u00fdmi materi\u00e1lmi.<\/p>\n<h4 data-start=\"683\" data-end=\"718\"><strong data-start=\"683\" data-end=\"718\">Vlastnosti membr\u00e1ny K\u00d6STER TPO:<\/strong><\/h4>\n<ul data-start=\"720\" data-end=\"1131\" data-is-last-node=\"\" data-is-only-node=\"\">\n<li data-start=\"720\" data-end=\"776\">homog\u00e9nny materi\u00e1l (rovnak\u00fd materi\u00e1l zhora aj zospodu)<\/li>\n<li data-start=\"777\" data-end=\"864\">odolnos\u0165 proti \u0161\u00edreniu oh\u0148a, krupobitiu, prieniku kore\u0148ov a p\u00f4sobeniu mikroorganizmov<\/li>\n<li data-start=\"865\" data-end=\"943\">vysok\u00e1 odolnos\u0165 proti roztrhnutiu a oh\u00fdbaniu pri n\u00edzkych teplot\u00e1ch (\u2264 -50\u00b0C)<\/li>\n<li data-start=\"944\" data-end=\"992\">\u017eiadny \u0161kodliv\u00fd vplyv na vodu, p\u00f4du a rastliny<\/li>\n<li data-start=\"993\" data-end=\"1045\">vysok\u00e1 odolnos\u0165 proti hnilobe a procesom starnutia<\/li>\n<li data-start=\"1046\" data-end=\"1080\">neobsahuje zm\u00e4k\u010dovadl\u00e1 ani chl\u00f3r<\/li>\n<li data-start=\"1081\" data-end=\"1109\">odolnos\u0165 proti UV \u017eiareniu<\/li>\n<li data-start=\"1110\" data-end=\"1131\" data-is-last-node=\"\">podlieha recykl\u00e1cii<\/li>\n<\/ul>\n<\/div>\n<\/div>\n<\/div>\n<div class=\"mb-2 flex gap-3 -ml-2\" tabindex=\"0\">\n<div class=\"flex items-center justify-start rounded-xl p-1\">\n<div class=\"flex items-center\"><\/div>\n<\/div>\n<\/div>\n<p>[\/vc_column_text][\/vc_column][\/vc_row][vc_row][vc_column][vc_column_text]<\/p>\n<h3 style=\"text-align: center;\" data-start=\"0\" data-end=\"34\"><strong data-start=\"0\" data-end=\"34\">Flexibiln\u00e9. Bezpe\u010dn\u00e9. Trv\u00e1cne.<\/strong><\/h3>\n<p data-start=\"36\" data-end=\"231\" data-is-last-node=\"\" data-is-only-node=\"\">Tieto tri slov\u00e1 popisuj\u00fa vlastnosti materi\u00e1lu TPO (Termoplastick\u00e9 Polyolef\u00edny). Ide o najvhodnej\u0161\u00ed materi\u00e1l na vykon\u00e1vanie stre\u0161n\u00fdch kryt\u00edn, ktor\u00fd umo\u017e\u0148uje r\u00fdchlu a jednoduch\u00fa aplik\u00e1ciu pokrytia.<\/p>\n<p>[\/vc_column_text][\/vc_column][\/vc_row][vc_row][vc_column][\/vc_column][\/vc_row][vc_row][vc_column][vc_column_text]<\/p>\n<h3><\/h3>\n<p>&nbsp;<\/p>\n<h4 data-start=\"0\" data-end=\"11\"><strong data-start=\"0\" data-end=\"11\">Mont\u00e1\u017e:<\/strong><\/h4>\n<p data-start=\"13\" data-end=\"64\">Stre\u0161n\u00e9 f\u00f3lie sa na streche montuj\u00fa tromi sp\u00f4sobmi:<\/p>\n<ul data-start=\"66\" data-end=\"174\">\n<li data-start=\"66\" data-end=\"106\">prostredn\u00edctvom mechanick\u00e9ho upevnenia<\/li>\n<li data-start=\"107\" data-end=\"142\">vo\u013en\u00e9 ulo\u017eenie s tlmiacou vrstvou<\/li>\n<li data-start=\"143\" data-end=\"174\">prilepenie celej plochy f\u00f3lie<\/li>\n<\/ul>\n<p data-start=\"176\" data-end=\"404\">Pri ur\u010dovan\u00ed optim\u00e1lnej met\u00f3dy mont\u00e1\u017ee f\u00f3lie je potrebn\u00e9 zv\u00e1\u017ei\u0165 nasleduj\u00face krit\u00e9ri\u00e1: sklon povrchu strechy, sila vetra, architektonick\u00e9 aspekty, ako s\u00fa zelen\u00e9 strechy, a to, \u010di ide o rekon\u0161trukciu alebo v\u00fdstavbu nov\u00e9ho objektu.<\/p>\n<p data-start=\"406\" data-end=\"615\">Nez\u00e1visle od sp\u00f4sobu mont\u00e1\u017ee s\u00fa jej prekr\u00fdvania zvaren\u00e9 pomocou hor\u00faceho vzduchu. Zvarovanie nie je len ekologick\u00fdm sp\u00f4sobom sp\u00e1jania, ale predov\u0161etk\u00fdm zabezpe\u010duje jednotn\u00fa \u0161trukt\u00faru materi\u00e1lu na mieste zvaru.<\/p>\n<p data-start=\"617\" data-end=\"699\" data-is-last-node=\"\" data-is-only-node=\"\">V\u010faka termoplastick\u00fdm vlastnostiam sa dva p\u00e1sy f\u00f3lie st\u00e1vaj\u00fa jedn\u00fdm \u2013 nerozlu\u010dn\u00fdm.<\/p>\n<p>[\/vc_column_text][\/vc_column][\/vc_row][vc_row][vc_column][vc_single_image image=\"257856\" img_size=\"large\" alignment=\"center\"][vc_column_text]<\/p>\n<h5 style=\"text-align: center;\"><span class=\"HwtZe\" lang=\"sk\"><span class=\"jCAhz ChMk0b\"><span class=\"ryNqvb\">Ak si chcete objedna\u0165 in\u00fd variant TPO membr\u00e1ny, kontaktujte n\u00e1s pros\u00edm telefonicky na \u010d\u00edsle (+48) 12 307 24 98<\/span><\/span><\/span><\/h5>\n<p>[\/vc_column_text][\/vc_column][\/vc_row][vc_row][vc_column][vc_column_text]<\/p>\n<h4>Viac inform\u00e1ci\u00ed o membr\u00e1nach K\u00d6STER TPO\/FPO n\u00e1jdete v na\u0161om pr\u00edru\u010dke.<\/h4>\n<h4><a href=\"https:\/\/www.sanier.pl\/poradniki_sanier\/membrany-koster-tpo\/\">Pr\u00edru\u010dka K\u00d6STER TPO\/FPO<\/a><\/h4>\n<p>[\/vc_column_text][vc_column_text]<a href=\"https:\/\/www.koester.pl\/files\/pl_pl\/2019_katalog_techniczny.pdf\" target=\"_blank\" rel=\"noopener\"><span class=\"HwtZe\" lang=\"sk\"><span class=\"jCAhz ChMk0b\"><span class=\"ryNqvb\">Technick\u00fd katal\u00f3g<\/span><\/span><\/span><\/a><\/p>\n<p>[\/vc_column_text][\/vc_column][\/vc_row]<\/p>\n","protected":false},"excerpt":{"rendered":"<p><strong>Membr\u00e1na K\u00d6STER TPO<\/strong> je materi\u00e1l pou\u017e\u00edvan\u00fd na ochranu v\u0161etk\u00fdch druhov ploch\u00fdch a zelen\u00fdch striech, ter\u00e1s a balk\u00f3nov. Vyzna\u010duje sa vysokou odolnos\u0165ou vo\u010di poveternostn\u00fdm vplyvom, vysokou tesnos\u0165ou a ve\u013ekou odolnos\u0165ou. Membr\u00e1na je na b\u00e1ze TERMOPLASTICK\u00ddCH POLIOLEF\u00cdN\u00d3V.<\/p>\n","protected":false},"featured_media":270502,"comment_status":"open","ping_status":"closed","template":"","meta":[],"product_brand":[],"product_cat":[876,882,910,913],"product_tag":[1070,890,912],"class_list":{"0":"post-279495","1":"product","2":"type-product","3":"status-publish","4":"has-post-thumbnail","6":"product_cat-hydroizolacja-sk","7":"product_cat-hydroizolacje-rolowe-sk","8":"product_cat-koester-sk","9":"product_cat-z-tworzyw-sztucznych-sk","10":"product_tag-hydroizoalcje-sk","11":"product_tag-hydroizolacja-sk","12":"product_tag-koester-sk","13":"product_shipping_class-trudna-wysylka-sk","15":"first","16":"onbackorder","17":"taxable","18":"shipping-taxable","19":"purchasable","20":"product-type-simple"},"_links":{"self":[{"href":"https:\/\/www.sanier.pl\/sk\/wp-json\/wp\/v2\/product\/279495","targetHints":{"allow":["GET"]}}],"collection":[{"href":"https:\/\/www.sanier.pl\/sk\/wp-json\/wp\/v2\/product"}],"about":[{"href":"https:\/\/www.sanier.pl\/sk\/wp-json\/wp\/v2\/types\/product"}],"replies":[{"embeddable":true,"href":"https:\/\/www.sanier.pl\/sk\/wp-json\/wp\/v2\/comments?post=279495"}],"wp:featuredmedia":[{"embeddable":true,"href":"https:\/\/www.sanier.pl\/sk\/wp-json\/wp\/v2\/media\/270502"}],"wp:attachment":[{"href":"https:\/\/www.sanier.pl\/sk\/wp-json\/wp\/v2\/media?parent=279495"}],"wp:term":[{"taxonomy":"product_brand","embeddable":true,"href":"https:\/\/www.sanier.pl\/sk\/wp-json\/wp\/v2\/product_brand?post=279495"},{"taxonomy":"product_cat","embeddable":true,"href":"https:\/\/www.sanier.pl\/sk\/wp-json\/wp\/v2\/product_cat?post=279495"},{"taxonomy":"product_tag","embeddable":true,"href":"https:\/\/www.sanier.pl\/sk\/wp-json\/wp\/v2\/product_tag?post=279495"}],"curies":[{"name":"wp","href":"https:\/\/api.w.org\/{rel}","templated":true}]}}