{"id":279492,"date":"2021-10-14T08:24:42","date_gmt":"2021-10-14T08:24:42","guid":{"rendered":"https:\/\/www.sanier.pl\/produkt\/membrana-koster-tpo-fpo-2-mm-30m2\/"},"modified":"2025-03-20T09:01:12","modified_gmt":"2025-03-20T09:01:12","slug":"membrana-koster-tpo-fpo-2-mm-30m2","status":"publish","type":"product","link":"https:\/\/www.sanier.pl\/sk\/produkt\/membrana-koster-tpo-fpo-2-mm-30m2\/","title":{"rendered":"Membrana K\u00d6STER TPO\/FPO 2,0 mm (1,5x20m) (30m2)"},"content":{"rendered":"<p>[vc_row][vc_column][vc_single_image image=\"257849\" img_size=\"medium\" alignment=\"center\" css_animation=\"bounceInDown\"][vc_column_text]<\/p>\n<h2><strong>Membrana K\u00d6STER TPO\/FPO 2,0<\/strong><\/h2>\n<p>[\/vc_column_text][\/vc_column][\/vc_row][vc_row][vc_column][vc_column_text]<\/p>\n<p data-start=\"0\" data-end=\"238\"><strong>K\u00d6STER TPO<\/strong> je hydroizola\u010dn\u00e1 stre\u0161n\u00e1 f\u00f3lia vyroben\u00e1 z plastov\u00e9ho materi\u00e1lu (elastick\u00e9 poliolefiny). Membr\u00e1na je k dispoz\u00edcii v variantoch s polyesterovou netkanou text\u00edliou na spodnej strane alebo bez netkanej text\u00edlie, v r\u00f4znych hr\u00fabkach.<\/p>\n<p data-start=\"240\" data-end=\"506\">Membr\u00e1na sa d\u00e1 zvari\u0165 a formova\u0165 p\u00f4soben\u00edm vysokej teploty. Charakterizuje sa \u013eahkou aplik\u00e1ciou a spracovan\u00edm. Okrem toho spojenie stre\u0161nej f\u00f3lie TPO na prekr\u00fdvaj\u00facich sa miestach pomocou hor\u00faceho vzduchu zaru\u010duje tesnos\u0165 bez potreby dodato\u010dn\u00fdch materi\u00e1lov a \u00fakonov.<\/p>\n<p data-start=\"508\" data-end=\"720\">V z\u00e1vislosti od typu vybran\u00e9ho produktu je mo\u017en\u00e9 pokry\u0165 n\u00edm prakticky v\u0161etky typy striech pou\u017e\u00edvan\u00e9 v s\u00fa\u010dasnej v\u00fdstavbe. Stre\u0161n\u00fa f\u00f3liu TPO je mo\u017en\u00e9 aplikova\u0165 priamo na strech\u00e1ch pokryt\u00fdch bit\u00famenov\u00fdmi materi\u00e1lmi.<\/p>\n<p data-start=\"722\" data-end=\"831\">Ak chcete objedna\u0165 in\u00fd variant membr\u00e1ny, pros\u00edm, kontaktujte n\u00e1s telefonicky na \u010d\u00edsle (+48) 12 307 24 98.<\/p>\n<h4 data-start=\"833\" data-end=\"855\">Vlastnosti:<\/h4>\n<ul data-start=\"857\" data-end=\"1284\" data-is-only-node=\"\" data-is-last-node=\"\">\n<li data-start=\"857\" data-end=\"910\">Jednotn\u00fd materi\u00e1l (rovnak\u00fd materi\u00e1l zhora aj zdola)<\/li>\n<li data-start=\"911\" data-end=\"952\">Odolnos\u0165 vo\u010di \u0161\u00edreniu oh\u0148a a krupobitiu<\/li>\n<li data-start=\"953\" data-end=\"1030\">Vysok\u00e1 odolnos\u0165 vo\u010di roztrhnutiu a oh\u00fdbaniu pri n\u00edzkych teplot\u00e1ch (\u2264 -50\u00b0C)<\/li>\n<li data-start=\"1031\" data-end=\"1080\">\u017diadne \u0161kodliv\u00e9 \u00fa\u010dinky na vodu, p\u00f4du a rastliny<\/li>\n<li data-start=\"1081\" data-end=\"1144\">Odolnos\u0165 vo\u010di prerastaniu kore\u0148ov a p\u00f4sobeniu mikroorganizmov<\/li>\n<li data-start=\"1145\" data-end=\"1189\">Odolnos\u0165 vo\u010di hnilobe a procesom starnutia<\/li>\n<li data-start=\"1190\" data-end=\"1224\">Neobsahuje zm\u00e4k\u010dovadl\u00e1 ani chl\u00f3r<\/li>\n<li data-start=\"1225\" data-end=\"1262\">Odolnos\u0165 vo\u010di p\u00f4sobeniu UV \u017eiarenia<\/li>\n<li data-start=\"1263\" data-end=\"1284\" data-is-last-node=\"\">Podlieha recykl\u00e1cii<\/li>\n<\/ul>\n<p>[\/vc_column_text][\/vc_column][\/vc_row][vc_row][vc_column][vc_column_text]<\/p>\n<h3 style=\"text-align: center;\" data-start=\"0\" data-end=\"28\">Elastick\u00e9. Bezpe\u010dn\u00e9. Trval\u00e9.<\/h3>\n<p data-start=\"30\" data-end=\"223\" data-is-last-node=\"\" data-is-only-node=\"\">Tieto tri slov\u00e1 popisuj\u00fa vlastnosti materi\u00e1lu TPO (Termoplastick\u00e9 Poliolef\u00edny). Je to najvhodnej\u0161\u00ed materi\u00e1l na v\u00fdrobu stre\u0161n\u00fdch pokr\u00fdvok, ktor\u00fd umo\u017e\u0148uje r\u00fdchlu a jednoduch\u00fa in\u0161tal\u00e1ciu pokrytia.<\/p>\n<p>[\/vc_column_text][\/vc_column][\/vc_row][vc_row][vc_column][\/vc_column][\/vc_row][vc_row][vc_column][vc_column_text]<\/p>\n<div class=\"flex max-w-full flex-col flex-grow\">\n<div class=\"min-h-8 text-message relative flex w-full flex-col items-end gap-2 whitespace-normal break-words text-start [.text-message+&amp;]:mt-5\" dir=\"auto\" data-message-author-role=\"assistant\" data-message-id=\"9708ff22-e0cd-453f-ae41-bbf300e2c027\" data-message-model-slug=\"gpt-4o-mini\">\n<div class=\"flex w-full flex-col gap-1 empty:hidden first:pt-[3px]\">\n<h3 data-start=\"0\" data-end=\"7\">Mont\u00e1\u017e:<\/h3>\n<p data-start=\"9\" data-end=\"60\">Stre\u0161n\u00e9 f\u00f3lie sa montuj\u00fa na streche troma sp\u00f4sobmi:<\/p>\n<ul data-start=\"62\" data-end=\"154\">\n<li data-start=\"62\" data-end=\"85\">mechanick\u00fdm upevnen\u00edm<\/li>\n<li data-start=\"86\" data-end=\"122\">vo\u013en\u00fdm ulo\u017een\u00edm s tlakovou vrstvou<\/li>\n<li data-start=\"123\" data-end=\"154\">prilepen\u00edm celej plochy f\u00f3lie<\/li>\n<\/ul>\n<p data-start=\"156\" data-end=\"379\">Na ur\u010denie optim\u00e1lnej met\u00f3dy mont\u00e1\u017ee f\u00f3lie je potrebn\u00e9 zv\u00e1\u017ei\u0165 nasleduj\u00face krit\u00e9ri\u00e1: sklon stre\u0161nej plochy, sila vetra, architektonick\u00e9 aspekty ako zelen\u00e9 strechy, ako aj to, \u010di ide o renov\u00e1ciu alebo v\u00fdstavbu nov\u00e9ho objektu.<\/p>\n<p data-start=\"381\" data-end=\"604\">Bez oh\u013eadu na sp\u00f4sob mont\u00e1\u017ee s\u00fa jej prekr\u00fdvaj\u00face sa \u010dasti zv\u00e1ran\u00e9 pomocou hor\u00faceho vzduchu. Zv\u00e1ranie nie je len ekologicky priate\u013esk\u00fdm sp\u00f4sobom spojenia, ale najm\u00e4 zabezpe\u010duje jednotn\u00fa \u0161trukt\u00faru materi\u00e1lu v mieste zv\u00e1rania.<\/p>\n<p data-start=\"606\" data-end=\"701\" data-is-last-node=\"\" data-is-only-node=\"\">V\u010faka termoplastick\u00fdm vlastnostiam sa dve p\u00e1sy f\u00f3lie spoja do jedn\u00e9ho - nerozdelite\u013en\u00e9ho celku.<\/p>\n<\/div>\n<\/div>\n<\/div>\n<div class=\"mb-2 flex gap-3 -ml-2\" tabindex=\"0\">\n<div class=\"flex items-center justify-start rounded-xl p-1\">\n<div class=\"flex items-center\"><\/div>\n<\/div>\n<\/div>\n<p>[\/vc_column_text][\/vc_column][\/vc_row][vc_row][vc_column][vc_single_image image=\"257856\" img_size=\"large\" alignment=\"center\"][\/vc_column][\/vc_row][vc_row][vc_column][vc_column_text]<\/p>\n<div class=\"flex max-w-full flex-col flex-grow\">\n<div class=\"min-h-8 text-message relative flex w-full flex-col items-end gap-2 whitespace-normal break-words text-start [.text-message+&amp;]:mt-5\" dir=\"auto\" data-message-author-role=\"assistant\" data-message-id=\"1d3b8c05-4c3d-4bba-92cb-9201dcf72509\" data-message-model-slug=\"gpt-4o-mini\">\n<div class=\"flex w-full flex-col gap-1 empty:hidden first:pt-[3px]\">\n<h4 data-start=\"0\" data-end=\"99\">Viac inform\u00e1ci\u00ed o membr\u00e1nach K\u00d6STER TPO\/FPO n\u00e1jdete v na\u0161om sprievodcovi.<\/h4>\n<p data-start=\"0\" data-end=\"99\"><a href=\"https:\/\/www.sanier.pl\/poradniki_sanier\/membrany-koster-tpo\/\">Sprievodca K\u00d6STER TPO\/FPO<\/a><\/p>\n<p data-start=\"101\" data-end=\"116\" data-is-last-node=\"\" data-is-only-node=\"\"><a href=\"https:\/\/www.koester.pl\/files\/pl_pl\/2019_katalog_techniczny.pdf\" target=\"_blank\" rel=\"noopener\">Technick\u00e1 karta<\/a><\/p>\n<\/div>\n<\/div>\n<\/div>\n<div class=\"mb-2 flex gap-3 -ml-2\" tabindex=\"0\">\n<div class=\"flex items-center justify-start rounded-xl p-1\">\n<div class=\"flex items-center\"><\/div>\n<\/div>\n<\/div>\n<p>[\/vc_column_text][\/vc_column][\/vc_row]<\/p>\n","protected":false},"excerpt":{"rendered":"<div class=\"flex max-w-full flex-col flex-grow\">\n<div class=\"min-h-8 text-message relative flex w-full flex-col items-end gap-2 whitespace-normal break-words text-start [.text-message+&amp;]:mt-5\" dir=\"auto\" data-message-author-role=\"assistant\" data-message-id=\"8abb57f8-daef-4ab5-bbca-cd844aaf2907\" data-message-model-slug=\"gpt-4o-mini\">\n<div class=\"flex w-full flex-col gap-1 empty:hidden first:pt-[3px]\">\n<p data-start=\"0\" data-end=\"287\" data-is-last-node=\"\" data-is-only-node=\"\"><strong>Membr\u00e1na K\u00d6STER TPO<\/strong> je materi\u00e1l pou\u017e\u00edvan\u00fd na zabezpe\u010denie v\u0161etk\u00fdch typov ploch\u00fdch a zelen\u00fdch striech, ter\u00e1s a balk\u00f3nov. Vyzna\u010duje sa vysokou odolnos\u0165ou vo\u010di vplyvom atmosferick\u00fdch faktorov, vysokou tesnos\u0165ou a ve\u013ekou odolnos\u0165ou. Membr\u00e1na je vyroben\u00e1 na b\u00e1ze TERMOPLASTICK\u00ddCH POLIOLEF\u00cdN\u016e.<\/p>\n<\/div>\n<\/div>\n<\/div>\n<div class=\"mb-2 flex gap-3 -ml-2\" tabindex=\"0\">\n<div class=\"flex items-center justify-start rounded-xl p-1\">\n<div class=\"flex items-center\"><\/div>\n<\/div>\n<\/div>\n","protected":false},"featured_media":270502,"comment_status":"open","ping_status":"closed","template":"","meta":[],"product_brand":[],"product_cat":[876,882,910,913],"product_tag":[890,891,912],"class_list":{"0":"post-279492","1":"product","2":"type-product","3":"status-publish","4":"has-post-thumbnail","6":"product_cat-hydroizolacja-sk","7":"product_cat-hydroizolacje-rolowe-sk","8":"product_cat-koester-sk","9":"product_cat-z-tworzyw-sztucznych-sk","10":"product_tag-hydroizolacja-sk","11":"product_tag-hydroizolacje-sk","12":"product_tag-koester-sk","13":"product_shipping_class-trudna-wysylka-sk","15":"first","16":"onbackorder","17":"taxable","18":"shipping-taxable","19":"purchasable","20":"product-type-simple"},"_links":{"self":[{"href":"https:\/\/www.sanier.pl\/sk\/wp-json\/wp\/v2\/product\/279492","targetHints":{"allow":["GET"]}}],"collection":[{"href":"https:\/\/www.sanier.pl\/sk\/wp-json\/wp\/v2\/product"}],"about":[{"href":"https:\/\/www.sanier.pl\/sk\/wp-json\/wp\/v2\/types\/product"}],"replies":[{"embeddable":true,"href":"https:\/\/www.sanier.pl\/sk\/wp-json\/wp\/v2\/comments?post=279492"}],"wp:featuredmedia":[{"embeddable":true,"href":"https:\/\/www.sanier.pl\/sk\/wp-json\/wp\/v2\/media\/270502"}],"wp:attachment":[{"href":"https:\/\/www.sanier.pl\/sk\/wp-json\/wp\/v2\/media?parent=279492"}],"wp:term":[{"taxonomy":"product_brand","embeddable":true,"href":"https:\/\/www.sanier.pl\/sk\/wp-json\/wp\/v2\/product_brand?post=279492"},{"taxonomy":"product_cat","embeddable":true,"href":"https:\/\/www.sanier.pl\/sk\/wp-json\/wp\/v2\/product_cat?post=279492"},{"taxonomy":"product_tag","embeddable":true,"href":"https:\/\/www.sanier.pl\/sk\/wp-json\/wp\/v2\/product_tag?post=279492"}],"curies":[{"name":"wp","href":"https:\/\/api.w.org\/{rel}","templated":true}]}}