{"id":279482,"date":"2022-07-25T11:55:13","date_gmt":"2022-07-25T11:55:13","guid":{"rendered":"https:\/\/www.sanier.pl\/produkt\/bostik-sl-c980-xps\/"},"modified":"2025-03-20T08:23:37","modified_gmt":"2025-03-20T08:23:37","slug":"bostik-sl-c980-xps","status":"publish","type":"product","link":"https:\/\/www.sanier.pl\/sk\/produkt\/bostik-sl-c980-xps\/","title":{"rendered":"Bostik SL C980 XPS"},"content":{"rendered":"<p>[vc_row][vc_column][vc_column_text]<img loading=\"lazy\" decoding=\"async\" class=\"size-full wp-image-3280 aligncenter\" src=\"https:\/\/sanier.pl\/wp-content\/uploads\/2017\/03\/bostik-logo-e1490989222630.jpg\" alt=\"bostik logo\" width=\"300\" height=\"111\" \/><\/p>\n<h2><strong>Bostik SL C980 XPS<\/strong><\/h2>\n<p>&nbsp;<\/p>\n<p data-start=\"0\" data-end=\"448\"><strong>Bostik SL C980 XPS<\/strong> je r\u00fdchloschn\u00faca samonivela\u010dn\u00e1 hmota. Je ur\u010den\u00e1 na pou\u017eitie v miestach vystaven\u00fdch ve\u013ek\u00e9mu za\u0165a\u017eeniu pohybom (v rozsahu od 3 do 15 mm v jednej vrstve, a od 10 do 50 mm s kvarcov\u00fdm pieskom). Je vhodn\u00e1 pod v\u0161etky druhy povrchov\u00fdch \u00faprav: epoxidov\u00e9 tenkovrstvov\u00e9 n\u00e1tery (ma\u013eovan\u00e9), strednehrub\u00e9, hrubovrstvov\u00e9 parkety, keramick\u00e9 dla\u017edice, PVC podlahy a koberce. Bostik SL C980 XPS je mo\u017en\u00e9 pou\u017ei\u0165 v interi\u00e9roch aj exteri\u00e9roch budov.<\/p>\n<h4 data-start=\"450\" data-end=\"484\"><strong data-start=\"450\" data-end=\"484\">Vlastnosti Bostik SL C980 XPS:<\/strong><\/h4>\n<ul data-start=\"486\" data-end=\"670\">\n<li data-start=\"486\" data-end=\"501\">samonivela\u010dn\u00e1<\/li>\n<li data-start=\"502\" data-end=\"517\">r\u00fdchloschn\u00faca<\/li>\n<li data-start=\"518\" data-end=\"566\">vhodn\u00e1 na pou\u017eitie v interi\u00e9roch a exteri\u00e9roch<\/li>\n<li data-start=\"567\" data-end=\"610\">vhodn\u00e1 pre v\u0161etky druhy povrchov\u00fdch \u00faprav<\/li>\n<li data-start=\"611\" data-end=\"670\">vynikaj\u00faca odolnos\u0165 proti opotrebovaniu a bodov\u00fdm n\u00e1razom<\/li>\n<\/ul>\n<h4 data-start=\"672\" data-end=\"685\"><strong data-start=\"672\" data-end=\"685\">Pou\u017eitie:<\/strong><\/h4>\n<ul data-start=\"687\" data-end=\"1170\">\n<li data-start=\"687\" data-end=\"798\">na r\u00fdchle vyrovn\u00e1vanie podkladov v rozsahu od 3 do 15 mm v jednej vrstve a od 10 do 50 mm s kvarcov\u00fdm pieskom<\/li>\n<li data-start=\"799\" data-end=\"987\">ur\u010den\u00e9 na vyrovn\u00e1vanie podl\u00e1h, kde pohyb nesmie by\u0165 pozastaven\u00fd dlh\u0161ie ako nieko\u013eko hod\u00edn (ve\u013ekoplo\u0161n\u00e9 obchody, kliniky, nemocnice, hospice, v\u00fdrobn\u00e9 haly, sklady, parkovisk\u00e1, kancel\u00e1rie)<\/li>\n<li data-start=\"988\" data-end=\"1055\">na vyrovn\u00e1vanie po\u0161koden\u00fdch cementov\u00fdch povrchov, napr. parkov\u00edsk<\/li>\n<li data-start=\"1056\" data-end=\"1170\">pod v\u0161etky druhy povrchov\u00fdch \u00faprav podl\u00e1h: epoxidov\u00e9 n\u00e1tery, parkety, keramick\u00e9 dla\u017edice, PVC podlahy a koberce.<\/li>\n<\/ul>\n<h4 data-start=\"1172\" data-end=\"1193\"><strong data-start=\"1172\" data-end=\"1193\">Pr\u00edprava povrchu:<\/strong><\/h4>\n<p data-start=\"1195\" data-end=\"1620\">Podklad by mal by\u0165 pevn\u00fd, nosn\u00fd, such\u00fd, rovn\u00fd, odmasten\u00fd, bez zvy\u0161kov \u010distiacich prostriedkov a vo\u013en\u00fdch \u010dast\u00ed. Pred nalievan\u00edm hmoty je potrebn\u00e9 povrch zagruntova\u0165. Pre druhy podkladov s ve\u013ekou p\u00f3rovitos\u0165ou: pou\u017eite grunty GRIP A500 MULTI. Pre podklady pevn\u00e9 a neabsorp\u010dn\u00e9: pou\u017eite produkt GRIP A936 XPRESS. Pre vlhk\u00e9 podklady bez kapil\u00e1rneho vzl\u00ednania: pou\u017eite produkt HYTEC E336 XTREM (pod\u013ea odpor\u00fa\u010dan\u00ed v technickom liste).<\/p>\n<h4 data-start=\"1622\" data-end=\"1662\"><strong data-start=\"1622\" data-end=\"1662\">Sp\u00f4soby pou\u017eitia Bostik SL C980 XPS:<\/strong><\/h4>\n<p data-start=\"1664\" data-end=\"2135\">Odmierajte po\u017eadovan\u00e9 mno\u017estvo vody (4,5 l na s\u00e1\u010dok) a nalejte do \u010dist\u00e9ho vedra. Potom nasypte pr\u00e1\u0161ok a st\u00e1le mie\u0161ajte. Pou\u017eite mie\u0161adlo s n\u00edzkymi ot\u00e1\u010dkami. Po\u010das mie\u0161ania neprid\u00e1vajte in\u00e9 cementy ani pr\u00edsady do malty. Ke\u010f dosiahnete homog\u00e9nnu hmotu, nechajte materi\u00e1l aktivova\u0165 chemick\u00e9 procesy po dobu 60 a\u017e 90 sek\u00fand. Po tomto \u010dase ho znova premie\u0161ajte po dobu 30 sek\u00fand a malta je pripraven\u00e1 na pou\u017eitie. Nalejte hmotu na pripraven\u00fd podklad a rovnomerne ju rozotrite.<\/p>\n<p data-start=\"2137\" data-end=\"2404\">Rovnomerne vyhla\u010fte pomocou trowelu alebo stierky. Jednorazovo m\u00f4\u017eete nalia\u0165 vrstvu malty od 3 do 15 mm. Pre hrub\u0161iu vrstvu zmie\u0161ajte hmotu s pieskom v pomere: 25 kg produktu spoji\u0165 s 4,5 l vody a n\u00e1sledne prida\u0165 30% kvarcov\u00e9ho piesku (8 kg) s granul\u00e1ciou 0,4-0,9 mm.<\/p>\n<h4 data-start=\"2406\" data-end=\"2419\"><strong data-start=\"2406\" data-end=\"2419\">N\u00e1stroje:<\/strong><\/h4>\n<ul data-start=\"2421\" data-end=\"2530\">\n<li data-start=\"2421\" data-end=\"2464\">mechanick\u00e9 mie\u0161adlo (v\u0155ta\u010dka s mie\u0161adlom)<\/li>\n<li data-start=\"2465\" data-end=\"2473\">trowel<\/li>\n<li data-start=\"2474\" data-end=\"2493\">nerezov\u00e1 trowelka<\/li>\n<li data-start=\"2494\" data-end=\"2511\">\u010distiaci \u0161tetec<\/li>\n<li data-start=\"2512\" data-end=\"2521\">stierka<\/li>\n<li data-start=\"2522\" data-end=\"2530\">val\u010dek<\/li>\n<\/ul>\n<h4 data-start=\"2532\" data-end=\"2551\"><strong data-start=\"2532\" data-end=\"2549\">Ve\u013ekos\u0165 zrna:<\/strong><\/h4>\n<ul data-start=\"2552\" data-end=\"2562\">\n<li data-start=\"2552\" data-end=\"2562\">max 2 mm<\/li>\n<\/ul>\n<h4 data-start=\"2564\" data-end=\"2596\"><strong data-start=\"2564\" data-end=\"2596\">Spotreba Bostik SL C980 XPS:<\/strong><\/h4>\n<p data-start=\"2598\" data-end=\"2689\">Bez piesku: 1,6 kg\/m\u00b2\/1 mm hr\u00fabky vrstvy<br data-start=\"2638\" data-end=\"2641\" \/>S drvinami: pribli\u017ene 2 kg\/m\u00b2\/1 mm hr\u00fabky vrstvy<\/p>\n<h4 data-start=\"2691\" data-end=\"2729\"><strong data-start=\"2691\" data-end=\"2729\">Klasifik\u00e1cia materi\u00e1lov na opravy:<\/strong><\/h4>\n<p data-start=\"2731\" data-end=\"2813\">Materi\u00e1ly pou\u017e\u00edvan\u00e9 na opravy bet\u00f3nov\u00fdch kon\u0161trukci\u00ed sa naj\u010dastej\u0161ie pou\u017e\u00edvaj\u00fa na:<\/p>\n<ul data-start=\"2815\" data-end=\"3098\" data-is-last-node=\"\" data-is-only-node=\"\">\n<li data-start=\"2815\" data-end=\"2893\">vyplnenie po\u0161koden\u00ed nosn\u00fdch prvkov (kv\u00f4li mechanick\u00fdm po\u0161kodeniam a kor\u00f3zii)<\/li>\n<li data-start=\"2894\" data-end=\"2975\">vytvorenie vyrovn\u00e1vacej vrstvy na pomoste, kde prech\u00e1dzaj\u00fa chodci alebo vozidl\u00e1<\/li>\n<li data-start=\"2976\" data-end=\"3056\">reprofil\u00e1ciu a vyrovn\u00e1vanie (\u0161pacht\u013eovanie) povrchov bet\u00f3nov\u00fdch nosn\u00fdch prvkov<\/li>\n<li data-start=\"3057\" data-end=\"3098\" data-is-last-node=\"\">v\u00fdmenu po\u0161koden\u00fdch kon\u0161truk\u010dn\u00fdch prvkov<\/li>\n<\/ul>\n<p>&nbsp;<\/p>\n<p><a href=\"https:\/\/www.bostik.com\/files\/live\/sites\/shared_bostik\/files\/TDS\/Poland\/FP19_SL%20C980%20XPS_TDS.pdf\" target=\"_blank\" rel=\"noopener\"><span class=\"HwtZe\" lang=\"sk\"><span class=\"jCAhz ChMk0b\"><span class=\"ryNqvb\">Technick\u00fd list SL C980 XPS<\/span><\/span><\/span><\/a>[\/vc_column_text][\/vc_column][\/vc_row]<\/p>\n","protected":false},"excerpt":{"rendered":"<p><strong>Bostik SL C980 XPS<\/strong> je samonivela\u010dn\u00e1, r\u00fdchloschn\u00faca hmota s vysokou odolnos\u0165ou. Je to jednokomponentn\u00fd materi\u00e1l ur\u010den\u00fd pre miesta vystaven\u00e9 ve\u013ek\u00e9mu za\u0165a\u017eeniu pohybom. Produkt je ur\u010den\u00fd na pou\u017eitie v interi\u00e9roch a exteri\u00e9roch budov.<\/p>\n","protected":false},"featured_media":270544,"comment_status":"open","ping_status":"closed","template":"","meta":[],"product_brand":[],"product_cat":[878,879,920,943,902,1045,911,916,947,946,944],"product_tag":[888,948],"class_list":{"0":"post-279482","1":"product","2":"type-product","3":"status-publish","4":"has-post-thumbnail","6":"product_cat-bostik-sk","7":"product_cat-hydroizolacja-fundamentu-sk","8":"product_cat-hydroizolacje-zbiornikow-i-kanalizacji-sk","9":"product_cat-materialy-uzupelniajace-akcesoria-sk","10":"product_cat-ochrona-i-naprawa-betonu-sk","11":"product_cat-producenci-sk","12":"product_cat-promowane-sk","13":"product_cat-uszczelnienie-budynku-od-wewnatrz-sk","14":"product_cat-zaprawy-naprawcze-i-szpachle-sk","15":"product_cat-zaprawy-szybkowiazace-i-wodoszczelne-sk","16":"product_cat-zaprawy-wodoszczelne-sk","17":"product_tag-bostik-sk","18":"product_tag-sperrmortel-sk","19":"product_shipping_class-latwa-wysylka-sk","21":"first","22":"outofstock","23":"taxable","24":"shipping-taxable","25":"purchasable","26":"product-type-simple"},"_links":{"self":[{"href":"https:\/\/www.sanier.pl\/sk\/wp-json\/wp\/v2\/product\/279482","targetHints":{"allow":["GET"]}}],"collection":[{"href":"https:\/\/www.sanier.pl\/sk\/wp-json\/wp\/v2\/product"}],"about":[{"href":"https:\/\/www.sanier.pl\/sk\/wp-json\/wp\/v2\/types\/product"}],"replies":[{"embeddable":true,"href":"https:\/\/www.sanier.pl\/sk\/wp-json\/wp\/v2\/comments?post=279482"}],"wp:featuredmedia":[{"embeddable":true,"href":"https:\/\/www.sanier.pl\/sk\/wp-json\/wp\/v2\/media\/270544"}],"wp:attachment":[{"href":"https:\/\/www.sanier.pl\/sk\/wp-json\/wp\/v2\/media?parent=279482"}],"wp:term":[{"taxonomy":"product_brand","embeddable":true,"href":"https:\/\/www.sanier.pl\/sk\/wp-json\/wp\/v2\/product_brand?post=279482"},{"taxonomy":"product_cat","embeddable":true,"href":"https:\/\/www.sanier.pl\/sk\/wp-json\/wp\/v2\/product_cat?post=279482"},{"taxonomy":"product_tag","embeddable":true,"href":"https:\/\/www.sanier.pl\/sk\/wp-json\/wp\/v2\/product_tag?post=279482"}],"curies":[{"name":"wp","href":"https:\/\/api.w.org\/{rel}","templated":true}]}}