{"id":279471,"date":"2022-09-06T13:38:51","date_gmt":"2022-09-06T13:38:51","guid":{"rendered":"https:\/\/www.sanier.pl\/produkt\/bostik-1782-contact-adhesive-klej-do-membran-dachowych\/"},"modified":"2026-02-24T11:47:11","modified_gmt":"2026-02-24T11:47:11","slug":"bostik-1782-contact-adhesive-klej-do-membran-dachowych","status":"publish","type":"product","link":"https:\/\/www.sanier.pl\/sk\/produkt\/bostik-1782-contact-adhesive-klej-do-membran-dachowych\/","title":{"rendered":"Bostik 1782 Contact Adhesive - LEPIDLO NA STRE\u0160N\u00c9 MEMBR\u00c1NY"},"content":{"rendered":"<p>&nbsp;<\/p>\n<div class=\"product-description\">\n<h2><a href=\"https:\/\/www.sanier.pl\/sklep\/?s=bostik&amp;post_type=product\">Bostik 1782 Contact Adhesive - LEPIDLO NA STRE\u0160N\u00c9 MEMBR\u00c1NY<\/a><\/h2>\n<\/div>\n<p data-start=\"59\" data-end=\"554\"><strong>Bostik 1782 Contact Adhesive<\/strong> je vysoko kvalitn\u00e9 lepidlo na stre\u0161n\u00e9 membr\u00e1ny PVC a na lepenie stre\u0161n\u00fdch prvkov na povrch membr\u00e1n. Produkt je univerz\u00e1lny, a n\u00e1jde \u0161irok\u00e9 uplatnenie nielen v stavebn\u00edctve, ale aj v ko\u017eiarskom priemysle, \u010dal\u00fannictve, n\u00e1bytk\u00e1rstve, pri spojovan\u00ed ocele a pri v\u00fdrobe hra\u010diek. Lepidlo na b\u00e1ze rozp\u00fa\u0161\u0165adiel. Vyzna\u010duje sa strednou viskozitou, siln\u00fdm spojovan\u00edm a vysokou chemickou a tepelnou odolnos\u0165ou. Produkt je po vyschnut\u00ed bezfarebn\u00fd a ne\u0161pin\u00ed. Odoln\u00fd vo\u010di starnutiu.<\/p>\n<h4 data-start=\"556\" data-end=\"578\">Vlastnosti Bostik 1782<\/h4>\n<ul data-start=\"580\" data-end=\"1118\">\n<li data-start=\"580\" data-end=\"593\">univerz\u00e1lny<\/li>\n<li data-start=\"594\" data-end=\"620\">tekut\u00e9 kontaktn\u00e9 lepidlo<\/li>\n<li data-start=\"621\" data-end=\"763\">r\u00fdchly \u010das schnutia od 5 do 10 min\u00fat (lepidlo na b\u00e1ze r\u00fdchlo odparuj\u00facich sa rozp\u00fa\u0161\u0165adiel), kone\u010dn\u00e9 vyschnutie medzi vrstvami po 30 min\u00fatach<\/li>\n<li data-start=\"764\" data-end=\"813\">vykazuje prichyt\u00e1vavos\u0165 na mnoho typov povrchov<\/li>\n<li data-start=\"814\" data-end=\"836\">nevy\u017eaduje aktiv\u00e1ciu<\/li>\n<li data-start=\"837\" data-end=\"863\">vysok\u00e1 chemick\u00e1 odolnos\u0165<\/li>\n<li data-start=\"864\" data-end=\"906\">odoln\u00fd vo\u010di vysok\u00fdm teplot\u00e1m a starnutiu<\/li>\n<li data-start=\"907\" data-end=\"934\">prakticky bezfarebn\u00fd spoj<\/li>\n<li data-start=\"935\" data-end=\"987\">mo\u017enos\u0165 aplik\u00e1cie val\u010dekom, \u0161tetcom alebo stierkou<\/li>\n<li data-start=\"988\" data-end=\"1064\">dobr\u00e1 odolnos\u0165 vo\u010di kyselin\u00e1m a z\u00e1sad\u00e1m, paliv\u00e1m, olejom, nafte, alkoholom<\/li>\n<li data-start=\"1065\" data-end=\"1118\">odolnos\u0165 vo\u010di meniacim sa poveternostn\u00fdm podmienkam<\/li>\n<\/ul>\n<h4 data-start=\"1120\" data-end=\"1128\">Pou\u017eitie<\/h4>\n<ul data-start=\"1130\" data-end=\"1754\">\n<li data-start=\"1130\" data-end=\"1193\">lepenie PVC membr\u00e1n a stre\u0161n\u00fdch prvkov na povrchy PVC membr\u00e1n<\/li>\n<li data-start=\"1194\" data-end=\"1247\">ide\u00e1lne na lepenie bleskozvodov na stre\u0161n\u00e9 membr\u00e1ny<\/li>\n<li data-start=\"1248\" data-end=\"1392\">lepenie a sp\u00e1janie ocele, plastov, \u010dal\u00fannick\u00fdch pl\u00e1tien, kovov, bet\u00f3nu, stavebnej keramiky, dreva, OSB a podobn\u00fdch drevotrieskov\u00fdch materi\u00e1lov<\/li>\n<li data-start=\"1393\" data-end=\"1457\">pou\u017e\u00edva sa aj pri v\u00fdrobe hra\u010diek, n\u00e1bytku a ko\u017eenej galant\u00e9rie<\/li>\n<li data-start=\"1458\" data-end=\"1471\">\u010dal\u00fannictvo<\/li>\n<li data-start=\"1472\" data-end=\"1541\">pou\u017e\u00edva sa pri v\u00fdrobe a oprave bi\u017eut\u00e9rie a in\u00fdch v\u00fdrobkov z plastov<\/li>\n<li data-start=\"1542\" data-end=\"1754\">na dosiahnutie lep\u0161\u00edch lepiacich vlastnost\u00ed a v\u00e4\u010d\u0161ej odolnosti vo\u010di vysokej teplote a chemik\u00e1li\u00e1m (oleje, benz\u00edn a nafta) mo\u017eno lepidlo zmie\u0161a\u0165 s tu\u017eidlom Bostikure D ako dvojzlo\u017ekov\u00fd lepiaci syst\u00e9m za studena.<\/li>\n<\/ul>\n<p data-start=\"1756\" data-end=\"1770\" data-is-last-node=\"\" data-is-only-node=\"\"><a href=\"https:\/\/www.bostik.com\/files\/live\/sites\/shared_bostik\/files\/Documents%26Brochures%20(new)\/Poland\/Documents\/TDS\/BOSTIK%20CONTACT%20ADHESIVE%201782_TDS.pdf\" target=\"_blank\" rel=\"noopener\">Technick\u00fd list<\/a><\/p>\n<p>&nbsp;<\/p>\n","protected":false},"excerpt":{"rendered":"<p>Lepidlo na stre\u0161n\u00e9 membr\u00e1ny Bostik 1782 je produkt vysokej kvality. Vyzna\u010duje sa siln\u00fdm spojovan\u00edm s dobrou chemickou a tepelnou odolnos\u0165ou. Ide\u00e1lne na lepenie PVC membr\u00e1n a stre\u0161n\u00fdch prvkov na povrchy PVC membr\u00e1n. Univerz\u00e1lna formula n\u00e1jde uplatnenie aj pri sp\u00e1jan\u00ed ocele, plastov, \u010dal\u00fannick\u00fdch pl\u00e1tien, ko\u017eenej galant\u00e9rie a dokonca pri v\u00fdrobe hra\u010diek a n\u00e1bytku.<\/p>\n","protected":false},"featured_media":271467,"comment_status":"open","ping_status":"closed","template":"","meta":[],"product_brand":[],"product_cat":[878,876,1035,1058,913],"product_tag":[888],"class_list":{"0":"post-279471","1":"product","2":"type-product","3":"status-publish","4":"has-post-thumbnail","6":"product_cat-bostik-sk","7":"product_cat-hydroizolacja-sk","8":"product_cat-kleje-fugi-silikony-sk","9":"product_cat-materialy-uzupelniajace-akcesoria-dachy-plaskie-i-zielone-sk","10":"product_cat-z-tworzyw-sztucznych-sk","11":"product_tag-bostik-sk","12":"product_shipping_class-trudna-wysylka-sk","14":"first","15":"instock","16":"taxable","17":"shipping-taxable","18":"purchasable","19":"product-type-variable"},"_links":{"self":[{"href":"https:\/\/www.sanier.pl\/sk\/wp-json\/wp\/v2\/product\/279471","targetHints":{"allow":["GET"]}}],"collection":[{"href":"https:\/\/www.sanier.pl\/sk\/wp-json\/wp\/v2\/product"}],"about":[{"href":"https:\/\/www.sanier.pl\/sk\/wp-json\/wp\/v2\/types\/product"}],"replies":[{"embeddable":true,"href":"https:\/\/www.sanier.pl\/sk\/wp-json\/wp\/v2\/comments?post=279471"}],"wp:featuredmedia":[{"embeddable":true,"href":"https:\/\/www.sanier.pl\/sk\/wp-json\/wp\/v2\/media\/271467"}],"wp:attachment":[{"href":"https:\/\/www.sanier.pl\/sk\/wp-json\/wp\/v2\/media?parent=279471"}],"wp:term":[{"taxonomy":"product_brand","embeddable":true,"href":"https:\/\/www.sanier.pl\/sk\/wp-json\/wp\/v2\/product_brand?post=279471"},{"taxonomy":"product_cat","embeddable":true,"href":"https:\/\/www.sanier.pl\/sk\/wp-json\/wp\/v2\/product_cat?post=279471"},{"taxonomy":"product_tag","embeddable":true,"href":"https:\/\/www.sanier.pl\/sk\/wp-json\/wp\/v2\/product_tag?post=279471"}],"curies":[{"name":"wp","href":"https:\/\/api.w.org\/{rel}","templated":true}]}}